   {"id":529,"date":"2025-02-05T10:40:22","date_gmt":"2025-02-05T10:40:22","guid":{"rendered":"https:\/\/www.pomposaresidence.com\/?page_id=529"},"modified":"2025-03-28T14:31:39","modified_gmt":"2025-03-28T14:31:39","slug":"venise","status":"publish","type":"page","link":"https:\/\/www.pomposaresidence.com\/fr\/territoire\/venise\/","title":{"rendered":"Venise"},"content":{"rendered":"<p>Venise, situ\u00e9e dans le nord-est de l\u2019Italie, est l\u2019une des villes les plus embl\u00e9matiques du monde, connue pour son histoire fascinante, son architecture unique et ses canaux pittoresques. Fond\u00e9e en 421, la ville s\u2019est d\u00e9velopp\u00e9e sur un archipel d\u2019\u00eeles dans la lagune v\u00e9nitienne, devenant au Moyen Age l\u2019une des puissances maritimes les plus importantes, gr\u00e2ce \u00e0 sa position strat\u00e9gique et \u00e0 son commerce.<\/p>\n<p>&nbsp;<\/p>\n<p>Le c\u0153ur battant de Venise est son syst\u00e8me de canaux, qui traversent la ville et la s\u00e9parent en plusieurs \u00eeles. Le Grand Canal, la principale voie d\u2019eau, est bord\u00e9e de b\u00e2timents historiques, tandis que les gondoles sont le moyen de transport traditionnel utilis\u00e9 par les touristes pour explorer la ville.<\/p>\n<p>&nbsp;<\/p>\n<p>Venise est c\u00e9l\u00e8bre pour ses ponts, dont le Pont du Rialto, le plus ancien et le plus embl\u00e9matique, et le Pont des Soupirs, qui relie le Palais des Doges \u00e0 la prison. Chaque pont est un symbole de la ville et offre des vues spectaculaires sur les canaux.<\/p>\n","protected":false},"excerpt":{"rendered":"<p>Venise, situ\u00e9e dans le nord-est de l\u2019Italie, est l\u2019une des villes les plus embl\u00e9matiques du monde, connue pour son histoire fascinante, son architecture unique et ses canaux pittoresques. Fond\u00e9e en 421, la ville s\u2019est d\u00e9velopp\u00e9e sur un archipel d\u2019\u00eeles dans la lagune v\u00e9nitienne, devenant au Moyen Age l\u2019une des puissances maritimes les plus importantes, gr\u00e2ce [&hellip;]<\/p>\n","protected":false},"author":13,"featured_media":0,"parent":495,"menu_order":25,"comment_status":"closed","ping_status":"closed","template":"template-territory-single.php","meta":{"footnotes":""},"yoast_head":"<!-- This site is optimized with the Yoast SEO plugin v22.3 - https:\/\/yoast.com\/wordpress\/plugins\/seo\/ -->\n<title>Venise - Pomposa Residence -<\/title>\n<meta name=\"description\" content=\"Venise, situ\u00e9e dans le nord-est de l\u2019Italie, est l\u2019une des villes les plus embl\u00e9matiques du monde, connue pour son histoire fascinante, son architecture unique et ses canaux pittoresques. Fond\u00e9e en 421, la ville s\u2019est d\u00e9velopp\u00e9e sur un archipel d\u2019\u00eeles dans la lagune v\u00e9nitienne, devenant au Moyen Age l\u2019une des puissances maritimes les plus importantes, gr\u00e2ce \u00e0 sa position strat\u00e9gique et \u00e0 son commerce.  &nbsp;  Le c\u0153ur battant de Venise est son syst\u00e8me de canaux, qui traversent la ville et la s\u00e9parent en plusieurs \u00eeles\" \/>\n<meta name=\"robots\" content=\"index, follow, max-snippet:-1, max-image-preview:large, max-video-preview:-1\" \/>\n<link rel=\"canonical\" href=\"https:\/\/www.pomposaresidence.com\/fr\/territoire\/venise\/\" \/>\n<meta property=\"og:locale\" content=\"fr_FR\" \/>\n<meta property=\"og:type\" content=\"article\" \/>\n<meta property=\"og:title\" content=\"Venise - Pomposa Residence -\" \/>\n<meta property=\"og:description\" content=\"Venise, situ\u00e9e dans le nord-est de l\u2019Italie, est l\u2019une des villes les plus embl\u00e9matiques du monde, connue pour son histoire fascinante, son architecture unique et ses canaux pittoresques. Fond\u00e9e en 421, la ville s\u2019est d\u00e9velopp\u00e9e sur un archipel d\u2019\u00eeles dans la lagune v\u00e9nitienne, devenant au Moyen Age l\u2019une des puissances maritimes les plus importantes, gr\u00e2ce \u00e0 sa position strat\u00e9gique et \u00e0 son commerce.  &nbsp;  Le c\u0153ur battant de Venise est son syst\u00e8me de canaux, qui traversent la ville et la s\u00e9parent en plusieurs \u00eeles\" \/>\n<meta property=\"og:url\" content=\"https:\/\/www.pomposaresidence.com\/fr\/territoire\/venise\/\" \/>\n<meta property=\"og:site_name\" content=\"Pomposa Residence\" \/>\n<meta property=\"article:publisher\" content=\"https:\/\/facebook.com\/tomasitourism\" \/>\n<meta property=\"article:modified_time\" content=\"2025-03-28T14:31:39+00:00\" \/>\n<meta property=\"og:image\" content=\"https:\/\/www.pomposaresidence.com\/wp-content\/uploads\/sites\/211\/2025\/02\/pomposa_residence_slide02.jpg\" \/>\n\t<meta property=\"og:image:width\" content=\"2200\" \/>\n\t<meta property=\"og:image:height\" content=\"1200\" \/>\n\t<meta property=\"og:image:type\" content=\"image\/jpeg\" \/>\n<meta name=\"twitter:card\" content=\"summary_large_image\" \/>\n<meta name=\"twitter:label1\" content=\"Dur\u00e9e de lecture estim\u00e9e\" \/>\n\t<meta name=\"twitter:data1\" content=\"1 minute\" \/>\n<script type=\"application\/ld+json\" class=\"yoast-schema-graph\">{\"@context\":\"https:\/\/schema.org\",\"@graph\":[{\"@type\":\"WebPage\",\"@id\":\"https:\/\/www.pomposaresidence.com\/fr\/territoire\/venise\/\",\"url\":\"https:\/\/www.pomposaresidence.com\/fr\/territoire\/venise\/\",\"name\":\"Venise - Pomposa Residence -\",\"isPartOf\":{\"@id\":\"https:\/\/www.pomposaresidence.com\/fr\/#website\"},\"datePublished\":\"2025-02-05T10:40:22+00:00\",\"dateModified\":\"2025-03-28T14:31:39+00:00\",\"description\":\"Venise, situ\u00e9e dans le nord-est de l\u2019Italie, est l\u2019une des villes les plus embl\u00e9matiques du monde, connue pour son histoire fascinante, son architecture unique et ses canaux pittoresques. Fond\u00e9e en 421, la ville s\u2019est d\u00e9velopp\u00e9e sur un archipel d\u2019\u00eeles dans la lagune v\u00e9nitienne, devenant au Moyen Age l\u2019une des puissances maritimes les plus importantes, gr\u00e2ce \u00e0 sa position strat\u00e9gique et \u00e0 son commerce. &nbsp; Le c\u0153ur battant de Venise est son syst\u00e8me de canaux, qui traversent la ville et la s\u00e9parent en plusieurs \u00eeles\",\"breadcrumb\":{\"@id\":\"https:\/\/www.pomposaresidence.com\/fr\/territoire\/venise\/#breadcrumb\"},\"inLanguage\":\"fr-FR\",\"potentialAction\":[{\"@type\":\"ReadAction\",\"target\":[\"https:\/\/www.pomposaresidence.com\/fr\/territoire\/venise\/\"]}]},{\"@type\":\"BreadcrumbList\",\"@id\":\"https:\/\/www.pomposaresidence.com\/fr\/territoire\/venise\/#breadcrumb\",\"itemListElement\":[{\"@type\":\"ListItem\",\"position\":1,\"name\":\"Home\",\"item\":\"https:\/\/www.pomposaresidence.com\/fr\/\"},{\"@type\":\"ListItem\",\"position\":2,\"name\":\"Territoire\",\"item\":\"https:\/\/www.pomposaresidence.com\/fr\/territoire\/\"},{\"@type\":\"ListItem\",\"position\":3,\"name\":\"Venise\"}]},{\"@type\":\"WebSite\",\"@id\":\"https:\/\/www.pomposaresidence.com\/fr\/#website\",\"url\":\"https:\/\/www.pomposaresidence.com\/fr\/\",\"name\":\"Pomposa Residence\",\"description\":\"\",\"publisher\":{\"@id\":\"https:\/\/www.pomposaresidence.com\/fr\/#organization\"},\"potentialAction\":[{\"@type\":\"SearchAction\",\"target\":{\"@type\":\"EntryPoint\",\"urlTemplate\":\"https:\/\/www.pomposaresidence.com\/fr\/?s={search_term_string}\"},\"query-input\":\"required name=search_term_string\"}],\"inLanguage\":\"fr-FR\"},{\"@type\":\"Organization\",\"@id\":\"https:\/\/www.pomposaresidence.com\/fr\/#organization\",\"name\":\"Pomposa Residence\",\"url\":\"https:\/\/www.pomposaresidence.com\/fr\/\",\"logo\":{\"@type\":\"ImageObject\",\"inLanguage\":\"fr-FR\",\"@id\":\"https:\/\/www.pomposaresidence.com\/fr\/#\/schema\/logo\/image\/\",\"url\":\"https:\/\/www.pomposaresidence.com\/wp-content\/uploads\/sites\/211\/2025\/01\/Pomposa-Residence.png\",\"contentUrl\":\"https:\/\/www.pomposaresidence.com\/wp-content\/uploads\/sites\/211\/2025\/01\/Pomposa-Residence.png\",\"width\":194,\"height\":58,\"caption\":\"Pomposa Residence\"},\"image\":{\"@id\":\"https:\/\/www.pomposaresidence.com\/fr\/#\/schema\/logo\/image\/\"},\"sameAs\":[\"https:\/\/facebook.com\/tomasitourism\",\"https:\/\/www.instagram.com\/tomasitourism\/\"]}]}<\/script>\n<!-- \/ Yoast SEO plugin. -->","yoast_head_json":{"title":"Venise - Pomposa Residence -","description":"Venise, situ\u00e9e dans le nord-est de l\u2019Italie, est l\u2019une des villes les plus embl\u00e9matiques du monde, connue pour son histoire fascinante, son architecture unique et ses canaux pittoresques. Fond\u00e9e en 421, la ville s\u2019est d\u00e9velopp\u00e9e sur un archipel d\u2019\u00eeles dans la lagune v\u00e9nitienne, devenant au Moyen Age l\u2019une des puissances maritimes les plus importantes, gr\u00e2ce \u00e0 sa position strat\u00e9gique et \u00e0 son commerce.  &nbsp;  Le c\u0153ur battant de Venise est son syst\u00e8me de canaux, qui traversent la ville et la s\u00e9parent en plusieurs \u00eeles","robots":{"index":"index","follow":"follow","max-snippet":"max-snippet:-1","max-image-preview":"max-image-preview:large","max-video-preview":"max-video-preview:-1"},"canonical":"https:\/\/www.pomposaresidence.com\/fr\/territoire\/venise\/","og_locale":"fr_FR","og_type":"article","og_title":"Venise - Pomposa Residence -","og_description":"Venise, situ\u00e9e dans le nord-est de l\u2019Italie, est l\u2019une des villes les plus embl\u00e9matiques du monde, connue pour son histoire fascinante, son architecture unique et ses canaux pittoresques. Fond\u00e9e en 421, la ville s\u2019est d\u00e9velopp\u00e9e sur un archipel d\u2019\u00eeles dans la lagune v\u00e9nitienne, devenant au Moyen Age l\u2019une des puissances maritimes les plus importantes, gr\u00e2ce \u00e0 sa position strat\u00e9gique et \u00e0 son commerce.  &nbsp;  Le c\u0153ur battant de Venise est son syst\u00e8me de canaux, qui traversent la ville et la s\u00e9parent en plusieurs \u00eeles","og_url":"https:\/\/www.pomposaresidence.com\/fr\/territoire\/venise\/","og_site_name":"Pomposa Residence","article_publisher":"https:\/\/facebook.com\/tomasitourism","article_modified_time":"2025-03-28T14:31:39+00:00","og_image":[{"width":2200,"height":1200,"url":"https:\/\/www.pomposaresidence.com\/wp-content\/uploads\/sites\/211\/2025\/02\/pomposa_residence_slide02.jpg","type":"image\/jpeg"}],"twitter_card":"summary_large_image","twitter_misc":{"Dur\u00e9e de lecture estim\u00e9e":"1 minute"},"schema":{"@context":"https:\/\/schema.org","@graph":[{"@type":"WebPage","@id":"https:\/\/www.pomposaresidence.com\/fr\/territoire\/venise\/","url":"https:\/\/www.pomposaresidence.com\/fr\/territoire\/venise\/","name":"Venise - Pomposa Residence -","isPartOf":{"@id":"https:\/\/www.pomposaresidence.com\/fr\/#website"},"datePublished":"2025-02-05T10:40:22+00:00","dateModified":"2025-03-28T14:31:39+00:00","description":"Venise, situ\u00e9e dans le nord-est de l\u2019Italie, est l\u2019une des villes les plus embl\u00e9matiques du monde, connue pour son histoire fascinante, son architecture unique et ses canaux pittoresques. Fond\u00e9e en 421, la ville s\u2019est d\u00e9velopp\u00e9e sur un archipel d\u2019\u00eeles dans la lagune v\u00e9nitienne, devenant au Moyen Age l\u2019une des puissances maritimes les plus importantes, gr\u00e2ce \u00e0 sa position strat\u00e9gique et \u00e0 son commerce. &nbsp; Le c\u0153ur battant de Venise est son syst\u00e8me de canaux, qui traversent la ville et la s\u00e9parent en plusieurs \u00eeles","breadcrumb":{"@id":"https:\/\/www.pomposaresidence.com\/fr\/territoire\/venise\/#breadcrumb"},"inLanguage":"fr-FR","potentialAction":[{"@type":"ReadAction","target":["https:\/\/www.pomposaresidence.com\/fr\/territoire\/venise\/"]}]},{"@type":"BreadcrumbList","@id":"https:\/\/www.pomposaresidence.com\/fr\/territoire\/venise\/#breadcrumb","itemListElement":[{"@type":"ListItem","position":1,"name":"Home","item":"https:\/\/www.pomposaresidence.com\/fr\/"},{"@type":"ListItem","position":2,"name":"Territoire","item":"https:\/\/www.pomposaresidence.com\/fr\/territoire\/"},{"@type":"ListItem","position":3,"name":"Venise"}]},{"@type":"WebSite","@id":"https:\/\/www.pomposaresidence.com\/fr\/#website","url":"https:\/\/www.pomposaresidence.com\/fr\/","name":"Pomposa Residence","description":"","publisher":{"@id":"https:\/\/www.pomposaresidence.com\/fr\/#organization"},"potentialAction":[{"@type":"SearchAction","target":{"@type":"EntryPoint","urlTemplate":"https:\/\/www.pomposaresidence.com\/fr\/?s={search_term_string}"},"query-input":"required name=search_term_string"}],"inLanguage":"fr-FR"},{"@type":"Organization","@id":"https:\/\/www.pomposaresidence.com\/fr\/#organization","name":"Pomposa Residence","url":"https:\/\/www.pomposaresidence.com\/fr\/","logo":{"@type":"ImageObject","inLanguage":"fr-FR","@id":"https:\/\/www.pomposaresidence.com\/fr\/#\/schema\/logo\/image\/","url":"https:\/\/www.pomposaresidence.com\/wp-content\/uploads\/sites\/211\/2025\/01\/Pomposa-Residence.png","contentUrl":"https:\/\/www.pomposaresidence.com\/wp-content\/uploads\/sites\/211\/2025\/01\/Pomposa-Residence.png","width":194,"height":58,"caption":"Pomposa Residence"},"image":{"@id":"https:\/\/www.pomposaresidence.com\/fr\/#\/schema\/logo\/image\/"},"sameAs":["https:\/\/facebook.com\/tomasitourism","https:\/\/www.instagram.com\/tomasitourism\/"]}]}},"acf":[],"_links":{"self":[{"href":"https:\/\/www.pomposaresidence.com\/fr\/wp-json\/wp\/v2\/pages\/529"}],"collection":[{"href":"https:\/\/www.pomposaresidence.com\/fr\/wp-json\/wp\/v2\/pages"}],"about":[{"href":"https:\/\/www.pomposaresidence.com\/fr\/wp-json\/wp\/v2\/types\/page"}],"author":[{"embeddable":true,"href":"https:\/\/www.pomposaresidence.com\/fr\/wp-json\/wp\/v2\/users\/13"}],"replies":[{"embeddable":true,"href":"https:\/\/www.pomposaresidence.com\/fr\/wp-json\/wp\/v2\/comments?post=529"}],"version-history":[{"count":0,"href":"https:\/\/www.pomposaresidence.com\/fr\/wp-json\/wp\/v2\/pages\/529\/revisions"}],"up":[{"embeddable":true,"href":"https:\/\/www.pomposaresidence.com\/fr\/wp-json\/wp\/v2\/pages\/495"}],"wp:attachment":[{"href":"https:\/\/www.pomposaresidence.com\/fr\/wp-json\/wp\/v2\/media?parent=529"}],"curies":[{"name":"wp","href":"https:\/\/api.w.org\/{rel}","templated":true}]}}