   {"id":498,"date":"2025-02-05T09:32:40","date_gmt":"2025-02-05T09:32:40","guid":{"rendered":"https:\/\/www.pomposaresidence.com\/?page_id=498"},"modified":"2025-03-27T16:03:19","modified_gmt":"2025-03-27T16:03:19","slug":"parc-du-delta-du-po","status":"publish","type":"page","link":"https:\/\/www.pomposaresidence.com\/fr\/territoire\/parc-du-delta-du-po\/","title":{"rendered":"Parc du Delta du P\u00f4"},"content":{"rendered":"<p>Le Parc du Delta du P\u00f4 est l\u2019une des zones naturelles prot\u00e9g\u00e9es les plus importantes d\u2019Italie, situ\u00e9e \u00e0 l\u2019extr\u00e9mit\u00e9 orientale de la plaine du P\u00f4, entre les r\u00e9gions de l\u2019\u00c9milie-Romagne et de la V\u00e9n\u00e9tie. Il s\u2019\u00e9tend sur plus de 53000 hectares et se caract\u00e9rise par un paysage unique, o\u00f9 l\u2019eau, la terre et le ciel fusionnent pour former l\u2019un des \u00e9cosyst\u00e8mes les plus riches et diversifi\u00e9s d\u2019Europe.<br \/>\nLe Parc abrite une extraordinaire vari\u00e9t\u00e9 de flore et faune, avec plus de 300 esp\u00e8ces d\u2019oiseaux migrateurs qui trouvent dans le Delta un point d\u2019arr\u00eat important lors de leurs trajets. La faune comprend \u00e9galement de nombreux mammif\u00e8res, poissons et amphibiens, tandis que la flore se distingue par la pr\u00e9sence de plantes typiques des zones humides et des marais.<br \/>\nLe territoire du Parc est une mosa\u00efque de lagunes, marais, canaux, vall\u00e9es et for\u00eats, avec des dunes de sable qui alternent avec des zones agricoles et des campagnes fertiles. Ses caract\u00e9ristiques g\u00e9ographiques sont le r\u00e9sultat de l\u2019action continue du fleuve P\u00f4 qui, dans son cours vers la mer Adriatique, a cr\u00e9\u00e9 un delta riche en s\u00e9diments.<\/p>\n","protected":false},"excerpt":{"rendered":"<p>Le Parc du Delta du P\u00f4 est l\u2019une des zones naturelles prot\u00e9g\u00e9es les plus importantes d\u2019Italie, situ\u00e9e \u00e0 l\u2019extr\u00e9mit\u00e9 orientale de la plaine du P\u00f4, entre les r\u00e9gions de l\u2019\u00c9milie-Romagne et de la V\u00e9n\u00e9tie. Il s\u2019\u00e9tend sur plus de 53000 hectares et se caract\u00e9rise par un paysage unique, o\u00f9 l\u2019eau, la terre et le ciel [&hellip;]<\/p>\n","protected":false},"author":13,"featured_media":0,"parent":495,"menu_order":5,"comment_status":"closed","ping_status":"closed","template":"template-territory-single.php","meta":{"footnotes":""},"yoast_head":"<!-- This site is optimized with the Yoast SEO plugin v22.3 - https:\/\/yoast.com\/wordpress\/plugins\/seo\/ -->\n<title>Parc du Delta du P\u00f4 - Pomposa Residence -<\/title>\n<meta name=\"description\" content=\"Le Parc du Delta du P\u00f4 est l\u2019une des zones naturelles prot\u00e9g\u00e9es les plus importantes d\u2019Italie, situ\u00e9e \u00e0 l\u2019extr\u00e9mit\u00e9 orientale de la plaine du P\u00f4, entre les r\u00e9gions de l\u2019\u00c9milie-Romagne et de la V\u00e9n\u00e9tie. Il s\u2019\u00e9tend sur plus de 53000 hectares et se caract\u00e9rise par un paysage unique, o\u00f9 l\u2019eau, la terre et le ciel fusionnent pour former l\u2019un des \u00e9cosyst\u00e8mes les plus riches et diversifi\u00e9s d\u2019Europe. Le Parc abrite une extraordinaire vari\u00e9t\u00e9 de flore et faune, avec plus de 300 esp\u00e8ces d\u2019oiseaux migrateurs qui trouvent dans le Delta un point d\u2019arr\u00eat important lors de leurs trajets\" \/>\n<meta name=\"robots\" content=\"index, follow, max-snippet:-1, max-image-preview:large, max-video-preview:-1\" \/>\n<link rel=\"canonical\" href=\"https:\/\/www.pomposaresidence.com\/fr\/territoire\/parc-du-delta-du-po\/\" \/>\n<meta property=\"og:locale\" content=\"fr_FR\" \/>\n<meta property=\"og:type\" content=\"article\" \/>\n<meta property=\"og:title\" content=\"Parc du Delta du P\u00f4 - Pomposa Residence -\" \/>\n<meta property=\"og:description\" content=\"Le Parc du Delta du P\u00f4 est l\u2019une des zones naturelles prot\u00e9g\u00e9es les plus importantes d\u2019Italie, situ\u00e9e \u00e0 l\u2019extr\u00e9mit\u00e9 orientale de la plaine du P\u00f4, entre les r\u00e9gions de l\u2019\u00c9milie-Romagne et de la V\u00e9n\u00e9tie. Il s\u2019\u00e9tend sur plus de 53000 hectares et se caract\u00e9rise par un paysage unique, o\u00f9 l\u2019eau, la terre et le ciel fusionnent pour former l\u2019un des \u00e9cosyst\u00e8mes les plus riches et diversifi\u00e9s d\u2019Europe. Le Parc abrite une extraordinaire vari\u00e9t\u00e9 de flore et faune, avec plus de 300 esp\u00e8ces d\u2019oiseaux migrateurs qui trouvent dans le Delta un point d\u2019arr\u00eat important lors de leurs trajets\" \/>\n<meta property=\"og:url\" content=\"https:\/\/www.pomposaresidence.com\/fr\/territoire\/parc-du-delta-du-po\/\" \/>\n<meta property=\"og:site_name\" content=\"Pomposa Residence\" \/>\n<meta property=\"article:publisher\" content=\"https:\/\/facebook.com\/tomasitourism\" \/>\n<meta property=\"article:modified_time\" content=\"2025-03-27T16:03:19+00:00\" \/>\n<meta property=\"og:image\" content=\"https:\/\/www.pomposaresidence.com\/wp-content\/uploads\/sites\/211\/2025\/02\/pomposa_residence_slide02.jpg\" \/>\n\t<meta property=\"og:image:width\" content=\"2200\" \/>\n\t<meta property=\"og:image:height\" content=\"1200\" \/>\n\t<meta property=\"og:image:type\" content=\"image\/jpeg\" \/>\n<meta name=\"twitter:card\" content=\"summary_large_image\" \/>\n<meta name=\"twitter:label1\" content=\"Dur\u00e9e de lecture estim\u00e9e\" \/>\n\t<meta name=\"twitter:data1\" content=\"1 minute\" \/>\n<script type=\"application\/ld+json\" class=\"yoast-schema-graph\">{\"@context\":\"https:\/\/schema.org\",\"@graph\":[{\"@type\":\"WebPage\",\"@id\":\"https:\/\/www.pomposaresidence.com\/fr\/territoire\/parc-du-delta-du-po\/\",\"url\":\"https:\/\/www.pomposaresidence.com\/fr\/territoire\/parc-du-delta-du-po\/\",\"name\":\"Parc du Delta du P\u00f4 - Pomposa Residence -\",\"isPartOf\":{\"@id\":\"https:\/\/www.pomposaresidence.com\/fr\/#website\"},\"datePublished\":\"2025-02-05T09:32:40+00:00\",\"dateModified\":\"2025-03-27T16:03:19+00:00\",\"description\":\"Le Parc du Delta du P\u00f4 est l\u2019une des zones naturelles prot\u00e9g\u00e9es les plus importantes d\u2019Italie, situ\u00e9e \u00e0 l\u2019extr\u00e9mit\u00e9 orientale de la plaine du P\u00f4, entre les r\u00e9gions de l\u2019\u00c9milie-Romagne et de la V\u00e9n\u00e9tie. Il s\u2019\u00e9tend sur plus de 53000 hectares et se caract\u00e9rise par un paysage unique, o\u00f9 l\u2019eau, la terre et le ciel fusionnent pour former l\u2019un des \u00e9cosyst\u00e8mes les plus riches et diversifi\u00e9s d\u2019Europe. Le Parc abrite une extraordinaire vari\u00e9t\u00e9 de flore et faune, avec plus de 300 esp\u00e8ces d\u2019oiseaux migrateurs qui trouvent dans le Delta un point d\u2019arr\u00eat important lors de leurs trajets\",\"breadcrumb\":{\"@id\":\"https:\/\/www.pomposaresidence.com\/fr\/territoire\/parc-du-delta-du-po\/#breadcrumb\"},\"inLanguage\":\"fr-FR\",\"potentialAction\":[{\"@type\":\"ReadAction\",\"target\":[\"https:\/\/www.pomposaresidence.com\/fr\/territoire\/parc-du-delta-du-po\/\"]}]},{\"@type\":\"BreadcrumbList\",\"@id\":\"https:\/\/www.pomposaresidence.com\/fr\/territoire\/parc-du-delta-du-po\/#breadcrumb\",\"itemListElement\":[{\"@type\":\"ListItem\",\"position\":1,\"name\":\"Home\",\"item\":\"https:\/\/www.pomposaresidence.com\/fr\/\"},{\"@type\":\"ListItem\",\"position\":2,\"name\":\"Territoire\",\"item\":\"https:\/\/www.pomposaresidence.com\/fr\/territoire\/\"},{\"@type\":\"ListItem\",\"position\":3,\"name\":\"Parc du Delta du P\u00f4\"}]},{\"@type\":\"WebSite\",\"@id\":\"https:\/\/www.pomposaresidence.com\/fr\/#website\",\"url\":\"https:\/\/www.pomposaresidence.com\/fr\/\",\"name\":\"Pomposa Residence\",\"description\":\"\",\"publisher\":{\"@id\":\"https:\/\/www.pomposaresidence.com\/fr\/#organization\"},\"potentialAction\":[{\"@type\":\"SearchAction\",\"target\":{\"@type\":\"EntryPoint\",\"urlTemplate\":\"https:\/\/www.pomposaresidence.com\/fr\/?s={search_term_string}\"},\"query-input\":\"required name=search_term_string\"}],\"inLanguage\":\"fr-FR\"},{\"@type\":\"Organization\",\"@id\":\"https:\/\/www.pomposaresidence.com\/fr\/#organization\",\"name\":\"Pomposa Residence\",\"url\":\"https:\/\/www.pomposaresidence.com\/fr\/\",\"logo\":{\"@type\":\"ImageObject\",\"inLanguage\":\"fr-FR\",\"@id\":\"https:\/\/www.pomposaresidence.com\/fr\/#\/schema\/logo\/image\/\",\"url\":\"https:\/\/www.pomposaresidence.com\/wp-content\/uploads\/sites\/211\/2025\/01\/Pomposa-Residence.png\",\"contentUrl\":\"https:\/\/www.pomposaresidence.com\/wp-content\/uploads\/sites\/211\/2025\/01\/Pomposa-Residence.png\",\"width\":194,\"height\":58,\"caption\":\"Pomposa Residence\"},\"image\":{\"@id\":\"https:\/\/www.pomposaresidence.com\/fr\/#\/schema\/logo\/image\/\"},\"sameAs\":[\"https:\/\/facebook.com\/tomasitourism\",\"https:\/\/www.instagram.com\/tomasitourism\/\"]}]}<\/script>\n<!-- \/ Yoast SEO plugin. -->","yoast_head_json":{"title":"Parc du Delta du P\u00f4 - Pomposa Residence -","description":"Le Parc du Delta du P\u00f4 est l\u2019une des zones naturelles prot\u00e9g\u00e9es les plus importantes d\u2019Italie, situ\u00e9e \u00e0 l\u2019extr\u00e9mit\u00e9 orientale de la plaine du P\u00f4, entre les r\u00e9gions de l\u2019\u00c9milie-Romagne et de la V\u00e9n\u00e9tie. Il s\u2019\u00e9tend sur plus de 53000 hectares et se caract\u00e9rise par un paysage unique, o\u00f9 l\u2019eau, la terre et le ciel fusionnent pour former l\u2019un des \u00e9cosyst\u00e8mes les plus riches et diversifi\u00e9s d\u2019Europe. Le Parc abrite une extraordinaire vari\u00e9t\u00e9 de flore et faune, avec plus de 300 esp\u00e8ces d\u2019oiseaux migrateurs qui trouvent dans le Delta un point d\u2019arr\u00eat important lors de leurs trajets","robots":{"index":"index","follow":"follow","max-snippet":"max-snippet:-1","max-image-preview":"max-image-preview:large","max-video-preview":"max-video-preview:-1"},"canonical":"https:\/\/www.pomposaresidence.com\/fr\/territoire\/parc-du-delta-du-po\/","og_locale":"fr_FR","og_type":"article","og_title":"Parc du Delta du P\u00f4 - Pomposa Residence -","og_description":"Le Parc du Delta du P\u00f4 est l\u2019une des zones naturelles prot\u00e9g\u00e9es les plus importantes d\u2019Italie, situ\u00e9e \u00e0 l\u2019extr\u00e9mit\u00e9 orientale de la plaine du P\u00f4, entre les r\u00e9gions de l\u2019\u00c9milie-Romagne et de la V\u00e9n\u00e9tie. Il s\u2019\u00e9tend sur plus de 53000 hectares et se caract\u00e9rise par un paysage unique, o\u00f9 l\u2019eau, la terre et le ciel fusionnent pour former l\u2019un des \u00e9cosyst\u00e8mes les plus riches et diversifi\u00e9s d\u2019Europe. Le Parc abrite une extraordinaire vari\u00e9t\u00e9 de flore et faune, avec plus de 300 esp\u00e8ces d\u2019oiseaux migrateurs qui trouvent dans le Delta un point d\u2019arr\u00eat important lors de leurs trajets","og_url":"https:\/\/www.pomposaresidence.com\/fr\/territoire\/parc-du-delta-du-po\/","og_site_name":"Pomposa Residence","article_publisher":"https:\/\/facebook.com\/tomasitourism","article_modified_time":"2025-03-27T16:03:19+00:00","og_image":[{"width":2200,"height":1200,"url":"https:\/\/www.pomposaresidence.com\/wp-content\/uploads\/sites\/211\/2025\/02\/pomposa_residence_slide02.jpg","type":"image\/jpeg"}],"twitter_card":"summary_large_image","twitter_misc":{"Dur\u00e9e de lecture estim\u00e9e":"1 minute"},"schema":{"@context":"https:\/\/schema.org","@graph":[{"@type":"WebPage","@id":"https:\/\/www.pomposaresidence.com\/fr\/territoire\/parc-du-delta-du-po\/","url":"https:\/\/www.pomposaresidence.com\/fr\/territoire\/parc-du-delta-du-po\/","name":"Parc du Delta du P\u00f4 - Pomposa Residence -","isPartOf":{"@id":"https:\/\/www.pomposaresidence.com\/fr\/#website"},"datePublished":"2025-02-05T09:32:40+00:00","dateModified":"2025-03-27T16:03:19+00:00","description":"Le Parc du Delta du P\u00f4 est l\u2019une des zones naturelles prot\u00e9g\u00e9es les plus importantes d\u2019Italie, situ\u00e9e \u00e0 l\u2019extr\u00e9mit\u00e9 orientale de la plaine du P\u00f4, entre les r\u00e9gions de l\u2019\u00c9milie-Romagne et de la V\u00e9n\u00e9tie. Il s\u2019\u00e9tend sur plus de 53000 hectares et se caract\u00e9rise par un paysage unique, o\u00f9 l\u2019eau, la terre et le ciel fusionnent pour former l\u2019un des \u00e9cosyst\u00e8mes les plus riches et diversifi\u00e9s d\u2019Europe. Le Parc abrite une extraordinaire vari\u00e9t\u00e9 de flore et faune, avec plus de 300 esp\u00e8ces d\u2019oiseaux migrateurs qui trouvent dans le Delta un point d\u2019arr\u00eat important lors de leurs trajets","breadcrumb":{"@id":"https:\/\/www.pomposaresidence.com\/fr\/territoire\/parc-du-delta-du-po\/#breadcrumb"},"inLanguage":"fr-FR","potentialAction":[{"@type":"ReadAction","target":["https:\/\/www.pomposaresidence.com\/fr\/territoire\/parc-du-delta-du-po\/"]}]},{"@type":"BreadcrumbList","@id":"https:\/\/www.pomposaresidence.com\/fr\/territoire\/parc-du-delta-du-po\/#breadcrumb","itemListElement":[{"@type":"ListItem","position":1,"name":"Home","item":"https:\/\/www.pomposaresidence.com\/fr\/"},{"@type":"ListItem","position":2,"name":"Territoire","item":"https:\/\/www.pomposaresidence.com\/fr\/territoire\/"},{"@type":"ListItem","position":3,"name":"Parc du Delta du P\u00f4"}]},{"@type":"WebSite","@id":"https:\/\/www.pomposaresidence.com\/fr\/#website","url":"https:\/\/www.pomposaresidence.com\/fr\/","name":"Pomposa Residence","description":"","publisher":{"@id":"https:\/\/www.pomposaresidence.com\/fr\/#organization"},"potentialAction":[{"@type":"SearchAction","target":{"@type":"EntryPoint","urlTemplate":"https:\/\/www.pomposaresidence.com\/fr\/?s={search_term_string}"},"query-input":"required name=search_term_string"}],"inLanguage":"fr-FR"},{"@type":"Organization","@id":"https:\/\/www.pomposaresidence.com\/fr\/#organization","name":"Pomposa Residence","url":"https:\/\/www.pomposaresidence.com\/fr\/","logo":{"@type":"ImageObject","inLanguage":"fr-FR","@id":"https:\/\/www.pomposaresidence.com\/fr\/#\/schema\/logo\/image\/","url":"https:\/\/www.pomposaresidence.com\/wp-content\/uploads\/sites\/211\/2025\/01\/Pomposa-Residence.png","contentUrl":"https:\/\/www.pomposaresidence.com\/wp-content\/uploads\/sites\/211\/2025\/01\/Pomposa-Residence.png","width":194,"height":58,"caption":"Pomposa Residence"},"image":{"@id":"https:\/\/www.pomposaresidence.com\/fr\/#\/schema\/logo\/image\/"},"sameAs":["https:\/\/facebook.com\/tomasitourism","https:\/\/www.instagram.com\/tomasitourism\/"]}]}},"acf":[],"_links":{"self":[{"href":"https:\/\/www.pomposaresidence.com\/fr\/wp-json\/wp\/v2\/pages\/498"}],"collection":[{"href":"https:\/\/www.pomposaresidence.com\/fr\/wp-json\/wp\/v2\/pages"}],"about":[{"href":"https:\/\/www.pomposaresidence.com\/fr\/wp-json\/wp\/v2\/types\/page"}],"author":[{"embeddable":true,"href":"https:\/\/www.pomposaresidence.com\/fr\/wp-json\/wp\/v2\/users\/13"}],"replies":[{"embeddable":true,"href":"https:\/\/www.pomposaresidence.com\/fr\/wp-json\/wp\/v2\/comments?post=498"}],"version-history":[{"count":0,"href":"https:\/\/www.pomposaresidence.com\/fr\/wp-json\/wp\/v2\/pages\/498\/revisions"}],"up":[{"embeddable":true,"href":"https:\/\/www.pomposaresidence.com\/fr\/wp-json\/wp\/v2\/pages\/495"}],"wp:attachment":[{"href":"https:\/\/www.pomposaresidence.com\/fr\/wp-json\/wp\/v2\/media?parent=498"}],"curies":[{"name":"wp","href":"https:\/\/api.w.org\/{rel}","templated":true}]}}