   {"id":495,"date":"2025-02-05T09:28:30","date_gmt":"2025-02-05T09:28:30","guid":{"rendered":"https:\/\/www.pomposaresidence.com\/?page_id=495"},"modified":"2025-03-28T16:19:01","modified_gmt":"2025-03-28T16:19:01","slug":"territoire","status":"publish","type":"page","link":"https:\/\/www.pomposaresidence.com\/fr\/territoire\/","title":{"rendered":"Territoire"},"content":{"rendered":"<p>Le Parc du Delta du P\u00f4 est un lieu magique et suggestif, \u00e0 explorer gr\u00e2ce aux nombreuses excursions. Le parc se trouve sur une zone environnementale et \u00e9cologique vraiment unique, 52.000 hectares de territoire riche en biodiversit\u00e9, flore et faune. Les esp\u00e8ces animales et v\u00e9g\u00e9tales sont en effet tr\u00e8s nombreuses, il suffit de penser qu\u2019il y a plus de 300 esp\u00e8ces d\u2019oiseaux et 1000 esp\u00e8ces v\u00e9g\u00e9tales diff\u00e9rentes.<br \/>\nUn v\u00e9ritable paradis pour tous les amoureux de la nature et aussi de l\u2019observation des oiseaux.<br \/>\nLaissez-vous envo\u00fbter par l\u2019incroyable beaut\u00e9 de cette r\u00e9gion, le charme des paysages pr\u00e9serv\u00e9s et le silence du lagon.<\/p>\n","protected":false},"excerpt":{"rendered":"<p>Le Parc du Delta du P\u00f4 est un lieu magique et suggestif, \u00e0 explorer gr\u00e2ce aux nombreuses excursions. Le parc se trouve sur une zone environnementale et \u00e9cologique vraiment unique, 52.000 hectares de territoire riche en biodiversit\u00e9, flore et faune. Les esp\u00e8ces animales et v\u00e9g\u00e9tales sont en effet tr\u00e8s nombreuses, il suffit de penser qu\u2019il [&hellip;]<\/p>\n","protected":false},"author":13,"featured_media":0,"parent":0,"menu_order":60,"comment_status":"closed","ping_status":"closed","template":"","meta":{"footnotes":""},"yoast_head":"<!-- This site is optimized with the Yoast SEO plugin v22.3 - https:\/\/yoast.com\/wordpress\/plugins\/seo\/ -->\n<title>Territoire - Pomposa Residence -<\/title>\n<meta name=\"description\" content=\"Le Parc du Delta du P\u00f4 est un lieu magique et suggestif, \u00e0 explorer gr\u00e2ce aux nombreuses excursions. Le parc se trouve sur une zone environnementale et \u00e9cologique vraiment unique, 52.000 hectares de territoire riche en biodiversit\u00e9, flore et faune\" \/>\n<meta name=\"robots\" content=\"index, follow, max-snippet:-1, max-image-preview:large, max-video-preview:-1\" \/>\n<link rel=\"canonical\" href=\"https:\/\/www.pomposaresidence.com\/fr\/territoire\/\" \/>\n<meta property=\"og:locale\" content=\"fr_FR\" \/>\n<meta property=\"og:type\" content=\"article\" \/>\n<meta property=\"og:title\" content=\"Territoire - Pomposa Residence -\" \/>\n<meta property=\"og:description\" content=\"Le Parc du Delta du P\u00f4 est un lieu magique et suggestif, \u00e0 explorer gr\u00e2ce aux nombreuses excursions. Le parc se trouve sur une zone environnementale et \u00e9cologique vraiment unique, 52.000 hectares de territoire riche en biodiversit\u00e9, flore et faune\" \/>\n<meta property=\"og:url\" content=\"https:\/\/www.pomposaresidence.com\/fr\/territoire\/\" \/>\n<meta property=\"og:site_name\" content=\"Pomposa Residence\" \/>\n<meta property=\"article:publisher\" content=\"https:\/\/facebook.com\/tomasitourism\" \/>\n<meta property=\"article:modified_time\" content=\"2025-03-28T16:19:01+00:00\" \/>\n<meta property=\"og:image\" content=\"https:\/\/www.pomposaresidence.com\/wp-content\/uploads\/sites\/211\/2025\/02\/pomposa_residence_slide02.jpg\" \/>\n\t<meta property=\"og:image:width\" content=\"2200\" \/>\n\t<meta property=\"og:image:height\" content=\"1200\" \/>\n\t<meta property=\"og:image:type\" content=\"image\/jpeg\" \/>\n<meta name=\"twitter:card\" content=\"summary_large_image\" \/>\n<meta name=\"twitter:label1\" content=\"Dur\u00e9e de lecture estim\u00e9e\" \/>\n\t<meta name=\"twitter:data1\" content=\"1 minute\" \/>\n<script type=\"application\/ld+json\" class=\"yoast-schema-graph\">{\"@context\":\"https:\/\/schema.org\",\"@graph\":[{\"@type\":\"WebPage\",\"@id\":\"https:\/\/www.pomposaresidence.com\/fr\/territoire\/\",\"url\":\"https:\/\/www.pomposaresidence.com\/fr\/territoire\/\",\"name\":\"Territoire - Pomposa Residence -\",\"isPartOf\":{\"@id\":\"https:\/\/www.pomposaresidence.com\/fr\/#website\"},\"datePublished\":\"2025-02-05T09:28:30+00:00\",\"dateModified\":\"2025-03-28T16:19:01+00:00\",\"description\":\"Le Parc du Delta du P\u00f4 est un lieu magique et suggestif, \u00e0 explorer gr\u00e2ce aux nombreuses excursions. Le parc se trouve sur une zone environnementale et \u00e9cologique vraiment unique, 52.000 hectares de territoire riche en biodiversit\u00e9, flore et faune\",\"breadcrumb\":{\"@id\":\"https:\/\/www.pomposaresidence.com\/fr\/territoire\/#breadcrumb\"},\"inLanguage\":\"fr-FR\",\"potentialAction\":[{\"@type\":\"ReadAction\",\"target\":[\"https:\/\/www.pomposaresidence.com\/fr\/territoire\/\"]}]},{\"@type\":\"BreadcrumbList\",\"@id\":\"https:\/\/www.pomposaresidence.com\/fr\/territoire\/#breadcrumb\",\"itemListElement\":[{\"@type\":\"ListItem\",\"position\":1,\"name\":\"Home\",\"item\":\"https:\/\/www.pomposaresidence.com\/fr\/\"},{\"@type\":\"ListItem\",\"position\":2,\"name\":\"Territoire\"}]},{\"@type\":\"WebSite\",\"@id\":\"https:\/\/www.pomposaresidence.com\/fr\/#website\",\"url\":\"https:\/\/www.pomposaresidence.com\/fr\/\",\"name\":\"Pomposa Residence\",\"description\":\"\",\"publisher\":{\"@id\":\"https:\/\/www.pomposaresidence.com\/fr\/#organization\"},\"potentialAction\":[{\"@type\":\"SearchAction\",\"target\":{\"@type\":\"EntryPoint\",\"urlTemplate\":\"https:\/\/www.pomposaresidence.com\/fr\/?s={search_term_string}\"},\"query-input\":\"required name=search_term_string\"}],\"inLanguage\":\"fr-FR\"},{\"@type\":\"Organization\",\"@id\":\"https:\/\/www.pomposaresidence.com\/fr\/#organization\",\"name\":\"Pomposa Residence\",\"url\":\"https:\/\/www.pomposaresidence.com\/fr\/\",\"logo\":{\"@type\":\"ImageObject\",\"inLanguage\":\"fr-FR\",\"@id\":\"https:\/\/www.pomposaresidence.com\/fr\/#\/schema\/logo\/image\/\",\"url\":\"https:\/\/www.pomposaresidence.com\/wp-content\/uploads\/sites\/211\/2025\/01\/Pomposa-Residence.png\",\"contentUrl\":\"https:\/\/www.pomposaresidence.com\/wp-content\/uploads\/sites\/211\/2025\/01\/Pomposa-Residence.png\",\"width\":194,\"height\":58,\"caption\":\"Pomposa Residence\"},\"image\":{\"@id\":\"https:\/\/www.pomposaresidence.com\/fr\/#\/schema\/logo\/image\/\"},\"sameAs\":[\"https:\/\/facebook.com\/tomasitourism\",\"https:\/\/www.instagram.com\/tomasitourism\/\"]}]}<\/script>\n<!-- \/ Yoast SEO plugin. -->","yoast_head_json":{"title":"Territoire - Pomposa Residence -","description":"Le Parc du Delta du P\u00f4 est un lieu magique et suggestif, \u00e0 explorer gr\u00e2ce aux nombreuses excursions. Le parc se trouve sur une zone environnementale et \u00e9cologique vraiment unique, 52.000 hectares de territoire riche en biodiversit\u00e9, flore et faune","robots":{"index":"index","follow":"follow","max-snippet":"max-snippet:-1","max-image-preview":"max-image-preview:large","max-video-preview":"max-video-preview:-1"},"canonical":"https:\/\/www.pomposaresidence.com\/fr\/territoire\/","og_locale":"fr_FR","og_type":"article","og_title":"Territoire - Pomposa Residence -","og_description":"Le Parc du Delta du P\u00f4 est un lieu magique et suggestif, \u00e0 explorer gr\u00e2ce aux nombreuses excursions. Le parc se trouve sur une zone environnementale et \u00e9cologique vraiment unique, 52.000 hectares de territoire riche en biodiversit\u00e9, flore et faune","og_url":"https:\/\/www.pomposaresidence.com\/fr\/territoire\/","og_site_name":"Pomposa Residence","article_publisher":"https:\/\/facebook.com\/tomasitourism","article_modified_time":"2025-03-28T16:19:01+00:00","og_image":[{"width":2200,"height":1200,"url":"https:\/\/www.pomposaresidence.com\/wp-content\/uploads\/sites\/211\/2025\/02\/pomposa_residence_slide02.jpg","type":"image\/jpeg"}],"twitter_card":"summary_large_image","twitter_misc":{"Dur\u00e9e de lecture estim\u00e9e":"1 minute"},"schema":{"@context":"https:\/\/schema.org","@graph":[{"@type":"WebPage","@id":"https:\/\/www.pomposaresidence.com\/fr\/territoire\/","url":"https:\/\/www.pomposaresidence.com\/fr\/territoire\/","name":"Territoire - Pomposa Residence -","isPartOf":{"@id":"https:\/\/www.pomposaresidence.com\/fr\/#website"},"datePublished":"2025-02-05T09:28:30+00:00","dateModified":"2025-03-28T16:19:01+00:00","description":"Le Parc du Delta du P\u00f4 est un lieu magique et suggestif, \u00e0 explorer gr\u00e2ce aux nombreuses excursions. Le parc se trouve sur une zone environnementale et \u00e9cologique vraiment unique, 52.000 hectares de territoire riche en biodiversit\u00e9, flore et faune","breadcrumb":{"@id":"https:\/\/www.pomposaresidence.com\/fr\/territoire\/#breadcrumb"},"inLanguage":"fr-FR","potentialAction":[{"@type":"ReadAction","target":["https:\/\/www.pomposaresidence.com\/fr\/territoire\/"]}]},{"@type":"BreadcrumbList","@id":"https:\/\/www.pomposaresidence.com\/fr\/territoire\/#breadcrumb","itemListElement":[{"@type":"ListItem","position":1,"name":"Home","item":"https:\/\/www.pomposaresidence.com\/fr\/"},{"@type":"ListItem","position":2,"name":"Territoire"}]},{"@type":"WebSite","@id":"https:\/\/www.pomposaresidence.com\/fr\/#website","url":"https:\/\/www.pomposaresidence.com\/fr\/","name":"Pomposa Residence","description":"","publisher":{"@id":"https:\/\/www.pomposaresidence.com\/fr\/#organization"},"potentialAction":[{"@type":"SearchAction","target":{"@type":"EntryPoint","urlTemplate":"https:\/\/www.pomposaresidence.com\/fr\/?s={search_term_string}"},"query-input":"required name=search_term_string"}],"inLanguage":"fr-FR"},{"@type":"Organization","@id":"https:\/\/www.pomposaresidence.com\/fr\/#organization","name":"Pomposa Residence","url":"https:\/\/www.pomposaresidence.com\/fr\/","logo":{"@type":"ImageObject","inLanguage":"fr-FR","@id":"https:\/\/www.pomposaresidence.com\/fr\/#\/schema\/logo\/image\/","url":"https:\/\/www.pomposaresidence.com\/wp-content\/uploads\/sites\/211\/2025\/01\/Pomposa-Residence.png","contentUrl":"https:\/\/www.pomposaresidence.com\/wp-content\/uploads\/sites\/211\/2025\/01\/Pomposa-Residence.png","width":194,"height":58,"caption":"Pomposa Residence"},"image":{"@id":"https:\/\/www.pomposaresidence.com\/fr\/#\/schema\/logo\/image\/"},"sameAs":["https:\/\/facebook.com\/tomasitourism","https:\/\/www.instagram.com\/tomasitourism\/"]}]}},"acf":[],"_links":{"self":[{"href":"https:\/\/www.pomposaresidence.com\/fr\/wp-json\/wp\/v2\/pages\/495"}],"collection":[{"href":"https:\/\/www.pomposaresidence.com\/fr\/wp-json\/wp\/v2\/pages"}],"about":[{"href":"https:\/\/www.pomposaresidence.com\/fr\/wp-json\/wp\/v2\/types\/page"}],"author":[{"embeddable":true,"href":"https:\/\/www.pomposaresidence.com\/fr\/wp-json\/wp\/v2\/users\/13"}],"replies":[{"embeddable":true,"href":"https:\/\/www.pomposaresidence.com\/fr\/wp-json\/wp\/v2\/comments?post=495"}],"version-history":[{"count":0,"href":"https:\/\/www.pomposaresidence.com\/fr\/wp-json\/wp\/v2\/pages\/495\/revisions"}],"wp:attachment":[{"href":"https:\/\/www.pomposaresidence.com\/fr\/wp-json\/wp\/v2\/media?parent=495"}],"curies":[{"name":"wp","href":"https:\/\/api.w.org\/{rel}","templated":true}]}}