   {"id":489,"date":"2025-02-04T16:09:34","date_gmt":"2025-02-04T16:09:34","guid":{"rendered":"https:\/\/www.pomposaresidence.com\/?page_id=489"},"modified":"2025-03-27T15:28:27","modified_gmt":"2025-03-27T15:28:27","slug":"des-vacances-avec-des-amis-a-4-pattes","status":"publish","type":"page","link":"https:\/\/www.pomposaresidence.com\/fr\/vos-vacances\/des-vacances-avec-des-amis-a-4-pattes\/","title":{"rendered":"Des vacances avec des amis \u00e0 4 pattes"},"content":{"rendered":"<p>Vivez des vacances inoubliables avec votre fid\u00e8le compagnon \u00e0 quatre pattes ! Notre \u00e9tablissement est pr\u00eat \u00e0 vous accueillir, vous et votre chien, en vous proposant des services adapt\u00e9s aux animaux et con\u00e7us pour le bien-\u00eatre de tous. De l&rsquo;h\u00e9bergement aux espaces d\u00e9di\u00e9s, chaque d\u00e9tail est pens\u00e9 pour assurer un s\u00e9jour confortable et amusant pour tous. Parce qu\u2019eux aussi m\u00e9ritent des vacances !<\/p>\n","protected":false},"excerpt":{"rendered":"<p>Vivez des vacances inoubliables avec votre fid\u00e8le compagnon \u00e0 quatre pattes ! Notre \u00e9tablissement est pr\u00eat \u00e0 vous accueillir, vous et votre chien, en vous proposant des services adapt\u00e9s aux animaux et con\u00e7us pour le bien-\u00eatre de tous. De l&rsquo;h\u00e9bergement aux espaces d\u00e9di\u00e9s, chaque d\u00e9tail est pens\u00e9 pour assurer un s\u00e9jour confortable et amusant pour [&hellip;]<\/p>\n","protected":false},"author":13,"featured_media":0,"parent":454,"menu_order":25,"comment_status":"closed","ping_status":"closed","template":"template-your-holiday.php","meta":{"footnotes":""},"yoast_head":"<!-- This site is optimized with the Yoast SEO plugin v22.3 - https:\/\/yoast.com\/wordpress\/plugins\/seo\/ -->\n<title>Des vacances avec des amis \u00e0 4 pattes - Pomposa Residence -<\/title>\n<meta name=\"description\" content=\"Vivez des vacances inoubliables avec votre fid\u00e8le compagnon \u00e0 quatre pattes ! Notre \u00e9tablissement est pr\u00eat \u00e0 vous accueillir, vous et votre chien, en vous proposant des services adapt\u00e9s aux animaux et con\u00e7us pour le bien-\u00eatre de tous. De l&#039;h\u00e9bergement aux espaces d\u00e9di\u00e9s, chaque d\u00e9tail est pens\u00e9 pour assurer un s\u00e9jour confortable et amusant pour tous\" \/>\n<meta name=\"robots\" content=\"index, follow, max-snippet:-1, max-image-preview:large, max-video-preview:-1\" \/>\n<link rel=\"canonical\" href=\"https:\/\/www.pomposaresidence.com\/fr\/vos-vacances\/des-vacances-avec-des-amis-a-4-pattes\/\" \/>\n<meta property=\"og:locale\" content=\"fr_FR\" \/>\n<meta property=\"og:type\" content=\"article\" \/>\n<meta property=\"og:title\" content=\"Des vacances avec des amis \u00e0 4 pattes - Pomposa Residence -\" \/>\n<meta property=\"og:description\" content=\"Vivez des vacances inoubliables avec votre fid\u00e8le compagnon \u00e0 quatre pattes ! Notre \u00e9tablissement est pr\u00eat \u00e0 vous accueillir, vous et votre chien, en vous proposant des services adapt\u00e9s aux animaux et con\u00e7us pour le bien-\u00eatre de tous. De l&#039;h\u00e9bergement aux espaces d\u00e9di\u00e9s, chaque d\u00e9tail est pens\u00e9 pour assurer un s\u00e9jour confortable et amusant pour tous\" \/>\n<meta property=\"og:url\" content=\"https:\/\/www.pomposaresidence.com\/fr\/vos-vacances\/des-vacances-avec-des-amis-a-4-pattes\/\" \/>\n<meta property=\"og:site_name\" content=\"Pomposa Residence\" \/>\n<meta property=\"article:publisher\" content=\"https:\/\/facebook.com\/tomasitourism\" \/>\n<meta property=\"article:modified_time\" content=\"2025-03-27T15:28:27+00:00\" \/>\n<meta property=\"og:image\" content=\"https:\/\/www.pomposaresidence.com\/wp-content\/uploads\/sites\/211\/2025\/02\/pomposa_residence_slide02.jpg\" \/>\n\t<meta property=\"og:image:width\" content=\"2200\" \/>\n\t<meta property=\"og:image:height\" content=\"1200\" \/>\n\t<meta property=\"og:image:type\" content=\"image\/jpeg\" \/>\n<meta name=\"twitter:card\" content=\"summary_large_image\" \/>\n<meta name=\"twitter:label1\" content=\"Dur\u00e9e de lecture estim\u00e9e\" \/>\n\t<meta name=\"twitter:data1\" content=\"1 minute\" \/>\n<script type=\"application\/ld+json\" class=\"yoast-schema-graph\">{\"@context\":\"https:\/\/schema.org\",\"@graph\":[{\"@type\":\"WebPage\",\"@id\":\"https:\/\/www.pomposaresidence.com\/fr\/vos-vacances\/des-vacances-avec-des-amis-a-4-pattes\/\",\"url\":\"https:\/\/www.pomposaresidence.com\/fr\/vos-vacances\/des-vacances-avec-des-amis-a-4-pattes\/\",\"name\":\"Des vacances avec des amis \u00e0 4 pattes - Pomposa Residence -\",\"isPartOf\":{\"@id\":\"https:\/\/www.pomposaresidence.com\/fr\/#website\"},\"datePublished\":\"2025-02-04T16:09:34+00:00\",\"dateModified\":\"2025-03-27T15:28:27+00:00\",\"description\":\"Vivez des vacances inoubliables avec votre fid\u00e8le compagnon \u00e0 quatre pattes ! Notre \u00e9tablissement est pr\u00eat \u00e0 vous accueillir, vous et votre chien, en vous proposant des services adapt\u00e9s aux animaux et con\u00e7us pour le bien-\u00eatre de tous. De l'h\u00e9bergement aux espaces d\u00e9di\u00e9s, chaque d\u00e9tail est pens\u00e9 pour assurer un s\u00e9jour confortable et amusant pour tous\",\"breadcrumb\":{\"@id\":\"https:\/\/www.pomposaresidence.com\/fr\/vos-vacances\/des-vacances-avec-des-amis-a-4-pattes\/#breadcrumb\"},\"inLanguage\":\"fr-FR\",\"potentialAction\":[{\"@type\":\"ReadAction\",\"target\":[\"https:\/\/www.pomposaresidence.com\/fr\/vos-vacances\/des-vacances-avec-des-amis-a-4-pattes\/\"]}]},{\"@type\":\"BreadcrumbList\",\"@id\":\"https:\/\/www.pomposaresidence.com\/fr\/vos-vacances\/des-vacances-avec-des-amis-a-4-pattes\/#breadcrumb\",\"itemListElement\":[{\"@type\":\"ListItem\",\"position\":1,\"name\":\"Home\",\"item\":\"https:\/\/www.pomposaresidence.com\/fr\/\"},{\"@type\":\"ListItem\",\"position\":2,\"name\":\"Vos vacances\",\"item\":\"https:\/\/www.pomposaresidence.com\/fr\/vos-vacances\/\"},{\"@type\":\"ListItem\",\"position\":3,\"name\":\"Des vacances avec des amis \u00e0 4 pattes\"}]},{\"@type\":\"WebSite\",\"@id\":\"https:\/\/www.pomposaresidence.com\/fr\/#website\",\"url\":\"https:\/\/www.pomposaresidence.com\/fr\/\",\"name\":\"Pomposa Residence\",\"description\":\"\",\"publisher\":{\"@id\":\"https:\/\/www.pomposaresidence.com\/fr\/#organization\"},\"potentialAction\":[{\"@type\":\"SearchAction\",\"target\":{\"@type\":\"EntryPoint\",\"urlTemplate\":\"https:\/\/www.pomposaresidence.com\/fr\/?s={search_term_string}\"},\"query-input\":\"required name=search_term_string\"}],\"inLanguage\":\"fr-FR\"},{\"@type\":\"Organization\",\"@id\":\"https:\/\/www.pomposaresidence.com\/fr\/#organization\",\"name\":\"Pomposa Residence\",\"url\":\"https:\/\/www.pomposaresidence.com\/fr\/\",\"logo\":{\"@type\":\"ImageObject\",\"inLanguage\":\"fr-FR\",\"@id\":\"https:\/\/www.pomposaresidence.com\/fr\/#\/schema\/logo\/image\/\",\"url\":\"https:\/\/www.pomposaresidence.com\/wp-content\/uploads\/sites\/211\/2025\/01\/Pomposa-Residence.png\",\"contentUrl\":\"https:\/\/www.pomposaresidence.com\/wp-content\/uploads\/sites\/211\/2025\/01\/Pomposa-Residence.png\",\"width\":194,\"height\":58,\"caption\":\"Pomposa Residence\"},\"image\":{\"@id\":\"https:\/\/www.pomposaresidence.com\/fr\/#\/schema\/logo\/image\/\"},\"sameAs\":[\"https:\/\/facebook.com\/tomasitourism\",\"https:\/\/www.instagram.com\/tomasitourism\/\"]}]}<\/script>\n<!-- \/ Yoast SEO plugin. -->","yoast_head_json":{"title":"Des vacances avec des amis \u00e0 4 pattes - Pomposa Residence -","description":"Vivez des vacances inoubliables avec votre fid\u00e8le compagnon \u00e0 quatre pattes ! Notre \u00e9tablissement est pr\u00eat \u00e0 vous accueillir, vous et votre chien, en vous proposant des services adapt\u00e9s aux animaux et con\u00e7us pour le bien-\u00eatre de tous. De l'h\u00e9bergement aux espaces d\u00e9di\u00e9s, chaque d\u00e9tail est pens\u00e9 pour assurer un s\u00e9jour confortable et amusant pour tous","robots":{"index":"index","follow":"follow","max-snippet":"max-snippet:-1","max-image-preview":"max-image-preview:large","max-video-preview":"max-video-preview:-1"},"canonical":"https:\/\/www.pomposaresidence.com\/fr\/vos-vacances\/des-vacances-avec-des-amis-a-4-pattes\/","og_locale":"fr_FR","og_type":"article","og_title":"Des vacances avec des amis \u00e0 4 pattes - Pomposa Residence -","og_description":"Vivez des vacances inoubliables avec votre fid\u00e8le compagnon \u00e0 quatre pattes ! Notre \u00e9tablissement est pr\u00eat \u00e0 vous accueillir, vous et votre chien, en vous proposant des services adapt\u00e9s aux animaux et con\u00e7us pour le bien-\u00eatre de tous. De l'h\u00e9bergement aux espaces d\u00e9di\u00e9s, chaque d\u00e9tail est pens\u00e9 pour assurer un s\u00e9jour confortable et amusant pour tous","og_url":"https:\/\/www.pomposaresidence.com\/fr\/vos-vacances\/des-vacances-avec-des-amis-a-4-pattes\/","og_site_name":"Pomposa Residence","article_publisher":"https:\/\/facebook.com\/tomasitourism","article_modified_time":"2025-03-27T15:28:27+00:00","og_image":[{"width":2200,"height":1200,"url":"https:\/\/www.pomposaresidence.com\/wp-content\/uploads\/sites\/211\/2025\/02\/pomposa_residence_slide02.jpg","type":"image\/jpeg"}],"twitter_card":"summary_large_image","twitter_misc":{"Dur\u00e9e de lecture estim\u00e9e":"1 minute"},"schema":{"@context":"https:\/\/schema.org","@graph":[{"@type":"WebPage","@id":"https:\/\/www.pomposaresidence.com\/fr\/vos-vacances\/des-vacances-avec-des-amis-a-4-pattes\/","url":"https:\/\/www.pomposaresidence.com\/fr\/vos-vacances\/des-vacances-avec-des-amis-a-4-pattes\/","name":"Des vacances avec des amis \u00e0 4 pattes - Pomposa Residence -","isPartOf":{"@id":"https:\/\/www.pomposaresidence.com\/fr\/#website"},"datePublished":"2025-02-04T16:09:34+00:00","dateModified":"2025-03-27T15:28:27+00:00","description":"Vivez des vacances inoubliables avec votre fid\u00e8le compagnon \u00e0 quatre pattes ! Notre \u00e9tablissement est pr\u00eat \u00e0 vous accueillir, vous et votre chien, en vous proposant des services adapt\u00e9s aux animaux et con\u00e7us pour le bien-\u00eatre de tous. De l'h\u00e9bergement aux espaces d\u00e9di\u00e9s, chaque d\u00e9tail est pens\u00e9 pour assurer un s\u00e9jour confortable et amusant pour tous","breadcrumb":{"@id":"https:\/\/www.pomposaresidence.com\/fr\/vos-vacances\/des-vacances-avec-des-amis-a-4-pattes\/#breadcrumb"},"inLanguage":"fr-FR","potentialAction":[{"@type":"ReadAction","target":["https:\/\/www.pomposaresidence.com\/fr\/vos-vacances\/des-vacances-avec-des-amis-a-4-pattes\/"]}]},{"@type":"BreadcrumbList","@id":"https:\/\/www.pomposaresidence.com\/fr\/vos-vacances\/des-vacances-avec-des-amis-a-4-pattes\/#breadcrumb","itemListElement":[{"@type":"ListItem","position":1,"name":"Home","item":"https:\/\/www.pomposaresidence.com\/fr\/"},{"@type":"ListItem","position":2,"name":"Vos vacances","item":"https:\/\/www.pomposaresidence.com\/fr\/vos-vacances\/"},{"@type":"ListItem","position":3,"name":"Des vacances avec des amis \u00e0 4 pattes"}]},{"@type":"WebSite","@id":"https:\/\/www.pomposaresidence.com\/fr\/#website","url":"https:\/\/www.pomposaresidence.com\/fr\/","name":"Pomposa Residence","description":"","publisher":{"@id":"https:\/\/www.pomposaresidence.com\/fr\/#organization"},"potentialAction":[{"@type":"SearchAction","target":{"@type":"EntryPoint","urlTemplate":"https:\/\/www.pomposaresidence.com\/fr\/?s={search_term_string}"},"query-input":"required name=search_term_string"}],"inLanguage":"fr-FR"},{"@type":"Organization","@id":"https:\/\/www.pomposaresidence.com\/fr\/#organization","name":"Pomposa Residence","url":"https:\/\/www.pomposaresidence.com\/fr\/","logo":{"@type":"ImageObject","inLanguage":"fr-FR","@id":"https:\/\/www.pomposaresidence.com\/fr\/#\/schema\/logo\/image\/","url":"https:\/\/www.pomposaresidence.com\/wp-content\/uploads\/sites\/211\/2025\/01\/Pomposa-Residence.png","contentUrl":"https:\/\/www.pomposaresidence.com\/wp-content\/uploads\/sites\/211\/2025\/01\/Pomposa-Residence.png","width":194,"height":58,"caption":"Pomposa Residence"},"image":{"@id":"https:\/\/www.pomposaresidence.com\/fr\/#\/schema\/logo\/image\/"},"sameAs":["https:\/\/facebook.com\/tomasitourism","https:\/\/www.instagram.com\/tomasitourism\/"]}]}},"acf":[],"_links":{"self":[{"href":"https:\/\/www.pomposaresidence.com\/fr\/wp-json\/wp\/v2\/pages\/489"}],"collection":[{"href":"https:\/\/www.pomposaresidence.com\/fr\/wp-json\/wp\/v2\/pages"}],"about":[{"href":"https:\/\/www.pomposaresidence.com\/fr\/wp-json\/wp\/v2\/types\/page"}],"author":[{"embeddable":true,"href":"https:\/\/www.pomposaresidence.com\/fr\/wp-json\/wp\/v2\/users\/13"}],"replies":[{"embeddable":true,"href":"https:\/\/www.pomposaresidence.com\/fr\/wp-json\/wp\/v2\/comments?post=489"}],"version-history":[{"count":0,"href":"https:\/\/www.pomposaresidence.com\/fr\/wp-json\/wp\/v2\/pages\/489\/revisions"}],"up":[{"embeddable":true,"href":"https:\/\/www.pomposaresidence.com\/fr\/wp-json\/wp\/v2\/pages\/454"}],"wp:attachment":[{"href":"https:\/\/www.pomposaresidence.com\/fr\/wp-json\/wp\/v2\/media?parent=489"}],"curies":[{"name":"wp","href":"https:\/\/api.w.org\/{rel}","templated":true}]}}