   {"id":483,"date":"2025-02-04T15:55:30","date_gmt":"2025-02-04T15:55:30","guid":{"rendered":"https:\/\/www.pomposaresidence.com\/?page_id=483"},"modified":"2025-05-05T09:00:05","modified_gmt":"2025-05-05T09:00:05","slug":"vacances-tout-compris","status":"publish","type":"page","link":"https:\/\/www.pomposaresidence.com\/fr\/vos-vacances\/vacances-tout-compris\/","title":{"rendered":"Vacances tout compris"},"content":{"rendered":"<p>D\u00e9tendez-vous et profitez de chaque instant avec nos vacances tout compris, con\u00e7ues pour offrir un maximum de confort et de commodit\u00e9. Profitez au maximum de chaque journ\u00e9e avec le service de pension compl\u00e8te, le linge de lit et de toilette, le nettoyage quotidien du logement, les animations, le parking, le service de plage, sans vous soucier d&rsquo;ajouter des frais suppl\u00e9mentaires. Parfait pour ceux qui recherchent une exp\u00e9rience compl\u00e8te, o\u00f9 chaque d\u00e9sir est satisfait et chaque d\u00e9tail est pris en charge.<\/p>\n","protected":false},"excerpt":{"rendered":"<p>D\u00e9tendez-vous et profitez de chaque instant avec nos vacances tout compris, con\u00e7ues pour offrir un maximum de confort et de commodit\u00e9. Profitez au maximum de chaque journ\u00e9e avec le service de pension compl\u00e8te, le linge de lit et de toilette, le nettoyage quotidien du logement, les animations, le parking, le service de plage, sans vous [&hellip;]<\/p>\n","protected":false},"author":13,"featured_media":0,"parent":454,"menu_order":20,"comment_status":"closed","ping_status":"closed","template":"template-your-holiday.php","meta":{"footnotes":""},"yoast_head":"<!-- This site is optimized with the Yoast SEO plugin v22.3 - https:\/\/yoast.com\/wordpress\/plugins\/seo\/ -->\n<title>Vacances tout compris - Pomposa Residence -<\/title>\n<meta name=\"description\" content=\"D\u00e9tendez-vous et profitez de chaque instant avec nos vacances tout compris, con\u00e7ues pour offrir un maximum de confort et de commodit\u00e9. Profitez au maximum de chaque journ\u00e9e avec le service de pension compl\u00e8te, le linge de lit et de toilette, le nettoyage quotidien du logement, les animations, le parking, le service de plage, sans vous soucier d&#039;ajouter des frais suppl\u00e9mentaires\" \/>\n<meta name=\"robots\" content=\"index, follow, max-snippet:-1, max-image-preview:large, max-video-preview:-1\" \/>\n<link rel=\"canonical\" href=\"https:\/\/www.pomposaresidence.com\/fr\/vos-vacances\/vacances-tout-compris\/\" \/>\n<meta property=\"og:locale\" content=\"fr_FR\" \/>\n<meta property=\"og:type\" content=\"article\" \/>\n<meta property=\"og:title\" content=\"Vacances tout compris - Pomposa Residence -\" \/>\n<meta property=\"og:description\" content=\"D\u00e9tendez-vous et profitez de chaque instant avec nos vacances tout compris, con\u00e7ues pour offrir un maximum de confort et de commodit\u00e9. Profitez au maximum de chaque journ\u00e9e avec le service de pension compl\u00e8te, le linge de lit et de toilette, le nettoyage quotidien du logement, les animations, le parking, le service de plage, sans vous soucier d&#039;ajouter des frais suppl\u00e9mentaires\" \/>\n<meta property=\"og:url\" content=\"https:\/\/www.pomposaresidence.com\/fr\/vos-vacances\/vacances-tout-compris\/\" \/>\n<meta property=\"og:site_name\" content=\"Pomposa Residence\" \/>\n<meta property=\"article:publisher\" content=\"https:\/\/facebook.com\/tomasitourism\" \/>\n<meta property=\"article:modified_time\" content=\"2025-05-05T09:00:05+00:00\" \/>\n<meta property=\"og:image\" content=\"https:\/\/www.pomposaresidence.com\/wp-content\/uploads\/sites\/211\/2025\/02\/pomposa_residence_slide02.jpg\" \/>\n\t<meta property=\"og:image:width\" content=\"2200\" \/>\n\t<meta property=\"og:image:height\" content=\"1200\" \/>\n\t<meta property=\"og:image:type\" content=\"image\/jpeg\" \/>\n<meta name=\"twitter:card\" content=\"summary_large_image\" \/>\n<meta name=\"twitter:label1\" content=\"Dur\u00e9e de lecture estim\u00e9e\" \/>\n\t<meta name=\"twitter:data1\" content=\"1 minute\" \/>\n<script type=\"application\/ld+json\" class=\"yoast-schema-graph\">{\"@context\":\"https:\/\/schema.org\",\"@graph\":[{\"@type\":\"WebPage\",\"@id\":\"https:\/\/www.pomposaresidence.com\/fr\/vos-vacances\/vacances-tout-compris\/\",\"url\":\"https:\/\/www.pomposaresidence.com\/fr\/vos-vacances\/vacances-tout-compris\/\",\"name\":\"Vacances tout compris - Pomposa Residence -\",\"isPartOf\":{\"@id\":\"https:\/\/www.pomposaresidence.com\/fr\/#website\"},\"datePublished\":\"2025-02-04T15:55:30+00:00\",\"dateModified\":\"2025-05-05T09:00:05+00:00\",\"description\":\"D\u00e9tendez-vous et profitez de chaque instant avec nos vacances tout compris, con\u00e7ues pour offrir un maximum de confort et de commodit\u00e9. Profitez au maximum de chaque journ\u00e9e avec le service de pension compl\u00e8te, le linge de lit et de toilette, le nettoyage quotidien du logement, les animations, le parking, le service de plage, sans vous soucier d'ajouter des frais suppl\u00e9mentaires\",\"breadcrumb\":{\"@id\":\"https:\/\/www.pomposaresidence.com\/fr\/vos-vacances\/vacances-tout-compris\/#breadcrumb\"},\"inLanguage\":\"fr-FR\",\"potentialAction\":[{\"@type\":\"ReadAction\",\"target\":[\"https:\/\/www.pomposaresidence.com\/fr\/vos-vacances\/vacances-tout-compris\/\"]}]},{\"@type\":\"BreadcrumbList\",\"@id\":\"https:\/\/www.pomposaresidence.com\/fr\/vos-vacances\/vacances-tout-compris\/#breadcrumb\",\"itemListElement\":[{\"@type\":\"ListItem\",\"position\":1,\"name\":\"Home\",\"item\":\"https:\/\/www.pomposaresidence.com\/fr\/\"},{\"@type\":\"ListItem\",\"position\":2,\"name\":\"Vos vacances\",\"item\":\"https:\/\/www.pomposaresidence.com\/fr\/vos-vacances\/\"},{\"@type\":\"ListItem\",\"position\":3,\"name\":\"Vacances tout compris\"}]},{\"@type\":\"WebSite\",\"@id\":\"https:\/\/www.pomposaresidence.com\/fr\/#website\",\"url\":\"https:\/\/www.pomposaresidence.com\/fr\/\",\"name\":\"Pomposa Residence\",\"description\":\"\",\"publisher\":{\"@id\":\"https:\/\/www.pomposaresidence.com\/fr\/#organization\"},\"potentialAction\":[{\"@type\":\"SearchAction\",\"target\":{\"@type\":\"EntryPoint\",\"urlTemplate\":\"https:\/\/www.pomposaresidence.com\/fr\/?s={search_term_string}\"},\"query-input\":\"required name=search_term_string\"}],\"inLanguage\":\"fr-FR\"},{\"@type\":\"Organization\",\"@id\":\"https:\/\/www.pomposaresidence.com\/fr\/#organization\",\"name\":\"Pomposa Residence\",\"url\":\"https:\/\/www.pomposaresidence.com\/fr\/\",\"logo\":{\"@type\":\"ImageObject\",\"inLanguage\":\"fr-FR\",\"@id\":\"https:\/\/www.pomposaresidence.com\/fr\/#\/schema\/logo\/image\/\",\"url\":\"https:\/\/www.pomposaresidence.com\/wp-content\/uploads\/sites\/211\/2025\/01\/Pomposa-Residence.png\",\"contentUrl\":\"https:\/\/www.pomposaresidence.com\/wp-content\/uploads\/sites\/211\/2025\/01\/Pomposa-Residence.png\",\"width\":194,\"height\":58,\"caption\":\"Pomposa Residence\"},\"image\":{\"@id\":\"https:\/\/www.pomposaresidence.com\/fr\/#\/schema\/logo\/image\/\"},\"sameAs\":[\"https:\/\/facebook.com\/tomasitourism\",\"https:\/\/www.instagram.com\/tomasitourism\/\"]}]}<\/script>\n<!-- \/ Yoast SEO plugin. -->","yoast_head_json":{"title":"Vacances tout compris - Pomposa Residence -","description":"D\u00e9tendez-vous et profitez de chaque instant avec nos vacances tout compris, con\u00e7ues pour offrir un maximum de confort et de commodit\u00e9. Profitez au maximum de chaque journ\u00e9e avec le service de pension compl\u00e8te, le linge de lit et de toilette, le nettoyage quotidien du logement, les animations, le parking, le service de plage, sans vous soucier d'ajouter des frais suppl\u00e9mentaires","robots":{"index":"index","follow":"follow","max-snippet":"max-snippet:-1","max-image-preview":"max-image-preview:large","max-video-preview":"max-video-preview:-1"},"canonical":"https:\/\/www.pomposaresidence.com\/fr\/vos-vacances\/vacances-tout-compris\/","og_locale":"fr_FR","og_type":"article","og_title":"Vacances tout compris - Pomposa Residence -","og_description":"D\u00e9tendez-vous et profitez de chaque instant avec nos vacances tout compris, con\u00e7ues pour offrir un maximum de confort et de commodit\u00e9. Profitez au maximum de chaque journ\u00e9e avec le service de pension compl\u00e8te, le linge de lit et de toilette, le nettoyage quotidien du logement, les animations, le parking, le service de plage, sans vous soucier d'ajouter des frais suppl\u00e9mentaires","og_url":"https:\/\/www.pomposaresidence.com\/fr\/vos-vacances\/vacances-tout-compris\/","og_site_name":"Pomposa Residence","article_publisher":"https:\/\/facebook.com\/tomasitourism","article_modified_time":"2025-05-05T09:00:05+00:00","og_image":[{"width":2200,"height":1200,"url":"https:\/\/www.pomposaresidence.com\/wp-content\/uploads\/sites\/211\/2025\/02\/pomposa_residence_slide02.jpg","type":"image\/jpeg"}],"twitter_card":"summary_large_image","twitter_misc":{"Dur\u00e9e de lecture estim\u00e9e":"1 minute"},"schema":{"@context":"https:\/\/schema.org","@graph":[{"@type":"WebPage","@id":"https:\/\/www.pomposaresidence.com\/fr\/vos-vacances\/vacances-tout-compris\/","url":"https:\/\/www.pomposaresidence.com\/fr\/vos-vacances\/vacances-tout-compris\/","name":"Vacances tout compris - Pomposa Residence -","isPartOf":{"@id":"https:\/\/www.pomposaresidence.com\/fr\/#website"},"datePublished":"2025-02-04T15:55:30+00:00","dateModified":"2025-05-05T09:00:05+00:00","description":"D\u00e9tendez-vous et profitez de chaque instant avec nos vacances tout compris, con\u00e7ues pour offrir un maximum de confort et de commodit\u00e9. Profitez au maximum de chaque journ\u00e9e avec le service de pension compl\u00e8te, le linge de lit et de toilette, le nettoyage quotidien du logement, les animations, le parking, le service de plage, sans vous soucier d'ajouter des frais suppl\u00e9mentaires","breadcrumb":{"@id":"https:\/\/www.pomposaresidence.com\/fr\/vos-vacances\/vacances-tout-compris\/#breadcrumb"},"inLanguage":"fr-FR","potentialAction":[{"@type":"ReadAction","target":["https:\/\/www.pomposaresidence.com\/fr\/vos-vacances\/vacances-tout-compris\/"]}]},{"@type":"BreadcrumbList","@id":"https:\/\/www.pomposaresidence.com\/fr\/vos-vacances\/vacances-tout-compris\/#breadcrumb","itemListElement":[{"@type":"ListItem","position":1,"name":"Home","item":"https:\/\/www.pomposaresidence.com\/fr\/"},{"@type":"ListItem","position":2,"name":"Vos vacances","item":"https:\/\/www.pomposaresidence.com\/fr\/vos-vacances\/"},{"@type":"ListItem","position":3,"name":"Vacances tout compris"}]},{"@type":"WebSite","@id":"https:\/\/www.pomposaresidence.com\/fr\/#website","url":"https:\/\/www.pomposaresidence.com\/fr\/","name":"Pomposa Residence","description":"","publisher":{"@id":"https:\/\/www.pomposaresidence.com\/fr\/#organization"},"potentialAction":[{"@type":"SearchAction","target":{"@type":"EntryPoint","urlTemplate":"https:\/\/www.pomposaresidence.com\/fr\/?s={search_term_string}"},"query-input":"required name=search_term_string"}],"inLanguage":"fr-FR"},{"@type":"Organization","@id":"https:\/\/www.pomposaresidence.com\/fr\/#organization","name":"Pomposa Residence","url":"https:\/\/www.pomposaresidence.com\/fr\/","logo":{"@type":"ImageObject","inLanguage":"fr-FR","@id":"https:\/\/www.pomposaresidence.com\/fr\/#\/schema\/logo\/image\/","url":"https:\/\/www.pomposaresidence.com\/wp-content\/uploads\/sites\/211\/2025\/01\/Pomposa-Residence.png","contentUrl":"https:\/\/www.pomposaresidence.com\/wp-content\/uploads\/sites\/211\/2025\/01\/Pomposa-Residence.png","width":194,"height":58,"caption":"Pomposa Residence"},"image":{"@id":"https:\/\/www.pomposaresidence.com\/fr\/#\/schema\/logo\/image\/"},"sameAs":["https:\/\/facebook.com\/tomasitourism","https:\/\/www.instagram.com\/tomasitourism\/"]}]}},"acf":[],"_links":{"self":[{"href":"https:\/\/www.pomposaresidence.com\/fr\/wp-json\/wp\/v2\/pages\/483"}],"collection":[{"href":"https:\/\/www.pomposaresidence.com\/fr\/wp-json\/wp\/v2\/pages"}],"about":[{"href":"https:\/\/www.pomposaresidence.com\/fr\/wp-json\/wp\/v2\/types\/page"}],"author":[{"embeddable":true,"href":"https:\/\/www.pomposaresidence.com\/fr\/wp-json\/wp\/v2\/users\/13"}],"replies":[{"embeddable":true,"href":"https:\/\/www.pomposaresidence.com\/fr\/wp-json\/wp\/v2\/comments?post=483"}],"version-history":[{"count":0,"href":"https:\/\/www.pomposaresidence.com\/fr\/wp-json\/wp\/v2\/pages\/483\/revisions"}],"up":[{"embeddable":true,"href":"https:\/\/www.pomposaresidence.com\/fr\/wp-json\/wp\/v2\/pages\/454"}],"wp:attachment":[{"href":"https:\/\/www.pomposaresidence.com\/fr\/wp-json\/wp\/v2\/media?parent=483"}],"curies":[{"name":"wp","href":"https:\/\/api.w.org\/{rel}","templated":true}]}}