   {"id":475,"date":"2025-02-04T15:51:01","date_gmt":"2025-02-04T15:51:01","guid":{"rendered":"https:\/\/www.pomposaresidence.com\/?page_id=475"},"modified":"2025-03-27T14:07:06","modified_gmt":"2025-03-27T14:07:06","slug":"experiences-et-bonheur","status":"publish","type":"page","link":"https:\/\/www.pomposaresidence.com\/fr\/vos-vacances\/experiences-et-bonheur\/","title":{"rendered":"Exp\u00e9riences et bonheur"},"content":{"rendered":"<p>Vivez des vacances uniques, con\u00e7ues pour ceux qui recherchent l&rsquo;aventure, l&rsquo;excitation et le plaisir ! Chaque jour est l&rsquo;occasion de vivre des exp\u00e9riences inoubliables, des parcs \u00e0 th\u00e8me aux excursions \u00e0 couper le souffle, des activit\u00e9s de plein air aux spectacles organis\u00e9s par notre \u00e9quipe d&rsquo;animation. Que vous recherchiez une pouss\u00e9e d\u2019adr\u00e9naline ou un peu de plaisir, notre forfait exp\u00e9rientiel propose une vari\u00e9t\u00e9 d\u2019activit\u00e9s con\u00e7ues pour engager tous vos sens et cr\u00e9er des souvenirs \u00e0 partager. Pr\u00e9parez-vous \u00e0 vivre le voyage dont vous avez toujours r\u00eav\u00e9 !<\/p>\n","protected":false},"excerpt":{"rendered":"<p>Vivez des vacances uniques, con\u00e7ues pour ceux qui recherchent l&rsquo;aventure, l&rsquo;excitation et le plaisir ! Chaque jour est l&rsquo;occasion de vivre des exp\u00e9riences inoubliables, des parcs \u00e0 th\u00e8me aux excursions \u00e0 couper le souffle, des activit\u00e9s de plein air aux spectacles organis\u00e9s par notre \u00e9quipe d&rsquo;animation. Que vous recherchiez une pouss\u00e9e d\u2019adr\u00e9naline ou un peu [&hellip;]<\/p>\n","protected":false},"author":13,"featured_media":0,"parent":454,"menu_order":20,"comment_status":"closed","ping_status":"closed","template":"template-your-holiday.php","meta":{"footnotes":""},"yoast_head":"<!-- This site is optimized with the Yoast SEO plugin v22.3 - https:\/\/yoast.com\/wordpress\/plugins\/seo\/ -->\n<title>Exp\u00e9riences et bonheur - Pomposa Residence -<\/title>\n<meta name=\"description\" content=\"Vivez des vacances uniques, con\u00e7ues pour ceux qui recherchent l&#039;aventure, l&#039;excitation et le plaisir ! Chaque jour est l&#039;occasion de vivre des exp\u00e9riences inoubliables, des parcs \u00e0 th\u00e8me aux excursions \u00e0 couper le souffle, des activit\u00e9s de plein air aux spectacles organis\u00e9s par notre \u00e9quipe d&#039;animation. Que vous recherchiez une pouss\u00e9e d\u2019adr\u00e9naline ou un peu de plaisir, notre forfait exp\u00e9rientiel propose une vari\u00e9t\u00e9 d\u2019activit\u00e9s con\u00e7ues pour engager tous vos sens et cr\u00e9er des souvenirs \u00e0 partager\" \/>\n<meta name=\"robots\" content=\"index, follow, max-snippet:-1, max-image-preview:large, max-video-preview:-1\" \/>\n<link rel=\"canonical\" href=\"https:\/\/www.pomposaresidence.com\/fr\/vos-vacances\/experiences-et-bonheur\/\" \/>\n<meta property=\"og:locale\" content=\"fr_FR\" \/>\n<meta property=\"og:type\" content=\"article\" \/>\n<meta property=\"og:title\" content=\"Exp\u00e9riences et bonheur - Pomposa Residence -\" \/>\n<meta property=\"og:description\" content=\"Vivez des vacances uniques, con\u00e7ues pour ceux qui recherchent l&#039;aventure, l&#039;excitation et le plaisir ! Chaque jour est l&#039;occasion de vivre des exp\u00e9riences inoubliables, des parcs \u00e0 th\u00e8me aux excursions \u00e0 couper le souffle, des activit\u00e9s de plein air aux spectacles organis\u00e9s par notre \u00e9quipe d&#039;animation. Que vous recherchiez une pouss\u00e9e d\u2019adr\u00e9naline ou un peu de plaisir, notre forfait exp\u00e9rientiel propose une vari\u00e9t\u00e9 d\u2019activit\u00e9s con\u00e7ues pour engager tous vos sens et cr\u00e9er des souvenirs \u00e0 partager\" \/>\n<meta property=\"og:url\" content=\"https:\/\/www.pomposaresidence.com\/fr\/vos-vacances\/experiences-et-bonheur\/\" \/>\n<meta property=\"og:site_name\" content=\"Pomposa Residence\" \/>\n<meta property=\"article:publisher\" content=\"https:\/\/facebook.com\/tomasitourism\" \/>\n<meta property=\"article:modified_time\" content=\"2025-03-27T14:07:06+00:00\" \/>\n<meta property=\"og:image\" content=\"https:\/\/www.pomposaresidence.com\/wp-content\/uploads\/sites\/211\/2025\/02\/pomposa_residence_slide02.jpg\" \/>\n\t<meta property=\"og:image:width\" content=\"2200\" \/>\n\t<meta property=\"og:image:height\" content=\"1200\" \/>\n\t<meta property=\"og:image:type\" content=\"image\/jpeg\" \/>\n<meta name=\"twitter:card\" content=\"summary_large_image\" \/>\n<meta name=\"twitter:label1\" content=\"Dur\u00e9e de lecture estim\u00e9e\" \/>\n\t<meta name=\"twitter:data1\" content=\"1 minute\" \/>\n<script type=\"application\/ld+json\" class=\"yoast-schema-graph\">{\"@context\":\"https:\/\/schema.org\",\"@graph\":[{\"@type\":\"WebPage\",\"@id\":\"https:\/\/www.pomposaresidence.com\/fr\/vos-vacances\/experiences-et-bonheur\/\",\"url\":\"https:\/\/www.pomposaresidence.com\/fr\/vos-vacances\/experiences-et-bonheur\/\",\"name\":\"Exp\u00e9riences et bonheur - Pomposa Residence -\",\"isPartOf\":{\"@id\":\"https:\/\/www.pomposaresidence.com\/fr\/#website\"},\"datePublished\":\"2025-02-04T15:51:01+00:00\",\"dateModified\":\"2025-03-27T14:07:06+00:00\",\"description\":\"Vivez des vacances uniques, con\u00e7ues pour ceux qui recherchent l'aventure, l'excitation et le plaisir ! Chaque jour est l'occasion de vivre des exp\u00e9riences inoubliables, des parcs \u00e0 th\u00e8me aux excursions \u00e0 couper le souffle, des activit\u00e9s de plein air aux spectacles organis\u00e9s par notre \u00e9quipe d'animation. Que vous recherchiez une pouss\u00e9e d\u2019adr\u00e9naline ou un peu de plaisir, notre forfait exp\u00e9rientiel propose une vari\u00e9t\u00e9 d\u2019activit\u00e9s con\u00e7ues pour engager tous vos sens et cr\u00e9er des souvenirs \u00e0 partager\",\"breadcrumb\":{\"@id\":\"https:\/\/www.pomposaresidence.com\/fr\/vos-vacances\/experiences-et-bonheur\/#breadcrumb\"},\"inLanguage\":\"fr-FR\",\"potentialAction\":[{\"@type\":\"ReadAction\",\"target\":[\"https:\/\/www.pomposaresidence.com\/fr\/vos-vacances\/experiences-et-bonheur\/\"]}]},{\"@type\":\"BreadcrumbList\",\"@id\":\"https:\/\/www.pomposaresidence.com\/fr\/vos-vacances\/experiences-et-bonheur\/#breadcrumb\",\"itemListElement\":[{\"@type\":\"ListItem\",\"position\":1,\"name\":\"Home\",\"item\":\"https:\/\/www.pomposaresidence.com\/fr\/\"},{\"@type\":\"ListItem\",\"position\":2,\"name\":\"Vos vacances\",\"item\":\"https:\/\/www.pomposaresidence.com\/fr\/vos-vacances\/\"},{\"@type\":\"ListItem\",\"position\":3,\"name\":\"Exp\u00e9riences et bonheur\"}]},{\"@type\":\"WebSite\",\"@id\":\"https:\/\/www.pomposaresidence.com\/fr\/#website\",\"url\":\"https:\/\/www.pomposaresidence.com\/fr\/\",\"name\":\"Pomposa Residence\",\"description\":\"\",\"publisher\":{\"@id\":\"https:\/\/www.pomposaresidence.com\/fr\/#organization\"},\"potentialAction\":[{\"@type\":\"SearchAction\",\"target\":{\"@type\":\"EntryPoint\",\"urlTemplate\":\"https:\/\/www.pomposaresidence.com\/fr\/?s={search_term_string}\"},\"query-input\":\"required name=search_term_string\"}],\"inLanguage\":\"fr-FR\"},{\"@type\":\"Organization\",\"@id\":\"https:\/\/www.pomposaresidence.com\/fr\/#organization\",\"name\":\"Pomposa Residence\",\"url\":\"https:\/\/www.pomposaresidence.com\/fr\/\",\"logo\":{\"@type\":\"ImageObject\",\"inLanguage\":\"fr-FR\",\"@id\":\"https:\/\/www.pomposaresidence.com\/fr\/#\/schema\/logo\/image\/\",\"url\":\"https:\/\/www.pomposaresidence.com\/wp-content\/uploads\/sites\/211\/2025\/01\/Pomposa-Residence.png\",\"contentUrl\":\"https:\/\/www.pomposaresidence.com\/wp-content\/uploads\/sites\/211\/2025\/01\/Pomposa-Residence.png\",\"width\":194,\"height\":58,\"caption\":\"Pomposa Residence\"},\"image\":{\"@id\":\"https:\/\/www.pomposaresidence.com\/fr\/#\/schema\/logo\/image\/\"},\"sameAs\":[\"https:\/\/facebook.com\/tomasitourism\",\"https:\/\/www.instagram.com\/tomasitourism\/\"]}]}<\/script>\n<!-- \/ Yoast SEO plugin. -->","yoast_head_json":{"title":"Exp\u00e9riences et bonheur - Pomposa Residence -","description":"Vivez des vacances uniques, con\u00e7ues pour ceux qui recherchent l'aventure, l'excitation et le plaisir ! Chaque jour est l'occasion de vivre des exp\u00e9riences inoubliables, des parcs \u00e0 th\u00e8me aux excursions \u00e0 couper le souffle, des activit\u00e9s de plein air aux spectacles organis\u00e9s par notre \u00e9quipe d'animation. Que vous recherchiez une pouss\u00e9e d\u2019adr\u00e9naline ou un peu de plaisir, notre forfait exp\u00e9rientiel propose une vari\u00e9t\u00e9 d\u2019activit\u00e9s con\u00e7ues pour engager tous vos sens et cr\u00e9er des souvenirs \u00e0 partager","robots":{"index":"index","follow":"follow","max-snippet":"max-snippet:-1","max-image-preview":"max-image-preview:large","max-video-preview":"max-video-preview:-1"},"canonical":"https:\/\/www.pomposaresidence.com\/fr\/vos-vacances\/experiences-et-bonheur\/","og_locale":"fr_FR","og_type":"article","og_title":"Exp\u00e9riences et bonheur - Pomposa Residence -","og_description":"Vivez des vacances uniques, con\u00e7ues pour ceux qui recherchent l'aventure, l'excitation et le plaisir ! Chaque jour est l'occasion de vivre des exp\u00e9riences inoubliables, des parcs \u00e0 th\u00e8me aux excursions \u00e0 couper le souffle, des activit\u00e9s de plein air aux spectacles organis\u00e9s par notre \u00e9quipe d'animation. Que vous recherchiez une pouss\u00e9e d\u2019adr\u00e9naline ou un peu de plaisir, notre forfait exp\u00e9rientiel propose une vari\u00e9t\u00e9 d\u2019activit\u00e9s con\u00e7ues pour engager tous vos sens et cr\u00e9er des souvenirs \u00e0 partager","og_url":"https:\/\/www.pomposaresidence.com\/fr\/vos-vacances\/experiences-et-bonheur\/","og_site_name":"Pomposa Residence","article_publisher":"https:\/\/facebook.com\/tomasitourism","article_modified_time":"2025-03-27T14:07:06+00:00","og_image":[{"width":2200,"height":1200,"url":"https:\/\/www.pomposaresidence.com\/wp-content\/uploads\/sites\/211\/2025\/02\/pomposa_residence_slide02.jpg","type":"image\/jpeg"}],"twitter_card":"summary_large_image","twitter_misc":{"Dur\u00e9e de lecture estim\u00e9e":"1 minute"},"schema":{"@context":"https:\/\/schema.org","@graph":[{"@type":"WebPage","@id":"https:\/\/www.pomposaresidence.com\/fr\/vos-vacances\/experiences-et-bonheur\/","url":"https:\/\/www.pomposaresidence.com\/fr\/vos-vacances\/experiences-et-bonheur\/","name":"Exp\u00e9riences et bonheur - Pomposa Residence -","isPartOf":{"@id":"https:\/\/www.pomposaresidence.com\/fr\/#website"},"datePublished":"2025-02-04T15:51:01+00:00","dateModified":"2025-03-27T14:07:06+00:00","description":"Vivez des vacances uniques, con\u00e7ues pour ceux qui recherchent l'aventure, l'excitation et le plaisir ! Chaque jour est l'occasion de vivre des exp\u00e9riences inoubliables, des parcs \u00e0 th\u00e8me aux excursions \u00e0 couper le souffle, des activit\u00e9s de plein air aux spectacles organis\u00e9s par notre \u00e9quipe d'animation. Que vous recherchiez une pouss\u00e9e d\u2019adr\u00e9naline ou un peu de plaisir, notre forfait exp\u00e9rientiel propose une vari\u00e9t\u00e9 d\u2019activit\u00e9s con\u00e7ues pour engager tous vos sens et cr\u00e9er des souvenirs \u00e0 partager","breadcrumb":{"@id":"https:\/\/www.pomposaresidence.com\/fr\/vos-vacances\/experiences-et-bonheur\/#breadcrumb"},"inLanguage":"fr-FR","potentialAction":[{"@type":"ReadAction","target":["https:\/\/www.pomposaresidence.com\/fr\/vos-vacances\/experiences-et-bonheur\/"]}]},{"@type":"BreadcrumbList","@id":"https:\/\/www.pomposaresidence.com\/fr\/vos-vacances\/experiences-et-bonheur\/#breadcrumb","itemListElement":[{"@type":"ListItem","position":1,"name":"Home","item":"https:\/\/www.pomposaresidence.com\/fr\/"},{"@type":"ListItem","position":2,"name":"Vos vacances","item":"https:\/\/www.pomposaresidence.com\/fr\/vos-vacances\/"},{"@type":"ListItem","position":3,"name":"Exp\u00e9riences et bonheur"}]},{"@type":"WebSite","@id":"https:\/\/www.pomposaresidence.com\/fr\/#website","url":"https:\/\/www.pomposaresidence.com\/fr\/","name":"Pomposa Residence","description":"","publisher":{"@id":"https:\/\/www.pomposaresidence.com\/fr\/#organization"},"potentialAction":[{"@type":"SearchAction","target":{"@type":"EntryPoint","urlTemplate":"https:\/\/www.pomposaresidence.com\/fr\/?s={search_term_string}"},"query-input":"required name=search_term_string"}],"inLanguage":"fr-FR"},{"@type":"Organization","@id":"https:\/\/www.pomposaresidence.com\/fr\/#organization","name":"Pomposa Residence","url":"https:\/\/www.pomposaresidence.com\/fr\/","logo":{"@type":"ImageObject","inLanguage":"fr-FR","@id":"https:\/\/www.pomposaresidence.com\/fr\/#\/schema\/logo\/image\/","url":"https:\/\/www.pomposaresidence.com\/wp-content\/uploads\/sites\/211\/2025\/01\/Pomposa-Residence.png","contentUrl":"https:\/\/www.pomposaresidence.com\/wp-content\/uploads\/sites\/211\/2025\/01\/Pomposa-Residence.png","width":194,"height":58,"caption":"Pomposa Residence"},"image":{"@id":"https:\/\/www.pomposaresidence.com\/fr\/#\/schema\/logo\/image\/"},"sameAs":["https:\/\/facebook.com\/tomasitourism","https:\/\/www.instagram.com\/tomasitourism\/"]}]}},"acf":[],"_links":{"self":[{"href":"https:\/\/www.pomposaresidence.com\/fr\/wp-json\/wp\/v2\/pages\/475"}],"collection":[{"href":"https:\/\/www.pomposaresidence.com\/fr\/wp-json\/wp\/v2\/pages"}],"about":[{"href":"https:\/\/www.pomposaresidence.com\/fr\/wp-json\/wp\/v2\/types\/page"}],"author":[{"embeddable":true,"href":"https:\/\/www.pomposaresidence.com\/fr\/wp-json\/wp\/v2\/users\/13"}],"replies":[{"embeddable":true,"href":"https:\/\/www.pomposaresidence.com\/fr\/wp-json\/wp\/v2\/comments?post=475"}],"version-history":[{"count":0,"href":"https:\/\/www.pomposaresidence.com\/fr\/wp-json\/wp\/v2\/pages\/475\/revisions"}],"up":[{"embeddable":true,"href":"https:\/\/www.pomposaresidence.com\/fr\/wp-json\/wp\/v2\/pages\/454"}],"wp:attachment":[{"href":"https:\/\/www.pomposaresidence.com\/fr\/wp-json\/wp\/v2\/media?parent=475"}],"curies":[{"name":"wp","href":"https:\/\/api.w.org\/{rel}","templated":true}]}}