   {"id":469,"date":"2025-02-04T15:11:29","date_gmt":"2025-02-04T15:11:29","guid":{"rendered":"https:\/\/www.pomposaresidence.com\/?page_id=469"},"modified":"2025-03-27T14:00:39","modified_gmt":"2025-03-27T14:00:39","slug":"voyage-oenologique-et-gastronomique","status":"publish","type":"page","link":"https:\/\/www.pomposaresidence.com\/fr\/vos-vacances\/voyage-oenologique-et-gastronomique\/","title":{"rendered":"Voyage \u0153nologique et gastronomique"},"content":{"rendered":"<p>D\u00e9couvrez les saveurs authentiques du Parc du Delta du P\u00f4 avec des vacances con\u00e7ues pour les amateurs de gastronomie et de vin. Explorez ce territoire riche en traditions culinaires, o\u00f9 le poisson frais et les produits typiques sont des protagonistes incontestables. Participez \u00e0 des visites \u0153nogastronomiques dans les caves locales, d\u00e9gustez des plats traditionnels pr\u00e9par\u00e9s avec des ingr\u00e9dients locaux et vivez des exp\u00e9riences culinaires uniques dans un environnement naturel extraordinaire. Une occasion parfaite pour s\u2019immerger dans la culture gastronomique du Delta, entre d\u00e9gustations, visites de producteurs locaux et plats typiques qui racontent l\u2019histoire du territoire.<\/p>\n","protected":false},"excerpt":{"rendered":"<p>D\u00e9couvrez les saveurs authentiques du Parc du Delta du P\u00f4 avec des vacances con\u00e7ues pour les amateurs de gastronomie et de vin. Explorez ce territoire riche en traditions culinaires, o\u00f9 le poisson frais et les produits typiques sont des protagonistes incontestables. Participez \u00e0 des visites \u0153nogastronomiques dans les caves locales, d\u00e9gustez des plats traditionnels pr\u00e9par\u00e9s [&hellip;]<\/p>\n","protected":false},"author":13,"featured_media":0,"parent":454,"menu_order":15,"comment_status":"closed","ping_status":"closed","template":"template-your-holiday.php","meta":{"footnotes":""},"yoast_head":"<!-- This site is optimized with the Yoast SEO plugin v22.3 - https:\/\/yoast.com\/wordpress\/plugins\/seo\/ -->\n<title>Voyage \u0153nologique et gastronomique - Pomposa Residence -<\/title>\n<meta name=\"description\" content=\"D\u00e9couvrez les saveurs authentiques du Parc du Delta du P\u00f4 avec des vacances con\u00e7ues pour les amateurs de gastronomie et de vin. Explorez ce territoire riche en traditions culinaires, o\u00f9 le poisson frais et les produits typiques sont des protagonistes incontestables\" \/>\n<meta name=\"robots\" content=\"index, follow, max-snippet:-1, max-image-preview:large, max-video-preview:-1\" \/>\n<link rel=\"canonical\" href=\"https:\/\/www.pomposaresidence.com\/fr\/vos-vacances\/voyage-oenologique-et-gastronomique\/\" \/>\n<meta property=\"og:locale\" content=\"fr_FR\" \/>\n<meta property=\"og:type\" content=\"article\" \/>\n<meta property=\"og:title\" content=\"Voyage \u0153nologique et gastronomique - Pomposa Residence -\" \/>\n<meta property=\"og:description\" content=\"D\u00e9couvrez les saveurs authentiques du Parc du Delta du P\u00f4 avec des vacances con\u00e7ues pour les amateurs de gastronomie et de vin. Explorez ce territoire riche en traditions culinaires, o\u00f9 le poisson frais et les produits typiques sont des protagonistes incontestables\" \/>\n<meta property=\"og:url\" content=\"https:\/\/www.pomposaresidence.com\/fr\/vos-vacances\/voyage-oenologique-et-gastronomique\/\" \/>\n<meta property=\"og:site_name\" content=\"Pomposa Residence\" \/>\n<meta property=\"article:publisher\" content=\"https:\/\/facebook.com\/tomasitourism\" \/>\n<meta property=\"article:modified_time\" content=\"2025-03-27T14:00:39+00:00\" \/>\n<meta property=\"og:image\" content=\"https:\/\/www.pomposaresidence.com\/wp-content\/uploads\/sites\/211\/2025\/02\/pomposa_residence_slide02.jpg\" \/>\n\t<meta property=\"og:image:width\" content=\"2200\" \/>\n\t<meta property=\"og:image:height\" content=\"1200\" \/>\n\t<meta property=\"og:image:type\" content=\"image\/jpeg\" \/>\n<meta name=\"twitter:card\" content=\"summary_large_image\" \/>\n<meta name=\"twitter:label1\" content=\"Dur\u00e9e de lecture estim\u00e9e\" \/>\n\t<meta name=\"twitter:data1\" content=\"1 minute\" \/>\n<script type=\"application\/ld+json\" class=\"yoast-schema-graph\">{\"@context\":\"https:\/\/schema.org\",\"@graph\":[{\"@type\":\"WebPage\",\"@id\":\"https:\/\/www.pomposaresidence.com\/fr\/vos-vacances\/voyage-oenologique-et-gastronomique\/\",\"url\":\"https:\/\/www.pomposaresidence.com\/fr\/vos-vacances\/voyage-oenologique-et-gastronomique\/\",\"name\":\"Voyage \u0153nologique et gastronomique - Pomposa Residence -\",\"isPartOf\":{\"@id\":\"https:\/\/www.pomposaresidence.com\/fr\/#website\"},\"datePublished\":\"2025-02-04T15:11:29+00:00\",\"dateModified\":\"2025-03-27T14:00:39+00:00\",\"description\":\"D\u00e9couvrez les saveurs authentiques du Parc du Delta du P\u00f4 avec des vacances con\u00e7ues pour les amateurs de gastronomie et de vin. Explorez ce territoire riche en traditions culinaires, o\u00f9 le poisson frais et les produits typiques sont des protagonistes incontestables\",\"breadcrumb\":{\"@id\":\"https:\/\/www.pomposaresidence.com\/fr\/vos-vacances\/voyage-oenologique-et-gastronomique\/#breadcrumb\"},\"inLanguage\":\"fr-FR\",\"potentialAction\":[{\"@type\":\"ReadAction\",\"target\":[\"https:\/\/www.pomposaresidence.com\/fr\/vos-vacances\/voyage-oenologique-et-gastronomique\/\"]}]},{\"@type\":\"BreadcrumbList\",\"@id\":\"https:\/\/www.pomposaresidence.com\/fr\/vos-vacances\/voyage-oenologique-et-gastronomique\/#breadcrumb\",\"itemListElement\":[{\"@type\":\"ListItem\",\"position\":1,\"name\":\"Home\",\"item\":\"https:\/\/www.pomposaresidence.com\/fr\/\"},{\"@type\":\"ListItem\",\"position\":2,\"name\":\"Vos vacances\",\"item\":\"https:\/\/www.pomposaresidence.com\/fr\/vos-vacances\/\"},{\"@type\":\"ListItem\",\"position\":3,\"name\":\"Voyage \u0153nologique et gastronomique\"}]},{\"@type\":\"WebSite\",\"@id\":\"https:\/\/www.pomposaresidence.com\/fr\/#website\",\"url\":\"https:\/\/www.pomposaresidence.com\/fr\/\",\"name\":\"Pomposa Residence\",\"description\":\"\",\"publisher\":{\"@id\":\"https:\/\/www.pomposaresidence.com\/fr\/#organization\"},\"potentialAction\":[{\"@type\":\"SearchAction\",\"target\":{\"@type\":\"EntryPoint\",\"urlTemplate\":\"https:\/\/www.pomposaresidence.com\/fr\/?s={search_term_string}\"},\"query-input\":\"required name=search_term_string\"}],\"inLanguage\":\"fr-FR\"},{\"@type\":\"Organization\",\"@id\":\"https:\/\/www.pomposaresidence.com\/fr\/#organization\",\"name\":\"Pomposa Residence\",\"url\":\"https:\/\/www.pomposaresidence.com\/fr\/\",\"logo\":{\"@type\":\"ImageObject\",\"inLanguage\":\"fr-FR\",\"@id\":\"https:\/\/www.pomposaresidence.com\/fr\/#\/schema\/logo\/image\/\",\"url\":\"https:\/\/www.pomposaresidence.com\/wp-content\/uploads\/sites\/211\/2025\/01\/Pomposa-Residence.png\",\"contentUrl\":\"https:\/\/www.pomposaresidence.com\/wp-content\/uploads\/sites\/211\/2025\/01\/Pomposa-Residence.png\",\"width\":194,\"height\":58,\"caption\":\"Pomposa Residence\"},\"image\":{\"@id\":\"https:\/\/www.pomposaresidence.com\/fr\/#\/schema\/logo\/image\/\"},\"sameAs\":[\"https:\/\/facebook.com\/tomasitourism\",\"https:\/\/www.instagram.com\/tomasitourism\/\"]}]}<\/script>\n<!-- \/ Yoast SEO plugin. -->","yoast_head_json":{"title":"Voyage \u0153nologique et gastronomique - Pomposa Residence -","description":"D\u00e9couvrez les saveurs authentiques du Parc du Delta du P\u00f4 avec des vacances con\u00e7ues pour les amateurs de gastronomie et de vin. Explorez ce territoire riche en traditions culinaires, o\u00f9 le poisson frais et les produits typiques sont des protagonistes incontestables","robots":{"index":"index","follow":"follow","max-snippet":"max-snippet:-1","max-image-preview":"max-image-preview:large","max-video-preview":"max-video-preview:-1"},"canonical":"https:\/\/www.pomposaresidence.com\/fr\/vos-vacances\/voyage-oenologique-et-gastronomique\/","og_locale":"fr_FR","og_type":"article","og_title":"Voyage \u0153nologique et gastronomique - Pomposa Residence -","og_description":"D\u00e9couvrez les saveurs authentiques du Parc du Delta du P\u00f4 avec des vacances con\u00e7ues pour les amateurs de gastronomie et de vin. Explorez ce territoire riche en traditions culinaires, o\u00f9 le poisson frais et les produits typiques sont des protagonistes incontestables","og_url":"https:\/\/www.pomposaresidence.com\/fr\/vos-vacances\/voyage-oenologique-et-gastronomique\/","og_site_name":"Pomposa Residence","article_publisher":"https:\/\/facebook.com\/tomasitourism","article_modified_time":"2025-03-27T14:00:39+00:00","og_image":[{"width":2200,"height":1200,"url":"https:\/\/www.pomposaresidence.com\/wp-content\/uploads\/sites\/211\/2025\/02\/pomposa_residence_slide02.jpg","type":"image\/jpeg"}],"twitter_card":"summary_large_image","twitter_misc":{"Dur\u00e9e de lecture estim\u00e9e":"1 minute"},"schema":{"@context":"https:\/\/schema.org","@graph":[{"@type":"WebPage","@id":"https:\/\/www.pomposaresidence.com\/fr\/vos-vacances\/voyage-oenologique-et-gastronomique\/","url":"https:\/\/www.pomposaresidence.com\/fr\/vos-vacances\/voyage-oenologique-et-gastronomique\/","name":"Voyage \u0153nologique et gastronomique - Pomposa Residence -","isPartOf":{"@id":"https:\/\/www.pomposaresidence.com\/fr\/#website"},"datePublished":"2025-02-04T15:11:29+00:00","dateModified":"2025-03-27T14:00:39+00:00","description":"D\u00e9couvrez les saveurs authentiques du Parc du Delta du P\u00f4 avec des vacances con\u00e7ues pour les amateurs de gastronomie et de vin. Explorez ce territoire riche en traditions culinaires, o\u00f9 le poisson frais et les produits typiques sont des protagonistes incontestables","breadcrumb":{"@id":"https:\/\/www.pomposaresidence.com\/fr\/vos-vacances\/voyage-oenologique-et-gastronomique\/#breadcrumb"},"inLanguage":"fr-FR","potentialAction":[{"@type":"ReadAction","target":["https:\/\/www.pomposaresidence.com\/fr\/vos-vacances\/voyage-oenologique-et-gastronomique\/"]}]},{"@type":"BreadcrumbList","@id":"https:\/\/www.pomposaresidence.com\/fr\/vos-vacances\/voyage-oenologique-et-gastronomique\/#breadcrumb","itemListElement":[{"@type":"ListItem","position":1,"name":"Home","item":"https:\/\/www.pomposaresidence.com\/fr\/"},{"@type":"ListItem","position":2,"name":"Vos vacances","item":"https:\/\/www.pomposaresidence.com\/fr\/vos-vacances\/"},{"@type":"ListItem","position":3,"name":"Voyage \u0153nologique et gastronomique"}]},{"@type":"WebSite","@id":"https:\/\/www.pomposaresidence.com\/fr\/#website","url":"https:\/\/www.pomposaresidence.com\/fr\/","name":"Pomposa Residence","description":"","publisher":{"@id":"https:\/\/www.pomposaresidence.com\/fr\/#organization"},"potentialAction":[{"@type":"SearchAction","target":{"@type":"EntryPoint","urlTemplate":"https:\/\/www.pomposaresidence.com\/fr\/?s={search_term_string}"},"query-input":"required name=search_term_string"}],"inLanguage":"fr-FR"},{"@type":"Organization","@id":"https:\/\/www.pomposaresidence.com\/fr\/#organization","name":"Pomposa Residence","url":"https:\/\/www.pomposaresidence.com\/fr\/","logo":{"@type":"ImageObject","inLanguage":"fr-FR","@id":"https:\/\/www.pomposaresidence.com\/fr\/#\/schema\/logo\/image\/","url":"https:\/\/www.pomposaresidence.com\/wp-content\/uploads\/sites\/211\/2025\/01\/Pomposa-Residence.png","contentUrl":"https:\/\/www.pomposaresidence.com\/wp-content\/uploads\/sites\/211\/2025\/01\/Pomposa-Residence.png","width":194,"height":58,"caption":"Pomposa Residence"},"image":{"@id":"https:\/\/www.pomposaresidence.com\/fr\/#\/schema\/logo\/image\/"},"sameAs":["https:\/\/facebook.com\/tomasitourism","https:\/\/www.instagram.com\/tomasitourism\/"]}]}},"acf":[],"_links":{"self":[{"href":"https:\/\/www.pomposaresidence.com\/fr\/wp-json\/wp\/v2\/pages\/469"}],"collection":[{"href":"https:\/\/www.pomposaresidence.com\/fr\/wp-json\/wp\/v2\/pages"}],"about":[{"href":"https:\/\/www.pomposaresidence.com\/fr\/wp-json\/wp\/v2\/types\/page"}],"author":[{"embeddable":true,"href":"https:\/\/www.pomposaresidence.com\/fr\/wp-json\/wp\/v2\/users\/13"}],"replies":[{"embeddable":true,"href":"https:\/\/www.pomposaresidence.com\/fr\/wp-json\/wp\/v2\/comments?post=469"}],"version-history":[{"count":0,"href":"https:\/\/www.pomposaresidence.com\/fr\/wp-json\/wp\/v2\/pages\/469\/revisions"}],"up":[{"embeddable":true,"href":"https:\/\/www.pomposaresidence.com\/fr\/wp-json\/wp\/v2\/pages\/454"}],"wp:attachment":[{"href":"https:\/\/www.pomposaresidence.com\/fr\/wp-json\/wp\/v2\/media?parent=469"}],"curies":[{"name":"wp","href":"https:\/\/api.w.org\/{rel}","templated":true}]}}