   {"id":413,"date":"2025-02-04T12:54:21","date_gmt":"2025-02-04T12:54:21","guid":{"rendered":"https:\/\/www.pomposaresidence.com\/?page_id=413"},"modified":"2025-03-27T16:47:39","modified_gmt":"2025-03-27T16:47:39","slug":"plage","status":"publish","type":"page","link":"https:\/\/www.pomposaresidence.com\/fr\/services\/plage\/","title":{"rendered":"Plage"},"content":{"rendered":"<p>Notre \u00e9tablissement baln\u00e9aire Sagano est situ\u00e9 sur l\u2019une des longues plages de la c\u00f4te adriatique de Lido Pomposa dans la commune de Comacchio, dans les Lidi Ferraresi. Il Bagno Sagano offre de nombreux conforts et commodit\u00e9s, tels que l\u2019animation, l\u2019aire de jeux pour enfants, le bar toujours disponible et un espace d\u00e9tente avec piscine (service payant).<br \/>\nTranquillit\u00e9 et d\u00e9tente, mais aussi sport et divertissement, sont toujours garantis!<br \/>\nVous aurez la possibilit\u00e9 de vous d\u00e9tendre sous le parasol, ou de mettre en sc\u00e8ne votre \u00e9nergie sur les terrains de beach-volley et de beach-tennis.<br \/>\nL\u2019\u00e9tablissement dispose \u00e9galement d\u2019une zone \u00ab\u00a0\u00a0\u00bbbau beach\u00a0\u00bb\u00a0\u00bb avec des parasols et des chaises longues disponibles pour les clients qui veulent prendre leur ami \u00e0 4 pattes.<\/p>\n<p>&nbsp;<\/p>\n<p>Enfin, le restaurant propose des plats de poisson frais, pr\u00e9par\u00e9s avec des ingr\u00e9dients s\u00e9lectionn\u00e9s. La salle b\u00e9n\u00e9ficie d\u2019une vue magnifique sur la mer, id\u00e9ale pour ceux qui souhaitent profiter de d\u00e9jeuners, d\u00eeners et ap\u00e9ritifs, en combinant une bonne cuisine avec une atmosph\u00e8re relaxante sur la plage.<\/p>\n<p>&nbsp;<\/p>\n<p>Notre service de plage, inclus dans les offres, comprend 1 parasol et 1 transat (et une r\u00e9duction de 10% sur des chaises longues ou des lits suppl\u00e9mentaires!).<\/p>\n","protected":false},"excerpt":{"rendered":"<p>Notre \u00e9tablissement baln\u00e9aire Sagano est situ\u00e9 sur l\u2019une des longues plages de la c\u00f4te adriatique de Lido Pomposa dans la commune de Comacchio, dans les Lidi Ferraresi. Il Bagno Sagano offre de nombreux conforts et commodit\u00e9s, tels que l\u2019animation, l\u2019aire de jeux pour enfants, le bar toujours disponible et un espace d\u00e9tente avec piscine (service [&hellip;]<\/p>\n","protected":false},"author":13,"featured_media":0,"parent":408,"menu_order":5,"comment_status":"closed","ping_status":"closed","template":"","meta":{"footnotes":""},"yoast_head":"<!-- This site is optimized with the Yoast SEO plugin v22.3 - https:\/\/yoast.com\/wordpress\/plugins\/seo\/ -->\n<title>Plage - Pomposa Residence -<\/title>\n<meta name=\"description\" content=\"Notre \u00e9tablissement baln\u00e9aire Sagano est situ\u00e9 sur l\u2019une des longues plages de la c\u00f4te adriatique de Lido Pomposa dans la commune de Comacchio, dans les Lidi Ferraresi. Il Bagno Sagano offre de nombreux conforts et commodit\u00e9s, tels que l\u2019animation, l\u2019aire de jeux pour enfants, le bar toujours disponible et un espace d\u00e9tente avec piscine (service payant). Tranquillit\u00e9 et d\u00e9tente, mais aussi sport et divertissement, sont toujours garantis! Vous aurez la possibilit\u00e9 de vous d\u00e9tendre sous le parasol, ou de mettre en sc\u00e8ne votre \u00e9nergie sur les terrains de beach-volley et de beach-tennis. L\u2019\u00e9tablissement dispose \u00e9galement d\u2019une zone &quot;&quot;bau beach&quot;&quot; avec des parasols et des chaises longues disponibles pour les clients qui veulent prendre leur ami \u00e0 4 pattes.  &nbsp;  Enfin, le restaurant propose des plats de poisson frais, pr\u00e9par\u00e9s avec des ingr\u00e9dients s\u00e9lectionn\u00e9s\" \/>\n<meta name=\"robots\" content=\"index, follow, max-snippet:-1, max-image-preview:large, max-video-preview:-1\" \/>\n<link rel=\"canonical\" href=\"https:\/\/www.pomposaresidence.com\/fr\/services\/plage\/\" \/>\n<meta property=\"og:locale\" content=\"fr_FR\" \/>\n<meta property=\"og:type\" content=\"article\" \/>\n<meta property=\"og:title\" content=\"Plage - Pomposa Residence -\" \/>\n<meta property=\"og:description\" content=\"Notre \u00e9tablissement baln\u00e9aire Sagano est situ\u00e9 sur l\u2019une des longues plages de la c\u00f4te adriatique de Lido Pomposa dans la commune de Comacchio, dans les Lidi Ferraresi. Il Bagno Sagano offre de nombreux conforts et commodit\u00e9s, tels que l\u2019animation, l\u2019aire de jeux pour enfants, le bar toujours disponible et un espace d\u00e9tente avec piscine (service payant). Tranquillit\u00e9 et d\u00e9tente, mais aussi sport et divertissement, sont toujours garantis! Vous aurez la possibilit\u00e9 de vous d\u00e9tendre sous le parasol, ou de mettre en sc\u00e8ne votre \u00e9nergie sur les terrains de beach-volley et de beach-tennis. L\u2019\u00e9tablissement dispose \u00e9galement d\u2019une zone &quot;&quot;bau beach&quot;&quot; avec des parasols et des chaises longues disponibles pour les clients qui veulent prendre leur ami \u00e0 4 pattes.  &nbsp;  Enfin, le restaurant propose des plats de poisson frais, pr\u00e9par\u00e9s avec des ingr\u00e9dients s\u00e9lectionn\u00e9s\" \/>\n<meta property=\"og:url\" content=\"https:\/\/www.pomposaresidence.com\/fr\/services\/plage\/\" \/>\n<meta property=\"og:site_name\" content=\"Pomposa Residence\" \/>\n<meta property=\"article:publisher\" content=\"https:\/\/facebook.com\/tomasitourism\" \/>\n<meta property=\"article:modified_time\" content=\"2025-03-27T16:47:39+00:00\" \/>\n<meta property=\"og:image\" content=\"https:\/\/www.pomposaresidence.com\/wp-content\/uploads\/sites\/211\/2025\/02\/pomposa_residence_slide02.jpg\" \/>\n\t<meta property=\"og:image:width\" content=\"2200\" \/>\n\t<meta property=\"og:image:height\" content=\"1200\" \/>\n\t<meta property=\"og:image:type\" content=\"image\/jpeg\" \/>\n<meta name=\"twitter:card\" content=\"summary_large_image\" \/>\n<meta name=\"twitter:label1\" content=\"Dur\u00e9e de lecture estim\u00e9e\" \/>\n\t<meta name=\"twitter:data1\" content=\"1 minute\" \/>\n<script type=\"application\/ld+json\" class=\"yoast-schema-graph\">{\"@context\":\"https:\/\/schema.org\",\"@graph\":[{\"@type\":\"WebPage\",\"@id\":\"https:\/\/www.pomposaresidence.com\/fr\/services\/plage\/\",\"url\":\"https:\/\/www.pomposaresidence.com\/fr\/services\/plage\/\",\"name\":\"Plage - Pomposa Residence -\",\"isPartOf\":{\"@id\":\"https:\/\/www.pomposaresidence.com\/fr\/#website\"},\"datePublished\":\"2025-02-04T12:54:21+00:00\",\"dateModified\":\"2025-03-27T16:47:39+00:00\",\"description\":\"Notre \u00e9tablissement baln\u00e9aire Sagano est situ\u00e9 sur l\u2019une des longues plages de la c\u00f4te adriatique de Lido Pomposa dans la commune de Comacchio, dans les Lidi Ferraresi. Il Bagno Sagano offre de nombreux conforts et commodit\u00e9s, tels que l\u2019animation, l\u2019aire de jeux pour enfants, le bar toujours disponible et un espace d\u00e9tente avec piscine (service payant). Tranquillit\u00e9 et d\u00e9tente, mais aussi sport et divertissement, sont toujours garantis! Vous aurez la possibilit\u00e9 de vous d\u00e9tendre sous le parasol, ou de mettre en sc\u00e8ne votre \u00e9nergie sur les terrains de beach-volley et de beach-tennis. L\u2019\u00e9tablissement dispose \u00e9galement d\u2019une zone \\\"\\\"bau beach\\\"\\\" avec des parasols et des chaises longues disponibles pour les clients qui veulent prendre leur ami \u00e0 4 pattes. &nbsp; Enfin, le restaurant propose des plats de poisson frais, pr\u00e9par\u00e9s avec des ingr\u00e9dients s\u00e9lectionn\u00e9s\",\"breadcrumb\":{\"@id\":\"https:\/\/www.pomposaresidence.com\/fr\/services\/plage\/#breadcrumb\"},\"inLanguage\":\"fr-FR\",\"potentialAction\":[{\"@type\":\"ReadAction\",\"target\":[\"https:\/\/www.pomposaresidence.com\/fr\/services\/plage\/\"]}]},{\"@type\":\"BreadcrumbList\",\"@id\":\"https:\/\/www.pomposaresidence.com\/fr\/services\/plage\/#breadcrumb\",\"itemListElement\":[{\"@type\":\"ListItem\",\"position\":1,\"name\":\"Home\",\"item\":\"https:\/\/www.pomposaresidence.com\/fr\/\"},{\"@type\":\"ListItem\",\"position\":2,\"name\":\"Services\",\"item\":\"https:\/\/www.pomposaresidence.com\/fr\/services\/\"},{\"@type\":\"ListItem\",\"position\":3,\"name\":\"Plage\"}]},{\"@type\":\"WebSite\",\"@id\":\"https:\/\/www.pomposaresidence.com\/fr\/#website\",\"url\":\"https:\/\/www.pomposaresidence.com\/fr\/\",\"name\":\"Pomposa Residence\",\"description\":\"\",\"publisher\":{\"@id\":\"https:\/\/www.pomposaresidence.com\/fr\/#organization\"},\"potentialAction\":[{\"@type\":\"SearchAction\",\"target\":{\"@type\":\"EntryPoint\",\"urlTemplate\":\"https:\/\/www.pomposaresidence.com\/fr\/?s={search_term_string}\"},\"query-input\":\"required name=search_term_string\"}],\"inLanguage\":\"fr-FR\"},{\"@type\":\"Organization\",\"@id\":\"https:\/\/www.pomposaresidence.com\/fr\/#organization\",\"name\":\"Pomposa Residence\",\"url\":\"https:\/\/www.pomposaresidence.com\/fr\/\",\"logo\":{\"@type\":\"ImageObject\",\"inLanguage\":\"fr-FR\",\"@id\":\"https:\/\/www.pomposaresidence.com\/fr\/#\/schema\/logo\/image\/\",\"url\":\"https:\/\/www.pomposaresidence.com\/wp-content\/uploads\/sites\/211\/2025\/01\/Pomposa-Residence.png\",\"contentUrl\":\"https:\/\/www.pomposaresidence.com\/wp-content\/uploads\/sites\/211\/2025\/01\/Pomposa-Residence.png\",\"width\":194,\"height\":58,\"caption\":\"Pomposa Residence\"},\"image\":{\"@id\":\"https:\/\/www.pomposaresidence.com\/fr\/#\/schema\/logo\/image\/\"},\"sameAs\":[\"https:\/\/facebook.com\/tomasitourism\",\"https:\/\/www.instagram.com\/tomasitourism\/\"]}]}<\/script>\n<!-- \/ Yoast SEO plugin. -->","yoast_head_json":{"title":"Plage - Pomposa Residence -","description":"Notre \u00e9tablissement baln\u00e9aire Sagano est situ\u00e9 sur l\u2019une des longues plages de la c\u00f4te adriatique de Lido Pomposa dans la commune de Comacchio, dans les Lidi Ferraresi. Il Bagno Sagano offre de nombreux conforts et commodit\u00e9s, tels que l\u2019animation, l\u2019aire de jeux pour enfants, le bar toujours disponible et un espace d\u00e9tente avec piscine (service payant). Tranquillit\u00e9 et d\u00e9tente, mais aussi sport et divertissement, sont toujours garantis! Vous aurez la possibilit\u00e9 de vous d\u00e9tendre sous le parasol, ou de mettre en sc\u00e8ne votre \u00e9nergie sur les terrains de beach-volley et de beach-tennis. L\u2019\u00e9tablissement dispose \u00e9galement d\u2019une zone \"\"bau beach\"\" avec des parasols et des chaises longues disponibles pour les clients qui veulent prendre leur ami \u00e0 4 pattes.  &nbsp;  Enfin, le restaurant propose des plats de poisson frais, pr\u00e9par\u00e9s avec des ingr\u00e9dients s\u00e9lectionn\u00e9s","robots":{"index":"index","follow":"follow","max-snippet":"max-snippet:-1","max-image-preview":"max-image-preview:large","max-video-preview":"max-video-preview:-1"},"canonical":"https:\/\/www.pomposaresidence.com\/fr\/services\/plage\/","og_locale":"fr_FR","og_type":"article","og_title":"Plage - Pomposa Residence -","og_description":"Notre \u00e9tablissement baln\u00e9aire Sagano est situ\u00e9 sur l\u2019une des longues plages de la c\u00f4te adriatique de Lido Pomposa dans la commune de Comacchio, dans les Lidi Ferraresi. Il Bagno Sagano offre de nombreux conforts et commodit\u00e9s, tels que l\u2019animation, l\u2019aire de jeux pour enfants, le bar toujours disponible et un espace d\u00e9tente avec piscine (service payant). Tranquillit\u00e9 et d\u00e9tente, mais aussi sport et divertissement, sont toujours garantis! Vous aurez la possibilit\u00e9 de vous d\u00e9tendre sous le parasol, ou de mettre en sc\u00e8ne votre \u00e9nergie sur les terrains de beach-volley et de beach-tennis. L\u2019\u00e9tablissement dispose \u00e9galement d\u2019une zone \"\"bau beach\"\" avec des parasols et des chaises longues disponibles pour les clients qui veulent prendre leur ami \u00e0 4 pattes.  &nbsp;  Enfin, le restaurant propose des plats de poisson frais, pr\u00e9par\u00e9s avec des ingr\u00e9dients s\u00e9lectionn\u00e9s","og_url":"https:\/\/www.pomposaresidence.com\/fr\/services\/plage\/","og_site_name":"Pomposa Residence","article_publisher":"https:\/\/facebook.com\/tomasitourism","article_modified_time":"2025-03-27T16:47:39+00:00","og_image":[{"width":2200,"height":1200,"url":"https:\/\/www.pomposaresidence.com\/wp-content\/uploads\/sites\/211\/2025\/02\/pomposa_residence_slide02.jpg","type":"image\/jpeg"}],"twitter_card":"summary_large_image","twitter_misc":{"Dur\u00e9e de lecture estim\u00e9e":"1 minute"},"schema":{"@context":"https:\/\/schema.org","@graph":[{"@type":"WebPage","@id":"https:\/\/www.pomposaresidence.com\/fr\/services\/plage\/","url":"https:\/\/www.pomposaresidence.com\/fr\/services\/plage\/","name":"Plage - Pomposa Residence -","isPartOf":{"@id":"https:\/\/www.pomposaresidence.com\/fr\/#website"},"datePublished":"2025-02-04T12:54:21+00:00","dateModified":"2025-03-27T16:47:39+00:00","description":"Notre \u00e9tablissement baln\u00e9aire Sagano est situ\u00e9 sur l\u2019une des longues plages de la c\u00f4te adriatique de Lido Pomposa dans la commune de Comacchio, dans les Lidi Ferraresi. Il Bagno Sagano offre de nombreux conforts et commodit\u00e9s, tels que l\u2019animation, l\u2019aire de jeux pour enfants, le bar toujours disponible et un espace d\u00e9tente avec piscine (service payant). Tranquillit\u00e9 et d\u00e9tente, mais aussi sport et divertissement, sont toujours garantis! Vous aurez la possibilit\u00e9 de vous d\u00e9tendre sous le parasol, ou de mettre en sc\u00e8ne votre \u00e9nergie sur les terrains de beach-volley et de beach-tennis. L\u2019\u00e9tablissement dispose \u00e9galement d\u2019une zone \"\"bau beach\"\" avec des parasols et des chaises longues disponibles pour les clients qui veulent prendre leur ami \u00e0 4 pattes. &nbsp; Enfin, le restaurant propose des plats de poisson frais, pr\u00e9par\u00e9s avec des ingr\u00e9dients s\u00e9lectionn\u00e9s","breadcrumb":{"@id":"https:\/\/www.pomposaresidence.com\/fr\/services\/plage\/#breadcrumb"},"inLanguage":"fr-FR","potentialAction":[{"@type":"ReadAction","target":["https:\/\/www.pomposaresidence.com\/fr\/services\/plage\/"]}]},{"@type":"BreadcrumbList","@id":"https:\/\/www.pomposaresidence.com\/fr\/services\/plage\/#breadcrumb","itemListElement":[{"@type":"ListItem","position":1,"name":"Home","item":"https:\/\/www.pomposaresidence.com\/fr\/"},{"@type":"ListItem","position":2,"name":"Services","item":"https:\/\/www.pomposaresidence.com\/fr\/services\/"},{"@type":"ListItem","position":3,"name":"Plage"}]},{"@type":"WebSite","@id":"https:\/\/www.pomposaresidence.com\/fr\/#website","url":"https:\/\/www.pomposaresidence.com\/fr\/","name":"Pomposa Residence","description":"","publisher":{"@id":"https:\/\/www.pomposaresidence.com\/fr\/#organization"},"potentialAction":[{"@type":"SearchAction","target":{"@type":"EntryPoint","urlTemplate":"https:\/\/www.pomposaresidence.com\/fr\/?s={search_term_string}"},"query-input":"required name=search_term_string"}],"inLanguage":"fr-FR"},{"@type":"Organization","@id":"https:\/\/www.pomposaresidence.com\/fr\/#organization","name":"Pomposa Residence","url":"https:\/\/www.pomposaresidence.com\/fr\/","logo":{"@type":"ImageObject","inLanguage":"fr-FR","@id":"https:\/\/www.pomposaresidence.com\/fr\/#\/schema\/logo\/image\/","url":"https:\/\/www.pomposaresidence.com\/wp-content\/uploads\/sites\/211\/2025\/01\/Pomposa-Residence.png","contentUrl":"https:\/\/www.pomposaresidence.com\/wp-content\/uploads\/sites\/211\/2025\/01\/Pomposa-Residence.png","width":194,"height":58,"caption":"Pomposa Residence"},"image":{"@id":"https:\/\/www.pomposaresidence.com\/fr\/#\/schema\/logo\/image\/"},"sameAs":["https:\/\/facebook.com\/tomasitourism","https:\/\/www.instagram.com\/tomasitourism\/"]}]}},"acf":[],"_links":{"self":[{"href":"https:\/\/www.pomposaresidence.com\/fr\/wp-json\/wp\/v2\/pages\/413"}],"collection":[{"href":"https:\/\/www.pomposaresidence.com\/fr\/wp-json\/wp\/v2\/pages"}],"about":[{"href":"https:\/\/www.pomposaresidence.com\/fr\/wp-json\/wp\/v2\/types\/page"}],"author":[{"embeddable":true,"href":"https:\/\/www.pomposaresidence.com\/fr\/wp-json\/wp\/v2\/users\/13"}],"replies":[{"embeddable":true,"href":"https:\/\/www.pomposaresidence.com\/fr\/wp-json\/wp\/v2\/comments?post=413"}],"version-history":[{"count":0,"href":"https:\/\/www.pomposaresidence.com\/fr\/wp-json\/wp\/v2\/pages\/413\/revisions"}],"up":[{"embeddable":true,"href":"https:\/\/www.pomposaresidence.com\/fr\/wp-json\/wp\/v2\/pages\/408"}],"wp:attachment":[{"href":"https:\/\/www.pomposaresidence.com\/fr\/wp-json\/wp\/v2\/media?parent=413"}],"curies":[{"name":"wp","href":"https:\/\/api.w.org\/{rel}","templated":true}]}}