   {"id":408,"date":"2025-02-04T10:41:25","date_gmt":"2025-02-04T10:41:25","guid":{"rendered":"https:\/\/www.pomposaresidence.com\/?page_id=408"},"modified":"2025-03-28T16:05:56","modified_gmt":"2025-03-28T16:05:56","slug":"services","status":"publish","type":"page","link":"https:\/\/www.pomposaresidence.com\/fr\/services\/","title":{"rendered":"Services"},"content":{"rendered":"<p>D\u00e9couvrez tous les services de notre r\u00e9sidence avec appartements, con\u00e7us pour vous faire passer des vacances en \u00c9milie-Romagne pleines de confort, de repos et aussi, pour ceux qui le veulent, de plaisir !<br \/>\nRestaurant, parking, piscine, animation, service de plage et possibilit\u00e9 d&#8217;emmener son chien ne sont que quelques-uns des services propos\u00e9s !<\/p>\n","protected":false},"excerpt":{"rendered":"<p>D\u00e9couvrez tous les services de notre r\u00e9sidence avec appartements, con\u00e7us pour vous faire passer des vacances en \u00c9milie-Romagne pleines de confort, de repos et aussi, pour ceux qui le veulent, de plaisir ! Restaurant, parking, piscine, animation, service de plage et possibilit\u00e9 d&#8217;emmener son chien ne sont que quelques-uns des services propos\u00e9s !<\/p>\n","protected":false},"author":13,"featured_media":0,"parent":0,"menu_order":40,"comment_status":"closed","ping_status":"closed","template":"template-services.php","meta":{"footnotes":""},"yoast_head":"<!-- This site is optimized with the Yoast SEO plugin v22.3 - https:\/\/yoast.com\/wordpress\/plugins\/seo\/ -->\n<title>Services - Pomposa Residence -<\/title>\n<meta name=\"description\" content=\"D\u00e9couvrez tous les services de notre r\u00e9sidence avec appartements, con\u00e7us pour vous faire passer des vacances en \u00c9milie-Romagne pleines de confort, de repos et aussi, pour ceux qui le veulent, de plaisir ! Restaurant, parking, piscine, animation, service de plage et possibilit\u00e9 d&#039;emmener son chien ne sont que quelques-uns des services propos\u00e9s !.\" \/>\n<meta name=\"robots\" content=\"index, follow, max-snippet:-1, max-image-preview:large, max-video-preview:-1\" \/>\n<link rel=\"canonical\" href=\"https:\/\/www.pomposaresidence.com\/fr\/services\/\" \/>\n<meta property=\"og:locale\" content=\"fr_FR\" \/>\n<meta property=\"og:type\" content=\"article\" \/>\n<meta property=\"og:title\" content=\"Services - Pomposa Residence -\" \/>\n<meta property=\"og:description\" content=\"D\u00e9couvrez tous les services de notre r\u00e9sidence avec appartements, con\u00e7us pour vous faire passer des vacances en \u00c9milie-Romagne pleines de confort, de repos et aussi, pour ceux qui le veulent, de plaisir ! Restaurant, parking, piscine, animation, service de plage et possibilit\u00e9 d&#039;emmener son chien ne sont que quelques-uns des services propos\u00e9s !.\" \/>\n<meta property=\"og:url\" content=\"https:\/\/www.pomposaresidence.com\/fr\/services\/\" \/>\n<meta property=\"og:site_name\" content=\"Pomposa Residence\" \/>\n<meta property=\"article:publisher\" content=\"https:\/\/facebook.com\/tomasitourism\" \/>\n<meta property=\"article:modified_time\" content=\"2025-03-28T16:05:56+00:00\" \/>\n<meta property=\"og:image\" content=\"https:\/\/www.pomposaresidence.com\/wp-content\/uploads\/sites\/211\/2025\/02\/pomposa_residence_slide02.jpg\" \/>\n\t<meta property=\"og:image:width\" content=\"2200\" \/>\n\t<meta property=\"og:image:height\" content=\"1200\" \/>\n\t<meta property=\"og:image:type\" content=\"image\/jpeg\" \/>\n<meta name=\"twitter:card\" content=\"summary_large_image\" \/>\n<meta name=\"twitter:label1\" content=\"Dur\u00e9e de lecture estim\u00e9e\" \/>\n\t<meta name=\"twitter:data1\" content=\"1 minute\" \/>\n<script type=\"application\/ld+json\" class=\"yoast-schema-graph\">{\"@context\":\"https:\/\/schema.org\",\"@graph\":[{\"@type\":\"WebPage\",\"@id\":\"https:\/\/www.pomposaresidence.com\/fr\/services\/\",\"url\":\"https:\/\/www.pomposaresidence.com\/fr\/services\/\",\"name\":\"Services - Pomposa Residence -\",\"isPartOf\":{\"@id\":\"https:\/\/www.pomposaresidence.com\/fr\/#website\"},\"datePublished\":\"2025-02-04T10:41:25+00:00\",\"dateModified\":\"2025-03-28T16:05:56+00:00\",\"description\":\"D\u00e9couvrez tous les services de notre r\u00e9sidence avec appartements, con\u00e7us pour vous faire passer des vacances en \u00c9milie-Romagne pleines de confort, de repos et aussi, pour ceux qui le veulent, de plaisir ! Restaurant, parking, piscine, animation, service de plage et possibilit\u00e9 d'emmener son chien ne sont que quelques-uns des services propos\u00e9s !.\",\"breadcrumb\":{\"@id\":\"https:\/\/www.pomposaresidence.com\/fr\/services\/#breadcrumb\"},\"inLanguage\":\"fr-FR\",\"potentialAction\":[{\"@type\":\"ReadAction\",\"target\":[\"https:\/\/www.pomposaresidence.com\/fr\/services\/\"]}]},{\"@type\":\"BreadcrumbList\",\"@id\":\"https:\/\/www.pomposaresidence.com\/fr\/services\/#breadcrumb\",\"itemListElement\":[{\"@type\":\"ListItem\",\"position\":1,\"name\":\"Home\",\"item\":\"https:\/\/www.pomposaresidence.com\/fr\/\"},{\"@type\":\"ListItem\",\"position\":2,\"name\":\"Services\"}]},{\"@type\":\"WebSite\",\"@id\":\"https:\/\/www.pomposaresidence.com\/fr\/#website\",\"url\":\"https:\/\/www.pomposaresidence.com\/fr\/\",\"name\":\"Pomposa Residence\",\"description\":\"\",\"publisher\":{\"@id\":\"https:\/\/www.pomposaresidence.com\/fr\/#organization\"},\"potentialAction\":[{\"@type\":\"SearchAction\",\"target\":{\"@type\":\"EntryPoint\",\"urlTemplate\":\"https:\/\/www.pomposaresidence.com\/fr\/?s={search_term_string}\"},\"query-input\":\"required name=search_term_string\"}],\"inLanguage\":\"fr-FR\"},{\"@type\":\"Organization\",\"@id\":\"https:\/\/www.pomposaresidence.com\/fr\/#organization\",\"name\":\"Pomposa Residence\",\"url\":\"https:\/\/www.pomposaresidence.com\/fr\/\",\"logo\":{\"@type\":\"ImageObject\",\"inLanguage\":\"fr-FR\",\"@id\":\"https:\/\/www.pomposaresidence.com\/fr\/#\/schema\/logo\/image\/\",\"url\":\"https:\/\/www.pomposaresidence.com\/wp-content\/uploads\/sites\/211\/2025\/01\/Pomposa-Residence.png\",\"contentUrl\":\"https:\/\/www.pomposaresidence.com\/wp-content\/uploads\/sites\/211\/2025\/01\/Pomposa-Residence.png\",\"width\":194,\"height\":58,\"caption\":\"Pomposa Residence\"},\"image\":{\"@id\":\"https:\/\/www.pomposaresidence.com\/fr\/#\/schema\/logo\/image\/\"},\"sameAs\":[\"https:\/\/facebook.com\/tomasitourism\",\"https:\/\/www.instagram.com\/tomasitourism\/\"]}]}<\/script>\n<!-- \/ Yoast SEO plugin. -->","yoast_head_json":{"title":"Services - Pomposa Residence -","description":"D\u00e9couvrez tous les services de notre r\u00e9sidence avec appartements, con\u00e7us pour vous faire passer des vacances en \u00c9milie-Romagne pleines de confort, de repos et aussi, pour ceux qui le veulent, de plaisir ! Restaurant, parking, piscine, animation, service de plage et possibilit\u00e9 d'emmener son chien ne sont que quelques-uns des services propos\u00e9s !.","robots":{"index":"index","follow":"follow","max-snippet":"max-snippet:-1","max-image-preview":"max-image-preview:large","max-video-preview":"max-video-preview:-1"},"canonical":"https:\/\/www.pomposaresidence.com\/fr\/services\/","og_locale":"fr_FR","og_type":"article","og_title":"Services - Pomposa Residence -","og_description":"D\u00e9couvrez tous les services de notre r\u00e9sidence avec appartements, con\u00e7us pour vous faire passer des vacances en \u00c9milie-Romagne pleines de confort, de repos et aussi, pour ceux qui le veulent, de plaisir ! Restaurant, parking, piscine, animation, service de plage et possibilit\u00e9 d'emmener son chien ne sont que quelques-uns des services propos\u00e9s !.","og_url":"https:\/\/www.pomposaresidence.com\/fr\/services\/","og_site_name":"Pomposa Residence","article_publisher":"https:\/\/facebook.com\/tomasitourism","article_modified_time":"2025-03-28T16:05:56+00:00","og_image":[{"width":2200,"height":1200,"url":"https:\/\/www.pomposaresidence.com\/wp-content\/uploads\/sites\/211\/2025\/02\/pomposa_residence_slide02.jpg","type":"image\/jpeg"}],"twitter_card":"summary_large_image","twitter_misc":{"Dur\u00e9e de lecture estim\u00e9e":"1 minute"},"schema":{"@context":"https:\/\/schema.org","@graph":[{"@type":"WebPage","@id":"https:\/\/www.pomposaresidence.com\/fr\/services\/","url":"https:\/\/www.pomposaresidence.com\/fr\/services\/","name":"Services - Pomposa Residence -","isPartOf":{"@id":"https:\/\/www.pomposaresidence.com\/fr\/#website"},"datePublished":"2025-02-04T10:41:25+00:00","dateModified":"2025-03-28T16:05:56+00:00","description":"D\u00e9couvrez tous les services de notre r\u00e9sidence avec appartements, con\u00e7us pour vous faire passer des vacances en \u00c9milie-Romagne pleines de confort, de repos et aussi, pour ceux qui le veulent, de plaisir ! Restaurant, parking, piscine, animation, service de plage et possibilit\u00e9 d'emmener son chien ne sont que quelques-uns des services propos\u00e9s !.","breadcrumb":{"@id":"https:\/\/www.pomposaresidence.com\/fr\/services\/#breadcrumb"},"inLanguage":"fr-FR","potentialAction":[{"@type":"ReadAction","target":["https:\/\/www.pomposaresidence.com\/fr\/services\/"]}]},{"@type":"BreadcrumbList","@id":"https:\/\/www.pomposaresidence.com\/fr\/services\/#breadcrumb","itemListElement":[{"@type":"ListItem","position":1,"name":"Home","item":"https:\/\/www.pomposaresidence.com\/fr\/"},{"@type":"ListItem","position":2,"name":"Services"}]},{"@type":"WebSite","@id":"https:\/\/www.pomposaresidence.com\/fr\/#website","url":"https:\/\/www.pomposaresidence.com\/fr\/","name":"Pomposa Residence","description":"","publisher":{"@id":"https:\/\/www.pomposaresidence.com\/fr\/#organization"},"potentialAction":[{"@type":"SearchAction","target":{"@type":"EntryPoint","urlTemplate":"https:\/\/www.pomposaresidence.com\/fr\/?s={search_term_string}"},"query-input":"required name=search_term_string"}],"inLanguage":"fr-FR"},{"@type":"Organization","@id":"https:\/\/www.pomposaresidence.com\/fr\/#organization","name":"Pomposa Residence","url":"https:\/\/www.pomposaresidence.com\/fr\/","logo":{"@type":"ImageObject","inLanguage":"fr-FR","@id":"https:\/\/www.pomposaresidence.com\/fr\/#\/schema\/logo\/image\/","url":"https:\/\/www.pomposaresidence.com\/wp-content\/uploads\/sites\/211\/2025\/01\/Pomposa-Residence.png","contentUrl":"https:\/\/www.pomposaresidence.com\/wp-content\/uploads\/sites\/211\/2025\/01\/Pomposa-Residence.png","width":194,"height":58,"caption":"Pomposa Residence"},"image":{"@id":"https:\/\/www.pomposaresidence.com\/fr\/#\/schema\/logo\/image\/"},"sameAs":["https:\/\/facebook.com\/tomasitourism","https:\/\/www.instagram.com\/tomasitourism\/"]}]}},"acf":[],"_links":{"self":[{"href":"https:\/\/www.pomposaresidence.com\/fr\/wp-json\/wp\/v2\/pages\/408"}],"collection":[{"href":"https:\/\/www.pomposaresidence.com\/fr\/wp-json\/wp\/v2\/pages"}],"about":[{"href":"https:\/\/www.pomposaresidence.com\/fr\/wp-json\/wp\/v2\/types\/page"}],"author":[{"embeddable":true,"href":"https:\/\/www.pomposaresidence.com\/fr\/wp-json\/wp\/v2\/users\/13"}],"replies":[{"embeddable":true,"href":"https:\/\/www.pomposaresidence.com\/fr\/wp-json\/wp\/v2\/comments?post=408"}],"version-history":[{"count":0,"href":"https:\/\/www.pomposaresidence.com\/fr\/wp-json\/wp\/v2\/pages\/408\/revisions"}],"wp:attachment":[{"href":"https:\/\/www.pomposaresidence.com\/fr\/wp-json\/wp\/v2\/media?parent=408"}],"curies":[{"name":"wp","href":"https:\/\/api.w.org\/{rel}","templated":true}]}}