   {"id":402,"date":"2025-02-04T10:05:19","date_gmt":"2025-02-04T10:05:19","guid":{"rendered":"https:\/\/www.pomposaresidence.com\/?page_id=402"},"modified":"2025-03-28T16:08:45","modified_gmt":"2025-03-28T16:08:45","slug":"qualite-de-lhotel","status":"publish","type":"page","link":"https:\/\/www.pomposaresidence.com\/fr\/qualite-de-lhotel\/","title":{"rendered":"Qualit\u00e9 de l\u2019h\u00f4tel"},"content":{"rendered":"<p>Le Pomposa Residence offre une qualit\u00e9 h\u00f4teli\u00e8re qui combine confort, \u00e9quipements modernes et une atmosph\u00e8re d\u00e9tendue, id\u00e9ale pour les familles. Bien qu\u2019\u00e9tant une r\u00e9sidence, la structure offre des standards \u00e9lev\u00e9s semblables \u00e0 ceux d\u2019un h\u00f4tel, avec des services d\u00e9di\u00e9s, l\u2019attention aux d\u00e9tails et au soin des espaces. De nombreux services sont disponibles qui permettent d\u2019allier l\u2019ind\u00e9pendance d\u2019un appartement \u00e0 la mer avec le confort et la qualit\u00e9 d\u2019un h\u00f4tel, comme la possibilit\u00e9 de louer des draps et serviettes et le service de nettoyage quotidien de l\u2019appartement.<\/p>\n","protected":false},"excerpt":{"rendered":"<p>Le Pomposa Residence offre une qualit\u00e9 h\u00f4teli\u00e8re qui combine confort, \u00e9quipements modernes et une atmosph\u00e8re d\u00e9tendue, id\u00e9ale pour les familles. Bien qu\u2019\u00e9tant une r\u00e9sidence, la structure offre des standards \u00e9lev\u00e9s semblables \u00e0 ceux d\u2019un h\u00f4tel, avec des services d\u00e9di\u00e9s, l\u2019attention aux d\u00e9tails et au soin des espaces. De nombreux services sont disponibles qui permettent d\u2019allier [&hellip;]<\/p>\n","protected":false},"author":13,"featured_media":0,"parent":0,"menu_order":30,"comment_status":"closed","ping_status":"closed","template":"template-restaurant.php","meta":{"footnotes":""},"yoast_head":"<!-- This site is optimized with the Yoast SEO plugin v22.3 - https:\/\/yoast.com\/wordpress\/plugins\/seo\/ -->\n<title>Qualit\u00e9 de l\u2019h\u00f4tel - Pomposa Residence -<\/title>\n<meta name=\"description\" content=\"Le Pomposa Residence offre une qualit\u00e9 h\u00f4teli\u00e8re qui combine confort, \u00e9quipements modernes et une atmosph\u00e8re d\u00e9tendue, id\u00e9ale pour les familles. Bien qu\u2019\u00e9tant une r\u00e9sidence, la structure offre des standards \u00e9lev\u00e9s semblables \u00e0 ceux d\u2019un h\u00f4tel, avec des services d\u00e9di\u00e9s, l\u2019attention aux d\u00e9tails et au soin des espaces\" \/>\n<meta name=\"robots\" content=\"index, follow, max-snippet:-1, max-image-preview:large, max-video-preview:-1\" \/>\n<link rel=\"canonical\" href=\"https:\/\/www.pomposaresidence.com\/fr\/qualite-de-lhotel\/\" \/>\n<meta property=\"og:locale\" content=\"fr_FR\" \/>\n<meta property=\"og:type\" content=\"article\" \/>\n<meta property=\"og:title\" content=\"Qualit\u00e9 de l\u2019h\u00f4tel - Pomposa Residence -\" \/>\n<meta property=\"og:description\" content=\"Le Pomposa Residence offre une qualit\u00e9 h\u00f4teli\u00e8re qui combine confort, \u00e9quipements modernes et une atmosph\u00e8re d\u00e9tendue, id\u00e9ale pour les familles. Bien qu\u2019\u00e9tant une r\u00e9sidence, la structure offre des standards \u00e9lev\u00e9s semblables \u00e0 ceux d\u2019un h\u00f4tel, avec des services d\u00e9di\u00e9s, l\u2019attention aux d\u00e9tails et au soin des espaces\" \/>\n<meta property=\"og:url\" content=\"https:\/\/www.pomposaresidence.com\/fr\/qualite-de-lhotel\/\" \/>\n<meta property=\"og:site_name\" content=\"Pomposa Residence\" \/>\n<meta property=\"article:publisher\" content=\"https:\/\/facebook.com\/tomasitourism\" \/>\n<meta property=\"article:modified_time\" content=\"2025-03-28T16:08:45+00:00\" \/>\n<meta property=\"og:image\" content=\"https:\/\/www.pomposaresidence.com\/wp-content\/uploads\/sites\/211\/2025\/02\/pomposa_residence_slide02.jpg\" \/>\n\t<meta property=\"og:image:width\" content=\"2200\" \/>\n\t<meta property=\"og:image:height\" content=\"1200\" \/>\n\t<meta property=\"og:image:type\" content=\"image\/jpeg\" \/>\n<meta name=\"twitter:card\" content=\"summary_large_image\" \/>\n<meta name=\"twitter:label1\" content=\"Dur\u00e9e de lecture estim\u00e9e\" \/>\n\t<meta name=\"twitter:data1\" content=\"1 minute\" \/>\n<script type=\"application\/ld+json\" class=\"yoast-schema-graph\">{\"@context\":\"https:\/\/schema.org\",\"@graph\":[{\"@type\":\"WebPage\",\"@id\":\"https:\/\/www.pomposaresidence.com\/fr\/qualite-de-lhotel\/\",\"url\":\"https:\/\/www.pomposaresidence.com\/fr\/qualite-de-lhotel\/\",\"name\":\"Qualit\u00e9 de l\u2019h\u00f4tel - Pomposa Residence -\",\"isPartOf\":{\"@id\":\"https:\/\/www.pomposaresidence.com\/fr\/#website\"},\"datePublished\":\"2025-02-04T10:05:19+00:00\",\"dateModified\":\"2025-03-28T16:08:45+00:00\",\"description\":\"Le Pomposa Residence offre une qualit\u00e9 h\u00f4teli\u00e8re qui combine confort, \u00e9quipements modernes et une atmosph\u00e8re d\u00e9tendue, id\u00e9ale pour les familles. Bien qu\u2019\u00e9tant une r\u00e9sidence, la structure offre des standards \u00e9lev\u00e9s semblables \u00e0 ceux d\u2019un h\u00f4tel, avec des services d\u00e9di\u00e9s, l\u2019attention aux d\u00e9tails et au soin des espaces\",\"breadcrumb\":{\"@id\":\"https:\/\/www.pomposaresidence.com\/fr\/qualite-de-lhotel\/#breadcrumb\"},\"inLanguage\":\"fr-FR\",\"potentialAction\":[{\"@type\":\"ReadAction\",\"target\":[\"https:\/\/www.pomposaresidence.com\/fr\/qualite-de-lhotel\/\"]}]},{\"@type\":\"BreadcrumbList\",\"@id\":\"https:\/\/www.pomposaresidence.com\/fr\/qualite-de-lhotel\/#breadcrumb\",\"itemListElement\":[{\"@type\":\"ListItem\",\"position\":1,\"name\":\"Home\",\"item\":\"https:\/\/www.pomposaresidence.com\/fr\/\"},{\"@type\":\"ListItem\",\"position\":2,\"name\":\"Qualit\u00e9 de l\u2019h\u00f4tel\"}]},{\"@type\":\"WebSite\",\"@id\":\"https:\/\/www.pomposaresidence.com\/fr\/#website\",\"url\":\"https:\/\/www.pomposaresidence.com\/fr\/\",\"name\":\"Pomposa Residence\",\"description\":\"\",\"publisher\":{\"@id\":\"https:\/\/www.pomposaresidence.com\/fr\/#organization\"},\"potentialAction\":[{\"@type\":\"SearchAction\",\"target\":{\"@type\":\"EntryPoint\",\"urlTemplate\":\"https:\/\/www.pomposaresidence.com\/fr\/?s={search_term_string}\"},\"query-input\":\"required name=search_term_string\"}],\"inLanguage\":\"fr-FR\"},{\"@type\":\"Organization\",\"@id\":\"https:\/\/www.pomposaresidence.com\/fr\/#organization\",\"name\":\"Pomposa Residence\",\"url\":\"https:\/\/www.pomposaresidence.com\/fr\/\",\"logo\":{\"@type\":\"ImageObject\",\"inLanguage\":\"fr-FR\",\"@id\":\"https:\/\/www.pomposaresidence.com\/fr\/#\/schema\/logo\/image\/\",\"url\":\"https:\/\/www.pomposaresidence.com\/wp-content\/uploads\/sites\/211\/2025\/01\/Pomposa-Residence.png\",\"contentUrl\":\"https:\/\/www.pomposaresidence.com\/wp-content\/uploads\/sites\/211\/2025\/01\/Pomposa-Residence.png\",\"width\":194,\"height\":58,\"caption\":\"Pomposa Residence\"},\"image\":{\"@id\":\"https:\/\/www.pomposaresidence.com\/fr\/#\/schema\/logo\/image\/\"},\"sameAs\":[\"https:\/\/facebook.com\/tomasitourism\",\"https:\/\/www.instagram.com\/tomasitourism\/\"]}]}<\/script>\n<!-- \/ Yoast SEO plugin. -->","yoast_head_json":{"title":"Qualit\u00e9 de l\u2019h\u00f4tel - Pomposa Residence -","description":"Le Pomposa Residence offre une qualit\u00e9 h\u00f4teli\u00e8re qui combine confort, \u00e9quipements modernes et une atmosph\u00e8re d\u00e9tendue, id\u00e9ale pour les familles. Bien qu\u2019\u00e9tant une r\u00e9sidence, la structure offre des standards \u00e9lev\u00e9s semblables \u00e0 ceux d\u2019un h\u00f4tel, avec des services d\u00e9di\u00e9s, l\u2019attention aux d\u00e9tails et au soin des espaces","robots":{"index":"index","follow":"follow","max-snippet":"max-snippet:-1","max-image-preview":"max-image-preview:large","max-video-preview":"max-video-preview:-1"},"canonical":"https:\/\/www.pomposaresidence.com\/fr\/qualite-de-lhotel\/","og_locale":"fr_FR","og_type":"article","og_title":"Qualit\u00e9 de l\u2019h\u00f4tel - Pomposa Residence -","og_description":"Le Pomposa Residence offre une qualit\u00e9 h\u00f4teli\u00e8re qui combine confort, \u00e9quipements modernes et une atmosph\u00e8re d\u00e9tendue, id\u00e9ale pour les familles. Bien qu\u2019\u00e9tant une r\u00e9sidence, la structure offre des standards \u00e9lev\u00e9s semblables \u00e0 ceux d\u2019un h\u00f4tel, avec des services d\u00e9di\u00e9s, l\u2019attention aux d\u00e9tails et au soin des espaces","og_url":"https:\/\/www.pomposaresidence.com\/fr\/qualite-de-lhotel\/","og_site_name":"Pomposa Residence","article_publisher":"https:\/\/facebook.com\/tomasitourism","article_modified_time":"2025-03-28T16:08:45+00:00","og_image":[{"width":2200,"height":1200,"url":"https:\/\/www.pomposaresidence.com\/wp-content\/uploads\/sites\/211\/2025\/02\/pomposa_residence_slide02.jpg","type":"image\/jpeg"}],"twitter_card":"summary_large_image","twitter_misc":{"Dur\u00e9e de lecture estim\u00e9e":"1 minute"},"schema":{"@context":"https:\/\/schema.org","@graph":[{"@type":"WebPage","@id":"https:\/\/www.pomposaresidence.com\/fr\/qualite-de-lhotel\/","url":"https:\/\/www.pomposaresidence.com\/fr\/qualite-de-lhotel\/","name":"Qualit\u00e9 de l\u2019h\u00f4tel - Pomposa Residence -","isPartOf":{"@id":"https:\/\/www.pomposaresidence.com\/fr\/#website"},"datePublished":"2025-02-04T10:05:19+00:00","dateModified":"2025-03-28T16:08:45+00:00","description":"Le Pomposa Residence offre une qualit\u00e9 h\u00f4teli\u00e8re qui combine confort, \u00e9quipements modernes et une atmosph\u00e8re d\u00e9tendue, id\u00e9ale pour les familles. Bien qu\u2019\u00e9tant une r\u00e9sidence, la structure offre des standards \u00e9lev\u00e9s semblables \u00e0 ceux d\u2019un h\u00f4tel, avec des services d\u00e9di\u00e9s, l\u2019attention aux d\u00e9tails et au soin des espaces","breadcrumb":{"@id":"https:\/\/www.pomposaresidence.com\/fr\/qualite-de-lhotel\/#breadcrumb"},"inLanguage":"fr-FR","potentialAction":[{"@type":"ReadAction","target":["https:\/\/www.pomposaresidence.com\/fr\/qualite-de-lhotel\/"]}]},{"@type":"BreadcrumbList","@id":"https:\/\/www.pomposaresidence.com\/fr\/qualite-de-lhotel\/#breadcrumb","itemListElement":[{"@type":"ListItem","position":1,"name":"Home","item":"https:\/\/www.pomposaresidence.com\/fr\/"},{"@type":"ListItem","position":2,"name":"Qualit\u00e9 de l\u2019h\u00f4tel"}]},{"@type":"WebSite","@id":"https:\/\/www.pomposaresidence.com\/fr\/#website","url":"https:\/\/www.pomposaresidence.com\/fr\/","name":"Pomposa Residence","description":"","publisher":{"@id":"https:\/\/www.pomposaresidence.com\/fr\/#organization"},"potentialAction":[{"@type":"SearchAction","target":{"@type":"EntryPoint","urlTemplate":"https:\/\/www.pomposaresidence.com\/fr\/?s={search_term_string}"},"query-input":"required name=search_term_string"}],"inLanguage":"fr-FR"},{"@type":"Organization","@id":"https:\/\/www.pomposaresidence.com\/fr\/#organization","name":"Pomposa Residence","url":"https:\/\/www.pomposaresidence.com\/fr\/","logo":{"@type":"ImageObject","inLanguage":"fr-FR","@id":"https:\/\/www.pomposaresidence.com\/fr\/#\/schema\/logo\/image\/","url":"https:\/\/www.pomposaresidence.com\/wp-content\/uploads\/sites\/211\/2025\/01\/Pomposa-Residence.png","contentUrl":"https:\/\/www.pomposaresidence.com\/wp-content\/uploads\/sites\/211\/2025\/01\/Pomposa-Residence.png","width":194,"height":58,"caption":"Pomposa Residence"},"image":{"@id":"https:\/\/www.pomposaresidence.com\/fr\/#\/schema\/logo\/image\/"},"sameAs":["https:\/\/facebook.com\/tomasitourism","https:\/\/www.instagram.com\/tomasitourism\/"]}]}},"acf":[],"_links":{"self":[{"href":"https:\/\/www.pomposaresidence.com\/fr\/wp-json\/wp\/v2\/pages\/402"}],"collection":[{"href":"https:\/\/www.pomposaresidence.com\/fr\/wp-json\/wp\/v2\/pages"}],"about":[{"href":"https:\/\/www.pomposaresidence.com\/fr\/wp-json\/wp\/v2\/types\/page"}],"author":[{"embeddable":true,"href":"https:\/\/www.pomposaresidence.com\/fr\/wp-json\/wp\/v2\/users\/13"}],"replies":[{"embeddable":true,"href":"https:\/\/www.pomposaresidence.com\/fr\/wp-json\/wp\/v2\/comments?post=402"}],"version-history":[{"count":0,"href":"https:\/\/www.pomposaresidence.com\/fr\/wp-json\/wp\/v2\/pages\/402\/revisions"}],"wp:attachment":[{"href":"https:\/\/www.pomposaresidence.com\/fr\/wp-json\/wp\/v2\/media?parent=402"}],"curies":[{"name":"wp","href":"https:\/\/api.w.org\/{rel}","templated":true}]}}