   {"id":371,"date":"2025-02-03T11:28:52","date_gmt":"2025-02-03T11:28:52","guid":{"rendered":"https:\/\/www.pomposaresidence.com\/?page_id=371"},"modified":"2025-03-25T13:36:22","modified_gmt":"2025-03-25T13:36:22","slug":"bungalow-comfort-superior","status":"publish","type":"page","link":"https:\/\/www.pomposaresidence.com\/fr\/bungalows-maisons-de-vacances\/bungalow-comfort-superior\/","title":{"rendered":"Bungalow Comfort Superior"},"content":{"rendered":"<p>Grand appartement de trois pi\u00e8ces situ\u00e9 au rez-de-chauss\u00e9e et compos\u00e9 d\u2019une entr\u00e9e avec salon, coin cuisine et canap\u00e9-lit, deux chambres et salle de bains. Avec un jardin priv\u00e9 \u00e9quip\u00e9 d\u2019un barbecue en ma\u00e7onnerie pour de belles grillades en plein air pendant vos vacances \u00e0 Lido di Pomposa!<br \/>\nLes amis des animaux sont les bienvenus dans une s\u00e9lection d&rsquo;appartements.<\/p>\n","protected":false},"excerpt":{"rendered":"<p>Grand appartement de trois pi\u00e8ces situ\u00e9 au rez-de-chauss\u00e9e et compos\u00e9 d\u2019une entr\u00e9e avec salon, coin cuisine et canap\u00e9-lit, deux chambres et salle de bains. Avec un jardin priv\u00e9 \u00e9quip\u00e9 d\u2019un barbecue en ma\u00e7onnerie pour de belles grillades en plein air pendant vos vacances \u00e0 Lido di Pomposa! Les amis des animaux sont les bienvenus dans [&hellip;]<\/p>\n","protected":false},"author":13,"featured_media":0,"parent":361,"menu_order":10,"comment_status":"closed","ping_status":"closed","template":"template-room.php","meta":{"footnotes":""},"yoast_head":"<!-- This site is optimized with the Yoast SEO plugin v22.3 - https:\/\/yoast.com\/wordpress\/plugins\/seo\/ -->\n<title>Bungalow Comfort Superior - Pomposa Residence -<\/title>\n<meta name=\"description\" content=\"Grand appartement de trois pi\u00e8ces situ\u00e9 au rez-de-chauss\u00e9e et compos\u00e9 d\u2019une entr\u00e9e avec salon, coin cuisine et canap\u00e9-lit, deux chambres et salle de bains. Avec un jardin priv\u00e9 \u00e9quip\u00e9 d\u2019un barbecue en ma\u00e7onnerie pour de belles grillades en plein air pendant vos vacances \u00e0 Lido di Pomposa! Les amis des animaux sont les bienvenus dans une s\u00e9lection d&#039;appartements.\" \/>\n<meta name=\"robots\" content=\"index, follow, max-snippet:-1, max-image-preview:large, max-video-preview:-1\" \/>\n<link rel=\"canonical\" href=\"https:\/\/www.pomposaresidence.com\/fr\/bungalows-maisons-de-vacances\/bungalow-comfort-superior\/\" \/>\n<meta property=\"og:locale\" content=\"fr_FR\" \/>\n<meta property=\"og:type\" content=\"article\" \/>\n<meta property=\"og:title\" content=\"Bungalow Comfort Superior - Pomposa Residence -\" \/>\n<meta property=\"og:description\" content=\"Grand appartement de trois pi\u00e8ces situ\u00e9 au rez-de-chauss\u00e9e et compos\u00e9 d\u2019une entr\u00e9e avec salon, coin cuisine et canap\u00e9-lit, deux chambres et salle de bains. Avec un jardin priv\u00e9 \u00e9quip\u00e9 d\u2019un barbecue en ma\u00e7onnerie pour de belles grillades en plein air pendant vos vacances \u00e0 Lido di Pomposa! Les amis des animaux sont les bienvenus dans une s\u00e9lection d&#039;appartements.\" \/>\n<meta property=\"og:url\" content=\"https:\/\/www.pomposaresidence.com\/fr\/bungalows-maisons-de-vacances\/bungalow-comfort-superior\/\" \/>\n<meta property=\"og:site_name\" content=\"Pomposa Residence\" \/>\n<meta property=\"article:publisher\" content=\"https:\/\/facebook.com\/tomasitourism\" \/>\n<meta property=\"article:modified_time\" content=\"2025-03-25T13:36:22+00:00\" \/>\n<meta property=\"og:image\" content=\"https:\/\/www.pomposaresidence.com\/wp-content\/uploads\/sites\/211\/2025\/02\/pomposa_residence_slide02.jpg\" \/>\n\t<meta property=\"og:image:width\" content=\"2200\" \/>\n\t<meta property=\"og:image:height\" content=\"1200\" \/>\n\t<meta property=\"og:image:type\" content=\"image\/jpeg\" \/>\n<meta name=\"twitter:card\" content=\"summary_large_image\" \/>\n<meta name=\"twitter:label1\" content=\"Dur\u00e9e de lecture estim\u00e9e\" \/>\n\t<meta name=\"twitter:data1\" content=\"1 minute\" \/>\n<script type=\"application\/ld+json\" class=\"yoast-schema-graph\">{\"@context\":\"https:\/\/schema.org\",\"@graph\":[{\"@type\":\"WebPage\",\"@id\":\"https:\/\/www.pomposaresidence.com\/fr\/bungalows-maisons-de-vacances\/bungalow-comfort-superior\/\",\"url\":\"https:\/\/www.pomposaresidence.com\/fr\/bungalows-maisons-de-vacances\/bungalow-comfort-superior\/\",\"name\":\"Bungalow Comfort Superior - Pomposa Residence -\",\"isPartOf\":{\"@id\":\"https:\/\/www.pomposaresidence.com\/fr\/#website\"},\"datePublished\":\"2025-02-03T11:28:52+00:00\",\"dateModified\":\"2025-03-25T13:36:22+00:00\",\"description\":\"Grand appartement de trois pi\u00e8ces situ\u00e9 au rez-de-chauss\u00e9e et compos\u00e9 d\u2019une entr\u00e9e avec salon, coin cuisine et canap\u00e9-lit, deux chambres et salle de bains. Avec un jardin priv\u00e9 \u00e9quip\u00e9 d\u2019un barbecue en ma\u00e7onnerie pour de belles grillades en plein air pendant vos vacances \u00e0 Lido di Pomposa! Les amis des animaux sont les bienvenus dans une s\u00e9lection d'appartements.\",\"breadcrumb\":{\"@id\":\"https:\/\/www.pomposaresidence.com\/fr\/bungalows-maisons-de-vacances\/bungalow-comfort-superior\/#breadcrumb\"},\"inLanguage\":\"fr-FR\",\"potentialAction\":[{\"@type\":\"ReadAction\",\"target\":[\"https:\/\/www.pomposaresidence.com\/fr\/bungalows-maisons-de-vacances\/bungalow-comfort-superior\/\"]}]},{\"@type\":\"BreadcrumbList\",\"@id\":\"https:\/\/www.pomposaresidence.com\/fr\/bungalows-maisons-de-vacances\/bungalow-comfort-superior\/#breadcrumb\",\"itemListElement\":[{\"@type\":\"ListItem\",\"position\":1,\"name\":\"Home\",\"item\":\"https:\/\/www.pomposaresidence.com\/fr\/\"},{\"@type\":\"ListItem\",\"position\":2,\"name\":\"Bungalows &#038; Maisons de Vacances\",\"item\":\"https:\/\/www.pomposaresidence.com\/fr\/bungalows-maisons-de-vacances\/\"},{\"@type\":\"ListItem\",\"position\":3,\"name\":\"Bungalow Comfort Superior\"}]},{\"@type\":\"WebSite\",\"@id\":\"https:\/\/www.pomposaresidence.com\/fr\/#website\",\"url\":\"https:\/\/www.pomposaresidence.com\/fr\/\",\"name\":\"Pomposa Residence\",\"description\":\"\",\"publisher\":{\"@id\":\"https:\/\/www.pomposaresidence.com\/fr\/#organization\"},\"potentialAction\":[{\"@type\":\"SearchAction\",\"target\":{\"@type\":\"EntryPoint\",\"urlTemplate\":\"https:\/\/www.pomposaresidence.com\/fr\/?s={search_term_string}\"},\"query-input\":\"required name=search_term_string\"}],\"inLanguage\":\"fr-FR\"},{\"@type\":\"Organization\",\"@id\":\"https:\/\/www.pomposaresidence.com\/fr\/#organization\",\"name\":\"Pomposa Residence\",\"url\":\"https:\/\/www.pomposaresidence.com\/fr\/\",\"logo\":{\"@type\":\"ImageObject\",\"inLanguage\":\"fr-FR\",\"@id\":\"https:\/\/www.pomposaresidence.com\/fr\/#\/schema\/logo\/image\/\",\"url\":\"https:\/\/www.pomposaresidence.com\/wp-content\/uploads\/sites\/211\/2025\/01\/Pomposa-Residence.png\",\"contentUrl\":\"https:\/\/www.pomposaresidence.com\/wp-content\/uploads\/sites\/211\/2025\/01\/Pomposa-Residence.png\",\"width\":194,\"height\":58,\"caption\":\"Pomposa Residence\"},\"image\":{\"@id\":\"https:\/\/www.pomposaresidence.com\/fr\/#\/schema\/logo\/image\/\"},\"sameAs\":[\"https:\/\/facebook.com\/tomasitourism\",\"https:\/\/www.instagram.com\/tomasitourism\/\"]}]}<\/script>\n<!-- \/ Yoast SEO plugin. -->","yoast_head_json":{"title":"Bungalow Comfort Superior - Pomposa Residence -","description":"Grand appartement de trois pi\u00e8ces situ\u00e9 au rez-de-chauss\u00e9e et compos\u00e9 d\u2019une entr\u00e9e avec salon, coin cuisine et canap\u00e9-lit, deux chambres et salle de bains. Avec un jardin priv\u00e9 \u00e9quip\u00e9 d\u2019un barbecue en ma\u00e7onnerie pour de belles grillades en plein air pendant vos vacances \u00e0 Lido di Pomposa! Les amis des animaux sont les bienvenus dans une s\u00e9lection d'appartements.","robots":{"index":"index","follow":"follow","max-snippet":"max-snippet:-1","max-image-preview":"max-image-preview:large","max-video-preview":"max-video-preview:-1"},"canonical":"https:\/\/www.pomposaresidence.com\/fr\/bungalows-maisons-de-vacances\/bungalow-comfort-superior\/","og_locale":"fr_FR","og_type":"article","og_title":"Bungalow Comfort Superior - Pomposa Residence -","og_description":"Grand appartement de trois pi\u00e8ces situ\u00e9 au rez-de-chauss\u00e9e et compos\u00e9 d\u2019une entr\u00e9e avec salon, coin cuisine et canap\u00e9-lit, deux chambres et salle de bains. Avec un jardin priv\u00e9 \u00e9quip\u00e9 d\u2019un barbecue en ma\u00e7onnerie pour de belles grillades en plein air pendant vos vacances \u00e0 Lido di Pomposa! Les amis des animaux sont les bienvenus dans une s\u00e9lection d'appartements.","og_url":"https:\/\/www.pomposaresidence.com\/fr\/bungalows-maisons-de-vacances\/bungalow-comfort-superior\/","og_site_name":"Pomposa Residence","article_publisher":"https:\/\/facebook.com\/tomasitourism","article_modified_time":"2025-03-25T13:36:22+00:00","og_image":[{"width":2200,"height":1200,"url":"https:\/\/www.pomposaresidence.com\/wp-content\/uploads\/sites\/211\/2025\/02\/pomposa_residence_slide02.jpg","type":"image\/jpeg"}],"twitter_card":"summary_large_image","twitter_misc":{"Dur\u00e9e de lecture estim\u00e9e":"1 minute"},"schema":{"@context":"https:\/\/schema.org","@graph":[{"@type":"WebPage","@id":"https:\/\/www.pomposaresidence.com\/fr\/bungalows-maisons-de-vacances\/bungalow-comfort-superior\/","url":"https:\/\/www.pomposaresidence.com\/fr\/bungalows-maisons-de-vacances\/bungalow-comfort-superior\/","name":"Bungalow Comfort Superior - Pomposa Residence -","isPartOf":{"@id":"https:\/\/www.pomposaresidence.com\/fr\/#website"},"datePublished":"2025-02-03T11:28:52+00:00","dateModified":"2025-03-25T13:36:22+00:00","description":"Grand appartement de trois pi\u00e8ces situ\u00e9 au rez-de-chauss\u00e9e et compos\u00e9 d\u2019une entr\u00e9e avec salon, coin cuisine et canap\u00e9-lit, deux chambres et salle de bains. Avec un jardin priv\u00e9 \u00e9quip\u00e9 d\u2019un barbecue en ma\u00e7onnerie pour de belles grillades en plein air pendant vos vacances \u00e0 Lido di Pomposa! Les amis des animaux sont les bienvenus dans une s\u00e9lection d'appartements.","breadcrumb":{"@id":"https:\/\/www.pomposaresidence.com\/fr\/bungalows-maisons-de-vacances\/bungalow-comfort-superior\/#breadcrumb"},"inLanguage":"fr-FR","potentialAction":[{"@type":"ReadAction","target":["https:\/\/www.pomposaresidence.com\/fr\/bungalows-maisons-de-vacances\/bungalow-comfort-superior\/"]}]},{"@type":"BreadcrumbList","@id":"https:\/\/www.pomposaresidence.com\/fr\/bungalows-maisons-de-vacances\/bungalow-comfort-superior\/#breadcrumb","itemListElement":[{"@type":"ListItem","position":1,"name":"Home","item":"https:\/\/www.pomposaresidence.com\/fr\/"},{"@type":"ListItem","position":2,"name":"Bungalows &#038; Maisons de Vacances","item":"https:\/\/www.pomposaresidence.com\/fr\/bungalows-maisons-de-vacances\/"},{"@type":"ListItem","position":3,"name":"Bungalow Comfort Superior"}]},{"@type":"WebSite","@id":"https:\/\/www.pomposaresidence.com\/fr\/#website","url":"https:\/\/www.pomposaresidence.com\/fr\/","name":"Pomposa Residence","description":"","publisher":{"@id":"https:\/\/www.pomposaresidence.com\/fr\/#organization"},"potentialAction":[{"@type":"SearchAction","target":{"@type":"EntryPoint","urlTemplate":"https:\/\/www.pomposaresidence.com\/fr\/?s={search_term_string}"},"query-input":"required name=search_term_string"}],"inLanguage":"fr-FR"},{"@type":"Organization","@id":"https:\/\/www.pomposaresidence.com\/fr\/#organization","name":"Pomposa Residence","url":"https:\/\/www.pomposaresidence.com\/fr\/","logo":{"@type":"ImageObject","inLanguage":"fr-FR","@id":"https:\/\/www.pomposaresidence.com\/fr\/#\/schema\/logo\/image\/","url":"https:\/\/www.pomposaresidence.com\/wp-content\/uploads\/sites\/211\/2025\/01\/Pomposa-Residence.png","contentUrl":"https:\/\/www.pomposaresidence.com\/wp-content\/uploads\/sites\/211\/2025\/01\/Pomposa-Residence.png","width":194,"height":58,"caption":"Pomposa Residence"},"image":{"@id":"https:\/\/www.pomposaresidence.com\/fr\/#\/schema\/logo\/image\/"},"sameAs":["https:\/\/facebook.com\/tomasitourism","https:\/\/www.instagram.com\/tomasitourism\/"]}]}},"acf":[],"_links":{"self":[{"href":"https:\/\/www.pomposaresidence.com\/fr\/wp-json\/wp\/v2\/pages\/371"}],"collection":[{"href":"https:\/\/www.pomposaresidence.com\/fr\/wp-json\/wp\/v2\/pages"}],"about":[{"href":"https:\/\/www.pomposaresidence.com\/fr\/wp-json\/wp\/v2\/types\/page"}],"author":[{"embeddable":true,"href":"https:\/\/www.pomposaresidence.com\/fr\/wp-json\/wp\/v2\/users\/13"}],"replies":[{"embeddable":true,"href":"https:\/\/www.pomposaresidence.com\/fr\/wp-json\/wp\/v2\/comments?post=371"}],"version-history":[{"count":0,"href":"https:\/\/www.pomposaresidence.com\/fr\/wp-json\/wp\/v2\/pages\/371\/revisions"}],"up":[{"embeddable":true,"href":"https:\/\/www.pomposaresidence.com\/fr\/wp-json\/wp\/v2\/pages\/361"}],"wp:attachment":[{"href":"https:\/\/www.pomposaresidence.com\/fr\/wp-json\/wp\/v2\/media?parent=371"}],"curies":[{"name":"wp","href":"https:\/\/api.w.org\/{rel}","templated":true}]}}