   {"id":366,"date":"2025-02-03T10:47:35","date_gmt":"2025-02-03T10:47:35","guid":{"rendered":"https:\/\/www.pomposaresidence.com\/?page_id=366"},"modified":"2025-03-21T16:44:24","modified_gmt":"2025-03-21T16:44:24","slug":"bungalow-comfort","status":"publish","type":"page","link":"https:\/\/www.pomposaresidence.com\/fr\/bungalows-maisons-de-vacances\/bungalow-comfort\/","title":{"rendered":"Bungalow Comfort"},"content":{"rendered":"<p>Le Bungalow Comfort est un appartement lumineux de trois pi\u00e8ces situ\u00e9 au premier \u00e9tage et compos\u00e9 d\u2019une entr\u00e9e avec salon et kitchenette et canap\u00e9-lit, deux chambres et salle de bains. Dot\u00e9 d\u2019une grande terrasse pour profiter de la tranquillit\u00e9 qui entoure la r\u00e9sidence, c\u2019est la solution parfaite pour des vacances \u00e0 Lido di Pomposa.<\/p>\n<p>&nbsp;<\/p>\n<p>Les amis des animaux sont les bienvenus dans une s\u00e9lection d&rsquo;appartements.<\/p>\n","protected":false},"excerpt":{"rendered":"<p>Le Bungalow Comfort est un appartement lumineux de trois pi\u00e8ces situ\u00e9 au premier \u00e9tage et compos\u00e9 d\u2019une entr\u00e9e avec salon et kitchenette et canap\u00e9-lit, deux chambres et salle de bains. Dot\u00e9 d\u2019une grande terrasse pour profiter de la tranquillit\u00e9 qui entoure la r\u00e9sidence, c\u2019est la solution parfaite pour des vacances \u00e0 Lido di Pomposa. &nbsp; [&hellip;]<\/p>\n","protected":false},"author":13,"featured_media":0,"parent":361,"menu_order":5,"comment_status":"closed","ping_status":"closed","template":"template-room.php","meta":{"footnotes":""},"yoast_head":"<!-- This site is optimized with the Yoast SEO plugin v22.3 - https:\/\/yoast.com\/wordpress\/plugins\/seo\/ -->\n<title>Bungalow Comfort - Pomposa Residence -<\/title>\n<meta name=\"description\" content=\"Le Bungalow Comfort est un appartement lumineux de trois pi\u00e8ces situ\u00e9 au premier \u00e9tage et compos\u00e9 d\u2019une entr\u00e9e avec salon et kitchenette et canap\u00e9-lit, deux chambres et salle de bains. Dot\u00e9 d\u2019une grande terrasse pour profiter de la tranquillit\u00e9 qui entoure la r\u00e9sidence, c\u2019est la solution parfaite pour des vacances \u00e0 Lido di Pomposa.  &nbsp;  Les amis des animaux sont les bienvenus dans une s\u00e9lection d&#039;appartements.\" \/>\n<meta name=\"robots\" content=\"index, follow, max-snippet:-1, max-image-preview:large, max-video-preview:-1\" \/>\n<link rel=\"canonical\" href=\"https:\/\/www.pomposaresidence.com\/fr\/bungalows-maisons-de-vacances\/bungalow-comfort\/\" \/>\n<meta property=\"og:locale\" content=\"fr_FR\" \/>\n<meta property=\"og:type\" content=\"article\" \/>\n<meta property=\"og:title\" content=\"Bungalow Comfort - Pomposa Residence -\" \/>\n<meta property=\"og:description\" content=\"Le Bungalow Comfort est un appartement lumineux de trois pi\u00e8ces situ\u00e9 au premier \u00e9tage et compos\u00e9 d\u2019une entr\u00e9e avec salon et kitchenette et canap\u00e9-lit, deux chambres et salle de bains. Dot\u00e9 d\u2019une grande terrasse pour profiter de la tranquillit\u00e9 qui entoure la r\u00e9sidence, c\u2019est la solution parfaite pour des vacances \u00e0 Lido di Pomposa.  &nbsp;  Les amis des animaux sont les bienvenus dans une s\u00e9lection d&#039;appartements.\" \/>\n<meta property=\"og:url\" content=\"https:\/\/www.pomposaresidence.com\/fr\/bungalows-maisons-de-vacances\/bungalow-comfort\/\" \/>\n<meta property=\"og:site_name\" content=\"Pomposa Residence\" \/>\n<meta property=\"article:publisher\" content=\"https:\/\/facebook.com\/tomasitourism\" \/>\n<meta property=\"article:modified_time\" content=\"2025-03-21T16:44:24+00:00\" \/>\n<meta property=\"og:image\" content=\"https:\/\/www.pomposaresidence.com\/wp-content\/uploads\/sites\/211\/2025\/02\/pomposa_residence_slide02.jpg\" \/>\n\t<meta property=\"og:image:width\" content=\"2200\" \/>\n\t<meta property=\"og:image:height\" content=\"1200\" \/>\n\t<meta property=\"og:image:type\" content=\"image\/jpeg\" \/>\n<meta name=\"twitter:card\" content=\"summary_large_image\" \/>\n<meta name=\"twitter:label1\" content=\"Dur\u00e9e de lecture estim\u00e9e\" \/>\n\t<meta name=\"twitter:data1\" content=\"1 minute\" \/>\n<script type=\"application\/ld+json\" class=\"yoast-schema-graph\">{\"@context\":\"https:\/\/schema.org\",\"@graph\":[{\"@type\":\"WebPage\",\"@id\":\"https:\/\/www.pomposaresidence.com\/fr\/bungalows-maisons-de-vacances\/bungalow-comfort\/\",\"url\":\"https:\/\/www.pomposaresidence.com\/fr\/bungalows-maisons-de-vacances\/bungalow-comfort\/\",\"name\":\"Bungalow Comfort - Pomposa Residence -\",\"isPartOf\":{\"@id\":\"https:\/\/www.pomposaresidence.com\/fr\/#website\"},\"datePublished\":\"2025-02-03T10:47:35+00:00\",\"dateModified\":\"2025-03-21T16:44:24+00:00\",\"description\":\"Le Bungalow Comfort est un appartement lumineux de trois pi\u00e8ces situ\u00e9 au premier \u00e9tage et compos\u00e9 d\u2019une entr\u00e9e avec salon et kitchenette et canap\u00e9-lit, deux chambres et salle de bains. Dot\u00e9 d\u2019une grande terrasse pour profiter de la tranquillit\u00e9 qui entoure la r\u00e9sidence, c\u2019est la solution parfaite pour des vacances \u00e0 Lido di Pomposa. &nbsp; Les amis des animaux sont les bienvenus dans une s\u00e9lection d'appartements.\",\"breadcrumb\":{\"@id\":\"https:\/\/www.pomposaresidence.com\/fr\/bungalows-maisons-de-vacances\/bungalow-comfort\/#breadcrumb\"},\"inLanguage\":\"fr-FR\",\"potentialAction\":[{\"@type\":\"ReadAction\",\"target\":[\"https:\/\/www.pomposaresidence.com\/fr\/bungalows-maisons-de-vacances\/bungalow-comfort\/\"]}]},{\"@type\":\"BreadcrumbList\",\"@id\":\"https:\/\/www.pomposaresidence.com\/fr\/bungalows-maisons-de-vacances\/bungalow-comfort\/#breadcrumb\",\"itemListElement\":[{\"@type\":\"ListItem\",\"position\":1,\"name\":\"Home\",\"item\":\"https:\/\/www.pomposaresidence.com\/fr\/\"},{\"@type\":\"ListItem\",\"position\":2,\"name\":\"Bungalows &#038; Maisons de Vacances\",\"item\":\"https:\/\/www.pomposaresidence.com\/fr\/bungalows-maisons-de-vacances\/\"},{\"@type\":\"ListItem\",\"position\":3,\"name\":\"Bungalow Comfort\"}]},{\"@type\":\"WebSite\",\"@id\":\"https:\/\/www.pomposaresidence.com\/fr\/#website\",\"url\":\"https:\/\/www.pomposaresidence.com\/fr\/\",\"name\":\"Pomposa Residence\",\"description\":\"\",\"publisher\":{\"@id\":\"https:\/\/www.pomposaresidence.com\/fr\/#organization\"},\"potentialAction\":[{\"@type\":\"SearchAction\",\"target\":{\"@type\":\"EntryPoint\",\"urlTemplate\":\"https:\/\/www.pomposaresidence.com\/fr\/?s={search_term_string}\"},\"query-input\":\"required name=search_term_string\"}],\"inLanguage\":\"fr-FR\"},{\"@type\":\"Organization\",\"@id\":\"https:\/\/www.pomposaresidence.com\/fr\/#organization\",\"name\":\"Pomposa Residence\",\"url\":\"https:\/\/www.pomposaresidence.com\/fr\/\",\"logo\":{\"@type\":\"ImageObject\",\"inLanguage\":\"fr-FR\",\"@id\":\"https:\/\/www.pomposaresidence.com\/fr\/#\/schema\/logo\/image\/\",\"url\":\"https:\/\/www.pomposaresidence.com\/wp-content\/uploads\/sites\/211\/2025\/01\/Pomposa-Residence.png\",\"contentUrl\":\"https:\/\/www.pomposaresidence.com\/wp-content\/uploads\/sites\/211\/2025\/01\/Pomposa-Residence.png\",\"width\":194,\"height\":58,\"caption\":\"Pomposa Residence\"},\"image\":{\"@id\":\"https:\/\/www.pomposaresidence.com\/fr\/#\/schema\/logo\/image\/\"},\"sameAs\":[\"https:\/\/facebook.com\/tomasitourism\",\"https:\/\/www.instagram.com\/tomasitourism\/\"]}]}<\/script>\n<!-- \/ Yoast SEO plugin. -->","yoast_head_json":{"title":"Bungalow Comfort - Pomposa Residence -","description":"Le Bungalow Comfort est un appartement lumineux de trois pi\u00e8ces situ\u00e9 au premier \u00e9tage et compos\u00e9 d\u2019une entr\u00e9e avec salon et kitchenette et canap\u00e9-lit, deux chambres et salle de bains. Dot\u00e9 d\u2019une grande terrasse pour profiter de la tranquillit\u00e9 qui entoure la r\u00e9sidence, c\u2019est la solution parfaite pour des vacances \u00e0 Lido di Pomposa.  &nbsp;  Les amis des animaux sont les bienvenus dans une s\u00e9lection d'appartements.","robots":{"index":"index","follow":"follow","max-snippet":"max-snippet:-1","max-image-preview":"max-image-preview:large","max-video-preview":"max-video-preview:-1"},"canonical":"https:\/\/www.pomposaresidence.com\/fr\/bungalows-maisons-de-vacances\/bungalow-comfort\/","og_locale":"fr_FR","og_type":"article","og_title":"Bungalow Comfort - Pomposa Residence -","og_description":"Le Bungalow Comfort est un appartement lumineux de trois pi\u00e8ces situ\u00e9 au premier \u00e9tage et compos\u00e9 d\u2019une entr\u00e9e avec salon et kitchenette et canap\u00e9-lit, deux chambres et salle de bains. Dot\u00e9 d\u2019une grande terrasse pour profiter de la tranquillit\u00e9 qui entoure la r\u00e9sidence, c\u2019est la solution parfaite pour des vacances \u00e0 Lido di Pomposa.  &nbsp;  Les amis des animaux sont les bienvenus dans une s\u00e9lection d'appartements.","og_url":"https:\/\/www.pomposaresidence.com\/fr\/bungalows-maisons-de-vacances\/bungalow-comfort\/","og_site_name":"Pomposa Residence","article_publisher":"https:\/\/facebook.com\/tomasitourism","article_modified_time":"2025-03-21T16:44:24+00:00","og_image":[{"width":2200,"height":1200,"url":"https:\/\/www.pomposaresidence.com\/wp-content\/uploads\/sites\/211\/2025\/02\/pomposa_residence_slide02.jpg","type":"image\/jpeg"}],"twitter_card":"summary_large_image","twitter_misc":{"Dur\u00e9e de lecture estim\u00e9e":"1 minute"},"schema":{"@context":"https:\/\/schema.org","@graph":[{"@type":"WebPage","@id":"https:\/\/www.pomposaresidence.com\/fr\/bungalows-maisons-de-vacances\/bungalow-comfort\/","url":"https:\/\/www.pomposaresidence.com\/fr\/bungalows-maisons-de-vacances\/bungalow-comfort\/","name":"Bungalow Comfort - Pomposa Residence -","isPartOf":{"@id":"https:\/\/www.pomposaresidence.com\/fr\/#website"},"datePublished":"2025-02-03T10:47:35+00:00","dateModified":"2025-03-21T16:44:24+00:00","description":"Le Bungalow Comfort est un appartement lumineux de trois pi\u00e8ces situ\u00e9 au premier \u00e9tage et compos\u00e9 d\u2019une entr\u00e9e avec salon et kitchenette et canap\u00e9-lit, deux chambres et salle de bains. Dot\u00e9 d\u2019une grande terrasse pour profiter de la tranquillit\u00e9 qui entoure la r\u00e9sidence, c\u2019est la solution parfaite pour des vacances \u00e0 Lido di Pomposa. &nbsp; Les amis des animaux sont les bienvenus dans une s\u00e9lection d'appartements.","breadcrumb":{"@id":"https:\/\/www.pomposaresidence.com\/fr\/bungalows-maisons-de-vacances\/bungalow-comfort\/#breadcrumb"},"inLanguage":"fr-FR","potentialAction":[{"@type":"ReadAction","target":["https:\/\/www.pomposaresidence.com\/fr\/bungalows-maisons-de-vacances\/bungalow-comfort\/"]}]},{"@type":"BreadcrumbList","@id":"https:\/\/www.pomposaresidence.com\/fr\/bungalows-maisons-de-vacances\/bungalow-comfort\/#breadcrumb","itemListElement":[{"@type":"ListItem","position":1,"name":"Home","item":"https:\/\/www.pomposaresidence.com\/fr\/"},{"@type":"ListItem","position":2,"name":"Bungalows &#038; Maisons de Vacances","item":"https:\/\/www.pomposaresidence.com\/fr\/bungalows-maisons-de-vacances\/"},{"@type":"ListItem","position":3,"name":"Bungalow Comfort"}]},{"@type":"WebSite","@id":"https:\/\/www.pomposaresidence.com\/fr\/#website","url":"https:\/\/www.pomposaresidence.com\/fr\/","name":"Pomposa Residence","description":"","publisher":{"@id":"https:\/\/www.pomposaresidence.com\/fr\/#organization"},"potentialAction":[{"@type":"SearchAction","target":{"@type":"EntryPoint","urlTemplate":"https:\/\/www.pomposaresidence.com\/fr\/?s={search_term_string}"},"query-input":"required name=search_term_string"}],"inLanguage":"fr-FR"},{"@type":"Organization","@id":"https:\/\/www.pomposaresidence.com\/fr\/#organization","name":"Pomposa Residence","url":"https:\/\/www.pomposaresidence.com\/fr\/","logo":{"@type":"ImageObject","inLanguage":"fr-FR","@id":"https:\/\/www.pomposaresidence.com\/fr\/#\/schema\/logo\/image\/","url":"https:\/\/www.pomposaresidence.com\/wp-content\/uploads\/sites\/211\/2025\/01\/Pomposa-Residence.png","contentUrl":"https:\/\/www.pomposaresidence.com\/wp-content\/uploads\/sites\/211\/2025\/01\/Pomposa-Residence.png","width":194,"height":58,"caption":"Pomposa Residence"},"image":{"@id":"https:\/\/www.pomposaresidence.com\/fr\/#\/schema\/logo\/image\/"},"sameAs":["https:\/\/facebook.com\/tomasitourism","https:\/\/www.instagram.com\/tomasitourism\/"]}]}},"acf":[],"_links":{"self":[{"href":"https:\/\/www.pomposaresidence.com\/fr\/wp-json\/wp\/v2\/pages\/366"}],"collection":[{"href":"https:\/\/www.pomposaresidence.com\/fr\/wp-json\/wp\/v2\/pages"}],"about":[{"href":"https:\/\/www.pomposaresidence.com\/fr\/wp-json\/wp\/v2\/types\/page"}],"author":[{"embeddable":true,"href":"https:\/\/www.pomposaresidence.com\/fr\/wp-json\/wp\/v2\/users\/13"}],"replies":[{"embeddable":true,"href":"https:\/\/www.pomposaresidence.com\/fr\/wp-json\/wp\/v2\/comments?post=366"}],"version-history":[{"count":0,"href":"https:\/\/www.pomposaresidence.com\/fr\/wp-json\/wp\/v2\/pages\/366\/revisions"}],"up":[{"embeddable":true,"href":"https:\/\/www.pomposaresidence.com\/fr\/wp-json\/wp\/v2\/pages\/361"}],"wp:attachment":[{"href":"https:\/\/www.pomposaresidence.com\/fr\/wp-json\/wp\/v2\/media?parent=366"}],"curies":[{"name":"wp","href":"https:\/\/api.w.org\/{rel}","templated":true}]}}