   {"id":361,"date":"2025-02-03T10:29:05","date_gmt":"2025-02-03T10:29:05","guid":{"rendered":"https:\/\/www.pomposaresidence.com\/?page_id=361"},"modified":"2025-03-21T16:32:40","modified_gmt":"2025-03-21T16:32:40","slug":"bungalows-maisons-de-vacances","status":"publish","type":"page","link":"https:\/\/www.pomposaresidence.com\/fr\/bungalows-maisons-de-vacances\/","title":{"rendered":"Bungalows &#038; Maisons de Vacances"},"content":{"rendered":"<p>Confortables et bien \u00e9quip\u00e9s, les appartements du Pomposa Residence, situ\u00e9s \u00e0 Lido di Pomposa, pr\u00e8s de Comacchio et le long de la splendide c\u00f4te adriatique de l\u2019\u00c9milie-Romagne, repr\u00e9sentent le choix id\u00e9al pour des vacances d\u2019\u00e9t\u00e9. Parfaits pour les familles et les groupes, ils offrent un h\u00e9bergement pratique et accueillant \u00e0 quelques pas de la plage, garantissant un acc\u00e8s rapide et confortable \u00e0 la mer. Chaque appartement dispose d\u2019une kitchenette, de la climatisation, de la t\u00e9l\u00e9vision et d\u2019un espace ext\u00e9rieur \u00e9quip\u00e9 table, chaises et barbecue, id\u00e9al pour passer d\u2019agr\u00e9ables moments en plein air.<\/p>\n","protected":false},"excerpt":{"rendered":"<p>Confortables et bien \u00e9quip\u00e9s, les appartements du Pomposa Residence, situ\u00e9s \u00e0 Lido di Pomposa, pr\u00e8s de Comacchio et le long de la splendide c\u00f4te adriatique de l\u2019\u00c9milie-Romagne, repr\u00e9sentent le choix id\u00e9al pour des vacances d\u2019\u00e9t\u00e9. Parfaits pour les familles et les groupes, ils offrent un h\u00e9bergement pratique et accueillant \u00e0 quelques pas de la plage, [&hellip;]<\/p>\n","protected":false},"author":13,"featured_media":0,"parent":0,"menu_order":5,"comment_status":"closed","ping_status":"closed","template":"template-rooms-hub.php","meta":{"footnotes":""},"yoast_head":"<!-- This site is optimized with the Yoast SEO plugin v22.3 - https:\/\/yoast.com\/wordpress\/plugins\/seo\/ -->\n<title>Bungalows &amp; Maisons de Vacances - Pomposa Residence -<\/title>\n<meta name=\"description\" content=\"Confortables et bien \u00e9quip\u00e9s, les appartements du Pomposa Residence, situ\u00e9s \u00e0 Lido di Pomposa, pr\u00e8s de Comacchio et le long de la splendide c\u00f4te adriatique de l\u2019\u00c9milie-Romagne, repr\u00e9sentent le choix id\u00e9al pour des vacances d\u2019\u00e9t\u00e9. Parfaits pour les familles et les groupes, ils offrent un h\u00e9bergement pratique et accueillant \u00e0 quelques pas de la plage, garantissant un acc\u00e8s rapide et confortable \u00e0 la mer\" \/>\n<meta name=\"robots\" content=\"index, follow, max-snippet:-1, max-image-preview:large, max-video-preview:-1\" \/>\n<link rel=\"canonical\" href=\"https:\/\/www.pomposaresidence.com\/fr\/bungalows-maisons-de-vacances\/\" \/>\n<meta property=\"og:locale\" content=\"fr_FR\" \/>\n<meta property=\"og:type\" content=\"article\" \/>\n<meta property=\"og:title\" content=\"Bungalows &amp; Maisons de Vacances - Pomposa Residence -\" \/>\n<meta property=\"og:description\" content=\"Confortables et bien \u00e9quip\u00e9s, les appartements du Pomposa Residence, situ\u00e9s \u00e0 Lido di Pomposa, pr\u00e8s de Comacchio et le long de la splendide c\u00f4te adriatique de l\u2019\u00c9milie-Romagne, repr\u00e9sentent le choix id\u00e9al pour des vacances d\u2019\u00e9t\u00e9. Parfaits pour les familles et les groupes, ils offrent un h\u00e9bergement pratique et accueillant \u00e0 quelques pas de la plage, garantissant un acc\u00e8s rapide et confortable \u00e0 la mer\" \/>\n<meta property=\"og:url\" content=\"https:\/\/www.pomposaresidence.com\/fr\/bungalows-maisons-de-vacances\/\" \/>\n<meta property=\"og:site_name\" content=\"Pomposa Residence\" \/>\n<meta property=\"article:publisher\" content=\"https:\/\/facebook.com\/tomasitourism\" \/>\n<meta property=\"article:modified_time\" content=\"2025-03-21T16:32:40+00:00\" \/>\n<meta property=\"og:image\" content=\"https:\/\/www.pomposaresidence.com\/wp-content\/uploads\/sites\/211\/2025\/02\/pomposa_residence_slide02.jpg\" \/>\n\t<meta property=\"og:image:width\" content=\"2200\" \/>\n\t<meta property=\"og:image:height\" content=\"1200\" \/>\n\t<meta property=\"og:image:type\" content=\"image\/jpeg\" \/>\n<meta name=\"twitter:card\" content=\"summary_large_image\" \/>\n<meta name=\"twitter:label1\" content=\"Dur\u00e9e de lecture estim\u00e9e\" \/>\n\t<meta name=\"twitter:data1\" content=\"1 minute\" \/>\n<script type=\"application\/ld+json\" class=\"yoast-schema-graph\">{\"@context\":\"https:\/\/schema.org\",\"@graph\":[{\"@type\":\"WebPage\",\"@id\":\"https:\/\/www.pomposaresidence.com\/fr\/bungalows-maisons-de-vacances\/\",\"url\":\"https:\/\/www.pomposaresidence.com\/fr\/bungalows-maisons-de-vacances\/\",\"name\":\"Bungalows & Maisons de Vacances - Pomposa Residence -\",\"isPartOf\":{\"@id\":\"https:\/\/www.pomposaresidence.com\/fr\/#website\"},\"datePublished\":\"2025-02-03T10:29:05+00:00\",\"dateModified\":\"2025-03-21T16:32:40+00:00\",\"description\":\"Confortables et bien \u00e9quip\u00e9s, les appartements du Pomposa Residence, situ\u00e9s \u00e0 Lido di Pomposa, pr\u00e8s de Comacchio et le long de la splendide c\u00f4te adriatique de l\u2019\u00c9milie-Romagne, repr\u00e9sentent le choix id\u00e9al pour des vacances d\u2019\u00e9t\u00e9. Parfaits pour les familles et les groupes, ils offrent un h\u00e9bergement pratique et accueillant \u00e0 quelques pas de la plage, garantissant un acc\u00e8s rapide et confortable \u00e0 la mer\",\"breadcrumb\":{\"@id\":\"https:\/\/www.pomposaresidence.com\/fr\/bungalows-maisons-de-vacances\/#breadcrumb\"},\"inLanguage\":\"fr-FR\",\"potentialAction\":[{\"@type\":\"ReadAction\",\"target\":[\"https:\/\/www.pomposaresidence.com\/fr\/bungalows-maisons-de-vacances\/\"]}]},{\"@type\":\"BreadcrumbList\",\"@id\":\"https:\/\/www.pomposaresidence.com\/fr\/bungalows-maisons-de-vacances\/#breadcrumb\",\"itemListElement\":[{\"@type\":\"ListItem\",\"position\":1,\"name\":\"Home\",\"item\":\"https:\/\/www.pomposaresidence.com\/fr\/\"},{\"@type\":\"ListItem\",\"position\":2,\"name\":\"Bungalows &#038; Maisons de Vacances\"}]},{\"@type\":\"WebSite\",\"@id\":\"https:\/\/www.pomposaresidence.com\/fr\/#website\",\"url\":\"https:\/\/www.pomposaresidence.com\/fr\/\",\"name\":\"Pomposa Residence\",\"description\":\"\",\"publisher\":{\"@id\":\"https:\/\/www.pomposaresidence.com\/fr\/#organization\"},\"potentialAction\":[{\"@type\":\"SearchAction\",\"target\":{\"@type\":\"EntryPoint\",\"urlTemplate\":\"https:\/\/www.pomposaresidence.com\/fr\/?s={search_term_string}\"},\"query-input\":\"required name=search_term_string\"}],\"inLanguage\":\"fr-FR\"},{\"@type\":\"Organization\",\"@id\":\"https:\/\/www.pomposaresidence.com\/fr\/#organization\",\"name\":\"Pomposa Residence\",\"url\":\"https:\/\/www.pomposaresidence.com\/fr\/\",\"logo\":{\"@type\":\"ImageObject\",\"inLanguage\":\"fr-FR\",\"@id\":\"https:\/\/www.pomposaresidence.com\/fr\/#\/schema\/logo\/image\/\",\"url\":\"https:\/\/www.pomposaresidence.com\/wp-content\/uploads\/sites\/211\/2025\/01\/Pomposa-Residence.png\",\"contentUrl\":\"https:\/\/www.pomposaresidence.com\/wp-content\/uploads\/sites\/211\/2025\/01\/Pomposa-Residence.png\",\"width\":194,\"height\":58,\"caption\":\"Pomposa Residence\"},\"image\":{\"@id\":\"https:\/\/www.pomposaresidence.com\/fr\/#\/schema\/logo\/image\/\"},\"sameAs\":[\"https:\/\/facebook.com\/tomasitourism\",\"https:\/\/www.instagram.com\/tomasitourism\/\"]}]}<\/script>\n<!-- \/ Yoast SEO plugin. -->","yoast_head_json":{"title":"Bungalows & Maisons de Vacances - Pomposa Residence -","description":"Confortables et bien \u00e9quip\u00e9s, les appartements du Pomposa Residence, situ\u00e9s \u00e0 Lido di Pomposa, pr\u00e8s de Comacchio et le long de la splendide c\u00f4te adriatique de l\u2019\u00c9milie-Romagne, repr\u00e9sentent le choix id\u00e9al pour des vacances d\u2019\u00e9t\u00e9. Parfaits pour les familles et les groupes, ils offrent un h\u00e9bergement pratique et accueillant \u00e0 quelques pas de la plage, garantissant un acc\u00e8s rapide et confortable \u00e0 la mer","robots":{"index":"index","follow":"follow","max-snippet":"max-snippet:-1","max-image-preview":"max-image-preview:large","max-video-preview":"max-video-preview:-1"},"canonical":"https:\/\/www.pomposaresidence.com\/fr\/bungalows-maisons-de-vacances\/","og_locale":"fr_FR","og_type":"article","og_title":"Bungalows & Maisons de Vacances - Pomposa Residence -","og_description":"Confortables et bien \u00e9quip\u00e9s, les appartements du Pomposa Residence, situ\u00e9s \u00e0 Lido di Pomposa, pr\u00e8s de Comacchio et le long de la splendide c\u00f4te adriatique de l\u2019\u00c9milie-Romagne, repr\u00e9sentent le choix id\u00e9al pour des vacances d\u2019\u00e9t\u00e9. Parfaits pour les familles et les groupes, ils offrent un h\u00e9bergement pratique et accueillant \u00e0 quelques pas de la plage, garantissant un acc\u00e8s rapide et confortable \u00e0 la mer","og_url":"https:\/\/www.pomposaresidence.com\/fr\/bungalows-maisons-de-vacances\/","og_site_name":"Pomposa Residence","article_publisher":"https:\/\/facebook.com\/tomasitourism","article_modified_time":"2025-03-21T16:32:40+00:00","og_image":[{"width":2200,"height":1200,"url":"https:\/\/www.pomposaresidence.com\/wp-content\/uploads\/sites\/211\/2025\/02\/pomposa_residence_slide02.jpg","type":"image\/jpeg"}],"twitter_card":"summary_large_image","twitter_misc":{"Dur\u00e9e de lecture estim\u00e9e":"1 minute"},"schema":{"@context":"https:\/\/schema.org","@graph":[{"@type":"WebPage","@id":"https:\/\/www.pomposaresidence.com\/fr\/bungalows-maisons-de-vacances\/","url":"https:\/\/www.pomposaresidence.com\/fr\/bungalows-maisons-de-vacances\/","name":"Bungalows & Maisons de Vacances - Pomposa Residence -","isPartOf":{"@id":"https:\/\/www.pomposaresidence.com\/fr\/#website"},"datePublished":"2025-02-03T10:29:05+00:00","dateModified":"2025-03-21T16:32:40+00:00","description":"Confortables et bien \u00e9quip\u00e9s, les appartements du Pomposa Residence, situ\u00e9s \u00e0 Lido di Pomposa, pr\u00e8s de Comacchio et le long de la splendide c\u00f4te adriatique de l\u2019\u00c9milie-Romagne, repr\u00e9sentent le choix id\u00e9al pour des vacances d\u2019\u00e9t\u00e9. Parfaits pour les familles et les groupes, ils offrent un h\u00e9bergement pratique et accueillant \u00e0 quelques pas de la plage, garantissant un acc\u00e8s rapide et confortable \u00e0 la mer","breadcrumb":{"@id":"https:\/\/www.pomposaresidence.com\/fr\/bungalows-maisons-de-vacances\/#breadcrumb"},"inLanguage":"fr-FR","potentialAction":[{"@type":"ReadAction","target":["https:\/\/www.pomposaresidence.com\/fr\/bungalows-maisons-de-vacances\/"]}]},{"@type":"BreadcrumbList","@id":"https:\/\/www.pomposaresidence.com\/fr\/bungalows-maisons-de-vacances\/#breadcrumb","itemListElement":[{"@type":"ListItem","position":1,"name":"Home","item":"https:\/\/www.pomposaresidence.com\/fr\/"},{"@type":"ListItem","position":2,"name":"Bungalows &#038; Maisons de Vacances"}]},{"@type":"WebSite","@id":"https:\/\/www.pomposaresidence.com\/fr\/#website","url":"https:\/\/www.pomposaresidence.com\/fr\/","name":"Pomposa Residence","description":"","publisher":{"@id":"https:\/\/www.pomposaresidence.com\/fr\/#organization"},"potentialAction":[{"@type":"SearchAction","target":{"@type":"EntryPoint","urlTemplate":"https:\/\/www.pomposaresidence.com\/fr\/?s={search_term_string}"},"query-input":"required name=search_term_string"}],"inLanguage":"fr-FR"},{"@type":"Organization","@id":"https:\/\/www.pomposaresidence.com\/fr\/#organization","name":"Pomposa Residence","url":"https:\/\/www.pomposaresidence.com\/fr\/","logo":{"@type":"ImageObject","inLanguage":"fr-FR","@id":"https:\/\/www.pomposaresidence.com\/fr\/#\/schema\/logo\/image\/","url":"https:\/\/www.pomposaresidence.com\/wp-content\/uploads\/sites\/211\/2025\/01\/Pomposa-Residence.png","contentUrl":"https:\/\/www.pomposaresidence.com\/wp-content\/uploads\/sites\/211\/2025\/01\/Pomposa-Residence.png","width":194,"height":58,"caption":"Pomposa Residence"},"image":{"@id":"https:\/\/www.pomposaresidence.com\/fr\/#\/schema\/logo\/image\/"},"sameAs":["https:\/\/facebook.com\/tomasitourism","https:\/\/www.instagram.com\/tomasitourism\/"]}]}},"acf":[],"_links":{"self":[{"href":"https:\/\/www.pomposaresidence.com\/fr\/wp-json\/wp\/v2\/pages\/361"}],"collection":[{"href":"https:\/\/www.pomposaresidence.com\/fr\/wp-json\/wp\/v2\/pages"}],"about":[{"href":"https:\/\/www.pomposaresidence.com\/fr\/wp-json\/wp\/v2\/types\/page"}],"author":[{"embeddable":true,"href":"https:\/\/www.pomposaresidence.com\/fr\/wp-json\/wp\/v2\/users\/13"}],"replies":[{"embeddable":true,"href":"https:\/\/www.pomposaresidence.com\/fr\/wp-json\/wp\/v2\/comments?post=361"}],"version-history":[{"count":0,"href":"https:\/\/www.pomposaresidence.com\/fr\/wp-json\/wp\/v2\/pages\/361\/revisions"}],"wp:attachment":[{"href":"https:\/\/www.pomposaresidence.com\/fr\/wp-json\/wp\/v2\/media?parent=361"}],"curies":[{"name":"wp","href":"https:\/\/api.w.org\/{rel}","templated":true}]}}