   {"id":322,"date":"2025-01-31T14:33:34","date_gmt":"2025-01-31T14:33:34","guid":{"rendered":"https:\/\/pomposa-residence.ms2.decms.eu\/?page_id=322"},"modified":"2025-03-28T15:38:51","modified_gmt":"2025-03-28T15:38:51","slug":"pomposa-residence","status":"publish","type":"page","link":"https:\/\/www.pomposaresidence.com\/fr\/","title":{"rendered":"Pomposa Residence"},"content":{"rendered":"<p>Tranquillit\u00e9, intimit\u00e9, commodit\u00e9 : voici les mots d&rsquo;ordre pour des vacances au Pomposa Residence, notre h\u00f4tel et r\u00e9sidence 3 \u00e9toiles \u00e0 Lido di Pomposa, localit\u00e9 des sept Lidi Comacchio, une r\u00e9gion riche en itin\u00e9raires naturels et culturels au c\u0153ur du Parc du Delta du P\u00f4, en \u00c9milie-Romagne.<\/p>\n<p>&nbsp;<\/p>\n<p>Au Pomposa Residence, nous mettons \u00e0 votre disposition nos bungalows, dans lesquels vous trouverez tout ce dont vous avez besoin pour des vacances faciles et ind\u00e9pendantes, comme un coin cuisine et un espace ext\u00e9rieur avec barbecue.<br \/>\nCependant, si vous pr\u00e9f\u00e9rez, vous pouvez b\u00e9n\u00e9ficier de tous les services d&rsquo;un h\u00f4tel : nous avons en effet un restaurant, un service d&rsquo;animation, une plage voisine avec accord&#8230; il ne manque pratiquement rien pour des vacances comme vous les d\u00e9sirez !<\/p>\n","protected":false},"excerpt":{"rendered":"<p>Tranquillit\u00e9, intimit\u00e9, commodit\u00e9 : voici les mots d&rsquo;ordre pour des vacances au Pomposa Residence, notre h\u00f4tel et r\u00e9sidence 3 \u00e9toiles \u00e0 Lido di Pomposa, localit\u00e9 des sept Lidi Comacchio, une r\u00e9gion riche en itin\u00e9raires naturels et culturels au c\u0153ur du Parc du Delta du P\u00f4, en \u00c9milie-Romagne. &nbsp; Au Pomposa Residence, nous mettons \u00e0 votre [&hellip;]<\/p>\n","protected":false},"author":13,"featured_media":0,"parent":0,"menu_order":0,"comment_status":"closed","ping_status":"open","template":"","meta":{"footnotes":""},"yoast_head":"<!-- This site is optimized with the Yoast SEO plugin v22.3 - https:\/\/yoast.com\/wordpress\/plugins\/seo\/ -->\n<title>Pomposa Residence - Pomposa Residence -<\/title>\n<meta name=\"description\" content=\"Tranquillit\u00e9, intimit\u00e9, commodit\u00e9 : voici les mots d&#039;ordre pour des vacances au Pomposa Residence, notre h\u00f4tel et r\u00e9sidence 3 \u00e9toiles \u00e0 Lido di Pomposa, localit\u00e9 des sept Lidi Comacchio, une r\u00e9gion riche en itin\u00e9raires naturels et culturels au c\u0153ur du Parc du Delta du P\u00f4, en \u00c9milie-Romagne.  &nbsp;  Au Pomposa Residence, nous mettons \u00e0 votre disposition nos bungalows, dans lesquels vous trouverez tout ce dont vous avez besoin pour des vacances faciles et ind\u00e9pendantes, comme un coin cuisine et un espace ext\u00e9rieur avec barbecue. Cependant, si vous pr\u00e9f\u00e9rez, vous pouvez b\u00e9n\u00e9ficier de tous les services d&#039;un h\u00f4tel : nous avons en effet un restaurant, un service d&#039;animation, une plage voisine avec accord... il ne manque pratiquement rien pour des vacances comme vous les d\u00e9sirez !\" \/>\n<meta name=\"robots\" content=\"index, follow, max-snippet:-1, max-image-preview:large, max-video-preview:-1\" \/>\n<link rel=\"canonical\" href=\"https:\/\/www.pomposaresidence.com\/fr\/\" \/>\n<meta property=\"og:locale\" content=\"fr_FR\" \/>\n<meta property=\"og:type\" content=\"article\" \/>\n<meta property=\"og:title\" content=\"Pomposa Residence - Pomposa Residence -\" \/>\n<meta property=\"og:description\" content=\"Tranquillit\u00e9, intimit\u00e9, commodit\u00e9 : voici les mots d&#039;ordre pour des vacances au Pomposa Residence, notre h\u00f4tel et r\u00e9sidence 3 \u00e9toiles \u00e0 Lido di Pomposa, localit\u00e9 des sept Lidi Comacchio, une r\u00e9gion riche en itin\u00e9raires naturels et culturels au c\u0153ur du Parc du Delta du P\u00f4, en \u00c9milie-Romagne.  &nbsp;  Au Pomposa Residence, nous mettons \u00e0 votre disposition nos bungalows, dans lesquels vous trouverez tout ce dont vous avez besoin pour des vacances faciles et ind\u00e9pendantes, comme un coin cuisine et un espace ext\u00e9rieur avec barbecue. Cependant, si vous pr\u00e9f\u00e9rez, vous pouvez b\u00e9n\u00e9ficier de tous les services d&#039;un h\u00f4tel : nous avons en effet un restaurant, un service d&#039;animation, une plage voisine avec accord... il ne manque pratiquement rien pour des vacances comme vous les d\u00e9sirez !\" \/>\n<meta property=\"og:url\" content=\"https:\/\/www.pomposaresidence.com\/fr\/\" \/>\n<meta property=\"og:site_name\" content=\"Pomposa Residence\" \/>\n<meta property=\"article:publisher\" content=\"https:\/\/facebook.com\/tomasitourism\" \/>\n<meta property=\"article:modified_time\" content=\"2025-03-28T15:38:51+00:00\" \/>\n<meta property=\"og:image\" content=\"https:\/\/www.pomposaresidence.com\/wp-content\/uploads\/sites\/211\/2025\/02\/pomposa_residence_slide02.jpg\" \/>\n\t<meta property=\"og:image:width\" content=\"2200\" \/>\n\t<meta property=\"og:image:height\" content=\"1200\" \/>\n\t<meta property=\"og:image:type\" content=\"image\/jpeg\" \/>\n<meta name=\"twitter:card\" content=\"summary_large_image\" \/>\n<meta name=\"twitter:label1\" content=\"Dur\u00e9e de lecture estim\u00e9e\" \/>\n\t<meta name=\"twitter:data1\" content=\"1 minute\" \/>\n<script type=\"application\/ld+json\" class=\"yoast-schema-graph\">{\"@context\":\"https:\/\/schema.org\",\"@graph\":[{\"@type\":\"WebPage\",\"@id\":\"https:\/\/www.pomposaresidence.com\/fr\/\",\"url\":\"https:\/\/www.pomposaresidence.com\/fr\/\",\"name\":\"Pomposa Residence - Pomposa Residence -\",\"isPartOf\":{\"@id\":\"https:\/\/www.pomposaresidence.com\/fr\/#website\"},\"datePublished\":\"2025-01-31T14:33:34+00:00\",\"dateModified\":\"2025-03-28T15:38:51+00:00\",\"description\":\"Tranquillit\u00e9, intimit\u00e9, commodit\u00e9 : voici les mots d'ordre pour des vacances au Pomposa Residence, notre h\u00f4tel et r\u00e9sidence 3 \u00e9toiles \u00e0 Lido di Pomposa, localit\u00e9 des sept Lidi Comacchio, une r\u00e9gion riche en itin\u00e9raires naturels et culturels au c\u0153ur du Parc du Delta du P\u00f4, en \u00c9milie-Romagne. &nbsp; Au Pomposa Residence, nous mettons \u00e0 votre disposition nos bungalows, dans lesquels vous trouverez tout ce dont vous avez besoin pour des vacances faciles et ind\u00e9pendantes, comme un coin cuisine et un espace ext\u00e9rieur avec barbecue. Cependant, si vous pr\u00e9f\u00e9rez, vous pouvez b\u00e9n\u00e9ficier de tous les services d'un h\u00f4tel : nous avons en effet un restaurant, un service d'animation, une plage voisine avec accord... il ne manque pratiquement rien pour des vacances comme vous les d\u00e9sirez !\",\"breadcrumb\":{\"@id\":\"https:\/\/www.pomposaresidence.com\/fr\/#breadcrumb\"},\"inLanguage\":\"fr-FR\",\"potentialAction\":[{\"@type\":\"ReadAction\",\"target\":[\"https:\/\/www.pomposaresidence.com\/fr\/\"]}]},{\"@type\":\"BreadcrumbList\",\"@id\":\"https:\/\/www.pomposaresidence.com\/fr\/#breadcrumb\",\"itemListElement\":[{\"@type\":\"ListItem\",\"position\":1,\"name\":\"Home\",\"item\":\"https:\/\/www.pomposaresidence.com\/fr\/\"},{\"@type\":\"ListItem\",\"position\":2,\"name\":\"Pomposa Residence\"}]},{\"@type\":\"WebSite\",\"@id\":\"https:\/\/www.pomposaresidence.com\/fr\/#website\",\"url\":\"https:\/\/www.pomposaresidence.com\/fr\/\",\"name\":\"Pomposa Residence\",\"description\":\"\",\"publisher\":{\"@id\":\"https:\/\/www.pomposaresidence.com\/fr\/#organization\"},\"potentialAction\":[{\"@type\":\"SearchAction\",\"target\":{\"@type\":\"EntryPoint\",\"urlTemplate\":\"https:\/\/www.pomposaresidence.com\/fr\/?s={search_term_string}\"},\"query-input\":\"required name=search_term_string\"}],\"inLanguage\":\"fr-FR\"},{\"@type\":\"Organization\",\"@id\":\"https:\/\/www.pomposaresidence.com\/fr\/#organization\",\"name\":\"Pomposa Residence\",\"url\":\"https:\/\/www.pomposaresidence.com\/fr\/\",\"logo\":{\"@type\":\"ImageObject\",\"inLanguage\":\"fr-FR\",\"@id\":\"https:\/\/www.pomposaresidence.com\/fr\/#\/schema\/logo\/image\/\",\"url\":\"https:\/\/www.pomposaresidence.com\/wp-content\/uploads\/sites\/211\/2025\/01\/Pomposa-Residence.png\",\"contentUrl\":\"https:\/\/www.pomposaresidence.com\/wp-content\/uploads\/sites\/211\/2025\/01\/Pomposa-Residence.png\",\"width\":194,\"height\":58,\"caption\":\"Pomposa Residence\"},\"image\":{\"@id\":\"https:\/\/www.pomposaresidence.com\/fr\/#\/schema\/logo\/image\/\"},\"sameAs\":[\"https:\/\/facebook.com\/tomasitourism\",\"https:\/\/www.instagram.com\/tomasitourism\/\"]}]}<\/script>\n<!-- \/ Yoast SEO plugin. -->","yoast_head_json":{"title":"Pomposa Residence - Pomposa Residence -","description":"Tranquillit\u00e9, intimit\u00e9, commodit\u00e9 : voici les mots d'ordre pour des vacances au Pomposa Residence, notre h\u00f4tel et r\u00e9sidence 3 \u00e9toiles \u00e0 Lido di Pomposa, localit\u00e9 des sept Lidi Comacchio, une r\u00e9gion riche en itin\u00e9raires naturels et culturels au c\u0153ur du Parc du Delta du P\u00f4, en \u00c9milie-Romagne.  &nbsp;  Au Pomposa Residence, nous mettons \u00e0 votre disposition nos bungalows, dans lesquels vous trouverez tout ce dont vous avez besoin pour des vacances faciles et ind\u00e9pendantes, comme un coin cuisine et un espace ext\u00e9rieur avec barbecue. Cependant, si vous pr\u00e9f\u00e9rez, vous pouvez b\u00e9n\u00e9ficier de tous les services d'un h\u00f4tel : nous avons en effet un restaurant, un service d'animation, une plage voisine avec accord... il ne manque pratiquement rien pour des vacances comme vous les d\u00e9sirez !","robots":{"index":"index","follow":"follow","max-snippet":"max-snippet:-1","max-image-preview":"max-image-preview:large","max-video-preview":"max-video-preview:-1"},"canonical":"https:\/\/www.pomposaresidence.com\/fr\/","og_locale":"fr_FR","og_type":"article","og_title":"Pomposa Residence - Pomposa Residence -","og_description":"Tranquillit\u00e9, intimit\u00e9, commodit\u00e9 : voici les mots d'ordre pour des vacances au Pomposa Residence, notre h\u00f4tel et r\u00e9sidence 3 \u00e9toiles \u00e0 Lido di Pomposa, localit\u00e9 des sept Lidi Comacchio, une r\u00e9gion riche en itin\u00e9raires naturels et culturels au c\u0153ur du Parc du Delta du P\u00f4, en \u00c9milie-Romagne.  &nbsp;  Au Pomposa Residence, nous mettons \u00e0 votre disposition nos bungalows, dans lesquels vous trouverez tout ce dont vous avez besoin pour des vacances faciles et ind\u00e9pendantes, comme un coin cuisine et un espace ext\u00e9rieur avec barbecue. Cependant, si vous pr\u00e9f\u00e9rez, vous pouvez b\u00e9n\u00e9ficier de tous les services d'un h\u00f4tel : nous avons en effet un restaurant, un service d'animation, une plage voisine avec accord... il ne manque pratiquement rien pour des vacances comme vous les d\u00e9sirez !","og_url":"https:\/\/www.pomposaresidence.com\/fr\/","og_site_name":"Pomposa Residence","article_publisher":"https:\/\/facebook.com\/tomasitourism","article_modified_time":"2025-03-28T15:38:51+00:00","og_image":[{"width":2200,"height":1200,"url":"https:\/\/www.pomposaresidence.com\/wp-content\/uploads\/sites\/211\/2025\/02\/pomposa_residence_slide02.jpg","type":"image\/jpeg"}],"twitter_card":"summary_large_image","twitter_misc":{"Dur\u00e9e de lecture estim\u00e9e":"1 minute"},"schema":{"@context":"https:\/\/schema.org","@graph":[{"@type":"WebPage","@id":"https:\/\/www.pomposaresidence.com\/fr\/","url":"https:\/\/www.pomposaresidence.com\/fr\/","name":"Pomposa Residence - Pomposa Residence -","isPartOf":{"@id":"https:\/\/www.pomposaresidence.com\/fr\/#website"},"datePublished":"2025-01-31T14:33:34+00:00","dateModified":"2025-03-28T15:38:51+00:00","description":"Tranquillit\u00e9, intimit\u00e9, commodit\u00e9 : voici les mots d'ordre pour des vacances au Pomposa Residence, notre h\u00f4tel et r\u00e9sidence 3 \u00e9toiles \u00e0 Lido di Pomposa, localit\u00e9 des sept Lidi Comacchio, une r\u00e9gion riche en itin\u00e9raires naturels et culturels au c\u0153ur du Parc du Delta du P\u00f4, en \u00c9milie-Romagne. &nbsp; Au Pomposa Residence, nous mettons \u00e0 votre disposition nos bungalows, dans lesquels vous trouverez tout ce dont vous avez besoin pour des vacances faciles et ind\u00e9pendantes, comme un coin cuisine et un espace ext\u00e9rieur avec barbecue. Cependant, si vous pr\u00e9f\u00e9rez, vous pouvez b\u00e9n\u00e9ficier de tous les services d'un h\u00f4tel : nous avons en effet un restaurant, un service d'animation, une plage voisine avec accord... il ne manque pratiquement rien pour des vacances comme vous les d\u00e9sirez !","breadcrumb":{"@id":"https:\/\/www.pomposaresidence.com\/fr\/#breadcrumb"},"inLanguage":"fr-FR","potentialAction":[{"@type":"ReadAction","target":["https:\/\/www.pomposaresidence.com\/fr\/"]}]},{"@type":"BreadcrumbList","@id":"https:\/\/www.pomposaresidence.com\/fr\/#breadcrumb","itemListElement":[{"@type":"ListItem","position":1,"name":"Home","item":"https:\/\/www.pomposaresidence.com\/fr\/"},{"@type":"ListItem","position":2,"name":"Pomposa Residence"}]},{"@type":"WebSite","@id":"https:\/\/www.pomposaresidence.com\/fr\/#website","url":"https:\/\/www.pomposaresidence.com\/fr\/","name":"Pomposa Residence","description":"","publisher":{"@id":"https:\/\/www.pomposaresidence.com\/fr\/#organization"},"potentialAction":[{"@type":"SearchAction","target":{"@type":"EntryPoint","urlTemplate":"https:\/\/www.pomposaresidence.com\/fr\/?s={search_term_string}"},"query-input":"required name=search_term_string"}],"inLanguage":"fr-FR"},{"@type":"Organization","@id":"https:\/\/www.pomposaresidence.com\/fr\/#organization","name":"Pomposa Residence","url":"https:\/\/www.pomposaresidence.com\/fr\/","logo":{"@type":"ImageObject","inLanguage":"fr-FR","@id":"https:\/\/www.pomposaresidence.com\/fr\/#\/schema\/logo\/image\/","url":"https:\/\/www.pomposaresidence.com\/wp-content\/uploads\/sites\/211\/2025\/01\/Pomposa-Residence.png","contentUrl":"https:\/\/www.pomposaresidence.com\/wp-content\/uploads\/sites\/211\/2025\/01\/Pomposa-Residence.png","width":194,"height":58,"caption":"Pomposa Residence"},"image":{"@id":"https:\/\/www.pomposaresidence.com\/fr\/#\/schema\/logo\/image\/"},"sameAs":["https:\/\/facebook.com\/tomasitourism","https:\/\/www.instagram.com\/tomasitourism\/"]}]}},"acf":[],"_links":{"self":[{"href":"https:\/\/www.pomposaresidence.com\/fr\/wp-json\/wp\/v2\/pages\/322"}],"collection":[{"href":"https:\/\/www.pomposaresidence.com\/fr\/wp-json\/wp\/v2\/pages"}],"about":[{"href":"https:\/\/www.pomposaresidence.com\/fr\/wp-json\/wp\/v2\/types\/page"}],"author":[{"embeddable":true,"href":"https:\/\/www.pomposaresidence.com\/fr\/wp-json\/wp\/v2\/users\/13"}],"replies":[{"embeddable":true,"href":"https:\/\/www.pomposaresidence.com\/fr\/wp-json\/wp\/v2\/comments?post=322"}],"version-history":[{"count":0,"href":"https:\/\/www.pomposaresidence.com\/fr\/wp-json\/wp\/v2\/pages\/322\/revisions"}],"wp:attachment":[{"href":"https:\/\/www.pomposaresidence.com\/fr\/wp-json\/wp\/v2\/media?parent=322"}],"curies":[{"name":"wp","href":"https:\/\/api.w.org\/{rel}","templated":true}]}}