   {"id":530,"date":"2025-02-05T10:40:22","date_gmt":"2025-02-05T10:40:22","guid":{"rendered":"https:\/\/www.pomposaresidence.com\/?page_id=530"},"modified":"2025-03-28T14:30:20","modified_gmt":"2025-03-28T14:30:20","slug":"venedig","status":"publish","type":"page","link":"https:\/\/www.pomposaresidence.com\/de\/umgebung\/venedig\/","title":{"rendered":"Venedig"},"content":{"rendered":"<p>Venedig, im Nordosten Italiens gelegen, ist eine der ber\u00fchmtesten St\u00e4dte der Welt, bekannt f\u00fcr ihre faszinierende Geschichte, einzigartige Architektur und malerischen Kan\u00e4le. Die im Jahr 421 gegr\u00fcndete Stadt entwickelte sich auf einem Archipel von Inseln in der venezianischen Lagune und wurde aufgrund ihrer strategischen Lage und ihres Handels zu einer der wichtigsten Seem\u00e4chte des Mittelalters.<br \/>\nDas pulsierende Herz Venedigs ist das Kanalsystem, das die Stadt durchzieht und sie in mehrere Inseln aufteilt. Der Gran Canal, die wichtigste Wasserstra\u00dfe, ist von historischen Pal\u00e4sten ges\u00e4umt, w\u00e4hrend Gondeln das traditionelle Transportmittel sind, mit dem Touristen die Stadt erkunden.<br \/>\nVenedig ist ber\u00fchmt f\u00fcr seine Br\u00fccken, darunter die Rialtobr\u00fccke, die \u00e4lteste und bekannteste, und die Seufzerbr\u00fccke, die den Dogenpalast mit dem Gef\u00e4ngnis verbindet. Jede Br\u00fccke ist ein Symbol der Stadt und bietet spektakul\u00e4re Ausblicke auf die Kan\u00e4le.<\/p>\n","protected":false},"excerpt":{"rendered":"<p>Venedig, im Nordosten Italiens gelegen, ist eine der ber\u00fchmtesten St\u00e4dte der Welt, bekannt f\u00fcr ihre faszinierende Geschichte, einzigartige Architektur und malerischen Kan\u00e4le. Die im Jahr 421 gegr\u00fcndete Stadt entwickelte sich auf einem Archipel von Inseln in der venezianischen Lagune und wurde aufgrund ihrer strategischen Lage und ihres Handels zu einer der wichtigsten Seem\u00e4chte des Mittelalters. [&hellip;]<\/p>\n","protected":false},"author":13,"featured_media":0,"parent":496,"menu_order":25,"comment_status":"closed","ping_status":"closed","template":"template-territory-single.php","meta":{"footnotes":""},"yoast_head":"<!-- This site is optimized with the Yoast SEO plugin v22.3 - https:\/\/yoast.com\/wordpress\/plugins\/seo\/ -->\n<title>Venedig - Pomposa Residence -<\/title>\n<meta name=\"description\" content=\"Venedig, im Nordosten Italiens gelegen, ist eine der ber\u00fchmtesten St\u00e4dte der Welt, bekannt f\u00fcr ihre faszinierende Geschichte, einzigartige Architektur und malerischen Kan\u00e4le. Die im Jahr 421 gegr\u00fcndete Stadt entwickelte sich auf einem Archipel von Inseln in der venezianischen Lagune und wurde aufgrund ihrer strategischen Lage und ihres Handels zu einer der wichtigsten Seem\u00e4chte des Mittelalters. Das pulsierende Herz Venedigs ist das Kanalsystem, das die Stadt durchzieht und sie in mehrere Inseln aufteilt\" \/>\n<meta name=\"robots\" content=\"index, follow, max-snippet:-1, max-image-preview:large, max-video-preview:-1\" \/>\n<link rel=\"canonical\" href=\"https:\/\/www.pomposaresidence.com\/de\/umgebung\/venedig\/\" \/>\n<meta property=\"og:locale\" content=\"de_DE\" \/>\n<meta property=\"og:type\" content=\"article\" \/>\n<meta property=\"og:title\" content=\"Venedig - Pomposa Residence -\" \/>\n<meta property=\"og:description\" content=\"Venedig, im Nordosten Italiens gelegen, ist eine der ber\u00fchmtesten St\u00e4dte der Welt, bekannt f\u00fcr ihre faszinierende Geschichte, einzigartige Architektur und malerischen Kan\u00e4le. Die im Jahr 421 gegr\u00fcndete Stadt entwickelte sich auf einem Archipel von Inseln in der venezianischen Lagune und wurde aufgrund ihrer strategischen Lage und ihres Handels zu einer der wichtigsten Seem\u00e4chte des Mittelalters. Das pulsierende Herz Venedigs ist das Kanalsystem, das die Stadt durchzieht und sie in mehrere Inseln aufteilt\" \/>\n<meta property=\"og:url\" content=\"https:\/\/www.pomposaresidence.com\/de\/umgebung\/venedig\/\" \/>\n<meta property=\"og:site_name\" content=\"Pomposa Residence\" \/>\n<meta property=\"article:publisher\" content=\"https:\/\/facebook.com\/tomasitourism\" \/>\n<meta property=\"article:modified_time\" content=\"2025-03-28T14:30:20+00:00\" \/>\n<meta property=\"og:image\" content=\"https:\/\/www.pomposaresidence.com\/wp-content\/uploads\/sites\/211\/2025\/02\/pomposa_residence_slide02.jpg\" \/>\n\t<meta property=\"og:image:width\" content=\"2200\" \/>\n\t<meta property=\"og:image:height\" content=\"1200\" \/>\n\t<meta property=\"og:image:type\" content=\"image\/jpeg\" \/>\n<meta name=\"twitter:card\" content=\"summary_large_image\" \/>\n<meta name=\"twitter:label1\" content=\"Gesch\u00e4tzte Lesezeit\" \/>\n\t<meta name=\"twitter:data1\" content=\"1 Minute\" \/>\n<script type=\"application\/ld+json\" class=\"yoast-schema-graph\">{\"@context\":\"https:\/\/schema.org\",\"@graph\":[{\"@type\":\"WebPage\",\"@id\":\"https:\/\/www.pomposaresidence.com\/de\/umgebung\/venedig\/\",\"url\":\"https:\/\/www.pomposaresidence.com\/de\/umgebung\/venedig\/\",\"name\":\"Venedig - Pomposa Residence -\",\"isPartOf\":{\"@id\":\"https:\/\/www.pomposaresidence.com\/de\/#website\"},\"datePublished\":\"2025-02-05T10:40:22+00:00\",\"dateModified\":\"2025-03-28T14:30:20+00:00\",\"description\":\"Venedig, im Nordosten Italiens gelegen, ist eine der ber\u00fchmtesten St\u00e4dte der Welt, bekannt f\u00fcr ihre faszinierende Geschichte, einzigartige Architektur und malerischen Kan\u00e4le. Die im Jahr 421 gegr\u00fcndete Stadt entwickelte sich auf einem Archipel von Inseln in der venezianischen Lagune und wurde aufgrund ihrer strategischen Lage und ihres Handels zu einer der wichtigsten Seem\u00e4chte des Mittelalters. Das pulsierende Herz Venedigs ist das Kanalsystem, das die Stadt durchzieht und sie in mehrere Inseln aufteilt\",\"breadcrumb\":{\"@id\":\"https:\/\/www.pomposaresidence.com\/de\/umgebung\/venedig\/#breadcrumb\"},\"inLanguage\":\"de-DE\",\"potentialAction\":[{\"@type\":\"ReadAction\",\"target\":[\"https:\/\/www.pomposaresidence.com\/de\/umgebung\/venedig\/\"]}]},{\"@type\":\"BreadcrumbList\",\"@id\":\"https:\/\/www.pomposaresidence.com\/de\/umgebung\/venedig\/#breadcrumb\",\"itemListElement\":[{\"@type\":\"ListItem\",\"position\":1,\"name\":\"Home\",\"item\":\"https:\/\/www.pomposaresidence.com\/de\/\"},{\"@type\":\"ListItem\",\"position\":2,\"name\":\"Umgebung\",\"item\":\"https:\/\/www.pomposaresidence.com\/de\/umgebung\/\"},{\"@type\":\"ListItem\",\"position\":3,\"name\":\"Venedig\"}]},{\"@type\":\"WebSite\",\"@id\":\"https:\/\/www.pomposaresidence.com\/de\/#website\",\"url\":\"https:\/\/www.pomposaresidence.com\/de\/\",\"name\":\"Pomposa Residence\",\"description\":\"\",\"publisher\":{\"@id\":\"https:\/\/www.pomposaresidence.com\/de\/#organization\"},\"potentialAction\":[{\"@type\":\"SearchAction\",\"target\":{\"@type\":\"EntryPoint\",\"urlTemplate\":\"https:\/\/www.pomposaresidence.com\/de\/?s={search_term_string}\"},\"query-input\":\"required name=search_term_string\"}],\"inLanguage\":\"de-DE\"},{\"@type\":\"Organization\",\"@id\":\"https:\/\/www.pomposaresidence.com\/de\/#organization\",\"name\":\"Pomposa Residence\",\"url\":\"https:\/\/www.pomposaresidence.com\/de\/\",\"logo\":{\"@type\":\"ImageObject\",\"inLanguage\":\"de-DE\",\"@id\":\"https:\/\/www.pomposaresidence.com\/de\/#\/schema\/logo\/image\/\",\"url\":\"https:\/\/www.pomposaresidence.com\/wp-content\/uploads\/sites\/211\/2025\/01\/Pomposa-Residence.png\",\"contentUrl\":\"https:\/\/www.pomposaresidence.com\/wp-content\/uploads\/sites\/211\/2025\/01\/Pomposa-Residence.png\",\"width\":194,\"height\":58,\"caption\":\"Pomposa Residence\"},\"image\":{\"@id\":\"https:\/\/www.pomposaresidence.com\/de\/#\/schema\/logo\/image\/\"},\"sameAs\":[\"https:\/\/facebook.com\/tomasitourism\",\"https:\/\/www.instagram.com\/tomasitourism\/\"]}]}<\/script>\n<!-- \/ Yoast SEO plugin. -->","yoast_head_json":{"title":"Venedig - Pomposa Residence -","description":"Venedig, im Nordosten Italiens gelegen, ist eine der ber\u00fchmtesten St\u00e4dte der Welt, bekannt f\u00fcr ihre faszinierende Geschichte, einzigartige Architektur und malerischen Kan\u00e4le. Die im Jahr 421 gegr\u00fcndete Stadt entwickelte sich auf einem Archipel von Inseln in der venezianischen Lagune und wurde aufgrund ihrer strategischen Lage und ihres Handels zu einer der wichtigsten Seem\u00e4chte des Mittelalters. Das pulsierende Herz Venedigs ist das Kanalsystem, das die Stadt durchzieht und sie in mehrere Inseln aufteilt","robots":{"index":"index","follow":"follow","max-snippet":"max-snippet:-1","max-image-preview":"max-image-preview:large","max-video-preview":"max-video-preview:-1"},"canonical":"https:\/\/www.pomposaresidence.com\/de\/umgebung\/venedig\/","og_locale":"de_DE","og_type":"article","og_title":"Venedig - Pomposa Residence -","og_description":"Venedig, im Nordosten Italiens gelegen, ist eine der ber\u00fchmtesten St\u00e4dte der Welt, bekannt f\u00fcr ihre faszinierende Geschichte, einzigartige Architektur und malerischen Kan\u00e4le. Die im Jahr 421 gegr\u00fcndete Stadt entwickelte sich auf einem Archipel von Inseln in der venezianischen Lagune und wurde aufgrund ihrer strategischen Lage und ihres Handels zu einer der wichtigsten Seem\u00e4chte des Mittelalters. Das pulsierende Herz Venedigs ist das Kanalsystem, das die Stadt durchzieht und sie in mehrere Inseln aufteilt","og_url":"https:\/\/www.pomposaresidence.com\/de\/umgebung\/venedig\/","og_site_name":"Pomposa Residence","article_publisher":"https:\/\/facebook.com\/tomasitourism","article_modified_time":"2025-03-28T14:30:20+00:00","og_image":[{"width":2200,"height":1200,"url":"https:\/\/www.pomposaresidence.com\/wp-content\/uploads\/sites\/211\/2025\/02\/pomposa_residence_slide02.jpg","type":"image\/jpeg"}],"twitter_card":"summary_large_image","twitter_misc":{"Gesch\u00e4tzte Lesezeit":"1 Minute"},"schema":{"@context":"https:\/\/schema.org","@graph":[{"@type":"WebPage","@id":"https:\/\/www.pomposaresidence.com\/de\/umgebung\/venedig\/","url":"https:\/\/www.pomposaresidence.com\/de\/umgebung\/venedig\/","name":"Venedig - Pomposa Residence -","isPartOf":{"@id":"https:\/\/www.pomposaresidence.com\/de\/#website"},"datePublished":"2025-02-05T10:40:22+00:00","dateModified":"2025-03-28T14:30:20+00:00","description":"Venedig, im Nordosten Italiens gelegen, ist eine der ber\u00fchmtesten St\u00e4dte der Welt, bekannt f\u00fcr ihre faszinierende Geschichte, einzigartige Architektur und malerischen Kan\u00e4le. Die im Jahr 421 gegr\u00fcndete Stadt entwickelte sich auf einem Archipel von Inseln in der venezianischen Lagune und wurde aufgrund ihrer strategischen Lage und ihres Handels zu einer der wichtigsten Seem\u00e4chte des Mittelalters. Das pulsierende Herz Venedigs ist das Kanalsystem, das die Stadt durchzieht und sie in mehrere Inseln aufteilt","breadcrumb":{"@id":"https:\/\/www.pomposaresidence.com\/de\/umgebung\/venedig\/#breadcrumb"},"inLanguage":"de-DE","potentialAction":[{"@type":"ReadAction","target":["https:\/\/www.pomposaresidence.com\/de\/umgebung\/venedig\/"]}]},{"@type":"BreadcrumbList","@id":"https:\/\/www.pomposaresidence.com\/de\/umgebung\/venedig\/#breadcrumb","itemListElement":[{"@type":"ListItem","position":1,"name":"Home","item":"https:\/\/www.pomposaresidence.com\/de\/"},{"@type":"ListItem","position":2,"name":"Umgebung","item":"https:\/\/www.pomposaresidence.com\/de\/umgebung\/"},{"@type":"ListItem","position":3,"name":"Venedig"}]},{"@type":"WebSite","@id":"https:\/\/www.pomposaresidence.com\/de\/#website","url":"https:\/\/www.pomposaresidence.com\/de\/","name":"Pomposa Residence","description":"","publisher":{"@id":"https:\/\/www.pomposaresidence.com\/de\/#organization"},"potentialAction":[{"@type":"SearchAction","target":{"@type":"EntryPoint","urlTemplate":"https:\/\/www.pomposaresidence.com\/de\/?s={search_term_string}"},"query-input":"required name=search_term_string"}],"inLanguage":"de-DE"},{"@type":"Organization","@id":"https:\/\/www.pomposaresidence.com\/de\/#organization","name":"Pomposa Residence","url":"https:\/\/www.pomposaresidence.com\/de\/","logo":{"@type":"ImageObject","inLanguage":"de-DE","@id":"https:\/\/www.pomposaresidence.com\/de\/#\/schema\/logo\/image\/","url":"https:\/\/www.pomposaresidence.com\/wp-content\/uploads\/sites\/211\/2025\/01\/Pomposa-Residence.png","contentUrl":"https:\/\/www.pomposaresidence.com\/wp-content\/uploads\/sites\/211\/2025\/01\/Pomposa-Residence.png","width":194,"height":58,"caption":"Pomposa Residence"},"image":{"@id":"https:\/\/www.pomposaresidence.com\/de\/#\/schema\/logo\/image\/"},"sameAs":["https:\/\/facebook.com\/tomasitourism","https:\/\/www.instagram.com\/tomasitourism\/"]}]}},"acf":[],"_links":{"self":[{"href":"https:\/\/www.pomposaresidence.com\/de\/wp-json\/wp\/v2\/pages\/530"}],"collection":[{"href":"https:\/\/www.pomposaresidence.com\/de\/wp-json\/wp\/v2\/pages"}],"about":[{"href":"https:\/\/www.pomposaresidence.com\/de\/wp-json\/wp\/v2\/types\/page"}],"author":[{"embeddable":true,"href":"https:\/\/www.pomposaresidence.com\/de\/wp-json\/wp\/v2\/users\/13"}],"replies":[{"embeddable":true,"href":"https:\/\/www.pomposaresidence.com\/de\/wp-json\/wp\/v2\/comments?post=530"}],"version-history":[{"count":0,"href":"https:\/\/www.pomposaresidence.com\/de\/wp-json\/wp\/v2\/pages\/530\/revisions"}],"up":[{"embeddable":true,"href":"https:\/\/www.pomposaresidence.com\/de\/wp-json\/wp\/v2\/pages\/496"}],"wp:attachment":[{"href":"https:\/\/www.pomposaresidence.com\/de\/wp-json\/wp\/v2\/media?parent=530"}],"curies":[{"name":"wp","href":"https:\/\/api.w.org\/{rel}","templated":true}]}}