   {"id":524,"date":"2025-02-05T10:26:29","date_gmt":"2025-02-05T10:26:29","guid":{"rendered":"https:\/\/www.pomposaresidence.com\/?page_id=524"},"modified":"2025-03-28T14:13:04","modified_gmt":"2025-03-28T14:13:04","slug":"ferrara","status":"publish","type":"page","link":"https:\/\/www.pomposaresidence.com\/de\/umgebung\/ferrara\/","title":{"rendered":"Ferrara"},"content":{"rendered":"<p>Ferrara liegt in der italienischen Region Emilia-Romagna und ist eine Stadt reich an Geschichte, Kunst und Kultur, deren Erbe bis ins Mittelalter und die Renaissance zur\u00fcckreicht. Ferrara ist f\u00fcr sein gut erhaltenes historisches Zentrum bekannt und wurde aufgrund seiner herausragenden st\u00e4dtebaulichen Gestaltung und historischen Denkm\u00e4ler von der UNESCO zum Weltkulturerbe erkl\u00e4rt. Die Stadt vereint einen gro\u00dfen historischen, k\u00fcnstlerischen und kulturellen Reichtum: Denkm\u00e4ler wie das Castello Estense und der Palazzo dei Diamanti sowie die Sch\u00f6nheit des historischen Zentrums und die Tradition der Renaissance machen Ferrara zu einem unverzichtbaren Ziel f\u00fcr alle, die eine der faszinierendsten und am besten erhaltenen St\u00e4dte Italiens erkunden m\u00f6chten.<\/p>\n","protected":false},"excerpt":{"rendered":"<p>Ferrara liegt in der italienischen Region Emilia-Romagna und ist eine Stadt reich an Geschichte, Kunst und Kultur, deren Erbe bis ins Mittelalter und die Renaissance zur\u00fcckreicht. Ferrara ist f\u00fcr sein gut erhaltenes historisches Zentrum bekannt und wurde aufgrund seiner herausragenden st\u00e4dtebaulichen Gestaltung und historischen Denkm\u00e4ler von der UNESCO zum Weltkulturerbe erkl\u00e4rt. Die Stadt vereint einen [&hellip;]<\/p>\n","protected":false},"author":13,"featured_media":0,"parent":496,"menu_order":20,"comment_status":"closed","ping_status":"closed","template":"template-territory-single.php","meta":{"footnotes":""},"class_list":["post-524","page","type-page","status-publish","hentry"],"yoast_head":"<!-- This site is optimized with the Yoast SEO plugin v27.3 - https:\/\/yoast.com\/product\/yoast-seo-wordpress\/ -->\n<title>Ferrara - Pomposa Residence -<\/title>\n<meta name=\"description\" content=\"Ferrara liegt in der italienischen Region Emilia-Romagna und ist eine Stadt reich an Geschichte, Kunst und Kultur, deren Erbe bis ins Mittelalter und die Renaissance zur\u00fcckreicht. Ferrara ist f\u00fcr sein gut erhaltenes historisches Zentrum bekannt und wurde aufgrund seiner herausragenden st\u00e4dtebaulichen Gestaltung und historischen Denkm\u00e4ler von der UNESCO zum Weltkulturerbe erkl\u00e4rt\" \/>\n<meta name=\"robots\" content=\"index, follow, max-snippet:-1, max-image-preview:large, max-video-preview:-1\" \/>\n<link rel=\"canonical\" href=\"https:\/\/www.pomposaresidence.com\/de\/umgebung\/ferrara\/\" \/>\n<meta property=\"og:locale\" content=\"de_DE\" \/>\n<meta property=\"og:type\" content=\"article\" \/>\n<meta property=\"og:title\" content=\"Ferrara - Pomposa Residence -\" \/>\n<meta property=\"og:description\" content=\"Ferrara liegt in der italienischen Region Emilia-Romagna und ist eine Stadt reich an Geschichte, Kunst und Kultur, deren Erbe bis ins Mittelalter und die Renaissance zur\u00fcckreicht. Ferrara ist f\u00fcr sein gut erhaltenes historisches Zentrum bekannt und wurde aufgrund seiner herausragenden st\u00e4dtebaulichen Gestaltung und historischen Denkm\u00e4ler von der UNESCO zum Weltkulturerbe erkl\u00e4rt\" \/>\n<meta property=\"og:url\" content=\"https:\/\/www.pomposaresidence.com\/de\/umgebung\/ferrara\/\" \/>\n<meta property=\"og:site_name\" content=\"Pomposa Residence\" \/>\n<meta property=\"article:publisher\" content=\"https:\/\/facebook.com\/tomasitourism\" \/>\n<meta property=\"article:modified_time\" content=\"2025-03-28T14:13:04+00:00\" \/>\n<meta property=\"og:image\" content=\"https:\/\/www.pomposaresidence.com\/wp-content\/uploads\/sites\/211\/2025\/02\/pomposa_residence_slide02.jpg\" \/>\n\t<meta property=\"og:image:width\" content=\"2200\" \/>\n\t<meta property=\"og:image:height\" content=\"1200\" \/>\n\t<meta property=\"og:image:type\" content=\"image\/jpeg\" \/>\n<meta name=\"twitter:card\" content=\"summary_large_image\" \/>\n<meta name=\"twitter:label1\" content=\"Gesch\u00e4tzte Lesezeit\" \/>\n\t<meta name=\"twitter:data1\" content=\"1 Minute\" \/>\n<script type=\"application\/ld+json\" class=\"yoast-schema-graph\">{\"@context\":\"https:\\\/\\\/schema.org\",\"@graph\":[{\"@type\":\"WebPage\",\"@id\":\"https:\\\/\\\/www.pomposaresidence.com\\\/de\\\/umgebung\\\/ferrara\\\/\",\"url\":\"https:\\\/\\\/www.pomposaresidence.com\\\/de\\\/umgebung\\\/ferrara\\\/\",\"name\":\"Ferrara - Pomposa Residence -\",\"isPartOf\":{\"@id\":\"https:\\\/\\\/www.pomposaresidence.com\\\/de\\\/#website\"},\"datePublished\":\"2025-02-05T10:26:29+00:00\",\"dateModified\":\"2025-03-28T14:13:04+00:00\",\"description\":\"Ferrara liegt in der italienischen Region Emilia-Romagna und ist eine Stadt reich an Geschichte, Kunst und Kultur, deren Erbe bis ins Mittelalter und die Renaissance zur\u00fcckreicht. Ferrara ist f\u00fcr sein gut erhaltenes historisches Zentrum bekannt und wurde aufgrund seiner herausragenden st\u00e4dtebaulichen Gestaltung und historischen Denkm\u00e4ler von der UNESCO zum Weltkulturerbe erkl\u00e4rt\",\"breadcrumb\":{\"@id\":\"https:\\\/\\\/www.pomposaresidence.com\\\/de\\\/umgebung\\\/ferrara\\\/#breadcrumb\"},\"inLanguage\":\"de-DE\",\"potentialAction\":[{\"@type\":\"ReadAction\",\"target\":[\"https:\\\/\\\/www.pomposaresidence.com\\\/de\\\/umgebung\\\/ferrara\\\/\"]}]},{\"@type\":\"BreadcrumbList\",\"@id\":\"https:\\\/\\\/www.pomposaresidence.com\\\/de\\\/umgebung\\\/ferrara\\\/#breadcrumb\",\"itemListElement\":[{\"@type\":\"ListItem\",\"position\":1,\"name\":\"Home\",\"item\":\"https:\\\/\\\/www.pomposaresidence.com\\\/de\\\/\"},{\"@type\":\"ListItem\",\"position\":2,\"name\":\"Umgebung\",\"item\":\"https:\\\/\\\/www.pomposaresidence.com\\\/de\\\/umgebung\\\/\"},{\"@type\":\"ListItem\",\"position\":3,\"name\":\"Ferrara\"}]},{\"@type\":\"WebSite\",\"@id\":\"https:\\\/\\\/www.pomposaresidence.com\\\/de\\\/#website\",\"url\":\"https:\\\/\\\/www.pomposaresidence.com\\\/de\\\/\",\"name\":\"Pomposa Residence\",\"description\":\"\",\"publisher\":{\"@id\":\"https:\\\/\\\/www.pomposaresidence.com\\\/de\\\/#organization\"},\"potentialAction\":[{\"@type\":\"SearchAction\",\"target\":{\"@type\":\"EntryPoint\",\"urlTemplate\":\"https:\\\/\\\/www.pomposaresidence.com\\\/de\\\/?s={search_term_string}\"},\"query-input\":{\"@type\":\"PropertyValueSpecification\",\"valueRequired\":true,\"valueName\":\"search_term_string\"}}],\"inLanguage\":\"de-DE\"},{\"@type\":\"Organization\",\"@id\":\"https:\\\/\\\/www.pomposaresidence.com\\\/de\\\/#organization\",\"name\":\"Pomposa Residence\",\"url\":\"https:\\\/\\\/www.pomposaresidence.com\\\/de\\\/\",\"logo\":{\"@type\":\"ImageObject\",\"inLanguage\":\"de-DE\",\"@id\":\"https:\\\/\\\/www.pomposaresidence.com\\\/de\\\/#\\\/schema\\\/logo\\\/image\\\/\",\"url\":\"https:\\\/\\\/www.pomposaresidence.com\\\/wp-content\\\/uploads\\\/sites\\\/211\\\/2025\\\/01\\\/Pomposa-Residence.png\",\"contentUrl\":\"https:\\\/\\\/www.pomposaresidence.com\\\/wp-content\\\/uploads\\\/sites\\\/211\\\/2025\\\/01\\\/Pomposa-Residence.png\",\"width\":194,\"height\":58,\"caption\":\"Pomposa Residence\"},\"image\":{\"@id\":\"https:\\\/\\\/www.pomposaresidence.com\\\/de\\\/#\\\/schema\\\/logo\\\/image\\\/\"},\"sameAs\":[\"https:\\\/\\\/facebook.com\\\/tomasitourism\",\"https:\\\/\\\/www.instagram.com\\\/tomasitourism\\\/\"]}]}<\/script>\n<!-- \/ Yoast SEO plugin. -->","yoast_head_json":{"title":"Ferrara - Pomposa Residence -","description":"Ferrara liegt in der italienischen Region Emilia-Romagna und ist eine Stadt reich an Geschichte, Kunst und Kultur, deren Erbe bis ins Mittelalter und die Renaissance zur\u00fcckreicht. Ferrara ist f\u00fcr sein gut erhaltenes historisches Zentrum bekannt und wurde aufgrund seiner herausragenden st\u00e4dtebaulichen Gestaltung und historischen Denkm\u00e4ler von der UNESCO zum Weltkulturerbe erkl\u00e4rt","robots":{"index":"index","follow":"follow","max-snippet":"max-snippet:-1","max-image-preview":"max-image-preview:large","max-video-preview":"max-video-preview:-1"},"canonical":"https:\/\/www.pomposaresidence.com\/de\/umgebung\/ferrara\/","og_locale":"de_DE","og_type":"article","og_title":"Ferrara - Pomposa Residence -","og_description":"Ferrara liegt in der italienischen Region Emilia-Romagna und ist eine Stadt reich an Geschichte, Kunst und Kultur, deren Erbe bis ins Mittelalter und die Renaissance zur\u00fcckreicht. Ferrara ist f\u00fcr sein gut erhaltenes historisches Zentrum bekannt und wurde aufgrund seiner herausragenden st\u00e4dtebaulichen Gestaltung und historischen Denkm\u00e4ler von der UNESCO zum Weltkulturerbe erkl\u00e4rt","og_url":"https:\/\/www.pomposaresidence.com\/de\/umgebung\/ferrara\/","og_site_name":"Pomposa Residence","article_publisher":"https:\/\/facebook.com\/tomasitourism","article_modified_time":"2025-03-28T14:13:04+00:00","og_image":[{"width":2200,"height":1200,"url":"https:\/\/www.pomposaresidence.com\/wp-content\/uploads\/sites\/211\/2025\/02\/pomposa_residence_slide02.jpg","type":"image\/jpeg"}],"twitter_card":"summary_large_image","twitter_misc":{"Gesch\u00e4tzte Lesezeit":"1 Minute"},"schema":{"@context":"https:\/\/schema.org","@graph":[{"@type":"WebPage","@id":"https:\/\/www.pomposaresidence.com\/de\/umgebung\/ferrara\/","url":"https:\/\/www.pomposaresidence.com\/de\/umgebung\/ferrara\/","name":"Ferrara - Pomposa Residence -","isPartOf":{"@id":"https:\/\/www.pomposaresidence.com\/de\/#website"},"datePublished":"2025-02-05T10:26:29+00:00","dateModified":"2025-03-28T14:13:04+00:00","description":"Ferrara liegt in der italienischen Region Emilia-Romagna und ist eine Stadt reich an Geschichte, Kunst und Kultur, deren Erbe bis ins Mittelalter und die Renaissance zur\u00fcckreicht. Ferrara ist f\u00fcr sein gut erhaltenes historisches Zentrum bekannt und wurde aufgrund seiner herausragenden st\u00e4dtebaulichen Gestaltung und historischen Denkm\u00e4ler von der UNESCO zum Weltkulturerbe erkl\u00e4rt","breadcrumb":{"@id":"https:\/\/www.pomposaresidence.com\/de\/umgebung\/ferrara\/#breadcrumb"},"inLanguage":"de-DE","potentialAction":[{"@type":"ReadAction","target":["https:\/\/www.pomposaresidence.com\/de\/umgebung\/ferrara\/"]}]},{"@type":"BreadcrumbList","@id":"https:\/\/www.pomposaresidence.com\/de\/umgebung\/ferrara\/#breadcrumb","itemListElement":[{"@type":"ListItem","position":1,"name":"Home","item":"https:\/\/www.pomposaresidence.com\/de\/"},{"@type":"ListItem","position":2,"name":"Umgebung","item":"https:\/\/www.pomposaresidence.com\/de\/umgebung\/"},{"@type":"ListItem","position":3,"name":"Ferrara"}]},{"@type":"WebSite","@id":"https:\/\/www.pomposaresidence.com\/de\/#website","url":"https:\/\/www.pomposaresidence.com\/de\/","name":"Pomposa Residence","description":"","publisher":{"@id":"https:\/\/www.pomposaresidence.com\/de\/#organization"},"potentialAction":[{"@type":"SearchAction","target":{"@type":"EntryPoint","urlTemplate":"https:\/\/www.pomposaresidence.com\/de\/?s={search_term_string}"},"query-input":{"@type":"PropertyValueSpecification","valueRequired":true,"valueName":"search_term_string"}}],"inLanguage":"de-DE"},{"@type":"Organization","@id":"https:\/\/www.pomposaresidence.com\/de\/#organization","name":"Pomposa Residence","url":"https:\/\/www.pomposaresidence.com\/de\/","logo":{"@type":"ImageObject","inLanguage":"de-DE","@id":"https:\/\/www.pomposaresidence.com\/de\/#\/schema\/logo\/image\/","url":"https:\/\/www.pomposaresidence.com\/wp-content\/uploads\/sites\/211\/2025\/01\/Pomposa-Residence.png","contentUrl":"https:\/\/www.pomposaresidence.com\/wp-content\/uploads\/sites\/211\/2025\/01\/Pomposa-Residence.png","width":194,"height":58,"caption":"Pomposa Residence"},"image":{"@id":"https:\/\/www.pomposaresidence.com\/de\/#\/schema\/logo\/image\/"},"sameAs":["https:\/\/facebook.com\/tomasitourism","https:\/\/www.instagram.com\/tomasitourism\/"]}]}},"acf":[],"_links":{"self":[{"href":"https:\/\/www.pomposaresidence.com\/de\/wp-json\/wp\/v2\/pages\/524","targetHints":{"allow":["GET"]}}],"collection":[{"href":"https:\/\/www.pomposaresidence.com\/de\/wp-json\/wp\/v2\/pages"}],"about":[{"href":"https:\/\/www.pomposaresidence.com\/de\/wp-json\/wp\/v2\/types\/page"}],"author":[{"embeddable":true,"href":"https:\/\/www.pomposaresidence.com\/de\/wp-json\/wp\/v2\/users\/13"}],"replies":[{"embeddable":true,"href":"https:\/\/www.pomposaresidence.com\/de\/wp-json\/wp\/v2\/comments?post=524"}],"version-history":[{"count":0,"href":"https:\/\/www.pomposaresidence.com\/de\/wp-json\/wp\/v2\/pages\/524\/revisions"}],"up":[{"embeddable":true,"href":"https:\/\/www.pomposaresidence.com\/de\/wp-json\/wp\/v2\/pages\/496"}],"wp:attachment":[{"href":"https:\/\/www.pomposaresidence.com\/de\/wp-json\/wp\/v2\/media?parent=524"}],"curies":[{"name":"wp","href":"https:\/\/api.w.org\/{rel}","templated":true}]}}