   {"id":484,"date":"2025-02-04T15:55:30","date_gmt":"2025-02-04T15:55:30","guid":{"rendered":"https:\/\/www.pomposaresidence.com\/?page_id=484"},"modified":"2025-05-05T08:59:33","modified_gmt":"2025-05-05T08:59:33","slug":"all-inclusive-urlaub","status":"publish","type":"page","link":"https:\/\/www.pomposaresidence.com\/de\/ihren-urlaub\/all-inclusive-urlaub\/","title":{"rendered":"All-Inclusive-Urlaub"},"content":{"rendered":"<p>Entspannen Sie sich und genie\u00dfen Sie jeden Moment unseres All-Inclusive-Urlaubs, der maximalen Komfort und Bequemlichkeit bietet. Machen Sie das Beste aus jedem Tag mit Vollpension, Bettw\u00e4sche und Handt\u00fcchern, t\u00e4glicher Reinigung der Unterkunft, Unterhaltung, Parkplatz, Strandservice, ohne sich Gedanken \u00fcber zus\u00e4tzliche Kosten machen zu m\u00fcssen. Perfekt f\u00fcr alle, die ein Rundum-Erlebnis suchen, bei dem jeder Wunsch erf\u00fcllt und jedes Detail ber\u00fccksichtigt wird.<\/p>\n","protected":false},"excerpt":{"rendered":"<p>Entspannen Sie sich und genie\u00dfen Sie jeden Moment unseres All-Inclusive-Urlaubs, der maximalen Komfort und Bequemlichkeit bietet. Machen Sie das Beste aus jedem Tag mit Vollpension, Bettw\u00e4sche und Handt\u00fcchern, t\u00e4glicher Reinigung der Unterkunft, Unterhaltung, Parkplatz, Strandservice, ohne sich Gedanken \u00fcber zus\u00e4tzliche Kosten machen zu m\u00fcssen. Perfekt f\u00fcr alle, die ein Rundum-Erlebnis suchen, bei dem jeder Wunsch [&hellip;]<\/p>\n","protected":false},"author":13,"featured_media":0,"parent":455,"menu_order":20,"comment_status":"closed","ping_status":"closed","template":"template-your-holiday.php","meta":{"footnotes":""},"yoast_head":"<!-- This site is optimized with the Yoast SEO plugin v22.3 - https:\/\/yoast.com\/wordpress\/plugins\/seo\/ -->\n<title>All-Inclusive-Urlaub - Pomposa Residence -<\/title>\n<meta name=\"description\" content=\"Entspannen Sie sich und genie\u00dfen Sie jeden Moment unseres All-Inclusive-Urlaubs, der maximalen Komfort und Bequemlichkeit bietet. Machen Sie das Beste aus jedem Tag mit Vollpension, Bettw\u00e4sche und Handt\u00fcchern, t\u00e4glicher Reinigung der Unterkunft, Unterhaltung, Parkplatz, Strandservice, ohne sich Gedanken \u00fcber zus\u00e4tzliche Kosten machen zu m\u00fcssen\" \/>\n<meta name=\"robots\" content=\"index, follow, max-snippet:-1, max-image-preview:large, max-video-preview:-1\" \/>\n<link rel=\"canonical\" href=\"https:\/\/www.pomposaresidence.com\/de\/ihren-urlaub\/all-inclusive-urlaub\/\" \/>\n<meta property=\"og:locale\" content=\"de_DE\" \/>\n<meta property=\"og:type\" content=\"article\" \/>\n<meta property=\"og:title\" content=\"All-Inclusive-Urlaub - Pomposa Residence -\" \/>\n<meta property=\"og:description\" content=\"Entspannen Sie sich und genie\u00dfen Sie jeden Moment unseres All-Inclusive-Urlaubs, der maximalen Komfort und Bequemlichkeit bietet. Machen Sie das Beste aus jedem Tag mit Vollpension, Bettw\u00e4sche und Handt\u00fcchern, t\u00e4glicher Reinigung der Unterkunft, Unterhaltung, Parkplatz, Strandservice, ohne sich Gedanken \u00fcber zus\u00e4tzliche Kosten machen zu m\u00fcssen\" \/>\n<meta property=\"og:url\" content=\"https:\/\/www.pomposaresidence.com\/de\/ihren-urlaub\/all-inclusive-urlaub\/\" \/>\n<meta property=\"og:site_name\" content=\"Pomposa Residence\" \/>\n<meta property=\"article:publisher\" content=\"https:\/\/facebook.com\/tomasitourism\" \/>\n<meta property=\"article:modified_time\" content=\"2025-05-05T08:59:33+00:00\" \/>\n<meta property=\"og:image\" content=\"https:\/\/www.pomposaresidence.com\/wp-content\/uploads\/sites\/211\/2025\/02\/pomposa_residence_slide02.jpg\" \/>\n\t<meta property=\"og:image:width\" content=\"2200\" \/>\n\t<meta property=\"og:image:height\" content=\"1200\" \/>\n\t<meta property=\"og:image:type\" content=\"image\/jpeg\" \/>\n<meta name=\"twitter:card\" content=\"summary_large_image\" \/>\n<meta name=\"twitter:label1\" content=\"Gesch\u00e4tzte Lesezeit\" \/>\n\t<meta name=\"twitter:data1\" content=\"1 Minute\" \/>\n<script type=\"application\/ld+json\" class=\"yoast-schema-graph\">{\"@context\":\"https:\/\/schema.org\",\"@graph\":[{\"@type\":\"WebPage\",\"@id\":\"https:\/\/www.pomposaresidence.com\/de\/ihren-urlaub\/all-inclusive-urlaub\/\",\"url\":\"https:\/\/www.pomposaresidence.com\/de\/ihren-urlaub\/all-inclusive-urlaub\/\",\"name\":\"All-Inclusive-Urlaub - Pomposa Residence -\",\"isPartOf\":{\"@id\":\"https:\/\/www.pomposaresidence.com\/de\/#website\"},\"datePublished\":\"2025-02-04T15:55:30+00:00\",\"dateModified\":\"2025-05-05T08:59:33+00:00\",\"description\":\"Entspannen Sie sich und genie\u00dfen Sie jeden Moment unseres All-Inclusive-Urlaubs, der maximalen Komfort und Bequemlichkeit bietet. Machen Sie das Beste aus jedem Tag mit Vollpension, Bettw\u00e4sche und Handt\u00fcchern, t\u00e4glicher Reinigung der Unterkunft, Unterhaltung, Parkplatz, Strandservice, ohne sich Gedanken \u00fcber zus\u00e4tzliche Kosten machen zu m\u00fcssen\",\"breadcrumb\":{\"@id\":\"https:\/\/www.pomposaresidence.com\/de\/ihren-urlaub\/all-inclusive-urlaub\/#breadcrumb\"},\"inLanguage\":\"de-DE\",\"potentialAction\":[{\"@type\":\"ReadAction\",\"target\":[\"https:\/\/www.pomposaresidence.com\/de\/ihren-urlaub\/all-inclusive-urlaub\/\"]}]},{\"@type\":\"BreadcrumbList\",\"@id\":\"https:\/\/www.pomposaresidence.com\/de\/ihren-urlaub\/all-inclusive-urlaub\/#breadcrumb\",\"itemListElement\":[{\"@type\":\"ListItem\",\"position\":1,\"name\":\"Home\",\"item\":\"https:\/\/www.pomposaresidence.com\/de\/\"},{\"@type\":\"ListItem\",\"position\":2,\"name\":\"Ihren Urlaub\",\"item\":\"https:\/\/www.pomposaresidence.com\/de\/ihren-urlaub\/\"},{\"@type\":\"ListItem\",\"position\":3,\"name\":\"All-Inclusive-Urlaub\"}]},{\"@type\":\"WebSite\",\"@id\":\"https:\/\/www.pomposaresidence.com\/de\/#website\",\"url\":\"https:\/\/www.pomposaresidence.com\/de\/\",\"name\":\"Pomposa Residence\",\"description\":\"\",\"publisher\":{\"@id\":\"https:\/\/www.pomposaresidence.com\/de\/#organization\"},\"potentialAction\":[{\"@type\":\"SearchAction\",\"target\":{\"@type\":\"EntryPoint\",\"urlTemplate\":\"https:\/\/www.pomposaresidence.com\/de\/?s={search_term_string}\"},\"query-input\":\"required name=search_term_string\"}],\"inLanguage\":\"de-DE\"},{\"@type\":\"Organization\",\"@id\":\"https:\/\/www.pomposaresidence.com\/de\/#organization\",\"name\":\"Pomposa Residence\",\"url\":\"https:\/\/www.pomposaresidence.com\/de\/\",\"logo\":{\"@type\":\"ImageObject\",\"inLanguage\":\"de-DE\",\"@id\":\"https:\/\/www.pomposaresidence.com\/de\/#\/schema\/logo\/image\/\",\"url\":\"https:\/\/www.pomposaresidence.com\/wp-content\/uploads\/sites\/211\/2025\/01\/Pomposa-Residence.png\",\"contentUrl\":\"https:\/\/www.pomposaresidence.com\/wp-content\/uploads\/sites\/211\/2025\/01\/Pomposa-Residence.png\",\"width\":194,\"height\":58,\"caption\":\"Pomposa Residence\"},\"image\":{\"@id\":\"https:\/\/www.pomposaresidence.com\/de\/#\/schema\/logo\/image\/\"},\"sameAs\":[\"https:\/\/facebook.com\/tomasitourism\",\"https:\/\/www.instagram.com\/tomasitourism\/\"]}]}<\/script>\n<!-- \/ Yoast SEO plugin. -->","yoast_head_json":{"title":"All-Inclusive-Urlaub - Pomposa Residence -","description":"Entspannen Sie sich und genie\u00dfen Sie jeden Moment unseres All-Inclusive-Urlaubs, der maximalen Komfort und Bequemlichkeit bietet. Machen Sie das Beste aus jedem Tag mit Vollpension, Bettw\u00e4sche und Handt\u00fcchern, t\u00e4glicher Reinigung der Unterkunft, Unterhaltung, Parkplatz, Strandservice, ohne sich Gedanken \u00fcber zus\u00e4tzliche Kosten machen zu m\u00fcssen","robots":{"index":"index","follow":"follow","max-snippet":"max-snippet:-1","max-image-preview":"max-image-preview:large","max-video-preview":"max-video-preview:-1"},"canonical":"https:\/\/www.pomposaresidence.com\/de\/ihren-urlaub\/all-inclusive-urlaub\/","og_locale":"de_DE","og_type":"article","og_title":"All-Inclusive-Urlaub - Pomposa Residence -","og_description":"Entspannen Sie sich und genie\u00dfen Sie jeden Moment unseres All-Inclusive-Urlaubs, der maximalen Komfort und Bequemlichkeit bietet. Machen Sie das Beste aus jedem Tag mit Vollpension, Bettw\u00e4sche und Handt\u00fcchern, t\u00e4glicher Reinigung der Unterkunft, Unterhaltung, Parkplatz, Strandservice, ohne sich Gedanken \u00fcber zus\u00e4tzliche Kosten machen zu m\u00fcssen","og_url":"https:\/\/www.pomposaresidence.com\/de\/ihren-urlaub\/all-inclusive-urlaub\/","og_site_name":"Pomposa Residence","article_publisher":"https:\/\/facebook.com\/tomasitourism","article_modified_time":"2025-05-05T08:59:33+00:00","og_image":[{"width":2200,"height":1200,"url":"https:\/\/www.pomposaresidence.com\/wp-content\/uploads\/sites\/211\/2025\/02\/pomposa_residence_slide02.jpg","type":"image\/jpeg"}],"twitter_card":"summary_large_image","twitter_misc":{"Gesch\u00e4tzte Lesezeit":"1 Minute"},"schema":{"@context":"https:\/\/schema.org","@graph":[{"@type":"WebPage","@id":"https:\/\/www.pomposaresidence.com\/de\/ihren-urlaub\/all-inclusive-urlaub\/","url":"https:\/\/www.pomposaresidence.com\/de\/ihren-urlaub\/all-inclusive-urlaub\/","name":"All-Inclusive-Urlaub - Pomposa Residence -","isPartOf":{"@id":"https:\/\/www.pomposaresidence.com\/de\/#website"},"datePublished":"2025-02-04T15:55:30+00:00","dateModified":"2025-05-05T08:59:33+00:00","description":"Entspannen Sie sich und genie\u00dfen Sie jeden Moment unseres All-Inclusive-Urlaubs, der maximalen Komfort und Bequemlichkeit bietet. Machen Sie das Beste aus jedem Tag mit Vollpension, Bettw\u00e4sche und Handt\u00fcchern, t\u00e4glicher Reinigung der Unterkunft, Unterhaltung, Parkplatz, Strandservice, ohne sich Gedanken \u00fcber zus\u00e4tzliche Kosten machen zu m\u00fcssen","breadcrumb":{"@id":"https:\/\/www.pomposaresidence.com\/de\/ihren-urlaub\/all-inclusive-urlaub\/#breadcrumb"},"inLanguage":"de-DE","potentialAction":[{"@type":"ReadAction","target":["https:\/\/www.pomposaresidence.com\/de\/ihren-urlaub\/all-inclusive-urlaub\/"]}]},{"@type":"BreadcrumbList","@id":"https:\/\/www.pomposaresidence.com\/de\/ihren-urlaub\/all-inclusive-urlaub\/#breadcrumb","itemListElement":[{"@type":"ListItem","position":1,"name":"Home","item":"https:\/\/www.pomposaresidence.com\/de\/"},{"@type":"ListItem","position":2,"name":"Ihren Urlaub","item":"https:\/\/www.pomposaresidence.com\/de\/ihren-urlaub\/"},{"@type":"ListItem","position":3,"name":"All-Inclusive-Urlaub"}]},{"@type":"WebSite","@id":"https:\/\/www.pomposaresidence.com\/de\/#website","url":"https:\/\/www.pomposaresidence.com\/de\/","name":"Pomposa Residence","description":"","publisher":{"@id":"https:\/\/www.pomposaresidence.com\/de\/#organization"},"potentialAction":[{"@type":"SearchAction","target":{"@type":"EntryPoint","urlTemplate":"https:\/\/www.pomposaresidence.com\/de\/?s={search_term_string}"},"query-input":"required name=search_term_string"}],"inLanguage":"de-DE"},{"@type":"Organization","@id":"https:\/\/www.pomposaresidence.com\/de\/#organization","name":"Pomposa Residence","url":"https:\/\/www.pomposaresidence.com\/de\/","logo":{"@type":"ImageObject","inLanguage":"de-DE","@id":"https:\/\/www.pomposaresidence.com\/de\/#\/schema\/logo\/image\/","url":"https:\/\/www.pomposaresidence.com\/wp-content\/uploads\/sites\/211\/2025\/01\/Pomposa-Residence.png","contentUrl":"https:\/\/www.pomposaresidence.com\/wp-content\/uploads\/sites\/211\/2025\/01\/Pomposa-Residence.png","width":194,"height":58,"caption":"Pomposa Residence"},"image":{"@id":"https:\/\/www.pomposaresidence.com\/de\/#\/schema\/logo\/image\/"},"sameAs":["https:\/\/facebook.com\/tomasitourism","https:\/\/www.instagram.com\/tomasitourism\/"]}]}},"acf":[],"_links":{"self":[{"href":"https:\/\/www.pomposaresidence.com\/de\/wp-json\/wp\/v2\/pages\/484"}],"collection":[{"href":"https:\/\/www.pomposaresidence.com\/de\/wp-json\/wp\/v2\/pages"}],"about":[{"href":"https:\/\/www.pomposaresidence.com\/de\/wp-json\/wp\/v2\/types\/page"}],"author":[{"embeddable":true,"href":"https:\/\/www.pomposaresidence.com\/de\/wp-json\/wp\/v2\/users\/13"}],"replies":[{"embeddable":true,"href":"https:\/\/www.pomposaresidence.com\/de\/wp-json\/wp\/v2\/comments?post=484"}],"version-history":[{"count":0,"href":"https:\/\/www.pomposaresidence.com\/de\/wp-json\/wp\/v2\/pages\/484\/revisions"}],"up":[{"embeddable":true,"href":"https:\/\/www.pomposaresidence.com\/de\/wp-json\/wp\/v2\/pages\/455"}],"wp:attachment":[{"href":"https:\/\/www.pomposaresidence.com\/de\/wp-json\/wp\/v2\/media?parent=484"}],"curies":[{"name":"wp","href":"https:\/\/api.w.org\/{rel}","templated":true}]}}