   {"id":476,"date":"2025-02-04T15:51:01","date_gmt":"2025-02-04T15:51:01","guid":{"rendered":"https:\/\/www.pomposaresidence.com\/?page_id=476"},"modified":"2025-03-27T14:08:59","modified_gmt":"2025-03-27T14:08:59","slug":"spannung-und-spass","status":"publish","type":"page","link":"https:\/\/www.pomposaresidence.com\/de\/ihren-urlaub\/spannung-und-spass\/","title":{"rendered":"Spannung und Spa\u00df"},"content":{"rendered":"<p>Erleben Sie einen einzigartigen Urlaub f\u00fcr alle, die Abenteuer, Spannung und Spa\u00df suchen! Jeder Tag ist eine Gelegenheit, unvergessliche Erfahrungen zu erleben, von Themenparks bis zu atemberaubenden Ausfl\u00fcgen, von Outdoor-Aktivit\u00e4ten bis zu Shows, die von unserem Unterhaltungsteam organisiert werden. Egal, ob Sie auf der Suche nach einem Adrenalinsto\u00df oder ein bisschen Spa\u00df sind, unser Erlebnispaket bietet eine Vielzahl von Aktivit\u00e4ten, die alle Ihre Sinne ansprechen und unvergessliche Erinnerungen schaffen. Machen Sie sich bereit f\u00fcr die Reise, von der Sie immer getr\u00e4umt haben!<\/p>\n","protected":false},"excerpt":{"rendered":"<p>Erleben Sie einen einzigartigen Urlaub f\u00fcr alle, die Abenteuer, Spannung und Spa\u00df suchen! Jeder Tag ist eine Gelegenheit, unvergessliche Erfahrungen zu erleben, von Themenparks bis zu atemberaubenden Ausfl\u00fcgen, von Outdoor-Aktivit\u00e4ten bis zu Shows, die von unserem Unterhaltungsteam organisiert werden. Egal, ob Sie auf der Suche nach einem Adrenalinsto\u00df oder ein bisschen Spa\u00df sind, unser Erlebnispaket [&hellip;]<\/p>\n","protected":false},"author":13,"featured_media":0,"parent":455,"menu_order":20,"comment_status":"closed","ping_status":"closed","template":"template-your-holiday.php","meta":{"footnotes":""},"yoast_head":"<!-- This site is optimized with the Yoast SEO plugin v22.3 - https:\/\/yoast.com\/wordpress\/plugins\/seo\/ -->\n<title>Spannung und Spa\u00df - Pomposa Residence -<\/title>\n<meta name=\"description\" content=\"Erleben Sie einen einzigartigen Urlaub f\u00fcr alle, die Abenteuer, Spannung und Spa\u00df suchen! Jeder Tag ist eine Gelegenheit, unvergessliche Erfahrungen zu erleben, von Themenparks bis zu atemberaubenden Ausfl\u00fcgen, von Outdoor-Aktivit\u00e4ten bis zu Shows, die von unserem Unterhaltungsteam organisiert werden. Egal, ob Sie auf der Suche nach einem Adrenalinsto\u00df oder ein bisschen Spa\u00df sind, unser Erlebnispaket bietet eine Vielzahl von Aktivit\u00e4ten, die alle Ihre Sinne ansprechen und unvergessliche Erinnerungen schaffen\" \/>\n<meta name=\"robots\" content=\"index, follow, max-snippet:-1, max-image-preview:large, max-video-preview:-1\" \/>\n<link rel=\"canonical\" href=\"https:\/\/www.pomposaresidence.com\/de\/ihren-urlaub\/spannung-und-spass\/\" \/>\n<meta property=\"og:locale\" content=\"de_DE\" \/>\n<meta property=\"og:type\" content=\"article\" \/>\n<meta property=\"og:title\" content=\"Spannung und Spa\u00df - Pomposa Residence -\" \/>\n<meta property=\"og:description\" content=\"Erleben Sie einen einzigartigen Urlaub f\u00fcr alle, die Abenteuer, Spannung und Spa\u00df suchen! Jeder Tag ist eine Gelegenheit, unvergessliche Erfahrungen zu erleben, von Themenparks bis zu atemberaubenden Ausfl\u00fcgen, von Outdoor-Aktivit\u00e4ten bis zu Shows, die von unserem Unterhaltungsteam organisiert werden. Egal, ob Sie auf der Suche nach einem Adrenalinsto\u00df oder ein bisschen Spa\u00df sind, unser Erlebnispaket bietet eine Vielzahl von Aktivit\u00e4ten, die alle Ihre Sinne ansprechen und unvergessliche Erinnerungen schaffen\" \/>\n<meta property=\"og:url\" content=\"https:\/\/www.pomposaresidence.com\/de\/ihren-urlaub\/spannung-und-spass\/\" \/>\n<meta property=\"og:site_name\" content=\"Pomposa Residence\" \/>\n<meta property=\"article:publisher\" content=\"https:\/\/facebook.com\/tomasitourism\" \/>\n<meta property=\"article:modified_time\" content=\"2025-03-27T14:08:59+00:00\" \/>\n<meta property=\"og:image\" content=\"https:\/\/www.pomposaresidence.com\/wp-content\/uploads\/sites\/211\/2025\/02\/pomposa_residence_slide02.jpg\" \/>\n\t<meta property=\"og:image:width\" content=\"2200\" \/>\n\t<meta property=\"og:image:height\" content=\"1200\" \/>\n\t<meta property=\"og:image:type\" content=\"image\/jpeg\" \/>\n<meta name=\"twitter:card\" content=\"summary_large_image\" \/>\n<meta name=\"twitter:label1\" content=\"Gesch\u00e4tzte Lesezeit\" \/>\n\t<meta name=\"twitter:data1\" content=\"1 Minute\" \/>\n<script type=\"application\/ld+json\" class=\"yoast-schema-graph\">{\"@context\":\"https:\/\/schema.org\",\"@graph\":[{\"@type\":\"WebPage\",\"@id\":\"https:\/\/www.pomposaresidence.com\/de\/ihren-urlaub\/spannung-und-spass\/\",\"url\":\"https:\/\/www.pomposaresidence.com\/de\/ihren-urlaub\/spannung-und-spass\/\",\"name\":\"Spannung und Spa\u00df - Pomposa Residence -\",\"isPartOf\":{\"@id\":\"https:\/\/www.pomposaresidence.com\/de\/#website\"},\"datePublished\":\"2025-02-04T15:51:01+00:00\",\"dateModified\":\"2025-03-27T14:08:59+00:00\",\"description\":\"Erleben Sie einen einzigartigen Urlaub f\u00fcr alle, die Abenteuer, Spannung und Spa\u00df suchen! Jeder Tag ist eine Gelegenheit, unvergessliche Erfahrungen zu erleben, von Themenparks bis zu atemberaubenden Ausfl\u00fcgen, von Outdoor-Aktivit\u00e4ten bis zu Shows, die von unserem Unterhaltungsteam organisiert werden. Egal, ob Sie auf der Suche nach einem Adrenalinsto\u00df oder ein bisschen Spa\u00df sind, unser Erlebnispaket bietet eine Vielzahl von Aktivit\u00e4ten, die alle Ihre Sinne ansprechen und unvergessliche Erinnerungen schaffen\",\"breadcrumb\":{\"@id\":\"https:\/\/www.pomposaresidence.com\/de\/ihren-urlaub\/spannung-und-spass\/#breadcrumb\"},\"inLanguage\":\"de-DE\",\"potentialAction\":[{\"@type\":\"ReadAction\",\"target\":[\"https:\/\/www.pomposaresidence.com\/de\/ihren-urlaub\/spannung-und-spass\/\"]}]},{\"@type\":\"BreadcrumbList\",\"@id\":\"https:\/\/www.pomposaresidence.com\/de\/ihren-urlaub\/spannung-und-spass\/#breadcrumb\",\"itemListElement\":[{\"@type\":\"ListItem\",\"position\":1,\"name\":\"Home\",\"item\":\"https:\/\/www.pomposaresidence.com\/de\/\"},{\"@type\":\"ListItem\",\"position\":2,\"name\":\"Ihren Urlaub\",\"item\":\"https:\/\/www.pomposaresidence.com\/de\/ihren-urlaub\/\"},{\"@type\":\"ListItem\",\"position\":3,\"name\":\"Spannung und Spa\u00df\"}]},{\"@type\":\"WebSite\",\"@id\":\"https:\/\/www.pomposaresidence.com\/de\/#website\",\"url\":\"https:\/\/www.pomposaresidence.com\/de\/\",\"name\":\"Pomposa Residence\",\"description\":\"\",\"publisher\":{\"@id\":\"https:\/\/www.pomposaresidence.com\/de\/#organization\"},\"potentialAction\":[{\"@type\":\"SearchAction\",\"target\":{\"@type\":\"EntryPoint\",\"urlTemplate\":\"https:\/\/www.pomposaresidence.com\/de\/?s={search_term_string}\"},\"query-input\":\"required name=search_term_string\"}],\"inLanguage\":\"de-DE\"},{\"@type\":\"Organization\",\"@id\":\"https:\/\/www.pomposaresidence.com\/de\/#organization\",\"name\":\"Pomposa Residence\",\"url\":\"https:\/\/www.pomposaresidence.com\/de\/\",\"logo\":{\"@type\":\"ImageObject\",\"inLanguage\":\"de-DE\",\"@id\":\"https:\/\/www.pomposaresidence.com\/de\/#\/schema\/logo\/image\/\",\"url\":\"https:\/\/www.pomposaresidence.com\/wp-content\/uploads\/sites\/211\/2025\/01\/Pomposa-Residence.png\",\"contentUrl\":\"https:\/\/www.pomposaresidence.com\/wp-content\/uploads\/sites\/211\/2025\/01\/Pomposa-Residence.png\",\"width\":194,\"height\":58,\"caption\":\"Pomposa Residence\"},\"image\":{\"@id\":\"https:\/\/www.pomposaresidence.com\/de\/#\/schema\/logo\/image\/\"},\"sameAs\":[\"https:\/\/facebook.com\/tomasitourism\",\"https:\/\/www.instagram.com\/tomasitourism\/\"]}]}<\/script>\n<!-- \/ Yoast SEO plugin. -->","yoast_head_json":{"title":"Spannung und Spa\u00df - Pomposa Residence -","description":"Erleben Sie einen einzigartigen Urlaub f\u00fcr alle, die Abenteuer, Spannung und Spa\u00df suchen! Jeder Tag ist eine Gelegenheit, unvergessliche Erfahrungen zu erleben, von Themenparks bis zu atemberaubenden Ausfl\u00fcgen, von Outdoor-Aktivit\u00e4ten bis zu Shows, die von unserem Unterhaltungsteam organisiert werden. Egal, ob Sie auf der Suche nach einem Adrenalinsto\u00df oder ein bisschen Spa\u00df sind, unser Erlebnispaket bietet eine Vielzahl von Aktivit\u00e4ten, die alle Ihre Sinne ansprechen und unvergessliche Erinnerungen schaffen","robots":{"index":"index","follow":"follow","max-snippet":"max-snippet:-1","max-image-preview":"max-image-preview:large","max-video-preview":"max-video-preview:-1"},"canonical":"https:\/\/www.pomposaresidence.com\/de\/ihren-urlaub\/spannung-und-spass\/","og_locale":"de_DE","og_type":"article","og_title":"Spannung und Spa\u00df - Pomposa Residence -","og_description":"Erleben Sie einen einzigartigen Urlaub f\u00fcr alle, die Abenteuer, Spannung und Spa\u00df suchen! Jeder Tag ist eine Gelegenheit, unvergessliche Erfahrungen zu erleben, von Themenparks bis zu atemberaubenden Ausfl\u00fcgen, von Outdoor-Aktivit\u00e4ten bis zu Shows, die von unserem Unterhaltungsteam organisiert werden. Egal, ob Sie auf der Suche nach einem Adrenalinsto\u00df oder ein bisschen Spa\u00df sind, unser Erlebnispaket bietet eine Vielzahl von Aktivit\u00e4ten, die alle Ihre Sinne ansprechen und unvergessliche Erinnerungen schaffen","og_url":"https:\/\/www.pomposaresidence.com\/de\/ihren-urlaub\/spannung-und-spass\/","og_site_name":"Pomposa Residence","article_publisher":"https:\/\/facebook.com\/tomasitourism","article_modified_time":"2025-03-27T14:08:59+00:00","og_image":[{"width":2200,"height":1200,"url":"https:\/\/www.pomposaresidence.com\/wp-content\/uploads\/sites\/211\/2025\/02\/pomposa_residence_slide02.jpg","type":"image\/jpeg"}],"twitter_card":"summary_large_image","twitter_misc":{"Gesch\u00e4tzte Lesezeit":"1 Minute"},"schema":{"@context":"https:\/\/schema.org","@graph":[{"@type":"WebPage","@id":"https:\/\/www.pomposaresidence.com\/de\/ihren-urlaub\/spannung-und-spass\/","url":"https:\/\/www.pomposaresidence.com\/de\/ihren-urlaub\/spannung-und-spass\/","name":"Spannung und Spa\u00df - Pomposa Residence -","isPartOf":{"@id":"https:\/\/www.pomposaresidence.com\/de\/#website"},"datePublished":"2025-02-04T15:51:01+00:00","dateModified":"2025-03-27T14:08:59+00:00","description":"Erleben Sie einen einzigartigen Urlaub f\u00fcr alle, die Abenteuer, Spannung und Spa\u00df suchen! Jeder Tag ist eine Gelegenheit, unvergessliche Erfahrungen zu erleben, von Themenparks bis zu atemberaubenden Ausfl\u00fcgen, von Outdoor-Aktivit\u00e4ten bis zu Shows, die von unserem Unterhaltungsteam organisiert werden. Egal, ob Sie auf der Suche nach einem Adrenalinsto\u00df oder ein bisschen Spa\u00df sind, unser Erlebnispaket bietet eine Vielzahl von Aktivit\u00e4ten, die alle Ihre Sinne ansprechen und unvergessliche Erinnerungen schaffen","breadcrumb":{"@id":"https:\/\/www.pomposaresidence.com\/de\/ihren-urlaub\/spannung-und-spass\/#breadcrumb"},"inLanguage":"de-DE","potentialAction":[{"@type":"ReadAction","target":["https:\/\/www.pomposaresidence.com\/de\/ihren-urlaub\/spannung-und-spass\/"]}]},{"@type":"BreadcrumbList","@id":"https:\/\/www.pomposaresidence.com\/de\/ihren-urlaub\/spannung-und-spass\/#breadcrumb","itemListElement":[{"@type":"ListItem","position":1,"name":"Home","item":"https:\/\/www.pomposaresidence.com\/de\/"},{"@type":"ListItem","position":2,"name":"Ihren Urlaub","item":"https:\/\/www.pomposaresidence.com\/de\/ihren-urlaub\/"},{"@type":"ListItem","position":3,"name":"Spannung und Spa\u00df"}]},{"@type":"WebSite","@id":"https:\/\/www.pomposaresidence.com\/de\/#website","url":"https:\/\/www.pomposaresidence.com\/de\/","name":"Pomposa Residence","description":"","publisher":{"@id":"https:\/\/www.pomposaresidence.com\/de\/#organization"},"potentialAction":[{"@type":"SearchAction","target":{"@type":"EntryPoint","urlTemplate":"https:\/\/www.pomposaresidence.com\/de\/?s={search_term_string}"},"query-input":"required name=search_term_string"}],"inLanguage":"de-DE"},{"@type":"Organization","@id":"https:\/\/www.pomposaresidence.com\/de\/#organization","name":"Pomposa Residence","url":"https:\/\/www.pomposaresidence.com\/de\/","logo":{"@type":"ImageObject","inLanguage":"de-DE","@id":"https:\/\/www.pomposaresidence.com\/de\/#\/schema\/logo\/image\/","url":"https:\/\/www.pomposaresidence.com\/wp-content\/uploads\/sites\/211\/2025\/01\/Pomposa-Residence.png","contentUrl":"https:\/\/www.pomposaresidence.com\/wp-content\/uploads\/sites\/211\/2025\/01\/Pomposa-Residence.png","width":194,"height":58,"caption":"Pomposa Residence"},"image":{"@id":"https:\/\/www.pomposaresidence.com\/de\/#\/schema\/logo\/image\/"},"sameAs":["https:\/\/facebook.com\/tomasitourism","https:\/\/www.instagram.com\/tomasitourism\/"]}]}},"acf":[],"_links":{"self":[{"href":"https:\/\/www.pomposaresidence.com\/de\/wp-json\/wp\/v2\/pages\/476"}],"collection":[{"href":"https:\/\/www.pomposaresidence.com\/de\/wp-json\/wp\/v2\/pages"}],"about":[{"href":"https:\/\/www.pomposaresidence.com\/de\/wp-json\/wp\/v2\/types\/page"}],"author":[{"embeddable":true,"href":"https:\/\/www.pomposaresidence.com\/de\/wp-json\/wp\/v2\/users\/13"}],"replies":[{"embeddable":true,"href":"https:\/\/www.pomposaresidence.com\/de\/wp-json\/wp\/v2\/comments?post=476"}],"version-history":[{"count":0,"href":"https:\/\/www.pomposaresidence.com\/de\/wp-json\/wp\/v2\/pages\/476\/revisions"}],"up":[{"embeddable":true,"href":"https:\/\/www.pomposaresidence.com\/de\/wp-json\/wp\/v2\/pages\/455"}],"wp:attachment":[{"href":"https:\/\/www.pomposaresidence.com\/de\/wp-json\/wp\/v2\/media?parent=476"}],"curies":[{"name":"wp","href":"https:\/\/api.w.org\/{rel}","templated":true}]}}