   {"id":458,"date":"2025-02-04T14:33:30","date_gmt":"2025-02-04T14:33:30","guid":{"rendered":"https:\/\/www.pomposaresidence.com\/?page_id=458"},"modified":"2025-03-27T13:46:01","modified_gmt":"2025-03-27T13:46:01","slug":"fahrradliebhaber","status":"publish","type":"page","link":"https:\/\/www.pomposaresidence.com\/de\/ihren-urlaub\/fahrradliebhaber\/","title":{"rendered":"Fahrradliebhaber"},"content":{"rendered":"<p>Entdecken Sie die Freuden eines Urlaubs auf zwei R\u00e4dern, inmitten der Natur und der Sch\u00f6nheit der Gegend. Unsere Anlage ist auf Fahrradliebhaber ausgerichtet und bietet exklusive Radrouten, Fahrradverleihm\u00f6glichkeiten in der N\u00e4he und spezielle Serviceleistungen. Egal, ob Sie ein erfahrener Radfahrer oder ein Enthusiast sind, der gerne neue Routen erkundet, bei uns finden Sie das ideale Erlebnis, um die Freiheit des Radfahrens zu genie\u00dfen und versteckte Ecken fernab vom Stress zu entdecken.<\/p>\n","protected":false},"excerpt":{"rendered":"<p>Entdecken Sie die Freuden eines Urlaubs auf zwei R\u00e4dern, inmitten der Natur und der Sch\u00f6nheit der Gegend. Unsere Anlage ist auf Fahrradliebhaber ausgerichtet und bietet exklusive Radrouten, Fahrradverleihm\u00f6glichkeiten in der N\u00e4he und spezielle Serviceleistungen. Egal, ob Sie ein erfahrener Radfahrer oder ein Enthusiast sind, der gerne neue Routen erkundet, bei uns finden Sie das ideale [&hellip;]<\/p>\n","protected":false},"author":13,"featured_media":0,"parent":455,"menu_order":5,"comment_status":"closed","ping_status":"closed","template":"template-your-holiday.php","meta":{"footnotes":""},"yoast_head":"<!-- This site is optimized with the Yoast SEO plugin v22.3 - https:\/\/yoast.com\/wordpress\/plugins\/seo\/ -->\n<title>Fahrradliebhaber - Pomposa Residence -<\/title>\n<meta name=\"description\" content=\"Entdecken Sie die Freuden eines Urlaubs auf zwei R\u00e4dern, inmitten der Natur und der Sch\u00f6nheit der Gegend. Unsere Anlage ist auf Fahrradliebhaber ausgerichtet und bietet exklusive Radrouten, Fahrradverleihm\u00f6glichkeiten in der N\u00e4he und spezielle Serviceleistungen\" \/>\n<meta name=\"robots\" content=\"index, follow, max-snippet:-1, max-image-preview:large, max-video-preview:-1\" \/>\n<link rel=\"canonical\" href=\"https:\/\/www.pomposaresidence.com\/de\/ihren-urlaub\/fahrradliebhaber\/\" \/>\n<meta property=\"og:locale\" content=\"de_DE\" \/>\n<meta property=\"og:type\" content=\"article\" \/>\n<meta property=\"og:title\" content=\"Fahrradliebhaber - Pomposa Residence -\" \/>\n<meta property=\"og:description\" content=\"Entdecken Sie die Freuden eines Urlaubs auf zwei R\u00e4dern, inmitten der Natur und der Sch\u00f6nheit der Gegend. Unsere Anlage ist auf Fahrradliebhaber ausgerichtet und bietet exklusive Radrouten, Fahrradverleihm\u00f6glichkeiten in der N\u00e4he und spezielle Serviceleistungen\" \/>\n<meta property=\"og:url\" content=\"https:\/\/www.pomposaresidence.com\/de\/ihren-urlaub\/fahrradliebhaber\/\" \/>\n<meta property=\"og:site_name\" content=\"Pomposa Residence\" \/>\n<meta property=\"article:publisher\" content=\"https:\/\/facebook.com\/tomasitourism\" \/>\n<meta property=\"article:modified_time\" content=\"2025-03-27T13:46:01+00:00\" \/>\n<meta property=\"og:image\" content=\"https:\/\/www.pomposaresidence.com\/wp-content\/uploads\/sites\/211\/2025\/02\/pomposa_residence_slide02.jpg\" \/>\n\t<meta property=\"og:image:width\" content=\"2200\" \/>\n\t<meta property=\"og:image:height\" content=\"1200\" \/>\n\t<meta property=\"og:image:type\" content=\"image\/jpeg\" \/>\n<meta name=\"twitter:card\" content=\"summary_large_image\" \/>\n<meta name=\"twitter:label1\" content=\"Gesch\u00e4tzte Lesezeit\" \/>\n\t<meta name=\"twitter:data1\" content=\"1 Minute\" \/>\n<script type=\"application\/ld+json\" class=\"yoast-schema-graph\">{\"@context\":\"https:\/\/schema.org\",\"@graph\":[{\"@type\":\"WebPage\",\"@id\":\"https:\/\/www.pomposaresidence.com\/de\/ihren-urlaub\/fahrradliebhaber\/\",\"url\":\"https:\/\/www.pomposaresidence.com\/de\/ihren-urlaub\/fahrradliebhaber\/\",\"name\":\"Fahrradliebhaber - Pomposa Residence -\",\"isPartOf\":{\"@id\":\"https:\/\/www.pomposaresidence.com\/de\/#website\"},\"datePublished\":\"2025-02-04T14:33:30+00:00\",\"dateModified\":\"2025-03-27T13:46:01+00:00\",\"description\":\"Entdecken Sie die Freuden eines Urlaubs auf zwei R\u00e4dern, inmitten der Natur und der Sch\u00f6nheit der Gegend. Unsere Anlage ist auf Fahrradliebhaber ausgerichtet und bietet exklusive Radrouten, Fahrradverleihm\u00f6glichkeiten in der N\u00e4he und spezielle Serviceleistungen\",\"breadcrumb\":{\"@id\":\"https:\/\/www.pomposaresidence.com\/de\/ihren-urlaub\/fahrradliebhaber\/#breadcrumb\"},\"inLanguage\":\"de-DE\",\"potentialAction\":[{\"@type\":\"ReadAction\",\"target\":[\"https:\/\/www.pomposaresidence.com\/de\/ihren-urlaub\/fahrradliebhaber\/\"]}]},{\"@type\":\"BreadcrumbList\",\"@id\":\"https:\/\/www.pomposaresidence.com\/de\/ihren-urlaub\/fahrradliebhaber\/#breadcrumb\",\"itemListElement\":[{\"@type\":\"ListItem\",\"position\":1,\"name\":\"Home\",\"item\":\"https:\/\/www.pomposaresidence.com\/de\/\"},{\"@type\":\"ListItem\",\"position\":2,\"name\":\"Ihren Urlaub\",\"item\":\"https:\/\/www.pomposaresidence.com\/de\/ihren-urlaub\/\"},{\"@type\":\"ListItem\",\"position\":3,\"name\":\"Fahrradliebhaber\"}]},{\"@type\":\"WebSite\",\"@id\":\"https:\/\/www.pomposaresidence.com\/de\/#website\",\"url\":\"https:\/\/www.pomposaresidence.com\/de\/\",\"name\":\"Pomposa Residence\",\"description\":\"\",\"publisher\":{\"@id\":\"https:\/\/www.pomposaresidence.com\/de\/#organization\"},\"potentialAction\":[{\"@type\":\"SearchAction\",\"target\":{\"@type\":\"EntryPoint\",\"urlTemplate\":\"https:\/\/www.pomposaresidence.com\/de\/?s={search_term_string}\"},\"query-input\":\"required name=search_term_string\"}],\"inLanguage\":\"de-DE\"},{\"@type\":\"Organization\",\"@id\":\"https:\/\/www.pomposaresidence.com\/de\/#organization\",\"name\":\"Pomposa Residence\",\"url\":\"https:\/\/www.pomposaresidence.com\/de\/\",\"logo\":{\"@type\":\"ImageObject\",\"inLanguage\":\"de-DE\",\"@id\":\"https:\/\/www.pomposaresidence.com\/de\/#\/schema\/logo\/image\/\",\"url\":\"https:\/\/www.pomposaresidence.com\/wp-content\/uploads\/sites\/211\/2025\/01\/Pomposa-Residence.png\",\"contentUrl\":\"https:\/\/www.pomposaresidence.com\/wp-content\/uploads\/sites\/211\/2025\/01\/Pomposa-Residence.png\",\"width\":194,\"height\":58,\"caption\":\"Pomposa Residence\"},\"image\":{\"@id\":\"https:\/\/www.pomposaresidence.com\/de\/#\/schema\/logo\/image\/\"},\"sameAs\":[\"https:\/\/facebook.com\/tomasitourism\",\"https:\/\/www.instagram.com\/tomasitourism\/\"]}]}<\/script>\n<!-- \/ Yoast SEO plugin. -->","yoast_head_json":{"title":"Fahrradliebhaber - Pomposa Residence -","description":"Entdecken Sie die Freuden eines Urlaubs auf zwei R\u00e4dern, inmitten der Natur und der Sch\u00f6nheit der Gegend. Unsere Anlage ist auf Fahrradliebhaber ausgerichtet und bietet exklusive Radrouten, Fahrradverleihm\u00f6glichkeiten in der N\u00e4he und spezielle Serviceleistungen","robots":{"index":"index","follow":"follow","max-snippet":"max-snippet:-1","max-image-preview":"max-image-preview:large","max-video-preview":"max-video-preview:-1"},"canonical":"https:\/\/www.pomposaresidence.com\/de\/ihren-urlaub\/fahrradliebhaber\/","og_locale":"de_DE","og_type":"article","og_title":"Fahrradliebhaber - Pomposa Residence -","og_description":"Entdecken Sie die Freuden eines Urlaubs auf zwei R\u00e4dern, inmitten der Natur und der Sch\u00f6nheit der Gegend. Unsere Anlage ist auf Fahrradliebhaber ausgerichtet und bietet exklusive Radrouten, Fahrradverleihm\u00f6glichkeiten in der N\u00e4he und spezielle Serviceleistungen","og_url":"https:\/\/www.pomposaresidence.com\/de\/ihren-urlaub\/fahrradliebhaber\/","og_site_name":"Pomposa Residence","article_publisher":"https:\/\/facebook.com\/tomasitourism","article_modified_time":"2025-03-27T13:46:01+00:00","og_image":[{"width":2200,"height":1200,"url":"https:\/\/www.pomposaresidence.com\/wp-content\/uploads\/sites\/211\/2025\/02\/pomposa_residence_slide02.jpg","type":"image\/jpeg"}],"twitter_card":"summary_large_image","twitter_misc":{"Gesch\u00e4tzte Lesezeit":"1 Minute"},"schema":{"@context":"https:\/\/schema.org","@graph":[{"@type":"WebPage","@id":"https:\/\/www.pomposaresidence.com\/de\/ihren-urlaub\/fahrradliebhaber\/","url":"https:\/\/www.pomposaresidence.com\/de\/ihren-urlaub\/fahrradliebhaber\/","name":"Fahrradliebhaber - Pomposa Residence -","isPartOf":{"@id":"https:\/\/www.pomposaresidence.com\/de\/#website"},"datePublished":"2025-02-04T14:33:30+00:00","dateModified":"2025-03-27T13:46:01+00:00","description":"Entdecken Sie die Freuden eines Urlaubs auf zwei R\u00e4dern, inmitten der Natur und der Sch\u00f6nheit der Gegend. Unsere Anlage ist auf Fahrradliebhaber ausgerichtet und bietet exklusive Radrouten, Fahrradverleihm\u00f6glichkeiten in der N\u00e4he und spezielle Serviceleistungen","breadcrumb":{"@id":"https:\/\/www.pomposaresidence.com\/de\/ihren-urlaub\/fahrradliebhaber\/#breadcrumb"},"inLanguage":"de-DE","potentialAction":[{"@type":"ReadAction","target":["https:\/\/www.pomposaresidence.com\/de\/ihren-urlaub\/fahrradliebhaber\/"]}]},{"@type":"BreadcrumbList","@id":"https:\/\/www.pomposaresidence.com\/de\/ihren-urlaub\/fahrradliebhaber\/#breadcrumb","itemListElement":[{"@type":"ListItem","position":1,"name":"Home","item":"https:\/\/www.pomposaresidence.com\/de\/"},{"@type":"ListItem","position":2,"name":"Ihren Urlaub","item":"https:\/\/www.pomposaresidence.com\/de\/ihren-urlaub\/"},{"@type":"ListItem","position":3,"name":"Fahrradliebhaber"}]},{"@type":"WebSite","@id":"https:\/\/www.pomposaresidence.com\/de\/#website","url":"https:\/\/www.pomposaresidence.com\/de\/","name":"Pomposa Residence","description":"","publisher":{"@id":"https:\/\/www.pomposaresidence.com\/de\/#organization"},"potentialAction":[{"@type":"SearchAction","target":{"@type":"EntryPoint","urlTemplate":"https:\/\/www.pomposaresidence.com\/de\/?s={search_term_string}"},"query-input":"required name=search_term_string"}],"inLanguage":"de-DE"},{"@type":"Organization","@id":"https:\/\/www.pomposaresidence.com\/de\/#organization","name":"Pomposa Residence","url":"https:\/\/www.pomposaresidence.com\/de\/","logo":{"@type":"ImageObject","inLanguage":"de-DE","@id":"https:\/\/www.pomposaresidence.com\/de\/#\/schema\/logo\/image\/","url":"https:\/\/www.pomposaresidence.com\/wp-content\/uploads\/sites\/211\/2025\/01\/Pomposa-Residence.png","contentUrl":"https:\/\/www.pomposaresidence.com\/wp-content\/uploads\/sites\/211\/2025\/01\/Pomposa-Residence.png","width":194,"height":58,"caption":"Pomposa Residence"},"image":{"@id":"https:\/\/www.pomposaresidence.com\/de\/#\/schema\/logo\/image\/"},"sameAs":["https:\/\/facebook.com\/tomasitourism","https:\/\/www.instagram.com\/tomasitourism\/"]}]}},"acf":[],"_links":{"self":[{"href":"https:\/\/www.pomposaresidence.com\/de\/wp-json\/wp\/v2\/pages\/458"}],"collection":[{"href":"https:\/\/www.pomposaresidence.com\/de\/wp-json\/wp\/v2\/pages"}],"about":[{"href":"https:\/\/www.pomposaresidence.com\/de\/wp-json\/wp\/v2\/types\/page"}],"author":[{"embeddable":true,"href":"https:\/\/www.pomposaresidence.com\/de\/wp-json\/wp\/v2\/users\/13"}],"replies":[{"embeddable":true,"href":"https:\/\/www.pomposaresidence.com\/de\/wp-json\/wp\/v2\/comments?post=458"}],"version-history":[{"count":0,"href":"https:\/\/www.pomposaresidence.com\/de\/wp-json\/wp\/v2\/pages\/458\/revisions"}],"up":[{"embeddable":true,"href":"https:\/\/www.pomposaresidence.com\/de\/wp-json\/wp\/v2\/pages\/455"}],"wp:attachment":[{"href":"https:\/\/www.pomposaresidence.com\/de\/wp-json\/wp\/v2\/media?parent=458"}],"curies":[{"name":"wp","href":"https:\/\/api.w.org\/{rel}","templated":true}]}}