   {"id":420,"date":"2025-02-04T13:21:14","date_gmt":"2025-02-04T13:21:14","guid":{"rendered":"https:\/\/www.pomposaresidence.com\/?page_id=420"},"modified":"2025-03-26T11:14:44","modified_gmt":"2025-03-26T11:14:44","slug":"restaurant-pizzeria","status":"publish","type":"page","link":"https:\/\/www.pomposaresidence.com\/de\/dienstleistungen\/restaurant-pizzeria\/","title":{"rendered":"Restaurant &#038; Pizzeria"},"content":{"rendered":"<p>Das Restaurant-Pizzeria &#8222;&#8220;Pomposa&#8220;&#8220; in der Pomposa Residence, am Lido di Pomposa, bietet eine K\u00fcche, die die gastronomischen Traditionen der Emilia-Romagna feiert. Das Restaurant bietet Gerichte aus frischen und saisonalen Zutaten mit einem besonderen Augenmerk auf die lokale Herkunft von Fleisch und Fisch und k\u00f6stliche Pizzen, auch zum Mitnehmen erh\u00e4ltlich. F\u00fcr Personen mit Lebensmittelunvertr\u00e4glichkeiten steht ein personalisierter Service mit ma\u00dfgeschneiderten Men\u00fcs zur Verf\u00fcgung.<\/p>\n<p>&nbsp;<\/p>\n<p>Die gem\u00fctliche Atmosph\u00e4re und die geselligen Abende machen das Restaurant zum idealen Treffpunkt f\u00fcr Familien und Gruppen von Freunden, im Zeichen des Geschmacks und der Entspannung<\/p>\n","protected":false},"excerpt":{"rendered":"<p>Das Restaurant-Pizzeria &#8222;&#8220;Pomposa&#8220;&#8220; in der Pomposa Residence, am Lido di Pomposa, bietet eine K\u00fcche, die die gastronomischen Traditionen der Emilia-Romagna feiert. Das Restaurant bietet Gerichte aus frischen und saisonalen Zutaten mit einem besonderen Augenmerk auf die lokale Herkunft von Fleisch und Fisch und k\u00f6stliche Pizzen, auch zum Mitnehmen erh\u00e4ltlich. F\u00fcr Personen mit Lebensmittelunvertr\u00e4glichkeiten steht ein [&hellip;]<\/p>\n","protected":false},"author":13,"featured_media":0,"parent":409,"menu_order":10,"comment_status":"closed","ping_status":"closed","template":"","meta":{"footnotes":""},"yoast_head":"<!-- This site is optimized with the Yoast SEO plugin v22.3 - https:\/\/yoast.com\/wordpress\/plugins\/seo\/ -->\n<title>Restaurant &amp; Pizzeria - Pomposa Residence -<\/title>\n<meta name=\"description\" content=\"Das Restaurant-Pizzeria &quot;&quot;Pomposa&quot;&quot; in der Pomposa Residence, am Lido di Pomposa, bietet eine K\u00fcche, die die gastronomischen Traditionen der Emilia-Romagna feiert. Das Restaurant bietet Gerichte aus frischen und saisonalen Zutaten mit einem besonderen Augenmerk auf die lokale Herkunft von Fleisch und Fisch und k\u00f6stliche Pizzen, auch zum Mitnehmen erh\u00e4ltlich\" \/>\n<meta name=\"robots\" content=\"index, follow, max-snippet:-1, max-image-preview:large, max-video-preview:-1\" \/>\n<link rel=\"canonical\" href=\"https:\/\/www.pomposaresidence.com\/de\/dienstleistungen\/restaurant-pizzeria\/\" \/>\n<meta property=\"og:locale\" content=\"de_DE\" \/>\n<meta property=\"og:type\" content=\"article\" \/>\n<meta property=\"og:title\" content=\"Restaurant &amp; Pizzeria - Pomposa Residence -\" \/>\n<meta property=\"og:description\" content=\"Das Restaurant-Pizzeria &quot;&quot;Pomposa&quot;&quot; in der Pomposa Residence, am Lido di Pomposa, bietet eine K\u00fcche, die die gastronomischen Traditionen der Emilia-Romagna feiert. Das Restaurant bietet Gerichte aus frischen und saisonalen Zutaten mit einem besonderen Augenmerk auf die lokale Herkunft von Fleisch und Fisch und k\u00f6stliche Pizzen, auch zum Mitnehmen erh\u00e4ltlich\" \/>\n<meta property=\"og:url\" content=\"https:\/\/www.pomposaresidence.com\/de\/dienstleistungen\/restaurant-pizzeria\/\" \/>\n<meta property=\"og:site_name\" content=\"Pomposa Residence\" \/>\n<meta property=\"article:publisher\" content=\"https:\/\/facebook.com\/tomasitourism\" \/>\n<meta property=\"article:modified_time\" content=\"2025-03-26T11:14:44+00:00\" \/>\n<meta property=\"og:image\" content=\"https:\/\/www.pomposaresidence.com\/wp-content\/uploads\/sites\/211\/2025\/02\/pomposa_residence_slide02.jpg\" \/>\n\t<meta property=\"og:image:width\" content=\"2200\" \/>\n\t<meta property=\"og:image:height\" content=\"1200\" \/>\n\t<meta property=\"og:image:type\" content=\"image\/jpeg\" \/>\n<meta name=\"twitter:card\" content=\"summary_large_image\" \/>\n<meta name=\"twitter:label1\" content=\"Gesch\u00e4tzte Lesezeit\" \/>\n\t<meta name=\"twitter:data1\" content=\"1 Minute\" \/>\n<script type=\"application\/ld+json\" class=\"yoast-schema-graph\">{\"@context\":\"https:\/\/schema.org\",\"@graph\":[{\"@type\":\"WebPage\",\"@id\":\"https:\/\/www.pomposaresidence.com\/de\/dienstleistungen\/restaurant-pizzeria\/\",\"url\":\"https:\/\/www.pomposaresidence.com\/de\/dienstleistungen\/restaurant-pizzeria\/\",\"name\":\"Restaurant & Pizzeria - Pomposa Residence -\",\"isPartOf\":{\"@id\":\"https:\/\/www.pomposaresidence.com\/de\/#website\"},\"datePublished\":\"2025-02-04T13:21:14+00:00\",\"dateModified\":\"2025-03-26T11:14:44+00:00\",\"description\":\"Das Restaurant-Pizzeria \\\"\\\"Pomposa\\\"\\\" in der Pomposa Residence, am Lido di Pomposa, bietet eine K\u00fcche, die die gastronomischen Traditionen der Emilia-Romagna feiert. Das Restaurant bietet Gerichte aus frischen und saisonalen Zutaten mit einem besonderen Augenmerk auf die lokale Herkunft von Fleisch und Fisch und k\u00f6stliche Pizzen, auch zum Mitnehmen erh\u00e4ltlich\",\"breadcrumb\":{\"@id\":\"https:\/\/www.pomposaresidence.com\/de\/dienstleistungen\/restaurant-pizzeria\/#breadcrumb\"},\"inLanguage\":\"de-DE\",\"potentialAction\":[{\"@type\":\"ReadAction\",\"target\":[\"https:\/\/www.pomposaresidence.com\/de\/dienstleistungen\/restaurant-pizzeria\/\"]}]},{\"@type\":\"BreadcrumbList\",\"@id\":\"https:\/\/www.pomposaresidence.com\/de\/dienstleistungen\/restaurant-pizzeria\/#breadcrumb\",\"itemListElement\":[{\"@type\":\"ListItem\",\"position\":1,\"name\":\"Home\",\"item\":\"https:\/\/www.pomposaresidence.com\/de\/\"},{\"@type\":\"ListItem\",\"position\":2,\"name\":\"Dienstleistungen\",\"item\":\"https:\/\/www.pomposaresidence.com\/de\/dienstleistungen\/\"},{\"@type\":\"ListItem\",\"position\":3,\"name\":\"Restaurant &#038; Pizzeria\"}]},{\"@type\":\"WebSite\",\"@id\":\"https:\/\/www.pomposaresidence.com\/de\/#website\",\"url\":\"https:\/\/www.pomposaresidence.com\/de\/\",\"name\":\"Pomposa Residence\",\"description\":\"\",\"publisher\":{\"@id\":\"https:\/\/www.pomposaresidence.com\/de\/#organization\"},\"potentialAction\":[{\"@type\":\"SearchAction\",\"target\":{\"@type\":\"EntryPoint\",\"urlTemplate\":\"https:\/\/www.pomposaresidence.com\/de\/?s={search_term_string}\"},\"query-input\":\"required name=search_term_string\"}],\"inLanguage\":\"de-DE\"},{\"@type\":\"Organization\",\"@id\":\"https:\/\/www.pomposaresidence.com\/de\/#organization\",\"name\":\"Pomposa Residence\",\"url\":\"https:\/\/www.pomposaresidence.com\/de\/\",\"logo\":{\"@type\":\"ImageObject\",\"inLanguage\":\"de-DE\",\"@id\":\"https:\/\/www.pomposaresidence.com\/de\/#\/schema\/logo\/image\/\",\"url\":\"https:\/\/www.pomposaresidence.com\/wp-content\/uploads\/sites\/211\/2025\/01\/Pomposa-Residence.png\",\"contentUrl\":\"https:\/\/www.pomposaresidence.com\/wp-content\/uploads\/sites\/211\/2025\/01\/Pomposa-Residence.png\",\"width\":194,\"height\":58,\"caption\":\"Pomposa Residence\"},\"image\":{\"@id\":\"https:\/\/www.pomposaresidence.com\/de\/#\/schema\/logo\/image\/\"},\"sameAs\":[\"https:\/\/facebook.com\/tomasitourism\",\"https:\/\/www.instagram.com\/tomasitourism\/\"]}]}<\/script>\n<!-- \/ Yoast SEO plugin. -->","yoast_head_json":{"title":"Restaurant & Pizzeria - Pomposa Residence -","description":"Das Restaurant-Pizzeria \"\"Pomposa\"\" in der Pomposa Residence, am Lido di Pomposa, bietet eine K\u00fcche, die die gastronomischen Traditionen der Emilia-Romagna feiert. Das Restaurant bietet Gerichte aus frischen und saisonalen Zutaten mit einem besonderen Augenmerk auf die lokale Herkunft von Fleisch und Fisch und k\u00f6stliche Pizzen, auch zum Mitnehmen erh\u00e4ltlich","robots":{"index":"index","follow":"follow","max-snippet":"max-snippet:-1","max-image-preview":"max-image-preview:large","max-video-preview":"max-video-preview:-1"},"canonical":"https:\/\/www.pomposaresidence.com\/de\/dienstleistungen\/restaurant-pizzeria\/","og_locale":"de_DE","og_type":"article","og_title":"Restaurant & Pizzeria - Pomposa Residence -","og_description":"Das Restaurant-Pizzeria \"\"Pomposa\"\" in der Pomposa Residence, am Lido di Pomposa, bietet eine K\u00fcche, die die gastronomischen Traditionen der Emilia-Romagna feiert. Das Restaurant bietet Gerichte aus frischen und saisonalen Zutaten mit einem besonderen Augenmerk auf die lokale Herkunft von Fleisch und Fisch und k\u00f6stliche Pizzen, auch zum Mitnehmen erh\u00e4ltlich","og_url":"https:\/\/www.pomposaresidence.com\/de\/dienstleistungen\/restaurant-pizzeria\/","og_site_name":"Pomposa Residence","article_publisher":"https:\/\/facebook.com\/tomasitourism","article_modified_time":"2025-03-26T11:14:44+00:00","og_image":[{"width":2200,"height":1200,"url":"https:\/\/www.pomposaresidence.com\/wp-content\/uploads\/sites\/211\/2025\/02\/pomposa_residence_slide02.jpg","type":"image\/jpeg"}],"twitter_card":"summary_large_image","twitter_misc":{"Gesch\u00e4tzte Lesezeit":"1 Minute"},"schema":{"@context":"https:\/\/schema.org","@graph":[{"@type":"WebPage","@id":"https:\/\/www.pomposaresidence.com\/de\/dienstleistungen\/restaurant-pizzeria\/","url":"https:\/\/www.pomposaresidence.com\/de\/dienstleistungen\/restaurant-pizzeria\/","name":"Restaurant & Pizzeria - Pomposa Residence -","isPartOf":{"@id":"https:\/\/www.pomposaresidence.com\/de\/#website"},"datePublished":"2025-02-04T13:21:14+00:00","dateModified":"2025-03-26T11:14:44+00:00","description":"Das Restaurant-Pizzeria \"\"Pomposa\"\" in der Pomposa Residence, am Lido di Pomposa, bietet eine K\u00fcche, die die gastronomischen Traditionen der Emilia-Romagna feiert. Das Restaurant bietet Gerichte aus frischen und saisonalen Zutaten mit einem besonderen Augenmerk auf die lokale Herkunft von Fleisch und Fisch und k\u00f6stliche Pizzen, auch zum Mitnehmen erh\u00e4ltlich","breadcrumb":{"@id":"https:\/\/www.pomposaresidence.com\/de\/dienstleistungen\/restaurant-pizzeria\/#breadcrumb"},"inLanguage":"de-DE","potentialAction":[{"@type":"ReadAction","target":["https:\/\/www.pomposaresidence.com\/de\/dienstleistungen\/restaurant-pizzeria\/"]}]},{"@type":"BreadcrumbList","@id":"https:\/\/www.pomposaresidence.com\/de\/dienstleistungen\/restaurant-pizzeria\/#breadcrumb","itemListElement":[{"@type":"ListItem","position":1,"name":"Home","item":"https:\/\/www.pomposaresidence.com\/de\/"},{"@type":"ListItem","position":2,"name":"Dienstleistungen","item":"https:\/\/www.pomposaresidence.com\/de\/dienstleistungen\/"},{"@type":"ListItem","position":3,"name":"Restaurant &#038; Pizzeria"}]},{"@type":"WebSite","@id":"https:\/\/www.pomposaresidence.com\/de\/#website","url":"https:\/\/www.pomposaresidence.com\/de\/","name":"Pomposa Residence","description":"","publisher":{"@id":"https:\/\/www.pomposaresidence.com\/de\/#organization"},"potentialAction":[{"@type":"SearchAction","target":{"@type":"EntryPoint","urlTemplate":"https:\/\/www.pomposaresidence.com\/de\/?s={search_term_string}"},"query-input":"required name=search_term_string"}],"inLanguage":"de-DE"},{"@type":"Organization","@id":"https:\/\/www.pomposaresidence.com\/de\/#organization","name":"Pomposa Residence","url":"https:\/\/www.pomposaresidence.com\/de\/","logo":{"@type":"ImageObject","inLanguage":"de-DE","@id":"https:\/\/www.pomposaresidence.com\/de\/#\/schema\/logo\/image\/","url":"https:\/\/www.pomposaresidence.com\/wp-content\/uploads\/sites\/211\/2025\/01\/Pomposa-Residence.png","contentUrl":"https:\/\/www.pomposaresidence.com\/wp-content\/uploads\/sites\/211\/2025\/01\/Pomposa-Residence.png","width":194,"height":58,"caption":"Pomposa Residence"},"image":{"@id":"https:\/\/www.pomposaresidence.com\/de\/#\/schema\/logo\/image\/"},"sameAs":["https:\/\/facebook.com\/tomasitourism","https:\/\/www.instagram.com\/tomasitourism\/"]}]}},"acf":[],"_links":{"self":[{"href":"https:\/\/www.pomposaresidence.com\/de\/wp-json\/wp\/v2\/pages\/420"}],"collection":[{"href":"https:\/\/www.pomposaresidence.com\/de\/wp-json\/wp\/v2\/pages"}],"about":[{"href":"https:\/\/www.pomposaresidence.com\/de\/wp-json\/wp\/v2\/types\/page"}],"author":[{"embeddable":true,"href":"https:\/\/www.pomposaresidence.com\/de\/wp-json\/wp\/v2\/users\/13"}],"replies":[{"embeddable":true,"href":"https:\/\/www.pomposaresidence.com\/de\/wp-json\/wp\/v2\/comments?post=420"}],"version-history":[{"count":0,"href":"https:\/\/www.pomposaresidence.com\/de\/wp-json\/wp\/v2\/pages\/420\/revisions"}],"up":[{"embeddable":true,"href":"https:\/\/www.pomposaresidence.com\/de\/wp-json\/wp\/v2\/pages\/409"}],"wp:attachment":[{"href":"https:\/\/www.pomposaresidence.com\/de\/wp-json\/wp\/v2\/media?parent=420"}],"curies":[{"name":"wp","href":"https:\/\/api.w.org\/{rel}","templated":true}]}}