   {"id":414,"date":"2025-02-04T12:54:21","date_gmt":"2025-02-04T12:54:21","guid":{"rendered":"https:\/\/www.pomposaresidence.com\/?page_id=414"},"modified":"2025-03-27T16:47:50","modified_gmt":"2025-03-27T16:47:50","slug":"strand","status":"publish","type":"page","link":"https:\/\/www.pomposaresidence.com\/de\/dienstleistungen\/strand\/","title":{"rendered":"Strand"},"content":{"rendered":"<p>Unsere Badeanstalt Sagano befindet sich an einem der langen Str\u00e4nde der Adriak\u00fcste von Lido Pomposa in der Gemeinde Comacchio, in den Lidi Ferraresi. Das Bagno Sagano bietet viele Bequemlichkeiten und Komfort, wie die Animation, den Kinderspielplatz, die Bar immer zur Verf\u00fcgung und einen Entspannungsbereich mit Pool (gegen Geb\u00fchr).<br \/>\nRuhe und Entspannung, aber auch Sport und Spass sind immer garantiert!<br \/>\nSie haben die M\u00f6glichkeit, sich unter dem Sonnenschirm zu entspannen oder Ihre Energie auf den Beach-Volleyball- und Beach-Tennis-Pl\u00e4tzen in Szene zu setzen.<br \/>\nDie Anlage verf\u00fcgt auch \u00fcber einen &#8222;bau beach&#8220;&#8220; Bereich mit Sonnenschirmen und Liegest\u00fchlen f\u00fcr die G\u00e4ste, die ihren 4-beinigen Freund mitbringen m\u00f6chten.<\/p>\n<p>&nbsp;<\/p>\n<p>Das Restaurant bietet frische Fischgerichte, die mit ausgew\u00e4hlten Zutaten zubereitet werden. Der Raum bietet einen herrlichen Blick auf das Meer, ideal f\u00fcr diejenigen, die Mittag-, Abendessen und Aperitifs genie\u00dfen m\u00f6chten, gutes Essen mit einer entspannten Atmosph\u00e4re am Strand.<\/p>\n<p>&nbsp;<\/p>\n<p>Unser im Angebot enthaltener Strandservice beinhaltet 1 Sonnenschirm und 1 Liege (und 10% Rabatt auf zus\u00e4tzliche Liegen oder Liegest\u00fchle!).<\/p>\n","protected":false},"excerpt":{"rendered":"<p>Unsere Badeanstalt Sagano befindet sich an einem der langen Str\u00e4nde der Adriak\u00fcste von Lido Pomposa in der Gemeinde Comacchio, in den Lidi Ferraresi. Das Bagno Sagano bietet viele Bequemlichkeiten und Komfort, wie die Animation, den Kinderspielplatz, die Bar immer zur Verf\u00fcgung und einen Entspannungsbereich mit Pool (gegen Geb\u00fchr). Ruhe und Entspannung, aber auch Sport und [&hellip;]<\/p>\n","protected":false},"author":13,"featured_media":0,"parent":409,"menu_order":5,"comment_status":"closed","ping_status":"closed","template":"","meta":{"footnotes":""},"yoast_head":"<!-- This site is optimized with the Yoast SEO plugin v22.3 - https:\/\/yoast.com\/wordpress\/plugins\/seo\/ -->\n<title>Strand - Pomposa Residence -<\/title>\n<meta name=\"description\" content=\"Unsere Badeanstalt Sagano befindet sich an einem der langen Str\u00e4nde der Adriak\u00fcste von Lido Pomposa in der Gemeinde Comacchio, in den Lidi Ferraresi. Das Bagno Sagano bietet viele Bequemlichkeiten und Komfort, wie die Animation, den Kinderspielplatz, die Bar immer zur Verf\u00fcgung und einen Entspannungsbereich mit Pool (gegen Geb\u00fchr). Ruhe und Entspannung, aber auch Sport und Spass sind immer garantiert! Sie haben die M\u00f6glichkeit, sich unter dem Sonnenschirm zu entspannen oder Ihre Energie auf den Beach-Volleyball- und Beach-Tennis-Pl\u00e4tzen in Szene zu setzen. Die Anlage verf\u00fcgt auch \u00fcber einen &quot;bau beach&quot;&quot; Bereich mit Sonnenschirmen und Liegest\u00fchlen f\u00fcr die G\u00e4ste, die ihren 4-beinigen Freund mitbringen m\u00f6chten.  &nbsp;  Das Restaurant bietet frische Fischgerichte, die mit ausgew\u00e4hlten Zutaten zubereitet werden\" \/>\n<meta name=\"robots\" content=\"index, follow, max-snippet:-1, max-image-preview:large, max-video-preview:-1\" \/>\n<link rel=\"canonical\" href=\"https:\/\/www.pomposaresidence.com\/de\/dienstleistungen\/strand\/\" \/>\n<meta property=\"og:locale\" content=\"de_DE\" \/>\n<meta property=\"og:type\" content=\"article\" \/>\n<meta property=\"og:title\" content=\"Strand - Pomposa Residence -\" \/>\n<meta property=\"og:description\" content=\"Unsere Badeanstalt Sagano befindet sich an einem der langen Str\u00e4nde der Adriak\u00fcste von Lido Pomposa in der Gemeinde Comacchio, in den Lidi Ferraresi. Das Bagno Sagano bietet viele Bequemlichkeiten und Komfort, wie die Animation, den Kinderspielplatz, die Bar immer zur Verf\u00fcgung und einen Entspannungsbereich mit Pool (gegen Geb\u00fchr). Ruhe und Entspannung, aber auch Sport und Spass sind immer garantiert! Sie haben die M\u00f6glichkeit, sich unter dem Sonnenschirm zu entspannen oder Ihre Energie auf den Beach-Volleyball- und Beach-Tennis-Pl\u00e4tzen in Szene zu setzen. Die Anlage verf\u00fcgt auch \u00fcber einen &quot;bau beach&quot;&quot; Bereich mit Sonnenschirmen und Liegest\u00fchlen f\u00fcr die G\u00e4ste, die ihren 4-beinigen Freund mitbringen m\u00f6chten.  &nbsp;  Das Restaurant bietet frische Fischgerichte, die mit ausgew\u00e4hlten Zutaten zubereitet werden\" \/>\n<meta property=\"og:url\" content=\"https:\/\/www.pomposaresidence.com\/de\/dienstleistungen\/strand\/\" \/>\n<meta property=\"og:site_name\" content=\"Pomposa Residence\" \/>\n<meta property=\"article:publisher\" content=\"https:\/\/facebook.com\/tomasitourism\" \/>\n<meta property=\"article:modified_time\" content=\"2025-03-27T16:47:50+00:00\" \/>\n<meta property=\"og:image\" content=\"https:\/\/www.pomposaresidence.com\/wp-content\/uploads\/sites\/211\/2025\/02\/pomposa_residence_slide02.jpg\" \/>\n\t<meta property=\"og:image:width\" content=\"2200\" \/>\n\t<meta property=\"og:image:height\" content=\"1200\" \/>\n\t<meta property=\"og:image:type\" content=\"image\/jpeg\" \/>\n<meta name=\"twitter:card\" content=\"summary_large_image\" \/>\n<meta name=\"twitter:label1\" content=\"Gesch\u00e4tzte Lesezeit\" \/>\n\t<meta name=\"twitter:data1\" content=\"1 Minute\" \/>\n<script type=\"application\/ld+json\" class=\"yoast-schema-graph\">{\"@context\":\"https:\/\/schema.org\",\"@graph\":[{\"@type\":\"WebPage\",\"@id\":\"https:\/\/www.pomposaresidence.com\/de\/dienstleistungen\/strand\/\",\"url\":\"https:\/\/www.pomposaresidence.com\/de\/dienstleistungen\/strand\/\",\"name\":\"Strand - Pomposa Residence -\",\"isPartOf\":{\"@id\":\"https:\/\/www.pomposaresidence.com\/de\/#website\"},\"datePublished\":\"2025-02-04T12:54:21+00:00\",\"dateModified\":\"2025-03-27T16:47:50+00:00\",\"description\":\"Unsere Badeanstalt Sagano befindet sich an einem der langen Str\u00e4nde der Adriak\u00fcste von Lido Pomposa in der Gemeinde Comacchio, in den Lidi Ferraresi. Das Bagno Sagano bietet viele Bequemlichkeiten und Komfort, wie die Animation, den Kinderspielplatz, die Bar immer zur Verf\u00fcgung und einen Entspannungsbereich mit Pool (gegen Geb\u00fchr). Ruhe und Entspannung, aber auch Sport und Spass sind immer garantiert! Sie haben die M\u00f6glichkeit, sich unter dem Sonnenschirm zu entspannen oder Ihre Energie auf den Beach-Volleyball- und Beach-Tennis-Pl\u00e4tzen in Szene zu setzen. Die Anlage verf\u00fcgt auch \u00fcber einen \\\"bau beach\\\"\\\" Bereich mit Sonnenschirmen und Liegest\u00fchlen f\u00fcr die G\u00e4ste, die ihren 4-beinigen Freund mitbringen m\u00f6chten. &nbsp; Das Restaurant bietet frische Fischgerichte, die mit ausgew\u00e4hlten Zutaten zubereitet werden\",\"breadcrumb\":{\"@id\":\"https:\/\/www.pomposaresidence.com\/de\/dienstleistungen\/strand\/#breadcrumb\"},\"inLanguage\":\"de-DE\",\"potentialAction\":[{\"@type\":\"ReadAction\",\"target\":[\"https:\/\/www.pomposaresidence.com\/de\/dienstleistungen\/strand\/\"]}]},{\"@type\":\"BreadcrumbList\",\"@id\":\"https:\/\/www.pomposaresidence.com\/de\/dienstleistungen\/strand\/#breadcrumb\",\"itemListElement\":[{\"@type\":\"ListItem\",\"position\":1,\"name\":\"Home\",\"item\":\"https:\/\/www.pomposaresidence.com\/de\/\"},{\"@type\":\"ListItem\",\"position\":2,\"name\":\"Dienstleistungen\",\"item\":\"https:\/\/www.pomposaresidence.com\/de\/dienstleistungen\/\"},{\"@type\":\"ListItem\",\"position\":3,\"name\":\"Strand\"}]},{\"@type\":\"WebSite\",\"@id\":\"https:\/\/www.pomposaresidence.com\/de\/#website\",\"url\":\"https:\/\/www.pomposaresidence.com\/de\/\",\"name\":\"Pomposa Residence\",\"description\":\"\",\"publisher\":{\"@id\":\"https:\/\/www.pomposaresidence.com\/de\/#organization\"},\"potentialAction\":[{\"@type\":\"SearchAction\",\"target\":{\"@type\":\"EntryPoint\",\"urlTemplate\":\"https:\/\/www.pomposaresidence.com\/de\/?s={search_term_string}\"},\"query-input\":\"required name=search_term_string\"}],\"inLanguage\":\"de-DE\"},{\"@type\":\"Organization\",\"@id\":\"https:\/\/www.pomposaresidence.com\/de\/#organization\",\"name\":\"Pomposa Residence\",\"url\":\"https:\/\/www.pomposaresidence.com\/de\/\",\"logo\":{\"@type\":\"ImageObject\",\"inLanguage\":\"de-DE\",\"@id\":\"https:\/\/www.pomposaresidence.com\/de\/#\/schema\/logo\/image\/\",\"url\":\"https:\/\/www.pomposaresidence.com\/wp-content\/uploads\/sites\/211\/2025\/01\/Pomposa-Residence.png\",\"contentUrl\":\"https:\/\/www.pomposaresidence.com\/wp-content\/uploads\/sites\/211\/2025\/01\/Pomposa-Residence.png\",\"width\":194,\"height\":58,\"caption\":\"Pomposa Residence\"},\"image\":{\"@id\":\"https:\/\/www.pomposaresidence.com\/de\/#\/schema\/logo\/image\/\"},\"sameAs\":[\"https:\/\/facebook.com\/tomasitourism\",\"https:\/\/www.instagram.com\/tomasitourism\/\"]}]}<\/script>\n<!-- \/ Yoast SEO plugin. -->","yoast_head_json":{"title":"Strand - Pomposa Residence -","description":"Unsere Badeanstalt Sagano befindet sich an einem der langen Str\u00e4nde der Adriak\u00fcste von Lido Pomposa in der Gemeinde Comacchio, in den Lidi Ferraresi. Das Bagno Sagano bietet viele Bequemlichkeiten und Komfort, wie die Animation, den Kinderspielplatz, die Bar immer zur Verf\u00fcgung und einen Entspannungsbereich mit Pool (gegen Geb\u00fchr). Ruhe und Entspannung, aber auch Sport und Spass sind immer garantiert! Sie haben die M\u00f6glichkeit, sich unter dem Sonnenschirm zu entspannen oder Ihre Energie auf den Beach-Volleyball- und Beach-Tennis-Pl\u00e4tzen in Szene zu setzen. Die Anlage verf\u00fcgt auch \u00fcber einen \"bau beach\"\" Bereich mit Sonnenschirmen und Liegest\u00fchlen f\u00fcr die G\u00e4ste, die ihren 4-beinigen Freund mitbringen m\u00f6chten.  &nbsp;  Das Restaurant bietet frische Fischgerichte, die mit ausgew\u00e4hlten Zutaten zubereitet werden","robots":{"index":"index","follow":"follow","max-snippet":"max-snippet:-1","max-image-preview":"max-image-preview:large","max-video-preview":"max-video-preview:-1"},"canonical":"https:\/\/www.pomposaresidence.com\/de\/dienstleistungen\/strand\/","og_locale":"de_DE","og_type":"article","og_title":"Strand - Pomposa Residence -","og_description":"Unsere Badeanstalt Sagano befindet sich an einem der langen Str\u00e4nde der Adriak\u00fcste von Lido Pomposa in der Gemeinde Comacchio, in den Lidi Ferraresi. Das Bagno Sagano bietet viele Bequemlichkeiten und Komfort, wie die Animation, den Kinderspielplatz, die Bar immer zur Verf\u00fcgung und einen Entspannungsbereich mit Pool (gegen Geb\u00fchr). Ruhe und Entspannung, aber auch Sport und Spass sind immer garantiert! Sie haben die M\u00f6glichkeit, sich unter dem Sonnenschirm zu entspannen oder Ihre Energie auf den Beach-Volleyball- und Beach-Tennis-Pl\u00e4tzen in Szene zu setzen. Die Anlage verf\u00fcgt auch \u00fcber einen \"bau beach\"\" Bereich mit Sonnenschirmen und Liegest\u00fchlen f\u00fcr die G\u00e4ste, die ihren 4-beinigen Freund mitbringen m\u00f6chten.  &nbsp;  Das Restaurant bietet frische Fischgerichte, die mit ausgew\u00e4hlten Zutaten zubereitet werden","og_url":"https:\/\/www.pomposaresidence.com\/de\/dienstleistungen\/strand\/","og_site_name":"Pomposa Residence","article_publisher":"https:\/\/facebook.com\/tomasitourism","article_modified_time":"2025-03-27T16:47:50+00:00","og_image":[{"width":2200,"height":1200,"url":"https:\/\/www.pomposaresidence.com\/wp-content\/uploads\/sites\/211\/2025\/02\/pomposa_residence_slide02.jpg","type":"image\/jpeg"}],"twitter_card":"summary_large_image","twitter_misc":{"Gesch\u00e4tzte Lesezeit":"1 Minute"},"schema":{"@context":"https:\/\/schema.org","@graph":[{"@type":"WebPage","@id":"https:\/\/www.pomposaresidence.com\/de\/dienstleistungen\/strand\/","url":"https:\/\/www.pomposaresidence.com\/de\/dienstleistungen\/strand\/","name":"Strand - Pomposa Residence -","isPartOf":{"@id":"https:\/\/www.pomposaresidence.com\/de\/#website"},"datePublished":"2025-02-04T12:54:21+00:00","dateModified":"2025-03-27T16:47:50+00:00","description":"Unsere Badeanstalt Sagano befindet sich an einem der langen Str\u00e4nde der Adriak\u00fcste von Lido Pomposa in der Gemeinde Comacchio, in den Lidi Ferraresi. Das Bagno Sagano bietet viele Bequemlichkeiten und Komfort, wie die Animation, den Kinderspielplatz, die Bar immer zur Verf\u00fcgung und einen Entspannungsbereich mit Pool (gegen Geb\u00fchr). Ruhe und Entspannung, aber auch Sport und Spass sind immer garantiert! Sie haben die M\u00f6glichkeit, sich unter dem Sonnenschirm zu entspannen oder Ihre Energie auf den Beach-Volleyball- und Beach-Tennis-Pl\u00e4tzen in Szene zu setzen. Die Anlage verf\u00fcgt auch \u00fcber einen \"bau beach\"\" Bereich mit Sonnenschirmen und Liegest\u00fchlen f\u00fcr die G\u00e4ste, die ihren 4-beinigen Freund mitbringen m\u00f6chten. &nbsp; Das Restaurant bietet frische Fischgerichte, die mit ausgew\u00e4hlten Zutaten zubereitet werden","breadcrumb":{"@id":"https:\/\/www.pomposaresidence.com\/de\/dienstleistungen\/strand\/#breadcrumb"},"inLanguage":"de-DE","potentialAction":[{"@type":"ReadAction","target":["https:\/\/www.pomposaresidence.com\/de\/dienstleistungen\/strand\/"]}]},{"@type":"BreadcrumbList","@id":"https:\/\/www.pomposaresidence.com\/de\/dienstleistungen\/strand\/#breadcrumb","itemListElement":[{"@type":"ListItem","position":1,"name":"Home","item":"https:\/\/www.pomposaresidence.com\/de\/"},{"@type":"ListItem","position":2,"name":"Dienstleistungen","item":"https:\/\/www.pomposaresidence.com\/de\/dienstleistungen\/"},{"@type":"ListItem","position":3,"name":"Strand"}]},{"@type":"WebSite","@id":"https:\/\/www.pomposaresidence.com\/de\/#website","url":"https:\/\/www.pomposaresidence.com\/de\/","name":"Pomposa Residence","description":"","publisher":{"@id":"https:\/\/www.pomposaresidence.com\/de\/#organization"},"potentialAction":[{"@type":"SearchAction","target":{"@type":"EntryPoint","urlTemplate":"https:\/\/www.pomposaresidence.com\/de\/?s={search_term_string}"},"query-input":"required name=search_term_string"}],"inLanguage":"de-DE"},{"@type":"Organization","@id":"https:\/\/www.pomposaresidence.com\/de\/#organization","name":"Pomposa Residence","url":"https:\/\/www.pomposaresidence.com\/de\/","logo":{"@type":"ImageObject","inLanguage":"de-DE","@id":"https:\/\/www.pomposaresidence.com\/de\/#\/schema\/logo\/image\/","url":"https:\/\/www.pomposaresidence.com\/wp-content\/uploads\/sites\/211\/2025\/01\/Pomposa-Residence.png","contentUrl":"https:\/\/www.pomposaresidence.com\/wp-content\/uploads\/sites\/211\/2025\/01\/Pomposa-Residence.png","width":194,"height":58,"caption":"Pomposa Residence"},"image":{"@id":"https:\/\/www.pomposaresidence.com\/de\/#\/schema\/logo\/image\/"},"sameAs":["https:\/\/facebook.com\/tomasitourism","https:\/\/www.instagram.com\/tomasitourism\/"]}]}},"acf":[],"_links":{"self":[{"href":"https:\/\/www.pomposaresidence.com\/de\/wp-json\/wp\/v2\/pages\/414"}],"collection":[{"href":"https:\/\/www.pomposaresidence.com\/de\/wp-json\/wp\/v2\/pages"}],"about":[{"href":"https:\/\/www.pomposaresidence.com\/de\/wp-json\/wp\/v2\/types\/page"}],"author":[{"embeddable":true,"href":"https:\/\/www.pomposaresidence.com\/de\/wp-json\/wp\/v2\/users\/13"}],"replies":[{"embeddable":true,"href":"https:\/\/www.pomposaresidence.com\/de\/wp-json\/wp\/v2\/comments?post=414"}],"version-history":[{"count":0,"href":"https:\/\/www.pomposaresidence.com\/de\/wp-json\/wp\/v2\/pages\/414\/revisions"}],"up":[{"embeddable":true,"href":"https:\/\/www.pomposaresidence.com\/de\/wp-json\/wp\/v2\/pages\/409"}],"wp:attachment":[{"href":"https:\/\/www.pomposaresidence.com\/de\/wp-json\/wp\/v2\/media?parent=414"}],"curies":[{"name":"wp","href":"https:\/\/api.w.org\/{rel}","templated":true}]}}