   {"id":409,"date":"2025-02-04T10:41:25","date_gmt":"2025-02-04T10:41:25","guid":{"rendered":"https:\/\/www.pomposaresidence.com\/?page_id=409"},"modified":"2025-03-28T16:06:50","modified_gmt":"2025-03-28T16:06:50","slug":"dienstleistungen","status":"publish","type":"page","link":"https:\/\/www.pomposaresidence.com\/de\/dienstleistungen\/","title":{"rendered":"Dienstleistungen"},"content":{"rendered":"<p>Entdecken Sie alle Serviceleistungen unserer Ferienwohnungen, damit Sie einen Urlaub in der Emilia Romagna voller Komfort, Ruhe und, f\u00fcr diejenigen, die es w\u00fcnschen, auch Spa\u00df verbringen k\u00f6nnen!<br \/>\nRestaurant, Parkplatz, Schwimmbad, Animation, Strandservice und die M\u00f6glichkeit, Ihren Hund mitzubringen, sind nur einige der Dienstleistungen!<\/p>\n","protected":false},"excerpt":{"rendered":"<p>Entdecken Sie alle Serviceleistungen unserer Ferienwohnungen, damit Sie einen Urlaub in der Emilia Romagna voller Komfort, Ruhe und, f\u00fcr diejenigen, die es w\u00fcnschen, auch Spa\u00df verbringen k\u00f6nnen! Restaurant, Parkplatz, Schwimmbad, Animation, Strandservice und die M\u00f6glichkeit, Ihren Hund mitzubringen, sind nur einige der Dienstleistungen!<\/p>\n","protected":false},"author":13,"featured_media":0,"parent":0,"menu_order":40,"comment_status":"closed","ping_status":"closed","template":"template-services.php","meta":{"footnotes":""},"class_list":["post-409","page","type-page","status-publish","hentry"],"yoast_head":"<!-- This site is optimized with the Yoast SEO plugin v27.3 - https:\/\/yoast.com\/product\/yoast-seo-wordpress\/ -->\n<title>Dienstleistungen - Pomposa Residence -<\/title>\n<meta name=\"description\" content=\"Entdecken Sie alle Serviceleistungen unserer Ferienwohnungen, damit Sie einen Urlaub in der Emilia Romagna voller Komfort, Ruhe und, f\u00fcr diejenigen, die es w\u00fcnschen, auch Spa\u00df verbringen k\u00f6nnen! Restaurant, Parkplatz, Schwimmbad, Animation, Strandservice und die M\u00f6glichkeit, Ihren Hund mitzubringen, sind nur einige der Dienstleistungen!.\" \/>\n<meta name=\"robots\" content=\"index, follow, max-snippet:-1, max-image-preview:large, max-video-preview:-1\" \/>\n<link rel=\"canonical\" href=\"https:\/\/www.pomposaresidence.com\/de\/dienstleistungen\/\" \/>\n<meta property=\"og:locale\" content=\"de_DE\" \/>\n<meta property=\"og:type\" content=\"article\" \/>\n<meta property=\"og:title\" content=\"Dienstleistungen - Pomposa Residence -\" \/>\n<meta property=\"og:description\" content=\"Entdecken Sie alle Serviceleistungen unserer Ferienwohnungen, damit Sie einen Urlaub in der Emilia Romagna voller Komfort, Ruhe und, f\u00fcr diejenigen, die es w\u00fcnschen, auch Spa\u00df verbringen k\u00f6nnen! Restaurant, Parkplatz, Schwimmbad, Animation, Strandservice und die M\u00f6glichkeit, Ihren Hund mitzubringen, sind nur einige der Dienstleistungen!.\" \/>\n<meta property=\"og:url\" content=\"https:\/\/www.pomposaresidence.com\/de\/dienstleistungen\/\" \/>\n<meta property=\"og:site_name\" content=\"Pomposa Residence\" \/>\n<meta property=\"article:publisher\" content=\"https:\/\/facebook.com\/tomasitourism\" \/>\n<meta property=\"article:modified_time\" content=\"2025-03-28T16:06:50+00:00\" \/>\n<meta property=\"og:image\" content=\"https:\/\/www.pomposaresidence.com\/wp-content\/uploads\/sites\/211\/2025\/02\/pomposa_residence_slide02.jpg\" \/>\n\t<meta property=\"og:image:width\" content=\"2200\" \/>\n\t<meta property=\"og:image:height\" content=\"1200\" \/>\n\t<meta property=\"og:image:type\" content=\"image\/jpeg\" \/>\n<meta name=\"twitter:card\" content=\"summary_large_image\" \/>\n<meta name=\"twitter:label1\" content=\"Gesch\u00e4tzte Lesezeit\" \/>\n\t<meta name=\"twitter:data1\" content=\"1 Minute\" \/>\n<script type=\"application\/ld+json\" class=\"yoast-schema-graph\">{\"@context\":\"https:\\\/\\\/schema.org\",\"@graph\":[{\"@type\":\"WebPage\",\"@id\":\"https:\\\/\\\/www.pomposaresidence.com\\\/de\\\/dienstleistungen\\\/\",\"url\":\"https:\\\/\\\/www.pomposaresidence.com\\\/de\\\/dienstleistungen\\\/\",\"name\":\"Dienstleistungen - Pomposa Residence -\",\"isPartOf\":{\"@id\":\"https:\\\/\\\/www.pomposaresidence.com\\\/de\\\/#website\"},\"datePublished\":\"2025-02-04T10:41:25+00:00\",\"dateModified\":\"2025-03-28T16:06:50+00:00\",\"description\":\"Entdecken Sie alle Serviceleistungen unserer Ferienwohnungen, damit Sie einen Urlaub in der Emilia Romagna voller Komfort, Ruhe und, f\u00fcr diejenigen, die es w\u00fcnschen, auch Spa\u00df verbringen k\u00f6nnen! Restaurant, Parkplatz, Schwimmbad, Animation, Strandservice und die M\u00f6glichkeit, Ihren Hund mitzubringen, sind nur einige der Dienstleistungen!.\",\"breadcrumb\":{\"@id\":\"https:\\\/\\\/www.pomposaresidence.com\\\/de\\\/dienstleistungen\\\/#breadcrumb\"},\"inLanguage\":\"de-DE\",\"potentialAction\":[{\"@type\":\"ReadAction\",\"target\":[\"https:\\\/\\\/www.pomposaresidence.com\\\/de\\\/dienstleistungen\\\/\"]}]},{\"@type\":\"BreadcrumbList\",\"@id\":\"https:\\\/\\\/www.pomposaresidence.com\\\/de\\\/dienstleistungen\\\/#breadcrumb\",\"itemListElement\":[{\"@type\":\"ListItem\",\"position\":1,\"name\":\"Home\",\"item\":\"https:\\\/\\\/www.pomposaresidence.com\\\/de\\\/\"},{\"@type\":\"ListItem\",\"position\":2,\"name\":\"Dienstleistungen\"}]},{\"@type\":\"WebSite\",\"@id\":\"https:\\\/\\\/www.pomposaresidence.com\\\/de\\\/#website\",\"url\":\"https:\\\/\\\/www.pomposaresidence.com\\\/de\\\/\",\"name\":\"Pomposa Residence\",\"description\":\"\",\"publisher\":{\"@id\":\"https:\\\/\\\/www.pomposaresidence.com\\\/de\\\/#organization\"},\"potentialAction\":[{\"@type\":\"SearchAction\",\"target\":{\"@type\":\"EntryPoint\",\"urlTemplate\":\"https:\\\/\\\/www.pomposaresidence.com\\\/de\\\/?s={search_term_string}\"},\"query-input\":{\"@type\":\"PropertyValueSpecification\",\"valueRequired\":true,\"valueName\":\"search_term_string\"}}],\"inLanguage\":\"de-DE\"},{\"@type\":\"Organization\",\"@id\":\"https:\\\/\\\/www.pomposaresidence.com\\\/de\\\/#organization\",\"name\":\"Pomposa Residence\",\"url\":\"https:\\\/\\\/www.pomposaresidence.com\\\/de\\\/\",\"logo\":{\"@type\":\"ImageObject\",\"inLanguage\":\"de-DE\",\"@id\":\"https:\\\/\\\/www.pomposaresidence.com\\\/de\\\/#\\\/schema\\\/logo\\\/image\\\/\",\"url\":\"https:\\\/\\\/www.pomposaresidence.com\\\/wp-content\\\/uploads\\\/sites\\\/211\\\/2025\\\/01\\\/Pomposa-Residence.png\",\"contentUrl\":\"https:\\\/\\\/www.pomposaresidence.com\\\/wp-content\\\/uploads\\\/sites\\\/211\\\/2025\\\/01\\\/Pomposa-Residence.png\",\"width\":194,\"height\":58,\"caption\":\"Pomposa Residence\"},\"image\":{\"@id\":\"https:\\\/\\\/www.pomposaresidence.com\\\/de\\\/#\\\/schema\\\/logo\\\/image\\\/\"},\"sameAs\":[\"https:\\\/\\\/facebook.com\\\/tomasitourism\",\"https:\\\/\\\/www.instagram.com\\\/tomasitourism\\\/\"]}]}<\/script>\n<!-- \/ Yoast SEO plugin. -->","yoast_head_json":{"title":"Dienstleistungen - Pomposa Residence -","description":"Entdecken Sie alle Serviceleistungen unserer Ferienwohnungen, damit Sie einen Urlaub in der Emilia Romagna voller Komfort, Ruhe und, f\u00fcr diejenigen, die es w\u00fcnschen, auch Spa\u00df verbringen k\u00f6nnen! Restaurant, Parkplatz, Schwimmbad, Animation, Strandservice und die M\u00f6glichkeit, Ihren Hund mitzubringen, sind nur einige der Dienstleistungen!.","robots":{"index":"index","follow":"follow","max-snippet":"max-snippet:-1","max-image-preview":"max-image-preview:large","max-video-preview":"max-video-preview:-1"},"canonical":"https:\/\/www.pomposaresidence.com\/de\/dienstleistungen\/","og_locale":"de_DE","og_type":"article","og_title":"Dienstleistungen - Pomposa Residence -","og_description":"Entdecken Sie alle Serviceleistungen unserer Ferienwohnungen, damit Sie einen Urlaub in der Emilia Romagna voller Komfort, Ruhe und, f\u00fcr diejenigen, die es w\u00fcnschen, auch Spa\u00df verbringen k\u00f6nnen! Restaurant, Parkplatz, Schwimmbad, Animation, Strandservice und die M\u00f6glichkeit, Ihren Hund mitzubringen, sind nur einige der Dienstleistungen!.","og_url":"https:\/\/www.pomposaresidence.com\/de\/dienstleistungen\/","og_site_name":"Pomposa Residence","article_publisher":"https:\/\/facebook.com\/tomasitourism","article_modified_time":"2025-03-28T16:06:50+00:00","og_image":[{"width":2200,"height":1200,"url":"https:\/\/www.pomposaresidence.com\/wp-content\/uploads\/sites\/211\/2025\/02\/pomposa_residence_slide02.jpg","type":"image\/jpeg"}],"twitter_card":"summary_large_image","twitter_misc":{"Gesch\u00e4tzte Lesezeit":"1 Minute"},"schema":{"@context":"https:\/\/schema.org","@graph":[{"@type":"WebPage","@id":"https:\/\/www.pomposaresidence.com\/de\/dienstleistungen\/","url":"https:\/\/www.pomposaresidence.com\/de\/dienstleistungen\/","name":"Dienstleistungen - Pomposa Residence -","isPartOf":{"@id":"https:\/\/www.pomposaresidence.com\/de\/#website"},"datePublished":"2025-02-04T10:41:25+00:00","dateModified":"2025-03-28T16:06:50+00:00","description":"Entdecken Sie alle Serviceleistungen unserer Ferienwohnungen, damit Sie einen Urlaub in der Emilia Romagna voller Komfort, Ruhe und, f\u00fcr diejenigen, die es w\u00fcnschen, auch Spa\u00df verbringen k\u00f6nnen! Restaurant, Parkplatz, Schwimmbad, Animation, Strandservice und die M\u00f6glichkeit, Ihren Hund mitzubringen, sind nur einige der Dienstleistungen!.","breadcrumb":{"@id":"https:\/\/www.pomposaresidence.com\/de\/dienstleistungen\/#breadcrumb"},"inLanguage":"de-DE","potentialAction":[{"@type":"ReadAction","target":["https:\/\/www.pomposaresidence.com\/de\/dienstleistungen\/"]}]},{"@type":"BreadcrumbList","@id":"https:\/\/www.pomposaresidence.com\/de\/dienstleistungen\/#breadcrumb","itemListElement":[{"@type":"ListItem","position":1,"name":"Home","item":"https:\/\/www.pomposaresidence.com\/de\/"},{"@type":"ListItem","position":2,"name":"Dienstleistungen"}]},{"@type":"WebSite","@id":"https:\/\/www.pomposaresidence.com\/de\/#website","url":"https:\/\/www.pomposaresidence.com\/de\/","name":"Pomposa Residence","description":"","publisher":{"@id":"https:\/\/www.pomposaresidence.com\/de\/#organization"},"potentialAction":[{"@type":"SearchAction","target":{"@type":"EntryPoint","urlTemplate":"https:\/\/www.pomposaresidence.com\/de\/?s={search_term_string}"},"query-input":{"@type":"PropertyValueSpecification","valueRequired":true,"valueName":"search_term_string"}}],"inLanguage":"de-DE"},{"@type":"Organization","@id":"https:\/\/www.pomposaresidence.com\/de\/#organization","name":"Pomposa Residence","url":"https:\/\/www.pomposaresidence.com\/de\/","logo":{"@type":"ImageObject","inLanguage":"de-DE","@id":"https:\/\/www.pomposaresidence.com\/de\/#\/schema\/logo\/image\/","url":"https:\/\/www.pomposaresidence.com\/wp-content\/uploads\/sites\/211\/2025\/01\/Pomposa-Residence.png","contentUrl":"https:\/\/www.pomposaresidence.com\/wp-content\/uploads\/sites\/211\/2025\/01\/Pomposa-Residence.png","width":194,"height":58,"caption":"Pomposa Residence"},"image":{"@id":"https:\/\/www.pomposaresidence.com\/de\/#\/schema\/logo\/image\/"},"sameAs":["https:\/\/facebook.com\/tomasitourism","https:\/\/www.instagram.com\/tomasitourism\/"]}]}},"acf":[],"_links":{"self":[{"href":"https:\/\/www.pomposaresidence.com\/de\/wp-json\/wp\/v2\/pages\/409","targetHints":{"allow":["GET"]}}],"collection":[{"href":"https:\/\/www.pomposaresidence.com\/de\/wp-json\/wp\/v2\/pages"}],"about":[{"href":"https:\/\/www.pomposaresidence.com\/de\/wp-json\/wp\/v2\/types\/page"}],"author":[{"embeddable":true,"href":"https:\/\/www.pomposaresidence.com\/de\/wp-json\/wp\/v2\/users\/13"}],"replies":[{"embeddable":true,"href":"https:\/\/www.pomposaresidence.com\/de\/wp-json\/wp\/v2\/comments?post=409"}],"version-history":[{"count":0,"href":"https:\/\/www.pomposaresidence.com\/de\/wp-json\/wp\/v2\/pages\/409\/revisions"}],"wp:attachment":[{"href":"https:\/\/www.pomposaresidence.com\/de\/wp-json\/wp\/v2\/media?parent=409"}],"curies":[{"name":"wp","href":"https:\/\/api.w.org\/{rel}","templated":true}]}}