   {"id":403,"date":"2025-02-04T10:05:19","date_gmt":"2025-02-04T10:05:19","guid":{"rendered":"https:\/\/www.pomposaresidence.com\/?page_id=403"},"modified":"2025-03-28T16:08:49","modified_gmt":"2025-03-28T16:08:49","slug":"hotel-quality","status":"publish","type":"page","link":"https:\/\/www.pomposaresidence.com\/de\/hotel-quality\/","title":{"rendered":"Hotel quality"},"content":{"rendered":"<p>Die Pomposa Residence bietet eine Hotelqualit\u00e4t, die Komfort, moderne Annehmlichkeiten und eine entspannte Atmosph\u00e4re kombiniert, ideal f\u00fcr Familien. Obwohl es sich um eine Residenz handelt, bietet die Struktur hohe Standards, die denen eines Hotels \u00e4hneln, mit engagierten Dienstleistungen, Liebe zum Detail und der Pflege der R\u00e4ume. Es stehen viele Dienstleistungen zur Verf\u00fcgung, die es erm\u00f6glichen, die Unabh\u00e4ngigkeit einer Wohnung am Meer mit dem Komfort und der Qualit\u00e4t eines Hotels zu verbinden, wie die M\u00f6glichkeit, Bettw\u00e4sche und Handt\u00fccher zu mieten und den t\u00e4glichen Reinigungsservice der Wohnung.<\/p>\n","protected":false},"excerpt":{"rendered":"<p>Die Pomposa Residence bietet eine Hotelqualit\u00e4t, die Komfort, moderne Annehmlichkeiten und eine entspannte Atmosph\u00e4re kombiniert, ideal f\u00fcr Familien. Obwohl es sich um eine Residenz handelt, bietet die Struktur hohe Standards, die denen eines Hotels \u00e4hneln, mit engagierten Dienstleistungen, Liebe zum Detail und der Pflege der R\u00e4ume. Es stehen viele Dienstleistungen zur Verf\u00fcgung, die es erm\u00f6glichen, [&hellip;]<\/p>\n","protected":false},"author":13,"featured_media":0,"parent":0,"menu_order":30,"comment_status":"closed","ping_status":"closed","template":"template-restaurant.php","meta":{"footnotes":""},"yoast_head":"<!-- This site is optimized with the Yoast SEO plugin v22.3 - https:\/\/yoast.com\/wordpress\/plugins\/seo\/ -->\n<title>Hotel quality - Pomposa Residence -<\/title>\n<meta name=\"description\" content=\"Die Pomposa Residence bietet eine Hotelqualit\u00e4t, die Komfort, moderne Annehmlichkeiten und eine entspannte Atmosph\u00e4re kombiniert, ideal f\u00fcr Familien. Obwohl es sich um eine Residenz handelt, bietet die Struktur hohe Standards, die denen eines Hotels \u00e4hneln, mit engagierten Dienstleistungen, Liebe zum Detail und der Pflege der R\u00e4ume\" \/>\n<meta name=\"robots\" content=\"index, follow, max-snippet:-1, max-image-preview:large, max-video-preview:-1\" \/>\n<link rel=\"canonical\" href=\"https:\/\/www.pomposaresidence.com\/de\/hotel-quality\/\" \/>\n<meta property=\"og:locale\" content=\"de_DE\" \/>\n<meta property=\"og:type\" content=\"article\" \/>\n<meta property=\"og:title\" content=\"Hotel quality - Pomposa Residence -\" \/>\n<meta property=\"og:description\" content=\"Die Pomposa Residence bietet eine Hotelqualit\u00e4t, die Komfort, moderne Annehmlichkeiten und eine entspannte Atmosph\u00e4re kombiniert, ideal f\u00fcr Familien. Obwohl es sich um eine Residenz handelt, bietet die Struktur hohe Standards, die denen eines Hotels \u00e4hneln, mit engagierten Dienstleistungen, Liebe zum Detail und der Pflege der R\u00e4ume\" \/>\n<meta property=\"og:url\" content=\"https:\/\/www.pomposaresidence.com\/de\/hotel-quality\/\" \/>\n<meta property=\"og:site_name\" content=\"Pomposa Residence\" \/>\n<meta property=\"article:publisher\" content=\"https:\/\/facebook.com\/tomasitourism\" \/>\n<meta property=\"article:modified_time\" content=\"2025-03-28T16:08:49+00:00\" \/>\n<meta property=\"og:image\" content=\"https:\/\/www.pomposaresidence.com\/wp-content\/uploads\/sites\/211\/2025\/02\/pomposa_residence_slide02.jpg\" \/>\n\t<meta property=\"og:image:width\" content=\"2200\" \/>\n\t<meta property=\"og:image:height\" content=\"1200\" \/>\n\t<meta property=\"og:image:type\" content=\"image\/jpeg\" \/>\n<meta name=\"twitter:card\" content=\"summary_large_image\" \/>\n<meta name=\"twitter:label1\" content=\"Gesch\u00e4tzte Lesezeit\" \/>\n\t<meta name=\"twitter:data1\" content=\"1 Minute\" \/>\n<script type=\"application\/ld+json\" class=\"yoast-schema-graph\">{\"@context\":\"https:\/\/schema.org\",\"@graph\":[{\"@type\":\"WebPage\",\"@id\":\"https:\/\/www.pomposaresidence.com\/de\/hotel-quality\/\",\"url\":\"https:\/\/www.pomposaresidence.com\/de\/hotel-quality\/\",\"name\":\"Hotel quality - Pomposa Residence -\",\"isPartOf\":{\"@id\":\"https:\/\/www.pomposaresidence.com\/de\/#website\"},\"datePublished\":\"2025-02-04T10:05:19+00:00\",\"dateModified\":\"2025-03-28T16:08:49+00:00\",\"description\":\"Die Pomposa Residence bietet eine Hotelqualit\u00e4t, die Komfort, moderne Annehmlichkeiten und eine entspannte Atmosph\u00e4re kombiniert, ideal f\u00fcr Familien. Obwohl es sich um eine Residenz handelt, bietet die Struktur hohe Standards, die denen eines Hotels \u00e4hneln, mit engagierten Dienstleistungen, Liebe zum Detail und der Pflege der R\u00e4ume\",\"breadcrumb\":{\"@id\":\"https:\/\/www.pomposaresidence.com\/de\/hotel-quality\/#breadcrumb\"},\"inLanguage\":\"de-DE\",\"potentialAction\":[{\"@type\":\"ReadAction\",\"target\":[\"https:\/\/www.pomposaresidence.com\/de\/hotel-quality\/\"]}]},{\"@type\":\"BreadcrumbList\",\"@id\":\"https:\/\/www.pomposaresidence.com\/de\/hotel-quality\/#breadcrumb\",\"itemListElement\":[{\"@type\":\"ListItem\",\"position\":1,\"name\":\"Home\",\"item\":\"https:\/\/www.pomposaresidence.com\/de\/\"},{\"@type\":\"ListItem\",\"position\":2,\"name\":\"Hotel quality\"}]},{\"@type\":\"WebSite\",\"@id\":\"https:\/\/www.pomposaresidence.com\/de\/#website\",\"url\":\"https:\/\/www.pomposaresidence.com\/de\/\",\"name\":\"Pomposa Residence\",\"description\":\"\",\"publisher\":{\"@id\":\"https:\/\/www.pomposaresidence.com\/de\/#organization\"},\"potentialAction\":[{\"@type\":\"SearchAction\",\"target\":{\"@type\":\"EntryPoint\",\"urlTemplate\":\"https:\/\/www.pomposaresidence.com\/de\/?s={search_term_string}\"},\"query-input\":\"required name=search_term_string\"}],\"inLanguage\":\"de-DE\"},{\"@type\":\"Organization\",\"@id\":\"https:\/\/www.pomposaresidence.com\/de\/#organization\",\"name\":\"Pomposa Residence\",\"url\":\"https:\/\/www.pomposaresidence.com\/de\/\",\"logo\":{\"@type\":\"ImageObject\",\"inLanguage\":\"de-DE\",\"@id\":\"https:\/\/www.pomposaresidence.com\/de\/#\/schema\/logo\/image\/\",\"url\":\"https:\/\/www.pomposaresidence.com\/wp-content\/uploads\/sites\/211\/2025\/01\/Pomposa-Residence.png\",\"contentUrl\":\"https:\/\/www.pomposaresidence.com\/wp-content\/uploads\/sites\/211\/2025\/01\/Pomposa-Residence.png\",\"width\":194,\"height\":58,\"caption\":\"Pomposa Residence\"},\"image\":{\"@id\":\"https:\/\/www.pomposaresidence.com\/de\/#\/schema\/logo\/image\/\"},\"sameAs\":[\"https:\/\/facebook.com\/tomasitourism\",\"https:\/\/www.instagram.com\/tomasitourism\/\"]}]}<\/script>\n<!-- \/ Yoast SEO plugin. -->","yoast_head_json":{"title":"Hotel quality - Pomposa Residence -","description":"Die Pomposa Residence bietet eine Hotelqualit\u00e4t, die Komfort, moderne Annehmlichkeiten und eine entspannte Atmosph\u00e4re kombiniert, ideal f\u00fcr Familien. Obwohl es sich um eine Residenz handelt, bietet die Struktur hohe Standards, die denen eines Hotels \u00e4hneln, mit engagierten Dienstleistungen, Liebe zum Detail und der Pflege der R\u00e4ume","robots":{"index":"index","follow":"follow","max-snippet":"max-snippet:-1","max-image-preview":"max-image-preview:large","max-video-preview":"max-video-preview:-1"},"canonical":"https:\/\/www.pomposaresidence.com\/de\/hotel-quality\/","og_locale":"de_DE","og_type":"article","og_title":"Hotel quality - Pomposa Residence -","og_description":"Die Pomposa Residence bietet eine Hotelqualit\u00e4t, die Komfort, moderne Annehmlichkeiten und eine entspannte Atmosph\u00e4re kombiniert, ideal f\u00fcr Familien. Obwohl es sich um eine Residenz handelt, bietet die Struktur hohe Standards, die denen eines Hotels \u00e4hneln, mit engagierten Dienstleistungen, Liebe zum Detail und der Pflege der R\u00e4ume","og_url":"https:\/\/www.pomposaresidence.com\/de\/hotel-quality\/","og_site_name":"Pomposa Residence","article_publisher":"https:\/\/facebook.com\/tomasitourism","article_modified_time":"2025-03-28T16:08:49+00:00","og_image":[{"width":2200,"height":1200,"url":"https:\/\/www.pomposaresidence.com\/wp-content\/uploads\/sites\/211\/2025\/02\/pomposa_residence_slide02.jpg","type":"image\/jpeg"}],"twitter_card":"summary_large_image","twitter_misc":{"Gesch\u00e4tzte Lesezeit":"1 Minute"},"schema":{"@context":"https:\/\/schema.org","@graph":[{"@type":"WebPage","@id":"https:\/\/www.pomposaresidence.com\/de\/hotel-quality\/","url":"https:\/\/www.pomposaresidence.com\/de\/hotel-quality\/","name":"Hotel quality - Pomposa Residence -","isPartOf":{"@id":"https:\/\/www.pomposaresidence.com\/de\/#website"},"datePublished":"2025-02-04T10:05:19+00:00","dateModified":"2025-03-28T16:08:49+00:00","description":"Die Pomposa Residence bietet eine Hotelqualit\u00e4t, die Komfort, moderne Annehmlichkeiten und eine entspannte Atmosph\u00e4re kombiniert, ideal f\u00fcr Familien. Obwohl es sich um eine Residenz handelt, bietet die Struktur hohe Standards, die denen eines Hotels \u00e4hneln, mit engagierten Dienstleistungen, Liebe zum Detail und der Pflege der R\u00e4ume","breadcrumb":{"@id":"https:\/\/www.pomposaresidence.com\/de\/hotel-quality\/#breadcrumb"},"inLanguage":"de-DE","potentialAction":[{"@type":"ReadAction","target":["https:\/\/www.pomposaresidence.com\/de\/hotel-quality\/"]}]},{"@type":"BreadcrumbList","@id":"https:\/\/www.pomposaresidence.com\/de\/hotel-quality\/#breadcrumb","itemListElement":[{"@type":"ListItem","position":1,"name":"Home","item":"https:\/\/www.pomposaresidence.com\/de\/"},{"@type":"ListItem","position":2,"name":"Hotel quality"}]},{"@type":"WebSite","@id":"https:\/\/www.pomposaresidence.com\/de\/#website","url":"https:\/\/www.pomposaresidence.com\/de\/","name":"Pomposa Residence","description":"","publisher":{"@id":"https:\/\/www.pomposaresidence.com\/de\/#organization"},"potentialAction":[{"@type":"SearchAction","target":{"@type":"EntryPoint","urlTemplate":"https:\/\/www.pomposaresidence.com\/de\/?s={search_term_string}"},"query-input":"required name=search_term_string"}],"inLanguage":"de-DE"},{"@type":"Organization","@id":"https:\/\/www.pomposaresidence.com\/de\/#organization","name":"Pomposa Residence","url":"https:\/\/www.pomposaresidence.com\/de\/","logo":{"@type":"ImageObject","inLanguage":"de-DE","@id":"https:\/\/www.pomposaresidence.com\/de\/#\/schema\/logo\/image\/","url":"https:\/\/www.pomposaresidence.com\/wp-content\/uploads\/sites\/211\/2025\/01\/Pomposa-Residence.png","contentUrl":"https:\/\/www.pomposaresidence.com\/wp-content\/uploads\/sites\/211\/2025\/01\/Pomposa-Residence.png","width":194,"height":58,"caption":"Pomposa Residence"},"image":{"@id":"https:\/\/www.pomposaresidence.com\/de\/#\/schema\/logo\/image\/"},"sameAs":["https:\/\/facebook.com\/tomasitourism","https:\/\/www.instagram.com\/tomasitourism\/"]}]}},"acf":[],"_links":{"self":[{"href":"https:\/\/www.pomposaresidence.com\/de\/wp-json\/wp\/v2\/pages\/403"}],"collection":[{"href":"https:\/\/www.pomposaresidence.com\/de\/wp-json\/wp\/v2\/pages"}],"about":[{"href":"https:\/\/www.pomposaresidence.com\/de\/wp-json\/wp\/v2\/types\/page"}],"author":[{"embeddable":true,"href":"https:\/\/www.pomposaresidence.com\/de\/wp-json\/wp\/v2\/users\/13"}],"replies":[{"embeddable":true,"href":"https:\/\/www.pomposaresidence.com\/de\/wp-json\/wp\/v2\/comments?post=403"}],"version-history":[{"count":0,"href":"https:\/\/www.pomposaresidence.com\/de\/wp-json\/wp\/v2\/pages\/403\/revisions"}],"wp:attachment":[{"href":"https:\/\/www.pomposaresidence.com\/de\/wp-json\/wp\/v2\/media?parent=403"}],"curies":[{"name":"wp","href":"https:\/\/api.w.org\/{rel}","templated":true}]}}