   {"id":390,"date":"2025-02-03T14:42:15","date_gmt":"2025-02-03T14:42:15","guid":{"rendered":"https:\/\/www.pomposaresidence.com\/?page_id=390"},"modified":"2025-03-25T16:07:06","modified_gmt":"2025-03-25T16:07:06","slug":"ferienhaus","status":"publish","type":"page","link":"https:\/\/www.pomposaresidence.com\/de\/bungalows-ferienhaeuser\/ferienhaus\/","title":{"rendered":"Ferienhaus"},"content":{"rendered":"<p>Die Ferienh\u00e4user sind drei-Zimmer-Wohnungen im ersten Stock, bestehend aus Eingang und Wohnzimmer mit Doppelschlafcouch, ausgestattete K\u00fcchenzeile, zwei Schlafzimmer, Bad, Abstellraum.<br \/>\nIn jeder Wohnung gibt es auch eine gro\u00dfe Terrasse mit Grill, um sch\u00f6ne Momente au\u00dferhalb des Hauses zu genie\u00dfen.<\/p>\n<p>&nbsp;<\/p>\n<p>Haustiere sind willkommen.<\/p>\n","protected":false},"excerpt":{"rendered":"<p>Die Ferienh\u00e4user sind drei-Zimmer-Wohnungen im ersten Stock, bestehend aus Eingang und Wohnzimmer mit Doppelschlafcouch, ausgestattete K\u00fcchenzeile, zwei Schlafzimmer, Bad, Abstellraum. In jeder Wohnung gibt es auch eine gro\u00dfe Terrasse mit Grill, um sch\u00f6ne Momente au\u00dferhalb des Hauses zu genie\u00dfen. &nbsp; Haustiere sind willkommen.<\/p>\n","protected":false},"author":13,"featured_media":0,"parent":362,"menu_order":25,"comment_status":"closed","ping_status":"closed","template":"template-room.php","meta":{"footnotes":""},"yoast_head":"<!-- This site is optimized with the Yoast SEO plugin v22.3 - https:\/\/yoast.com\/wordpress\/plugins\/seo\/ -->\n<title>Ferienhaus - Pomposa Residence -<\/title>\n<meta name=\"description\" content=\"Die Ferienh\u00e4user sind drei-Zimmer-Wohnungen im ersten Stock, bestehend aus Eingang und Wohnzimmer mit Doppelschlafcouch, ausgestattete K\u00fcchenzeile, zwei Schlafzimmer, Bad, Abstellraum. In jeder Wohnung gibt es auch eine gro\u00dfe Terrasse mit Grill, um sch\u00f6ne Momente au\u00dferhalb des Hauses zu genie\u00dfen.  &nbsp;  Haustiere sind willkommen..\" \/>\n<meta name=\"robots\" content=\"index, follow, max-snippet:-1, max-image-preview:large, max-video-preview:-1\" \/>\n<link rel=\"canonical\" href=\"https:\/\/www.pomposaresidence.com\/de\/bungalows-ferienhaeuser\/ferienhaus\/\" \/>\n<meta property=\"og:locale\" content=\"de_DE\" \/>\n<meta property=\"og:type\" content=\"article\" \/>\n<meta property=\"og:title\" content=\"Ferienhaus - Pomposa Residence -\" \/>\n<meta property=\"og:description\" content=\"Die Ferienh\u00e4user sind drei-Zimmer-Wohnungen im ersten Stock, bestehend aus Eingang und Wohnzimmer mit Doppelschlafcouch, ausgestattete K\u00fcchenzeile, zwei Schlafzimmer, Bad, Abstellraum. In jeder Wohnung gibt es auch eine gro\u00dfe Terrasse mit Grill, um sch\u00f6ne Momente au\u00dferhalb des Hauses zu genie\u00dfen.  &nbsp;  Haustiere sind willkommen..\" \/>\n<meta property=\"og:url\" content=\"https:\/\/www.pomposaresidence.com\/de\/bungalows-ferienhaeuser\/ferienhaus\/\" \/>\n<meta property=\"og:site_name\" content=\"Pomposa Residence\" \/>\n<meta property=\"article:publisher\" content=\"https:\/\/facebook.com\/tomasitourism\" \/>\n<meta property=\"article:modified_time\" content=\"2025-03-25T16:07:06+00:00\" \/>\n<meta property=\"og:image\" content=\"https:\/\/www.pomposaresidence.com\/wp-content\/uploads\/sites\/211\/2025\/02\/pomposa_residence_slide02.jpg\" \/>\n\t<meta property=\"og:image:width\" content=\"2200\" \/>\n\t<meta property=\"og:image:height\" content=\"1200\" \/>\n\t<meta property=\"og:image:type\" content=\"image\/jpeg\" \/>\n<meta name=\"twitter:card\" content=\"summary_large_image\" \/>\n<meta name=\"twitter:label1\" content=\"Gesch\u00e4tzte Lesezeit\" \/>\n\t<meta name=\"twitter:data1\" content=\"1 Minute\" \/>\n<script type=\"application\/ld+json\" class=\"yoast-schema-graph\">{\"@context\":\"https:\/\/schema.org\",\"@graph\":[{\"@type\":\"WebPage\",\"@id\":\"https:\/\/www.pomposaresidence.com\/de\/bungalows-ferienhaeuser\/ferienhaus\/\",\"url\":\"https:\/\/www.pomposaresidence.com\/de\/bungalows-ferienhaeuser\/ferienhaus\/\",\"name\":\"Ferienhaus - Pomposa Residence -\",\"isPartOf\":{\"@id\":\"https:\/\/www.pomposaresidence.com\/de\/#website\"},\"datePublished\":\"2025-02-03T14:42:15+00:00\",\"dateModified\":\"2025-03-25T16:07:06+00:00\",\"description\":\"Die Ferienh\u00e4user sind drei-Zimmer-Wohnungen im ersten Stock, bestehend aus Eingang und Wohnzimmer mit Doppelschlafcouch, ausgestattete K\u00fcchenzeile, zwei Schlafzimmer, Bad, Abstellraum. In jeder Wohnung gibt es auch eine gro\u00dfe Terrasse mit Grill, um sch\u00f6ne Momente au\u00dferhalb des Hauses zu genie\u00dfen. &nbsp; Haustiere sind willkommen..\",\"breadcrumb\":{\"@id\":\"https:\/\/www.pomposaresidence.com\/de\/bungalows-ferienhaeuser\/ferienhaus\/#breadcrumb\"},\"inLanguage\":\"de-DE\",\"potentialAction\":[{\"@type\":\"ReadAction\",\"target\":[\"https:\/\/www.pomposaresidence.com\/de\/bungalows-ferienhaeuser\/ferienhaus\/\"]}]},{\"@type\":\"BreadcrumbList\",\"@id\":\"https:\/\/www.pomposaresidence.com\/de\/bungalows-ferienhaeuser\/ferienhaus\/#breadcrumb\",\"itemListElement\":[{\"@type\":\"ListItem\",\"position\":1,\"name\":\"Home\",\"item\":\"https:\/\/www.pomposaresidence.com\/de\/\"},{\"@type\":\"ListItem\",\"position\":2,\"name\":\"Bungalows &#038; Ferienh\u00e4user\",\"item\":\"https:\/\/www.pomposaresidence.com\/de\/bungalows-ferienhaeuser\/\"},{\"@type\":\"ListItem\",\"position\":3,\"name\":\"Ferienhaus\"}]},{\"@type\":\"WebSite\",\"@id\":\"https:\/\/www.pomposaresidence.com\/de\/#website\",\"url\":\"https:\/\/www.pomposaresidence.com\/de\/\",\"name\":\"Pomposa Residence\",\"description\":\"\",\"publisher\":{\"@id\":\"https:\/\/www.pomposaresidence.com\/de\/#organization\"},\"potentialAction\":[{\"@type\":\"SearchAction\",\"target\":{\"@type\":\"EntryPoint\",\"urlTemplate\":\"https:\/\/www.pomposaresidence.com\/de\/?s={search_term_string}\"},\"query-input\":\"required name=search_term_string\"}],\"inLanguage\":\"de-DE\"},{\"@type\":\"Organization\",\"@id\":\"https:\/\/www.pomposaresidence.com\/de\/#organization\",\"name\":\"Pomposa Residence\",\"url\":\"https:\/\/www.pomposaresidence.com\/de\/\",\"logo\":{\"@type\":\"ImageObject\",\"inLanguage\":\"de-DE\",\"@id\":\"https:\/\/www.pomposaresidence.com\/de\/#\/schema\/logo\/image\/\",\"url\":\"https:\/\/www.pomposaresidence.com\/wp-content\/uploads\/sites\/211\/2025\/01\/Pomposa-Residence.png\",\"contentUrl\":\"https:\/\/www.pomposaresidence.com\/wp-content\/uploads\/sites\/211\/2025\/01\/Pomposa-Residence.png\",\"width\":194,\"height\":58,\"caption\":\"Pomposa Residence\"},\"image\":{\"@id\":\"https:\/\/www.pomposaresidence.com\/de\/#\/schema\/logo\/image\/\"},\"sameAs\":[\"https:\/\/facebook.com\/tomasitourism\",\"https:\/\/www.instagram.com\/tomasitourism\/\"]}]}<\/script>\n<!-- \/ Yoast SEO plugin. -->","yoast_head_json":{"title":"Ferienhaus - Pomposa Residence -","description":"Die Ferienh\u00e4user sind drei-Zimmer-Wohnungen im ersten Stock, bestehend aus Eingang und Wohnzimmer mit Doppelschlafcouch, ausgestattete K\u00fcchenzeile, zwei Schlafzimmer, Bad, Abstellraum. In jeder Wohnung gibt es auch eine gro\u00dfe Terrasse mit Grill, um sch\u00f6ne Momente au\u00dferhalb des Hauses zu genie\u00dfen.  &nbsp;  Haustiere sind willkommen..","robots":{"index":"index","follow":"follow","max-snippet":"max-snippet:-1","max-image-preview":"max-image-preview:large","max-video-preview":"max-video-preview:-1"},"canonical":"https:\/\/www.pomposaresidence.com\/de\/bungalows-ferienhaeuser\/ferienhaus\/","og_locale":"de_DE","og_type":"article","og_title":"Ferienhaus - Pomposa Residence -","og_description":"Die Ferienh\u00e4user sind drei-Zimmer-Wohnungen im ersten Stock, bestehend aus Eingang und Wohnzimmer mit Doppelschlafcouch, ausgestattete K\u00fcchenzeile, zwei Schlafzimmer, Bad, Abstellraum. In jeder Wohnung gibt es auch eine gro\u00dfe Terrasse mit Grill, um sch\u00f6ne Momente au\u00dferhalb des Hauses zu genie\u00dfen.  &nbsp;  Haustiere sind willkommen..","og_url":"https:\/\/www.pomposaresidence.com\/de\/bungalows-ferienhaeuser\/ferienhaus\/","og_site_name":"Pomposa Residence","article_publisher":"https:\/\/facebook.com\/tomasitourism","article_modified_time":"2025-03-25T16:07:06+00:00","og_image":[{"width":2200,"height":1200,"url":"https:\/\/www.pomposaresidence.com\/wp-content\/uploads\/sites\/211\/2025\/02\/pomposa_residence_slide02.jpg","type":"image\/jpeg"}],"twitter_card":"summary_large_image","twitter_misc":{"Gesch\u00e4tzte Lesezeit":"1 Minute"},"schema":{"@context":"https:\/\/schema.org","@graph":[{"@type":"WebPage","@id":"https:\/\/www.pomposaresidence.com\/de\/bungalows-ferienhaeuser\/ferienhaus\/","url":"https:\/\/www.pomposaresidence.com\/de\/bungalows-ferienhaeuser\/ferienhaus\/","name":"Ferienhaus - Pomposa Residence -","isPartOf":{"@id":"https:\/\/www.pomposaresidence.com\/de\/#website"},"datePublished":"2025-02-03T14:42:15+00:00","dateModified":"2025-03-25T16:07:06+00:00","description":"Die Ferienh\u00e4user sind drei-Zimmer-Wohnungen im ersten Stock, bestehend aus Eingang und Wohnzimmer mit Doppelschlafcouch, ausgestattete K\u00fcchenzeile, zwei Schlafzimmer, Bad, Abstellraum. In jeder Wohnung gibt es auch eine gro\u00dfe Terrasse mit Grill, um sch\u00f6ne Momente au\u00dferhalb des Hauses zu genie\u00dfen. &nbsp; Haustiere sind willkommen..","breadcrumb":{"@id":"https:\/\/www.pomposaresidence.com\/de\/bungalows-ferienhaeuser\/ferienhaus\/#breadcrumb"},"inLanguage":"de-DE","potentialAction":[{"@type":"ReadAction","target":["https:\/\/www.pomposaresidence.com\/de\/bungalows-ferienhaeuser\/ferienhaus\/"]}]},{"@type":"BreadcrumbList","@id":"https:\/\/www.pomposaresidence.com\/de\/bungalows-ferienhaeuser\/ferienhaus\/#breadcrumb","itemListElement":[{"@type":"ListItem","position":1,"name":"Home","item":"https:\/\/www.pomposaresidence.com\/de\/"},{"@type":"ListItem","position":2,"name":"Bungalows &#038; Ferienh\u00e4user","item":"https:\/\/www.pomposaresidence.com\/de\/bungalows-ferienhaeuser\/"},{"@type":"ListItem","position":3,"name":"Ferienhaus"}]},{"@type":"WebSite","@id":"https:\/\/www.pomposaresidence.com\/de\/#website","url":"https:\/\/www.pomposaresidence.com\/de\/","name":"Pomposa Residence","description":"","publisher":{"@id":"https:\/\/www.pomposaresidence.com\/de\/#organization"},"potentialAction":[{"@type":"SearchAction","target":{"@type":"EntryPoint","urlTemplate":"https:\/\/www.pomposaresidence.com\/de\/?s={search_term_string}"},"query-input":"required name=search_term_string"}],"inLanguage":"de-DE"},{"@type":"Organization","@id":"https:\/\/www.pomposaresidence.com\/de\/#organization","name":"Pomposa Residence","url":"https:\/\/www.pomposaresidence.com\/de\/","logo":{"@type":"ImageObject","inLanguage":"de-DE","@id":"https:\/\/www.pomposaresidence.com\/de\/#\/schema\/logo\/image\/","url":"https:\/\/www.pomposaresidence.com\/wp-content\/uploads\/sites\/211\/2025\/01\/Pomposa-Residence.png","contentUrl":"https:\/\/www.pomposaresidence.com\/wp-content\/uploads\/sites\/211\/2025\/01\/Pomposa-Residence.png","width":194,"height":58,"caption":"Pomposa Residence"},"image":{"@id":"https:\/\/www.pomposaresidence.com\/de\/#\/schema\/logo\/image\/"},"sameAs":["https:\/\/facebook.com\/tomasitourism","https:\/\/www.instagram.com\/tomasitourism\/"]}]}},"acf":[],"_links":{"self":[{"href":"https:\/\/www.pomposaresidence.com\/de\/wp-json\/wp\/v2\/pages\/390"}],"collection":[{"href":"https:\/\/www.pomposaresidence.com\/de\/wp-json\/wp\/v2\/pages"}],"about":[{"href":"https:\/\/www.pomposaresidence.com\/de\/wp-json\/wp\/v2\/types\/page"}],"author":[{"embeddable":true,"href":"https:\/\/www.pomposaresidence.com\/de\/wp-json\/wp\/v2\/users\/13"}],"replies":[{"embeddable":true,"href":"https:\/\/www.pomposaresidence.com\/de\/wp-json\/wp\/v2\/comments?post=390"}],"version-history":[{"count":0,"href":"https:\/\/www.pomposaresidence.com\/de\/wp-json\/wp\/v2\/pages\/390\/revisions"}],"up":[{"embeddable":true,"href":"https:\/\/www.pomposaresidence.com\/de\/wp-json\/wp\/v2\/pages\/362"}],"wp:attachment":[{"href":"https:\/\/www.pomposaresidence.com\/de\/wp-json\/wp\/v2\/media?parent=390"}],"curies":[{"name":"wp","href":"https:\/\/api.w.org\/{rel}","templated":true}]}}