   {"id":378,"date":"2025-02-03T12:41:12","date_gmt":"2025-02-03T12:41:12","guid":{"rendered":"https:\/\/www.pomposaresidence.com\/?page_id=378"},"modified":"2025-03-25T14:43:17","modified_gmt":"2025-03-25T14:43:17","slug":"bungalow-family","status":"publish","type":"page","link":"https:\/\/www.pomposaresidence.com\/de\/bungalows-ferienhaeuser\/bungalow-family\/","title":{"rendered":"Bungalow Family"},"content":{"rendered":"<p>Unser Bungalow Family ist eine ger\u00e4umige Drei-Zimmer-Wohnung auf zwei Ebenen und besteht aus Eingang mit Wohnzimmer, K\u00fcchenzeile und Schlafsofa, zwei Schlafzimmer und zwei B\u00e4der. Ausgestattet mit gro\u00dfem Au\u00dfenbereich, um Ihnen maximalen Komfort zu bieten und sch\u00f6ne Tage im Freien w\u00e4hrend Ihres Urlaubs in Lido di Pomposa zu genie\u00dfen.<\/p>\n<p>&nbsp;<\/p>\n<p>Haustiere sind willkommen.<\/p>\n","protected":false},"excerpt":{"rendered":"<p>Unser Bungalow Family ist eine ger\u00e4umige Drei-Zimmer-Wohnung auf zwei Ebenen und besteht aus Eingang mit Wohnzimmer, K\u00fcchenzeile und Schlafsofa, zwei Schlafzimmer und zwei B\u00e4der. Ausgestattet mit gro\u00dfem Au\u00dfenbereich, um Ihnen maximalen Komfort zu bieten und sch\u00f6ne Tage im Freien w\u00e4hrend Ihres Urlaubs in Lido di Pomposa zu genie\u00dfen. &nbsp; Haustiere sind willkommen.<\/p>\n","protected":false},"author":13,"featured_media":0,"parent":362,"menu_order":15,"comment_status":"closed","ping_status":"closed","template":"template-room.php","meta":{"footnotes":""},"yoast_head":"<!-- This site is optimized with the Yoast SEO plugin v22.3 - https:\/\/yoast.com\/wordpress\/plugins\/seo\/ -->\n<title>Bungalow Family - Pomposa Residence -<\/title>\n<meta name=\"description\" content=\"Unser Bungalow Family ist eine ger\u00e4umige Drei-Zimmer-Wohnung auf zwei Ebenen und besteht aus Eingang mit Wohnzimmer, K\u00fcchenzeile und Schlafsofa, zwei Schlafzimmer und zwei B\u00e4der. Ausgestattet mit gro\u00dfem Au\u00dfenbereich, um Ihnen maximalen Komfort zu bieten und sch\u00f6ne Tage im Freien w\u00e4hrend Ihres Urlaubs in Lido di Pomposa zu genie\u00dfen.  &nbsp;  Haustiere sind willkommen.\" \/>\n<meta name=\"robots\" content=\"index, follow, max-snippet:-1, max-image-preview:large, max-video-preview:-1\" \/>\n<link rel=\"canonical\" href=\"https:\/\/www.pomposaresidence.com\/de\/bungalows-ferienhaeuser\/bungalow-family\/\" \/>\n<meta property=\"og:locale\" content=\"de_DE\" \/>\n<meta property=\"og:type\" content=\"article\" \/>\n<meta property=\"og:title\" content=\"Bungalow Family - Pomposa Residence -\" \/>\n<meta property=\"og:description\" content=\"Unser Bungalow Family ist eine ger\u00e4umige Drei-Zimmer-Wohnung auf zwei Ebenen und besteht aus Eingang mit Wohnzimmer, K\u00fcchenzeile und Schlafsofa, zwei Schlafzimmer und zwei B\u00e4der. Ausgestattet mit gro\u00dfem Au\u00dfenbereich, um Ihnen maximalen Komfort zu bieten und sch\u00f6ne Tage im Freien w\u00e4hrend Ihres Urlaubs in Lido di Pomposa zu genie\u00dfen.  &nbsp;  Haustiere sind willkommen.\" \/>\n<meta property=\"og:url\" content=\"https:\/\/www.pomposaresidence.com\/de\/bungalows-ferienhaeuser\/bungalow-family\/\" \/>\n<meta property=\"og:site_name\" content=\"Pomposa Residence\" \/>\n<meta property=\"article:publisher\" content=\"https:\/\/facebook.com\/tomasitourism\" \/>\n<meta property=\"article:modified_time\" content=\"2025-03-25T14:43:17+00:00\" \/>\n<meta property=\"og:image\" content=\"https:\/\/www.pomposaresidence.com\/wp-content\/uploads\/sites\/211\/2025\/02\/pomposa_residence_slide02.jpg\" \/>\n\t<meta property=\"og:image:width\" content=\"2200\" \/>\n\t<meta property=\"og:image:height\" content=\"1200\" \/>\n\t<meta property=\"og:image:type\" content=\"image\/jpeg\" \/>\n<meta name=\"twitter:card\" content=\"summary_large_image\" \/>\n<meta name=\"twitter:label1\" content=\"Gesch\u00e4tzte Lesezeit\" \/>\n\t<meta name=\"twitter:data1\" content=\"1 Minute\" \/>\n<script type=\"application\/ld+json\" class=\"yoast-schema-graph\">{\"@context\":\"https:\/\/schema.org\",\"@graph\":[{\"@type\":\"WebPage\",\"@id\":\"https:\/\/www.pomposaresidence.com\/de\/bungalows-ferienhaeuser\/bungalow-family\/\",\"url\":\"https:\/\/www.pomposaresidence.com\/de\/bungalows-ferienhaeuser\/bungalow-family\/\",\"name\":\"Bungalow Family - Pomposa Residence -\",\"isPartOf\":{\"@id\":\"https:\/\/www.pomposaresidence.com\/de\/#website\"},\"datePublished\":\"2025-02-03T12:41:12+00:00\",\"dateModified\":\"2025-03-25T14:43:17+00:00\",\"description\":\"Unser Bungalow Family ist eine ger\u00e4umige Drei-Zimmer-Wohnung auf zwei Ebenen und besteht aus Eingang mit Wohnzimmer, K\u00fcchenzeile und Schlafsofa, zwei Schlafzimmer und zwei B\u00e4der. Ausgestattet mit gro\u00dfem Au\u00dfenbereich, um Ihnen maximalen Komfort zu bieten und sch\u00f6ne Tage im Freien w\u00e4hrend Ihres Urlaubs in Lido di Pomposa zu genie\u00dfen. &nbsp; Haustiere sind willkommen.\",\"breadcrumb\":{\"@id\":\"https:\/\/www.pomposaresidence.com\/de\/bungalows-ferienhaeuser\/bungalow-family\/#breadcrumb\"},\"inLanguage\":\"de-DE\",\"potentialAction\":[{\"@type\":\"ReadAction\",\"target\":[\"https:\/\/www.pomposaresidence.com\/de\/bungalows-ferienhaeuser\/bungalow-family\/\"]}]},{\"@type\":\"BreadcrumbList\",\"@id\":\"https:\/\/www.pomposaresidence.com\/de\/bungalows-ferienhaeuser\/bungalow-family\/#breadcrumb\",\"itemListElement\":[{\"@type\":\"ListItem\",\"position\":1,\"name\":\"Home\",\"item\":\"https:\/\/www.pomposaresidence.com\/de\/\"},{\"@type\":\"ListItem\",\"position\":2,\"name\":\"Bungalows &#038; Ferienh\u00e4user\",\"item\":\"https:\/\/www.pomposaresidence.com\/de\/bungalows-ferienhaeuser\/\"},{\"@type\":\"ListItem\",\"position\":3,\"name\":\"Bungalow Family\"}]},{\"@type\":\"WebSite\",\"@id\":\"https:\/\/www.pomposaresidence.com\/de\/#website\",\"url\":\"https:\/\/www.pomposaresidence.com\/de\/\",\"name\":\"Pomposa Residence\",\"description\":\"\",\"publisher\":{\"@id\":\"https:\/\/www.pomposaresidence.com\/de\/#organization\"},\"potentialAction\":[{\"@type\":\"SearchAction\",\"target\":{\"@type\":\"EntryPoint\",\"urlTemplate\":\"https:\/\/www.pomposaresidence.com\/de\/?s={search_term_string}\"},\"query-input\":\"required name=search_term_string\"}],\"inLanguage\":\"de-DE\"},{\"@type\":\"Organization\",\"@id\":\"https:\/\/www.pomposaresidence.com\/de\/#organization\",\"name\":\"Pomposa Residence\",\"url\":\"https:\/\/www.pomposaresidence.com\/de\/\",\"logo\":{\"@type\":\"ImageObject\",\"inLanguage\":\"de-DE\",\"@id\":\"https:\/\/www.pomposaresidence.com\/de\/#\/schema\/logo\/image\/\",\"url\":\"https:\/\/www.pomposaresidence.com\/wp-content\/uploads\/sites\/211\/2025\/01\/Pomposa-Residence.png\",\"contentUrl\":\"https:\/\/www.pomposaresidence.com\/wp-content\/uploads\/sites\/211\/2025\/01\/Pomposa-Residence.png\",\"width\":194,\"height\":58,\"caption\":\"Pomposa Residence\"},\"image\":{\"@id\":\"https:\/\/www.pomposaresidence.com\/de\/#\/schema\/logo\/image\/\"},\"sameAs\":[\"https:\/\/facebook.com\/tomasitourism\",\"https:\/\/www.instagram.com\/tomasitourism\/\"]}]}<\/script>\n<!-- \/ Yoast SEO plugin. -->","yoast_head_json":{"title":"Bungalow Family - Pomposa Residence -","description":"Unser Bungalow Family ist eine ger\u00e4umige Drei-Zimmer-Wohnung auf zwei Ebenen und besteht aus Eingang mit Wohnzimmer, K\u00fcchenzeile und Schlafsofa, zwei Schlafzimmer und zwei B\u00e4der. Ausgestattet mit gro\u00dfem Au\u00dfenbereich, um Ihnen maximalen Komfort zu bieten und sch\u00f6ne Tage im Freien w\u00e4hrend Ihres Urlaubs in Lido di Pomposa zu genie\u00dfen.  &nbsp;  Haustiere sind willkommen.","robots":{"index":"index","follow":"follow","max-snippet":"max-snippet:-1","max-image-preview":"max-image-preview:large","max-video-preview":"max-video-preview:-1"},"canonical":"https:\/\/www.pomposaresidence.com\/de\/bungalows-ferienhaeuser\/bungalow-family\/","og_locale":"de_DE","og_type":"article","og_title":"Bungalow Family - Pomposa Residence -","og_description":"Unser Bungalow Family ist eine ger\u00e4umige Drei-Zimmer-Wohnung auf zwei Ebenen und besteht aus Eingang mit Wohnzimmer, K\u00fcchenzeile und Schlafsofa, zwei Schlafzimmer und zwei B\u00e4der. Ausgestattet mit gro\u00dfem Au\u00dfenbereich, um Ihnen maximalen Komfort zu bieten und sch\u00f6ne Tage im Freien w\u00e4hrend Ihres Urlaubs in Lido di Pomposa zu genie\u00dfen.  &nbsp;  Haustiere sind willkommen.","og_url":"https:\/\/www.pomposaresidence.com\/de\/bungalows-ferienhaeuser\/bungalow-family\/","og_site_name":"Pomposa Residence","article_publisher":"https:\/\/facebook.com\/tomasitourism","article_modified_time":"2025-03-25T14:43:17+00:00","og_image":[{"width":2200,"height":1200,"url":"https:\/\/www.pomposaresidence.com\/wp-content\/uploads\/sites\/211\/2025\/02\/pomposa_residence_slide02.jpg","type":"image\/jpeg"}],"twitter_card":"summary_large_image","twitter_misc":{"Gesch\u00e4tzte Lesezeit":"1 Minute"},"schema":{"@context":"https:\/\/schema.org","@graph":[{"@type":"WebPage","@id":"https:\/\/www.pomposaresidence.com\/de\/bungalows-ferienhaeuser\/bungalow-family\/","url":"https:\/\/www.pomposaresidence.com\/de\/bungalows-ferienhaeuser\/bungalow-family\/","name":"Bungalow Family - Pomposa Residence -","isPartOf":{"@id":"https:\/\/www.pomposaresidence.com\/de\/#website"},"datePublished":"2025-02-03T12:41:12+00:00","dateModified":"2025-03-25T14:43:17+00:00","description":"Unser Bungalow Family ist eine ger\u00e4umige Drei-Zimmer-Wohnung auf zwei Ebenen und besteht aus Eingang mit Wohnzimmer, K\u00fcchenzeile und Schlafsofa, zwei Schlafzimmer und zwei B\u00e4der. Ausgestattet mit gro\u00dfem Au\u00dfenbereich, um Ihnen maximalen Komfort zu bieten und sch\u00f6ne Tage im Freien w\u00e4hrend Ihres Urlaubs in Lido di Pomposa zu genie\u00dfen. &nbsp; Haustiere sind willkommen.","breadcrumb":{"@id":"https:\/\/www.pomposaresidence.com\/de\/bungalows-ferienhaeuser\/bungalow-family\/#breadcrumb"},"inLanguage":"de-DE","potentialAction":[{"@type":"ReadAction","target":["https:\/\/www.pomposaresidence.com\/de\/bungalows-ferienhaeuser\/bungalow-family\/"]}]},{"@type":"BreadcrumbList","@id":"https:\/\/www.pomposaresidence.com\/de\/bungalows-ferienhaeuser\/bungalow-family\/#breadcrumb","itemListElement":[{"@type":"ListItem","position":1,"name":"Home","item":"https:\/\/www.pomposaresidence.com\/de\/"},{"@type":"ListItem","position":2,"name":"Bungalows &#038; Ferienh\u00e4user","item":"https:\/\/www.pomposaresidence.com\/de\/bungalows-ferienhaeuser\/"},{"@type":"ListItem","position":3,"name":"Bungalow Family"}]},{"@type":"WebSite","@id":"https:\/\/www.pomposaresidence.com\/de\/#website","url":"https:\/\/www.pomposaresidence.com\/de\/","name":"Pomposa Residence","description":"","publisher":{"@id":"https:\/\/www.pomposaresidence.com\/de\/#organization"},"potentialAction":[{"@type":"SearchAction","target":{"@type":"EntryPoint","urlTemplate":"https:\/\/www.pomposaresidence.com\/de\/?s={search_term_string}"},"query-input":"required name=search_term_string"}],"inLanguage":"de-DE"},{"@type":"Organization","@id":"https:\/\/www.pomposaresidence.com\/de\/#organization","name":"Pomposa Residence","url":"https:\/\/www.pomposaresidence.com\/de\/","logo":{"@type":"ImageObject","inLanguage":"de-DE","@id":"https:\/\/www.pomposaresidence.com\/de\/#\/schema\/logo\/image\/","url":"https:\/\/www.pomposaresidence.com\/wp-content\/uploads\/sites\/211\/2025\/01\/Pomposa-Residence.png","contentUrl":"https:\/\/www.pomposaresidence.com\/wp-content\/uploads\/sites\/211\/2025\/01\/Pomposa-Residence.png","width":194,"height":58,"caption":"Pomposa Residence"},"image":{"@id":"https:\/\/www.pomposaresidence.com\/de\/#\/schema\/logo\/image\/"},"sameAs":["https:\/\/facebook.com\/tomasitourism","https:\/\/www.instagram.com\/tomasitourism\/"]}]}},"acf":[],"_links":{"self":[{"href":"https:\/\/www.pomposaresidence.com\/de\/wp-json\/wp\/v2\/pages\/378"}],"collection":[{"href":"https:\/\/www.pomposaresidence.com\/de\/wp-json\/wp\/v2\/pages"}],"about":[{"href":"https:\/\/www.pomposaresidence.com\/de\/wp-json\/wp\/v2\/types\/page"}],"author":[{"embeddable":true,"href":"https:\/\/www.pomposaresidence.com\/de\/wp-json\/wp\/v2\/users\/13"}],"replies":[{"embeddable":true,"href":"https:\/\/www.pomposaresidence.com\/de\/wp-json\/wp\/v2\/comments?post=378"}],"version-history":[{"count":0,"href":"https:\/\/www.pomposaresidence.com\/de\/wp-json\/wp\/v2\/pages\/378\/revisions"}],"up":[{"embeddable":true,"href":"https:\/\/www.pomposaresidence.com\/de\/wp-json\/wp\/v2\/pages\/362"}],"wp:attachment":[{"href":"https:\/\/www.pomposaresidence.com\/de\/wp-json\/wp\/v2\/media?parent=378"}],"curies":[{"name":"wp","href":"https:\/\/api.w.org\/{rel}","templated":true}]}}