   {"id":356,"date":"2025-02-03T09:52:27","date_gmt":"2025-02-03T09:52:27","guid":{"rendered":"https:\/\/www.pomposaresidence.com\/?page_id=356"},"modified":"2025-11-28T08:35:34","modified_gmt":"2025-11-28T08:35:34","slug":"sonderangebote","status":"publish","type":"page","link":"https:\/\/www.pomposaresidence.com\/de\/sonderangebote\/","title":{"rendered":"Sonderangebote"},"content":{"rendered":"<p>Willkommen im Bereich Sonderangebote der Pomposa Residence, dem idealen Ort, um exklusive und unumg\u00e4ngliche Sonderangebote f\u00fcr Ihren Aufenthalt zu finden. Hier finden Sie vorteilhafte Pakete, die allen Bed\u00fcrfnissen gerecht werden, vom Familienurlaub \u00fcber Wochenenden f\u00fcr Paare bis hin zu erholsamen Auszeiten abseits des Alltags. Erhalten Sie von saisonalen Rabatten, Last-Minute-Angeboten und speziellen Sonderaktionen, um ein einzigartiges Erlebnis an der herrlichen Adriak\u00fcste zu erleben. Verpassen Sie nicht die Gelegenheit, Ihren Urlaub noch spezieller zu gestalten, immer mit der Qualit\u00e4t und dem Komfort, die die Pomposa Residence auszeichnen.<\/p>\n<p>&nbsp;<\/p>\n","protected":false},"excerpt":{"rendered":"<p>Willkommen im Bereich Sonderangebote der Pomposa Residence, dem idealen Ort, um exklusive und unumg\u00e4ngliche Sonderangebote f\u00fcr Ihren Aufenthalt zu finden. Hier finden Sie vorteilhafte Pakete, die allen Bed\u00fcrfnissen gerecht werden, vom Familienurlaub \u00fcber Wochenenden f\u00fcr Paare bis hin zu erholsamen Auszeiten abseits des Alltags. Erhalten Sie von saisonalen Rabatten, Last-Minute-Angeboten und speziellen Sonderaktionen, um ein [&hellip;]<\/p>\n","protected":false},"author":13,"featured_media":0,"parent":0,"menu_order":10,"comment_status":"closed","ping_status":"closed","template":"template-offers-hub.php","meta":{"footnotes":""},"yoast_head":"<!-- This site is optimized with the Yoast SEO plugin v22.3 - https:\/\/yoast.com\/wordpress\/plugins\/seo\/ -->\n<title>Sonderangebote - Pomposa Residence -<\/title>\n<meta name=\"description\" content=\"Willkommen im Bereich Sonderangebote der Pomposa Residence, dem idealen Ort, um exklusive und unumg\u00e4ngliche Sonderangebote f\u00fcr Ihren Aufenthalt zu finden. Hier finden Sie vorteilhafte Pakete, die allen Bed\u00fcrfnissen gerecht werden, vom Familienurlaub \u00fcber Wochenenden f\u00fcr Paare bis hin zu erholsamen Auszeiten abseits des Alltags\" \/>\n<meta name=\"robots\" content=\"index, follow, max-snippet:-1, max-image-preview:large, max-video-preview:-1\" \/>\n<link rel=\"canonical\" href=\"https:\/\/www.pomposaresidence.com\/de\/sonderangebote\/\" \/>\n<meta property=\"og:locale\" content=\"de_DE\" \/>\n<meta property=\"og:type\" content=\"article\" \/>\n<meta property=\"og:title\" content=\"Sonderangebote - Pomposa Residence -\" \/>\n<meta property=\"og:description\" content=\"Willkommen im Bereich Sonderangebote der Pomposa Residence, dem idealen Ort, um exklusive und unumg\u00e4ngliche Sonderangebote f\u00fcr Ihren Aufenthalt zu finden. Hier finden Sie vorteilhafte Pakete, die allen Bed\u00fcrfnissen gerecht werden, vom Familienurlaub \u00fcber Wochenenden f\u00fcr Paare bis hin zu erholsamen Auszeiten abseits des Alltags\" \/>\n<meta property=\"og:url\" content=\"https:\/\/www.pomposaresidence.com\/de\/sonderangebote\/\" \/>\n<meta property=\"og:site_name\" content=\"Pomposa Residence\" \/>\n<meta property=\"article:publisher\" content=\"https:\/\/facebook.com\/tomasitourism\" \/>\n<meta property=\"article:modified_time\" content=\"2025-11-28T08:35:34+00:00\" \/>\n<meta property=\"og:image\" content=\"https:\/\/www.pomposaresidence.com\/wp-content\/uploads\/sites\/211\/2025\/02\/pomposa_residence_slide02.jpg\" \/>\n\t<meta property=\"og:image:width\" content=\"2200\" \/>\n\t<meta property=\"og:image:height\" content=\"1200\" \/>\n\t<meta property=\"og:image:type\" content=\"image\/jpeg\" \/>\n<meta name=\"twitter:card\" content=\"summary_large_image\" \/>\n<meta name=\"twitter:label1\" content=\"Gesch\u00e4tzte Lesezeit\" \/>\n\t<meta name=\"twitter:data1\" content=\"1 Minute\" \/>\n<script type=\"application\/ld+json\" class=\"yoast-schema-graph\">{\"@context\":\"https:\/\/schema.org\",\"@graph\":[{\"@type\":\"WebPage\",\"@id\":\"https:\/\/www.pomposaresidence.com\/de\/sonderangebote\/\",\"url\":\"https:\/\/www.pomposaresidence.com\/de\/sonderangebote\/\",\"name\":\"Sonderangebote - Pomposa Residence -\",\"isPartOf\":{\"@id\":\"https:\/\/www.pomposaresidence.com\/de\/#website\"},\"datePublished\":\"2025-02-03T09:52:27+00:00\",\"dateModified\":\"2025-11-28T08:35:34+00:00\",\"description\":\"Willkommen im Bereich Sonderangebote der Pomposa Residence, dem idealen Ort, um exklusive und unumg\u00e4ngliche Sonderangebote f\u00fcr Ihren Aufenthalt zu finden. Hier finden Sie vorteilhafte Pakete, die allen Bed\u00fcrfnissen gerecht werden, vom Familienurlaub \u00fcber Wochenenden f\u00fcr Paare bis hin zu erholsamen Auszeiten abseits des Alltags\",\"breadcrumb\":{\"@id\":\"https:\/\/www.pomposaresidence.com\/de\/sonderangebote\/#breadcrumb\"},\"inLanguage\":\"de-DE\",\"potentialAction\":[{\"@type\":\"ReadAction\",\"target\":[\"https:\/\/www.pomposaresidence.com\/de\/sonderangebote\/\"]}]},{\"@type\":\"BreadcrumbList\",\"@id\":\"https:\/\/www.pomposaresidence.com\/de\/sonderangebote\/#breadcrumb\",\"itemListElement\":[{\"@type\":\"ListItem\",\"position\":1,\"name\":\"Home\",\"item\":\"https:\/\/www.pomposaresidence.com\/de\/\"},{\"@type\":\"ListItem\",\"position\":2,\"name\":\"Sonderangebote\"}]},{\"@type\":\"WebSite\",\"@id\":\"https:\/\/www.pomposaresidence.com\/de\/#website\",\"url\":\"https:\/\/www.pomposaresidence.com\/de\/\",\"name\":\"Pomposa Residence\",\"description\":\"\",\"publisher\":{\"@id\":\"https:\/\/www.pomposaresidence.com\/de\/#organization\"},\"potentialAction\":[{\"@type\":\"SearchAction\",\"target\":{\"@type\":\"EntryPoint\",\"urlTemplate\":\"https:\/\/www.pomposaresidence.com\/de\/?s={search_term_string}\"},\"query-input\":\"required name=search_term_string\"}],\"inLanguage\":\"de-DE\"},{\"@type\":\"Organization\",\"@id\":\"https:\/\/www.pomposaresidence.com\/de\/#organization\",\"name\":\"Pomposa Residence\",\"url\":\"https:\/\/www.pomposaresidence.com\/de\/\",\"logo\":{\"@type\":\"ImageObject\",\"inLanguage\":\"de-DE\",\"@id\":\"https:\/\/www.pomposaresidence.com\/de\/#\/schema\/logo\/image\/\",\"url\":\"https:\/\/www.pomposaresidence.com\/wp-content\/uploads\/sites\/211\/2025\/01\/Pomposa-Residence.png\",\"contentUrl\":\"https:\/\/www.pomposaresidence.com\/wp-content\/uploads\/sites\/211\/2025\/01\/Pomposa-Residence.png\",\"width\":194,\"height\":58,\"caption\":\"Pomposa Residence\"},\"image\":{\"@id\":\"https:\/\/www.pomposaresidence.com\/de\/#\/schema\/logo\/image\/\"},\"sameAs\":[\"https:\/\/facebook.com\/tomasitourism\",\"https:\/\/www.instagram.com\/tomasitourism\/\"]}]}<\/script>\n<!-- \/ Yoast SEO plugin. -->","yoast_head_json":{"title":"Sonderangebote - Pomposa Residence -","description":"Willkommen im Bereich Sonderangebote der Pomposa Residence, dem idealen Ort, um exklusive und unumg\u00e4ngliche Sonderangebote f\u00fcr Ihren Aufenthalt zu finden. Hier finden Sie vorteilhafte Pakete, die allen Bed\u00fcrfnissen gerecht werden, vom Familienurlaub \u00fcber Wochenenden f\u00fcr Paare bis hin zu erholsamen Auszeiten abseits des Alltags","robots":{"index":"index","follow":"follow","max-snippet":"max-snippet:-1","max-image-preview":"max-image-preview:large","max-video-preview":"max-video-preview:-1"},"canonical":"https:\/\/www.pomposaresidence.com\/de\/sonderangebote\/","og_locale":"de_DE","og_type":"article","og_title":"Sonderangebote - Pomposa Residence -","og_description":"Willkommen im Bereich Sonderangebote der Pomposa Residence, dem idealen Ort, um exklusive und unumg\u00e4ngliche Sonderangebote f\u00fcr Ihren Aufenthalt zu finden. Hier finden Sie vorteilhafte Pakete, die allen Bed\u00fcrfnissen gerecht werden, vom Familienurlaub \u00fcber Wochenenden f\u00fcr Paare bis hin zu erholsamen Auszeiten abseits des Alltags","og_url":"https:\/\/www.pomposaresidence.com\/de\/sonderangebote\/","og_site_name":"Pomposa Residence","article_publisher":"https:\/\/facebook.com\/tomasitourism","article_modified_time":"2025-11-28T08:35:34+00:00","og_image":[{"width":2200,"height":1200,"url":"https:\/\/www.pomposaresidence.com\/wp-content\/uploads\/sites\/211\/2025\/02\/pomposa_residence_slide02.jpg","type":"image\/jpeg"}],"twitter_card":"summary_large_image","twitter_misc":{"Gesch\u00e4tzte Lesezeit":"1 Minute"},"schema":{"@context":"https:\/\/schema.org","@graph":[{"@type":"WebPage","@id":"https:\/\/www.pomposaresidence.com\/de\/sonderangebote\/","url":"https:\/\/www.pomposaresidence.com\/de\/sonderangebote\/","name":"Sonderangebote - Pomposa Residence -","isPartOf":{"@id":"https:\/\/www.pomposaresidence.com\/de\/#website"},"datePublished":"2025-02-03T09:52:27+00:00","dateModified":"2025-11-28T08:35:34+00:00","description":"Willkommen im Bereich Sonderangebote der Pomposa Residence, dem idealen Ort, um exklusive und unumg\u00e4ngliche Sonderangebote f\u00fcr Ihren Aufenthalt zu finden. Hier finden Sie vorteilhafte Pakete, die allen Bed\u00fcrfnissen gerecht werden, vom Familienurlaub \u00fcber Wochenenden f\u00fcr Paare bis hin zu erholsamen Auszeiten abseits des Alltags","breadcrumb":{"@id":"https:\/\/www.pomposaresidence.com\/de\/sonderangebote\/#breadcrumb"},"inLanguage":"de-DE","potentialAction":[{"@type":"ReadAction","target":["https:\/\/www.pomposaresidence.com\/de\/sonderangebote\/"]}]},{"@type":"BreadcrumbList","@id":"https:\/\/www.pomposaresidence.com\/de\/sonderangebote\/#breadcrumb","itemListElement":[{"@type":"ListItem","position":1,"name":"Home","item":"https:\/\/www.pomposaresidence.com\/de\/"},{"@type":"ListItem","position":2,"name":"Sonderangebote"}]},{"@type":"WebSite","@id":"https:\/\/www.pomposaresidence.com\/de\/#website","url":"https:\/\/www.pomposaresidence.com\/de\/","name":"Pomposa Residence","description":"","publisher":{"@id":"https:\/\/www.pomposaresidence.com\/de\/#organization"},"potentialAction":[{"@type":"SearchAction","target":{"@type":"EntryPoint","urlTemplate":"https:\/\/www.pomposaresidence.com\/de\/?s={search_term_string}"},"query-input":"required name=search_term_string"}],"inLanguage":"de-DE"},{"@type":"Organization","@id":"https:\/\/www.pomposaresidence.com\/de\/#organization","name":"Pomposa Residence","url":"https:\/\/www.pomposaresidence.com\/de\/","logo":{"@type":"ImageObject","inLanguage":"de-DE","@id":"https:\/\/www.pomposaresidence.com\/de\/#\/schema\/logo\/image\/","url":"https:\/\/www.pomposaresidence.com\/wp-content\/uploads\/sites\/211\/2025\/01\/Pomposa-Residence.png","contentUrl":"https:\/\/www.pomposaresidence.com\/wp-content\/uploads\/sites\/211\/2025\/01\/Pomposa-Residence.png","width":194,"height":58,"caption":"Pomposa Residence"},"image":{"@id":"https:\/\/www.pomposaresidence.com\/de\/#\/schema\/logo\/image\/"},"sameAs":["https:\/\/facebook.com\/tomasitourism","https:\/\/www.instagram.com\/tomasitourism\/"]}]}},"acf":[],"_links":{"self":[{"href":"https:\/\/www.pomposaresidence.com\/de\/wp-json\/wp\/v2\/pages\/356"}],"collection":[{"href":"https:\/\/www.pomposaresidence.com\/de\/wp-json\/wp\/v2\/pages"}],"about":[{"href":"https:\/\/www.pomposaresidence.com\/de\/wp-json\/wp\/v2\/types\/page"}],"author":[{"embeddable":true,"href":"https:\/\/www.pomposaresidence.com\/de\/wp-json\/wp\/v2\/users\/13"}],"replies":[{"embeddable":true,"href":"https:\/\/www.pomposaresidence.com\/de\/wp-json\/wp\/v2\/comments?post=356"}],"version-history":[{"count":0,"href":"https:\/\/www.pomposaresidence.com\/de\/wp-json\/wp\/v2\/pages\/356\/revisions"}],"wp:attachment":[{"href":"https:\/\/www.pomposaresidence.com\/de\/wp-json\/wp\/v2\/media?parent=356"}],"curies":[{"name":"wp","href":"https:\/\/api.w.org\/{rel}","templated":true}]}}